{"id":25142,"date":"2021-10-18T10:57:47","date_gmt":"2021-10-18T10:57:47","guid":{"rendered":"https:\/\/mouldking.store\/?post_type=product&#038;p=25142"},"modified":"2021-12-23T09:42:00","modified_gmt":"2021-12-23T09:42:00","slug":"panlos-612006-pterodactyl-with-743-pieces","status":"publish","type":"product","link":"https:\/\/mouldking.store\/de\/shop\/panlos-612006-pterodactyl-with-743-pieces\/","title":{"rendered":"PANLOS 612006 Flugsaurier mit 743 Teilen"},"content":{"rendered":"<p>Produktinformation:<br \/>\n1. Brand: PANLOS<br \/>\n2. Geschlecht: Unisex<br \/>\n3. Name: Pterodactyl<br \/>\n4. Altersspanne: &gt; 6 Jahre alt<br \/>\n5. Model Number: 612006<br \/>\n6. Klassifizierung: Assemblage<br \/>\n7. Kunststoffblockform: Selbstsichernde Steine<br \/>\n8. Material: Kunststoff<br \/>\n9. Kunststofftyp: ABS<br \/>\n10. Bricks Blocks: 743 PCS<br \/>\n11. Enth\u00e4lt eine detaillierte Montageanleitung.<br \/>\nNotiz:<br \/>\n1. Ohne Originalverpackung, aber wir garantieren, dass unsere Produkte eine Qualit\u00e4tssicherung und eine sch\u00f6ne Verpackung haben.<br \/>\n2. Wie alle Teile, die wir vor dem Versand \u00fcberpr\u00fcft haben, machen Sie sich keine Sorgen, wenn Sie feststellen, dass einige Teile fehlen oder besch\u00e4digt sind, und kontaktieren Sie uns einfach, und wir k\u00f6nnen sie Ihnen umgehend kostenlos erneut zusenden.<\/p>\n<figure id=\"attachment_25143\" aria-describedby=\"caption-attachment-25143\" style=\"width: 800px\" class=\"wp-caption aligncenter\"><img fetchpriority=\"high\" decoding=\"async\" class=\"wp-image-25143 size-full\" src=\"https:\/\/mouldking.store\/wp-content\/uploads\/2021\/10\/PANLOS-612006-Pterodactyl-with-743-pieces-1.jpg\" alt=\"PANLOS 612006 Pterodactyl with 743 pieces\" width=\"800\" height=\"800\" title=\"-\" srcset=\"https:\/\/mouldking.store\/wp-content\/uploads\/2021\/10\/PANLOS-612006-Pterodactyl-with-743-pieces-1.jpg 800w, https:\/\/mouldking.store\/wp-content\/uploads\/2021\/10\/PANLOS-612006-Pterodactyl-with-743-pieces-1-300x300.jpg 300w, https:\/\/mouldking.store\/wp-content\/uploads\/2021\/10\/PANLOS-612006-Pterodactyl-with-743-pieces-1-768x768.jpg 768w, https:\/\/mouldking.store\/wp-content\/uploads\/2021\/10\/PANLOS-612006-Pterodactyl-with-743-pieces-1-600x600.jpg 600w, https:\/\/mouldking.store\/wp-content\/uploads\/2021\/10\/PANLOS-612006-Pterodactyl-with-743-pieces-1-150x150.jpg 150w\" sizes=\"(max-width: 800px) 100vw, 800px\" \/><figcaption id=\"caption-attachment-25143\" class=\"wp-caption-text\">PANLOS 612006 Flugsaurier mit 743 Teilen<\/figcaption><\/figure>\n<figure id=\"attachment_25144\" aria-describedby=\"caption-attachment-25144\" style=\"width: 790px\" class=\"wp-caption aligncenter\"><img decoding=\"async\" class=\"wp-image-25144 size-full\" src=\"https:\/\/mouldking.store\/wp-content\/uploads\/2021\/10\/PANLOS-612006-Pterodactyl-with-743-pieces-2.jpg\" alt=\"PANLOS 612006 Pterodactyl with 743 pieces\" width=\"790\" height=\"948\" title=\"-\" srcset=\"https:\/\/mouldking.store\/wp-content\/uploads\/2021\/10\/PANLOS-612006-Pterodactyl-with-743-pieces-2.jpg 790w, https:\/\/mouldking.store\/wp-content\/uploads\/2021\/10\/PANLOS-612006-Pterodactyl-with-743-pieces-2-250x300.jpg 250w, https:\/\/mouldking.store\/wp-content\/uploads\/2021\/10\/PANLOS-612006-Pterodactyl-with-743-pieces-2-768x922.jpg 768w, https:\/\/mouldking.store\/wp-content\/uploads\/2021\/10\/PANLOS-612006-Pterodactyl-with-743-pieces-2-300x360.jpg 300w, https:\/\/mouldking.store\/wp-content\/uploads\/2021\/10\/PANLOS-612006-Pterodactyl-with-743-pieces-2-600x720.jpg 600w, https:\/\/mouldking.store\/wp-content\/uploads\/2021\/10\/PANLOS-612006-Pterodactyl-with-743-pieces-2-125x150.jpg 125w\" sizes=\"(max-width: 790px) 100vw, 790px\" \/><figcaption id=\"caption-attachment-25144\" class=\"wp-caption-text\">PANLOS 612006 Flugsaurier mit 743 Teilen<\/figcaption><\/figure>\n<figure id=\"attachment_25145\" aria-describedby=\"caption-attachment-25145\" style=\"width: 790px\" class=\"wp-caption aligncenter\"><img decoding=\"async\" class=\"wp-image-25145 size-full\" src=\"https:\/\/mouldking.store\/wp-content\/uploads\/2021\/10\/PANLOS-612006-Pterodactyl-with-743-pieces-3.jpg\" alt=\"PANLOS 612006 Pterodactyl with 743 pieces\" width=\"790\" height=\"891\" title=\"-\" srcset=\"https:\/\/mouldking.store\/wp-content\/uploads\/2021\/10\/PANLOS-612006-Pterodactyl-with-743-pieces-3.jpg 790w, https:\/\/mouldking.store\/wp-content\/uploads\/2021\/10\/PANLOS-612006-Pterodactyl-with-743-pieces-3-266x300.jpg 266w, https:\/\/mouldking.store\/wp-content\/uploads\/2021\/10\/PANLOS-612006-Pterodactyl-with-743-pieces-3-768x866.jpg 768w, https:\/\/mouldking.store\/wp-content\/uploads\/2021\/10\/PANLOS-612006-Pterodactyl-with-743-pieces-3-300x338.jpg 300w, https:\/\/mouldking.store\/wp-content\/uploads\/2021\/10\/PANLOS-612006-Pterodactyl-with-743-pieces-3-600x677.jpg 600w, https:\/\/mouldking.store\/wp-content\/uploads\/2021\/10\/PANLOS-612006-Pterodactyl-with-743-pieces-3-133x150.jpg 133w\" sizes=\"(max-width: 790px) 100vw, 790px\" \/><figcaption id=\"caption-attachment-25145\" class=\"wp-caption-text\">PANLOS 612006 Flugsaurier mit 743 Teilen<\/figcaption><\/figure>\n<figure id=\"attachment_25146\" aria-describedby=\"caption-attachment-25146\" style=\"width: 790px\" class=\"wp-caption aligncenter\"><img loading=\"lazy\" decoding=\"async\" class=\"wp-image-25146 size-full\" src=\"https:\/\/mouldking.store\/wp-content\/uploads\/2021\/10\/PANLOS-612006-Pterodactyl-with-743-pieces-4.jpg\" alt=\"PANLOS 612006 Pterodactyl with 743 pieces\" width=\"790\" height=\"910\" title=\"-\" srcset=\"https:\/\/mouldking.store\/wp-content\/uploads\/2021\/10\/PANLOS-612006-Pterodactyl-with-743-pieces-4.jpg 790w, https:\/\/mouldking.store\/wp-content\/uploads\/2021\/10\/PANLOS-612006-Pterodactyl-with-743-pieces-4-260x300.jpg 260w, https:\/\/mouldking.store\/wp-content\/uploads\/2021\/10\/PANLOS-612006-Pterodactyl-with-743-pieces-4-768x885.jpg 768w, https:\/\/mouldking.store\/wp-content\/uploads\/2021\/10\/PANLOS-612006-Pterodactyl-with-743-pieces-4-300x346.jpg 300w, https:\/\/mouldking.store\/wp-content\/uploads\/2021\/10\/PANLOS-612006-Pterodactyl-with-743-pieces-4-600x691.jpg 600w, https:\/\/mouldking.store\/wp-content\/uploads\/2021\/10\/PANLOS-612006-Pterodactyl-with-743-pieces-4-130x150.jpg 130w\" sizes=\"(max-width: 790px) 100vw, 790px\" \/><figcaption id=\"caption-attachment-25146\" class=\"wp-caption-text\">PANLOS 612006 Flugsaurier mit 743 Teilen<\/figcaption><\/figure>\n<figure id=\"attachment_25147\" aria-describedby=\"caption-attachment-25147\" style=\"width: 790px\" class=\"wp-caption aligncenter\"><img loading=\"lazy\" decoding=\"async\" class=\"wp-image-25147 size-full\" src=\"https:\/\/mouldking.store\/wp-content\/uploads\/2021\/10\/PANLOS-612006-Pterodactyl-with-743-pieces-5.jpg\" alt=\"PANLOS 612006 Pterodactyl with 743 pieces\" width=\"790\" height=\"573\" title=\"-\" srcset=\"https:\/\/mouldking.store\/wp-content\/uploads\/2021\/10\/PANLOS-612006-Pterodactyl-with-743-pieces-5.jpg 790w, https:\/\/mouldking.store\/wp-content\/uploads\/2021\/10\/PANLOS-612006-Pterodactyl-with-743-pieces-5-300x218.jpg 300w, https:\/\/mouldking.store\/wp-content\/uploads\/2021\/10\/PANLOS-612006-Pterodactyl-with-743-pieces-5-768x557.jpg 768w, https:\/\/mouldking.store\/wp-content\/uploads\/2021\/10\/PANLOS-612006-Pterodactyl-with-743-pieces-5-600x435.jpg 600w, https:\/\/mouldking.store\/wp-content\/uploads\/2021\/10\/PANLOS-612006-Pterodactyl-with-743-pieces-5-150x109.jpg 150w\" sizes=\"(max-width: 790px) 100vw, 790px\" \/><figcaption id=\"caption-attachment-25147\" class=\"wp-caption-text\">PANLOS 612006 Flugsaurier mit 743 Teilen<\/figcaption><\/figure>\n<figure id=\"attachment_25148\" aria-describedby=\"caption-attachment-25148\" style=\"width: 790px\" class=\"wp-caption aligncenter\"><img loading=\"lazy\" decoding=\"async\" class=\"wp-image-25148 size-full\" src=\"https:\/\/mouldking.store\/wp-content\/uploads\/2021\/10\/PANLOS-612006-Pterodactyl-with-743-pieces-6.jpg\" alt=\"PANLOS 612006 Pterodactyl with 743 pieces\" width=\"790\" height=\"1008\" title=\"-\" srcset=\"https:\/\/mouldking.store\/wp-content\/uploads\/2021\/10\/PANLOS-612006-Pterodactyl-with-743-pieces-6.jpg 790w, https:\/\/mouldking.store\/wp-content\/uploads\/2021\/10\/PANLOS-612006-Pterodactyl-with-743-pieces-6-235x300.jpg 235w, https:\/\/mouldking.store\/wp-content\/uploads\/2021\/10\/PANLOS-612006-Pterodactyl-with-743-pieces-6-768x980.jpg 768w, https:\/\/mouldking.store\/wp-content\/uploads\/2021\/10\/PANLOS-612006-Pterodactyl-with-743-pieces-6-300x383.jpg 300w, https:\/\/mouldking.store\/wp-content\/uploads\/2021\/10\/PANLOS-612006-Pterodactyl-with-743-pieces-6-600x766.jpg 600w, https:\/\/mouldking.store\/wp-content\/uploads\/2021\/10\/PANLOS-612006-Pterodactyl-with-743-pieces-6-118x150.jpg 118w\" sizes=\"(max-width: 790px) 100vw, 790px\" \/><figcaption id=\"caption-attachment-25148\" class=\"wp-caption-text\">PANLOS 612006 Flugsaurier mit 743 Teilen<\/figcaption><\/figure>\n<p>&nbsp;<\/p>","protected":false},"excerpt":{"rendered":"<p>Product information: 1. Brand: PANLOS 2. Gender: Unisex 3. Name: Pterodactyl 4. Age Range: &gt; 6 years old 5. Model Number: 612006 6. Classification: Assemblage 7. Plastic Block Shape: Self-Locking Bricks 8. Material: Plastic 9. Plastic Type: ABS 10. Bricks Blocks: 743 PCS 11. Contains detailed assembly instructions. Notice: 1. Without an original box, but [&hellip;]<\/p>","protected":false},"featured_media":25143,"comment_status":"open","ping_status":"closed","template":"","meta":{"_acf_changed":false},"product_cat":[371],"product_tag":[2231,1851,2228,2227,2230,2229],"class_list":["product","first","instock","shipping-taxable","purchasable","product-type-simple"],"acf":[],"_links":{"self":[{"href":"https:\/\/mouldking.store\/de\/wp-json\/wp\/v2\/product\/25142","targetHints":{"allow":["GET"]}}],"collection":[{"href":"https:\/\/mouldking.store\/de\/wp-json\/wp\/v2\/product"}],"about":[{"href":"https:\/\/mouldking.store\/de\/wp-json\/wp\/v2\/types\/product"}],"replies":[{"embeddable":true,"href":"https:\/\/mouldking.store\/de\/wp-json\/wp\/v2\/comments?post=25142"}],"wp:featuredmedia":[{"embeddable":true,"href":"https:\/\/mouldking.store\/de\/wp-json\/wp\/v2\/media\/25143"}],"wp:attachment":[{"href":"https:\/\/mouldking.store\/de\/wp-json\/wp\/v2\/media?parent=25142"}],"wp:term":[{"taxonomy":"product_cat","embeddable":true,"href":"https:\/\/mouldking.store\/de\/wp-json\/wp\/v2\/product_cat?post=25142"},{"taxonomy":"product_tag","embeddable":true,"href":"https:\/\/mouldking.store\/de\/wp-json\/wp\/v2\/product_tag?post=25142"}],"curies":[{"name":"wp","href":"https:\/\/api.w.org\/{rel}","templated":true}]}}