{"id":25173,"date":"2021-10-18T12:14:25","date_gmt":"2021-10-18T05:14:25","guid":{"rendered":"https:\/\/mouldking.store\/?post_type=product&#038;p=25173"},"modified":"2025-12-25T09:17:15","modified_gmt":"2025-12-25T02:17:15","slug":"moc-60420-republic-nu-class-attack-shuttle-the-clone-wars-with-2317-pieces","status":"publish","type":"product","link":"https:\/\/mouldking.store\/de\/shop\/moc-60420-republic-nu-class-attack-shuttle-the-clone-wars-with-2317-pieces\/","title":{"rendered":"MOC-60420 Republic Nu-class Attack Shuttle \u2013 The Clone Wars mit 2317 Teilen"},"content":{"rendered":"<p>Produktinformation:<\/p>\n<ol>\n<li>Marke: MOC<\/li>\n<li>Geschlecht: Unisex<\/li>\n<li>Name: Angriffsshuttle der Nu-Klasse der Republik \u2013 die Klonkriege<\/li>\n<li>Altersspanne: &gt; 8 Jahre alt<\/li>\n<li>Modellnummer: MOC-60420<\/li>\n<li>Einstufung: Assemblage<\/li>\n<li>Kunststoffblockform: Selbstsichernde Steine<\/li>\n<li>Material: Kunststoff<\/li>\n<li>Kunststofftyp: ABS<\/li>\n<li>Ziegelsteine: 2317 ST\u00dcCKE<\/li>\n<li>Enth\u00e4lt eine ausf\u00fchrliche Montageanleitung.<\/li>\n<\/ol>\n<p>Notiz:<br \/>\n1. Ohne Originalverpackung, aber wir garantieren, dass unsere Produkte eine Qualit\u00e4tssicherung und eine sch\u00f6ne Verpackung haben.<br \/>\n2. Wie alle Teile, die wir vor dem Versand \u00fcberpr\u00fcft haben, machen Sie sich keine Sorgen, wenn Sie feststellen, dass einige Teile fehlen oder besch\u00e4digt sind, und kontaktieren Sie uns einfach, und wir k\u00f6nnen sie Ihnen umgehend kostenlos erneut zusenden.<\/p>\n<figure id=\"attachment_25174\" aria-describedby=\"caption-attachment-25174\" style=\"width: 1000px\" class=\"wp-caption aligncenter\"><img fetchpriority=\"high\" decoding=\"async\" class=\"size-full wp-image-25174\" title=\"MOC-60420 Republic Nu-class Attack Shuttle - The Clone Wars mit 2317 Teilen\" src=\"https:\/\/mouldking.store\/wp-content\/uploads\/2021\/10\/moc-60420-republic-nu-class-attack-shuttle-the-clone-wars-with-2317-pieces.jpg\" alt=\"MOC-60420 Republic Nu-class Attack Shuttle - the Clone Wars with 2317 pieces\" width=\"1000\" height=\"1000\" srcset=\"https:\/\/mouldking.store\/wp-content\/uploads\/2021\/10\/moc-60420-republic-nu-class-attack-shuttle-the-clone-wars-with-2317-pieces.jpg 1000w, https:\/\/mouldking.store\/wp-content\/uploads\/2021\/10\/moc-60420-republic-nu-class-attack-shuttle-the-clone-wars-with-2317-pieces-300x300.jpg 300w, https:\/\/mouldking.store\/wp-content\/uploads\/2021\/10\/moc-60420-republic-nu-class-attack-shuttle-the-clone-wars-with-2317-pieces-768x768.jpg 768w, https:\/\/mouldking.store\/wp-content\/uploads\/2021\/10\/moc-60420-republic-nu-class-attack-shuttle-the-clone-wars-with-2317-pieces-600x600.jpg 600w, https:\/\/mouldking.store\/wp-content\/uploads\/2021\/10\/moc-60420-republic-nu-class-attack-shuttle-the-clone-wars-with-2317-pieces-150x150.jpg 150w\" sizes=\"(max-width: 1000px) 100vw, 1000px\" \/><figcaption id=\"caption-attachment-25174\" class=\"wp-caption-text\">MOC-60420 Republic Nu-class Attack Shuttle \u2013 The Clone Wars mit 2317 Teilen<\/figcaption><\/figure>\n<figure id=\"attachment_25175\" aria-describedby=\"caption-attachment-25175\" style=\"width: 1000px\" class=\"wp-caption aligncenter\"><img decoding=\"async\" class=\"size-full wp-image-25175\" title=\"MOC-60420 Republic Nu-class Attack Shuttle - The Clone Wars mit 2317 Teilen\" src=\"https:\/\/mouldking.store\/wp-content\/uploads\/2021\/10\/moc-60420-republic-nu-class-attack-shuttle-the-clone-wars-with-2317-pieces-1.jpg\" alt=\"MOC-60420 Republic Nu-class Attack Shuttle - the Clone Wars with 2317 pieces\" width=\"1000\" height=\"1000\" srcset=\"https:\/\/mouldking.store\/wp-content\/uploads\/2021\/10\/moc-60420-republic-nu-class-attack-shuttle-the-clone-wars-with-2317-pieces-1.jpg 1000w, https:\/\/mouldking.store\/wp-content\/uploads\/2021\/10\/moc-60420-republic-nu-class-attack-shuttle-the-clone-wars-with-2317-pieces-1-300x300.jpg 300w, https:\/\/mouldking.store\/wp-content\/uploads\/2021\/10\/moc-60420-republic-nu-class-attack-shuttle-the-clone-wars-with-2317-pieces-1-768x768.jpg 768w, https:\/\/mouldking.store\/wp-content\/uploads\/2021\/10\/moc-60420-republic-nu-class-attack-shuttle-the-clone-wars-with-2317-pieces-1-600x600.jpg 600w, https:\/\/mouldking.store\/wp-content\/uploads\/2021\/10\/moc-60420-republic-nu-class-attack-shuttle-the-clone-wars-with-2317-pieces-1-150x150.jpg 150w\" sizes=\"(max-width: 1000px) 100vw, 1000px\" \/><figcaption id=\"caption-attachment-25175\" class=\"wp-caption-text\">MOC-60420 Republic Nu-class Attack Shuttle \u2013 The Clone Wars mit 2317 Teilen<\/figcaption><\/figure>","protected":false},"excerpt":{"rendered":"<p>Produktinformation: Marke: MOC Geschlecht: Unisex Name: Republic Nu-class Attack Shuttle \u2013 the Clone Wars Altersgruppe: &gt; 8 Jahre Modellnummer: MOC-60420 Klassifizierung: Assemblage Kunststoffblock Form: Selbstsichernde Steine Material: Kunststoff Kunststofftyp: ABS Steinbl\u00f6cke: 2317 PCS Enth\u00e4lt eine detaillierte Montageanleitung. Hinweis: 1. Ohne Originalverpackung, aber wir garantieren f\u00fcr unsere Produkte [\u2026]<\/p>","protected":false},"featured_media":25176,"comment_status":"open","ping_status":"closed","template":"","meta":{"_acf_changed":false},"product_cat":[415],"product_tag":[2248,2247],"class_list":["product","first","instock","shipping-taxable","purchasable","product-type-simple"],"acf":[],"_links":{"self":[{"href":"https:\/\/mouldking.store\/de\/wp-json\/wp\/v2\/product\/25173","targetHints":{"allow":["GET"]}}],"collection":[{"href":"https:\/\/mouldking.store\/de\/wp-json\/wp\/v2\/product"}],"about":[{"href":"https:\/\/mouldking.store\/de\/wp-json\/wp\/v2\/types\/product"}],"replies":[{"embeddable":true,"href":"https:\/\/mouldking.store\/de\/wp-json\/wp\/v2\/comments?post=25173"}],"wp:featuredmedia":[{"embeddable":true,"href":"https:\/\/mouldking.store\/de\/wp-json\/wp\/v2\/media\/25176"}],"wp:attachment":[{"href":"https:\/\/mouldking.store\/de\/wp-json\/wp\/v2\/media?parent=25173"}],"wp:term":[{"taxonomy":"product_cat","embeddable":true,"href":"https:\/\/mouldking.store\/de\/wp-json\/wp\/v2\/product_cat?post=25173"},{"taxonomy":"product_tag","embeddable":true,"href":"https:\/\/mouldking.store\/de\/wp-json\/wp\/v2\/product_tag?post=25173"}],"curies":[{"name":"wp","href":"https:\/\/api.w.org\/{rel}","templated":true}]}}