{"id":25177,"date":"2021-10-18T15:13:17","date_gmt":"2021-10-18T08:13:17","guid":{"rendered":"https:\/\/mouldking.store\/?post_type=product&#038;p=25177"},"modified":"2025-12-25T09:17:14","modified_gmt":"2025-12-25T02:17:14","slug":"moc-42556-bounty-hunter-planet-sorgan-with-1208-pieces","status":"publish","type":"product","link":"https:\/\/mouldking.store\/de\/shop\/moc-42556-bounty-hunter-planet-sorgan-with-1208-pieces\/","title":{"rendered":"MOC-42556 Bounty Hunter Planet Sorgan mit 1208 Teilen"},"content":{"rendered":"<p>Produktinformation:<\/p>\n<ol>\n<li>Marke: MOC<\/li>\n<li>Geschlecht: Unisex<\/li>\n<li>Name: Kopfgeldj\u00e4gerplanet Sorgan<\/li>\n<li>Altersspanne: &gt; 8 Jahre alt<\/li>\n<li>Modellnummer: MOC-42556<\/li>\n<li>Einstufung: Assemblage<\/li>\n<li>Kunststoffblockform: Selbstsichernde Steine<\/li>\n<li>Material: Kunststoff<\/li>\n<li>Kunststofftyp: ABS<\/li>\n<li>Ziegelsteine: 1208 ST\u00dcCKE<\/li>\n<li>Enth\u00e4lt eine ausf\u00fchrliche Montageanleitung.<\/li>\n<\/ol>\n<p>Notiz:<br \/>\n1. Ohne Originalverpackung, aber wir garantieren, dass unsere Produkte eine Qualit\u00e4tssicherung und eine sch\u00f6ne Verpackung haben.<br \/>\n2. Wie alle Teile, die wir vor dem Versand \u00fcberpr\u00fcft haben, machen Sie sich keine Sorgen, wenn Sie feststellen, dass einige Teile fehlen oder besch\u00e4digt sind, und kontaktieren Sie uns einfach, und wir k\u00f6nnen sie Ihnen umgehend kostenlos erneut zusenden.<\/p>\n<figure id=\"attachment_25178\" aria-describedby=\"caption-attachment-25178\" style=\"width: 1000px\" class=\"wp-caption aligncenter\"><img fetchpriority=\"high\" decoding=\"async\" class=\"size-full wp-image-25178\" title=\"MOC-42556 Bounty Hunter Planet Sorgan mit 1208 Teilen\" src=\"https:\/\/mouldking.store\/wp-content\/uploads\/2021\/10\/moc-42556-bounty-hunter-planet-sorgan-with-1208-pieces.jpg\" alt=\"MOC-42556 Bounty Hunter Planet Sorgan with 1208 pieces\" width=\"1000\" height=\"1000\" srcset=\"https:\/\/mouldking.store\/wp-content\/uploads\/2021\/10\/moc-42556-bounty-hunter-planet-sorgan-with-1208-pieces.jpg 1000w, https:\/\/mouldking.store\/wp-content\/uploads\/2021\/10\/moc-42556-bounty-hunter-planet-sorgan-with-1208-pieces-300x300.jpg 300w, https:\/\/mouldking.store\/wp-content\/uploads\/2021\/10\/moc-42556-bounty-hunter-planet-sorgan-with-1208-pieces-768x768.jpg 768w, https:\/\/mouldking.store\/wp-content\/uploads\/2021\/10\/moc-42556-bounty-hunter-planet-sorgan-with-1208-pieces-600x600.jpg 600w, https:\/\/mouldking.store\/wp-content\/uploads\/2021\/10\/moc-42556-bounty-hunter-planet-sorgan-with-1208-pieces-150x150.jpg 150w\" sizes=\"(max-width: 1000px) 100vw, 1000px\" \/><figcaption id=\"caption-attachment-25178\" class=\"wp-caption-text\">MOC-42556 Bounty Hunter Planet Sorgan mit 1208 Teilen<\/figcaption><\/figure>\n<figure id=\"attachment_25179\" aria-describedby=\"caption-attachment-25179\" style=\"width: 1000px\" class=\"wp-caption aligncenter\"><img decoding=\"async\" class=\"size-full wp-image-25179\" title=\"MOC-42556 Bounty Hunter Planet Sorgan mit 1208 Teilen\" src=\"https:\/\/mouldking.store\/wp-content\/uploads\/2021\/10\/moc-42556-bounty-hunter-planet-sorgan-with-1208-pieces-1.jpg\" alt=\"MOC-42556 Bounty Hunter Planet Sorgan with 1208 pieces\" width=\"1000\" height=\"1000\" srcset=\"https:\/\/mouldking.store\/wp-content\/uploads\/2021\/10\/moc-42556-bounty-hunter-planet-sorgan-with-1208-pieces-1.jpg 1000w, https:\/\/mouldking.store\/wp-content\/uploads\/2021\/10\/moc-42556-bounty-hunter-planet-sorgan-with-1208-pieces-1-300x300.jpg 300w, https:\/\/mouldking.store\/wp-content\/uploads\/2021\/10\/moc-42556-bounty-hunter-planet-sorgan-with-1208-pieces-1-768x768.jpg 768w, https:\/\/mouldking.store\/wp-content\/uploads\/2021\/10\/moc-42556-bounty-hunter-planet-sorgan-with-1208-pieces-1-600x600.jpg 600w, https:\/\/mouldking.store\/wp-content\/uploads\/2021\/10\/moc-42556-bounty-hunter-planet-sorgan-with-1208-pieces-1-150x150.jpg 150w\" sizes=\"(max-width: 1000px) 100vw, 1000px\" \/><figcaption id=\"caption-attachment-25179\" class=\"wp-caption-text\">MOC-42556 Bounty Hunter Planet Sorgan mit 1208 Teilen<\/figcaption><\/figure>","protected":false},"excerpt":{"rendered":"<p>Product information: Brand: MOC Gender: Unisex Name: Bounty Hunter Planet Sorgan Age Range: &gt; 8 years old Model Number: MOC-42556 Classification: Assemblage Plastic Block Shape: Self-Locking Bricks Material: Plastic Plastic Type: ABS Bricks Blocks: 1208 PCS Contains detailed assembly instructions. Notice: 1. Without an original box, but we guarantee our products have quality assurance and [&hellip;]<\/p>","protected":false},"featured_media":25180,"comment_status":"open","ping_status":"closed","template":"","meta":{"_acf_changed":false},"product_cat":[415],"product_tag":[2250,2249],"class_list":["product","first","instock","shipping-taxable","purchasable","product-type-simple"],"acf":[],"_links":{"self":[{"href":"https:\/\/mouldking.store\/de\/wp-json\/wp\/v2\/product\/25177","targetHints":{"allow":["GET"]}}],"collection":[{"href":"https:\/\/mouldking.store\/de\/wp-json\/wp\/v2\/product"}],"about":[{"href":"https:\/\/mouldking.store\/de\/wp-json\/wp\/v2\/types\/product"}],"replies":[{"embeddable":true,"href":"https:\/\/mouldking.store\/de\/wp-json\/wp\/v2\/comments?post=25177"}],"wp:featuredmedia":[{"embeddable":true,"href":"https:\/\/mouldking.store\/de\/wp-json\/wp\/v2\/media\/25180"}],"wp:attachment":[{"href":"https:\/\/mouldking.store\/de\/wp-json\/wp\/v2\/media?parent=25177"}],"wp:term":[{"taxonomy":"product_cat","embeddable":true,"href":"https:\/\/mouldking.store\/de\/wp-json\/wp\/v2\/product_cat?post=25177"},{"taxonomy":"product_tag","embeddable":true,"href":"https:\/\/mouldking.store\/de\/wp-json\/wp\/v2\/product_tag?post=25177"}],"curies":[{"name":"wp","href":"https:\/\/api.w.org\/{rel}","templated":true}]}}