{"id":25194,"date":"2021-10-19T03:31:34","date_gmt":"2021-10-19T03:31:34","guid":{"rendered":"https:\/\/mouldking.store\/?post_type=product&#038;p=25194"},"modified":"2021-12-23T09:41:59","modified_gmt":"2021-12-23T09:41:59","slug":"mould-king-18013-rc-hatchback-type-r-with-587-pieces","status":"publish","type":"product","link":"https:\/\/mouldking.store\/de\/shop\/mould-king-18013-rc-hatchback-type-r-with-587-pieces\/","title":{"rendered":"Mould King 18013 RC Hatchback Typ R mit 587 Teilen"},"content":{"rendered":"<p>Produktinformation:<br \/>\n1. Marke: Mould King<br \/>\n2. Geschlecht: Unisex<br \/>\n3. Name: RC Hatchback Type R<br \/>\n4. Altersspanne: &gt; 6 Jahre alt<br \/>\n5. Model Number: 18013<br \/>\n6. Klassifizierung: Assemblage<br \/>\n7. Kunststoffblockform: Selbstsichernde Steine<br \/>\n8. Material: Kunststoff<br \/>\n9. Kunststofftyp: ABS<br \/>\n10. Bricks Blocks: 587 PCS<br \/>\n11. Enth\u00e4lt eine detaillierte Montageanleitung.<br \/>\nNotiz:<br \/>\n1. Ohne Originalverpackung, aber wir garantieren, dass unsere Produkte eine Qualit\u00e4tssicherung und eine sch\u00f6ne Verpackung haben.<br \/>\n2. Wie alle Teile, die wir vor dem Versand \u00fcberpr\u00fcft haben, machen Sie sich keine Sorgen, wenn Sie feststellen, dass einige Teile fehlen oder besch\u00e4digt sind, und kontaktieren Sie uns einfach, und wir k\u00f6nnen sie Ihnen umgehend kostenlos erneut zusenden.<\/p>\n<figure id=\"attachment_25195\" aria-describedby=\"caption-attachment-25195\" style=\"width: 800px\" class=\"wp-caption aligncenter\"><img fetchpriority=\"high\" decoding=\"async\" class=\"wp-image-25195 size-full\" src=\"https:\/\/mouldking.store\/wp-content\/uploads\/2021\/10\/Mould-King-18013-RC-Hatchback-Type-R-with-587-pieces-1.jpg\" alt=\"Mould King 18013 RC Hatchback Type R with 587 pieces\" width=\"800\" height=\"800\" title=\"-\" srcset=\"https:\/\/mouldking.store\/wp-content\/uploads\/2021\/10\/Mould-King-18013-RC-Hatchback-Type-R-with-587-pieces-1.jpg 800w, https:\/\/mouldking.store\/wp-content\/uploads\/2021\/10\/Mould-King-18013-RC-Hatchback-Type-R-with-587-pieces-1-300x300.jpg 300w, https:\/\/mouldking.store\/wp-content\/uploads\/2021\/10\/Mould-King-18013-RC-Hatchback-Type-R-with-587-pieces-1-768x768.jpg 768w, https:\/\/mouldking.store\/wp-content\/uploads\/2021\/10\/Mould-King-18013-RC-Hatchback-Type-R-with-587-pieces-1-600x600.jpg 600w, https:\/\/mouldking.store\/wp-content\/uploads\/2021\/10\/Mould-King-18013-RC-Hatchback-Type-R-with-587-pieces-1-150x150.jpg 150w\" sizes=\"(max-width: 800px) 100vw, 800px\" \/><figcaption id=\"caption-attachment-25195\" class=\"wp-caption-text\">Mould King 18013 RC Hatchback Typ R mit 587 Teilen<\/figcaption><\/figure>\n<figure id=\"attachment_25197\" aria-describedby=\"caption-attachment-25197\" style=\"width: 790px\" class=\"wp-caption aligncenter\"><img decoding=\"async\" class=\"wp-image-25197 size-full\" src=\"https:\/\/mouldking.store\/wp-content\/uploads\/2021\/10\/Mould-King-18013-RC-Hatchback-Type-R-with-587-pieces-3.jpg\" alt=\"Mould King 18013 RC Hatchback Type R with 587 pieces\" width=\"790\" height=\"656\" title=\"-\" srcset=\"https:\/\/mouldking.store\/wp-content\/uploads\/2021\/10\/Mould-King-18013-RC-Hatchback-Type-R-with-587-pieces-3.jpg 790w, https:\/\/mouldking.store\/wp-content\/uploads\/2021\/10\/Mould-King-18013-RC-Hatchback-Type-R-with-587-pieces-3-300x249.jpg 300w, https:\/\/mouldking.store\/wp-content\/uploads\/2021\/10\/Mould-King-18013-RC-Hatchback-Type-R-with-587-pieces-3-768x638.jpg 768w, https:\/\/mouldking.store\/wp-content\/uploads\/2021\/10\/Mould-King-18013-RC-Hatchback-Type-R-with-587-pieces-3-600x498.jpg 600w, https:\/\/mouldking.store\/wp-content\/uploads\/2021\/10\/Mould-King-18013-RC-Hatchback-Type-R-with-587-pieces-3-150x125.jpg 150w\" sizes=\"(max-width: 790px) 100vw, 790px\" \/><figcaption id=\"caption-attachment-25197\" class=\"wp-caption-text\">Mould King 18013 RC Hatchback Typ R mit 587 Teilen<\/figcaption><\/figure>\n<figure id=\"attachment_25196\" aria-describedby=\"caption-attachment-25196\" style=\"width: 790px\" class=\"wp-caption aligncenter\"><img decoding=\"async\" class=\"wp-image-25196 size-full\" src=\"https:\/\/mouldking.store\/wp-content\/uploads\/2021\/10\/Mould-King-18013-RC-Hatchback-Type-R-with-587-pieces-2.jpg\" alt=\"Mould King 18013 RC Hatchback Type R with 587 pieces\" width=\"790\" height=\"517\" title=\"-\" srcset=\"https:\/\/mouldking.store\/wp-content\/uploads\/2021\/10\/Mould-King-18013-RC-Hatchback-Type-R-with-587-pieces-2.jpg 790w, https:\/\/mouldking.store\/wp-content\/uploads\/2021\/10\/Mould-King-18013-RC-Hatchback-Type-R-with-587-pieces-2-300x196.jpg 300w, https:\/\/mouldking.store\/wp-content\/uploads\/2021\/10\/Mould-King-18013-RC-Hatchback-Type-R-with-587-pieces-2-768x503.jpg 768w, https:\/\/mouldking.store\/wp-content\/uploads\/2021\/10\/Mould-King-18013-RC-Hatchback-Type-R-with-587-pieces-2-600x393.jpg 600w, https:\/\/mouldking.store\/wp-content\/uploads\/2021\/10\/Mould-King-18013-RC-Hatchback-Type-R-with-587-pieces-2-150x98.jpg 150w\" sizes=\"(max-width: 790px) 100vw, 790px\" \/><figcaption id=\"caption-attachment-25196\" class=\"wp-caption-text\">Mould King 18013 RC Hatchback Typ R mit 587 Teilen<\/figcaption><\/figure>\n<p>&nbsp;<\/p>","protected":false},"excerpt":{"rendered":"<p>Product information: 1. Brand: Mould King 2. Gender: Unisex 3. Name: RC Hatchback Type R 4. Age Range: &gt; 6 years old 5. Model Number: 18013 6. Classification: Assemblage 7. Plastic Block Shape: Self-Locking Bricks 8. Material: Plastic 9. Plastic Type: ABS 10. Bricks Blocks: 587 PCS 11. Contains detailed assembly instructions. Notice: 1. Without [&hellip;]<\/p>","protected":false},"featured_media":25195,"comment_status":"open","ping_status":"closed","template":"","meta":{"_acf_changed":false},"product_cat":[364],"product_tag":[2264,2265,615,2262,2261,481,2263],"class_list":["product","first","instock","shipping-taxable","purchasable","product-type-simple"],"acf":[],"_links":{"self":[{"href":"https:\/\/mouldking.store\/de\/wp-json\/wp\/v2\/product\/25194","targetHints":{"allow":["GET"]}}],"collection":[{"href":"https:\/\/mouldking.store\/de\/wp-json\/wp\/v2\/product"}],"about":[{"href":"https:\/\/mouldking.store\/de\/wp-json\/wp\/v2\/types\/product"}],"replies":[{"embeddable":true,"href":"https:\/\/mouldking.store\/de\/wp-json\/wp\/v2\/comments?post=25194"}],"wp:featuredmedia":[{"embeddable":true,"href":"https:\/\/mouldking.store\/de\/wp-json\/wp\/v2\/media\/25195"}],"wp:attachment":[{"href":"https:\/\/mouldking.store\/de\/wp-json\/wp\/v2\/media?parent=25194"}],"wp:term":[{"taxonomy":"product_cat","embeddable":true,"href":"https:\/\/mouldking.store\/de\/wp-json\/wp\/v2\/product_cat?post=25194"},{"taxonomy":"product_tag","embeddable":true,"href":"https:\/\/mouldking.store\/de\/wp-json\/wp\/v2\/product_tag?post=25194"}],"curies":[{"name":"wp","href":"https:\/\/api.w.org\/{rel}","templated":true}]}}