{"id":25225,"date":"2021-10-19T12:21:03","date_gmt":"2021-10-19T05:21:03","guid":{"rendered":"https:\/\/mouldking.store\/?post_type=product&#038;p=25225"},"modified":"2025-12-25T09:17:14","modified_gmt":"2025-12-25T02:17:14","slug":"moc-21578-mass-effect-normandy-sr-1-with-1886-pieces","status":"publish","type":"product","link":"https:\/\/mouldking.store\/de\/shop\/moc-21578-mass-effect-normandy-sr-1-with-1886-pieces\/","title":{"rendered":"MOC-21578 Mass Effect Normandy SR-1 mit 1886 St\u00fcck"},"content":{"rendered":"<p>Produktinformation:<\/p>\n<ol>\n<li>Marke: MOC<\/li>\n<li>Geschlecht: Unisex<\/li>\n<li>Name: Mass Effect Normandy SR-1<\/li>\n<li>Altersspanne: &gt; 8 Jahre alt<\/li>\n<li>Modellnummer: MOC-21578<\/li>\n<li>Einstufung: Assemblage<\/li>\n<li>Kunststoffblockform: Selbstsichernde Steine<\/li>\n<li>Material: Kunststoff<\/li>\n<li>Kunststofftyp: ABS<\/li>\n<li>Ziegelsteine: 1886 St\u00fcck<\/li>\n<li>Enth\u00e4lt eine ausf\u00fchrliche Montageanleitung.<\/li>\n<\/ol>\n<p>Notiz:<br \/>\n1. Ohne Originalverpackung, aber wir garantieren, dass unsere Produkte eine Qualit\u00e4tssicherung und eine sch\u00f6ne Verpackung haben.<br \/>\n2. Wie alle Teile, die wir vor dem Versand \u00fcberpr\u00fcft haben, machen Sie sich keine Sorgen, wenn Sie feststellen, dass einige Teile fehlen oder besch\u00e4digt sind, und kontaktieren Sie uns einfach, und wir k\u00f6nnen sie Ihnen umgehend kostenlos erneut zusenden.<\/p>\n<figure id=\"attachment_25226\" aria-describedby=\"caption-attachment-25226\" style=\"width: 1024px\" class=\"wp-caption aligncenter\"><img fetchpriority=\"high\" decoding=\"async\" class=\"size-large wp-image-25226\" title=\"MOC-21578 Mass Effect Normandy SR-1 mit 1886 St\u00fcck\" src=\"https:\/\/mouldking.store\/wp-content\/uploads\/2021\/10\/moc-21578-mass-effect-normandy-sr-1-with-1886-pieces-1024x1024.jpg\" alt=\"MOC-21578 Mass Effect Normandy SR-1 with 1886 pieces\" width=\"1024\" height=\"1024\" srcset=\"https:\/\/mouldking.store\/wp-content\/uploads\/2021\/10\/moc-21578-mass-effect-normandy-sr-1-with-1886-pieces-1024x1024.jpg 1024w, https:\/\/mouldking.store\/wp-content\/uploads\/2021\/10\/moc-21578-mass-effect-normandy-sr-1-with-1886-pieces-300x300.jpg 300w, https:\/\/mouldking.store\/wp-content\/uploads\/2021\/10\/moc-21578-mass-effect-normandy-sr-1-with-1886-pieces-768x768.jpg 768w, https:\/\/mouldking.store\/wp-content\/uploads\/2021\/10\/moc-21578-mass-effect-normandy-sr-1-with-1886-pieces-600x600.jpg 600w, https:\/\/mouldking.store\/wp-content\/uploads\/2021\/10\/moc-21578-mass-effect-normandy-sr-1-with-1886-pieces-150x150.jpg 150w, https:\/\/mouldking.store\/wp-content\/uploads\/2021\/10\/moc-21578-mass-effect-normandy-sr-1-with-1886-pieces.jpg 1280w\" sizes=\"(max-width: 1024px) 100vw, 1024px\" \/><figcaption id=\"caption-attachment-25226\" class=\"wp-caption-text\">MOC-21578 Mass Effect Normandy SR-1 mit 1886 St\u00fcck<\/figcaption><\/figure>\n<figure id=\"attachment_25227\" aria-describedby=\"caption-attachment-25227\" style=\"width: 1024px\" class=\"wp-caption aligncenter\"><img decoding=\"async\" class=\"size-large wp-image-25227\" title=\"MOC-21578 Mass Effect Normandy SR-1 mit 1886 St\u00fcck\" src=\"https:\/\/mouldking.store\/wp-content\/uploads\/2021\/10\/moc-21578-mass-effect-normandy-sr-1-with-1886-pieces-1-1024x1024.jpg\" alt=\"MOC-21578 Mass Effect Normandy SR-1 with 1886 pieces\" width=\"1024\" height=\"1024\" srcset=\"https:\/\/mouldking.store\/wp-content\/uploads\/2021\/10\/moc-21578-mass-effect-normandy-sr-1-with-1886-pieces-1-1024x1024.jpg 1024w, https:\/\/mouldking.store\/wp-content\/uploads\/2021\/10\/moc-21578-mass-effect-normandy-sr-1-with-1886-pieces-1-300x300.jpg 300w, https:\/\/mouldking.store\/wp-content\/uploads\/2021\/10\/moc-21578-mass-effect-normandy-sr-1-with-1886-pieces-1-768x768.jpg 768w, https:\/\/mouldking.store\/wp-content\/uploads\/2021\/10\/moc-21578-mass-effect-normandy-sr-1-with-1886-pieces-1-600x600.jpg 600w, https:\/\/mouldking.store\/wp-content\/uploads\/2021\/10\/moc-21578-mass-effect-normandy-sr-1-with-1886-pieces-1-150x150.jpg 150w, https:\/\/mouldking.store\/wp-content\/uploads\/2021\/10\/moc-21578-mass-effect-normandy-sr-1-with-1886-pieces-1.jpg 1280w\" sizes=\"(max-width: 1024px) 100vw, 1024px\" \/><figcaption id=\"caption-attachment-25227\" class=\"wp-caption-text\">MOC-21578 Mass Effect Normandy SR-1 mit 1886 St\u00fcck<\/figcaption><\/figure>\n<figure id=\"attachment_25228\" aria-describedby=\"caption-attachment-25228\" style=\"width: 1024px\" class=\"wp-caption aligncenter\"><img decoding=\"async\" class=\"size-large wp-image-25228\" title=\"MOC-21578 Mass Effect Normandy SR-1 mit 1886 St\u00fcck\" src=\"https:\/\/mouldking.store\/wp-content\/uploads\/2021\/10\/moc-21578-mass-effect-normandy-sr-1-with-1886-pieces-2-1024x1024.jpg\" alt=\"MOC-21578 Mass Effect Normandy SR-1 with 1886 pieces\" width=\"1024\" height=\"1024\" srcset=\"https:\/\/mouldking.store\/wp-content\/uploads\/2021\/10\/moc-21578-mass-effect-normandy-sr-1-with-1886-pieces-2-1024x1024.jpg 1024w, https:\/\/mouldking.store\/wp-content\/uploads\/2021\/10\/moc-21578-mass-effect-normandy-sr-1-with-1886-pieces-2-300x300.jpg 300w, https:\/\/mouldking.store\/wp-content\/uploads\/2021\/10\/moc-21578-mass-effect-normandy-sr-1-with-1886-pieces-2-768x768.jpg 768w, https:\/\/mouldking.store\/wp-content\/uploads\/2021\/10\/moc-21578-mass-effect-normandy-sr-1-with-1886-pieces-2-600x600.jpg 600w, https:\/\/mouldking.store\/wp-content\/uploads\/2021\/10\/moc-21578-mass-effect-normandy-sr-1-with-1886-pieces-2-150x150.jpg 150w, https:\/\/mouldking.store\/wp-content\/uploads\/2021\/10\/moc-21578-mass-effect-normandy-sr-1-with-1886-pieces-2.jpg 1280w\" sizes=\"(max-width: 1024px) 100vw, 1024px\" \/><figcaption id=\"caption-attachment-25228\" class=\"wp-caption-text\">MOC-21578 Mass Effect Normandy SR-1 mit 1886 St\u00fcck<\/figcaption><\/figure>","protected":false},"excerpt":{"rendered":"<p>Product information: Brand: MOC Gender: Unisex Name: Mass Effect Normandy SR-1 Age Range: &gt; 8 years old Model Number: MOC-21578 Classification: Assemblage Plastic Block Shape: Self-Locking Bricks Material: Plastic Plastic Type: ABS Bricks Blocks: 1886 PCS Contains detailed assembly instructions. Notice: 1. Without an original box, but we guarantee our products have quality assurance and [&hellip;]<\/p>","protected":false},"featured_media":25229,"comment_status":"open","ping_status":"closed","template":"","meta":{"_acf_changed":false},"product_cat":[581],"product_tag":[2282,2281],"class_list":["product","first","instock","shipping-taxable","purchasable","product-type-simple"],"acf":[],"_links":{"self":[{"href":"https:\/\/mouldking.store\/de\/wp-json\/wp\/v2\/product\/25225","targetHints":{"allow":["GET"]}}],"collection":[{"href":"https:\/\/mouldking.store\/de\/wp-json\/wp\/v2\/product"}],"about":[{"href":"https:\/\/mouldking.store\/de\/wp-json\/wp\/v2\/types\/product"}],"replies":[{"embeddable":true,"href":"https:\/\/mouldking.store\/de\/wp-json\/wp\/v2\/comments?post=25225"}],"wp:featuredmedia":[{"embeddable":true,"href":"https:\/\/mouldking.store\/de\/wp-json\/wp\/v2\/media\/25229"}],"wp:attachment":[{"href":"https:\/\/mouldking.store\/de\/wp-json\/wp\/v2\/media?parent=25225"}],"wp:term":[{"taxonomy":"product_cat","embeddable":true,"href":"https:\/\/mouldking.store\/de\/wp-json\/wp\/v2\/product_cat?post=25225"},{"taxonomy":"product_tag","embeddable":true,"href":"https:\/\/mouldking.store\/de\/wp-json\/wp\/v2\/product_tag?post=25225"}],"curies":[{"name":"wp","href":"https:\/\/api.w.org\/{rel}","templated":true}]}}