{"id":25252,"date":"2021-10-20T15:42:12","date_gmt":"2021-10-20T15:42:12","guid":{"rendered":"https:\/\/mouldking.store\/?post_type=product&#038;p=25252"},"modified":"2021-12-23T09:41:56","modified_gmt":"2021-12-23T09:41:56","slug":"loz-1130-station-wagon-with-2228-pieces","status":"publish","type":"product","link":"https:\/\/mouldking.store\/de\/shop\/loz-1130-station-wagon-with-2228-pieces\/","title":{"rendered":"LOZ 1130 Kombi mit 2228 Teilen"},"content":{"rendered":"<p>Produktinformation:<br \/>\n1. Marke: LOZ<br \/>\n2. Geschlecht: Unisex<br \/>\n3. Name: Kombi<br \/>\n4. Altersspanne: &gt; 6 Jahre alt<br \/>\n5. Modellnummer: 1130<br \/>\n6. Klassifizierung: Assemblage<br \/>\n7. Kunststoffblockform: Selbstsichernde Steine<br \/>\n8. Material: Kunststoff<br \/>\n9. Kunststofftyp: ABS<br \/>\n10. Ziegelsteine: 2228 St\u00fcck<br \/>\n11. Enth\u00e4lt eine detaillierte Montageanleitung.<br \/>\nNotiz:<br \/>\n1. Ohne Originalverpackung, aber wir garantieren, dass unsere Produkte eine Qualit\u00e4tssicherung und eine sch\u00f6ne Verpackung haben.<br \/>\n2. Wie alle Teile, die wir vor dem Versand \u00fcberpr\u00fcft haben, machen Sie sich keine Sorgen, wenn Sie feststellen, dass einige Teile fehlen oder besch\u00e4digt sind, und kontaktieren Sie uns einfach, und wir k\u00f6nnen sie Ihnen umgehend kostenlos erneut zusenden.<\/p>\n<figure id=\"attachment_25253\" aria-describedby=\"caption-attachment-25253\" style=\"width: 760px\" class=\"wp-caption aligncenter\"><img fetchpriority=\"high\" decoding=\"async\" class=\"wp-image-25253 size-full\" src=\"https:\/\/mouldking.store\/wp-content\/uploads\/2021\/10\/LOZ-1130-Station-Wagon-with-2228-pieces-1.jpg\" alt=\"LOZ 1130 Station Wagon with 2228 pieces\" width=\"760\" height=\"760\" title=\"-\" srcset=\"https:\/\/mouldking.store\/wp-content\/uploads\/2021\/10\/LOZ-1130-Station-Wagon-with-2228-pieces-1.jpg 760w, https:\/\/mouldking.store\/wp-content\/uploads\/2021\/10\/LOZ-1130-Station-Wagon-with-2228-pieces-1-300x300.jpg 300w, https:\/\/mouldking.store\/wp-content\/uploads\/2021\/10\/LOZ-1130-Station-Wagon-with-2228-pieces-1-600x600.jpg 600w, https:\/\/mouldking.store\/wp-content\/uploads\/2021\/10\/LOZ-1130-Station-Wagon-with-2228-pieces-1-150x150.jpg 150w\" sizes=\"(max-width: 760px) 100vw, 760px\" \/><figcaption id=\"caption-attachment-25253\" class=\"wp-caption-text\">LOZ 1130 Kombi mit 2228 Teilen<\/figcaption><\/figure>\n<figure id=\"attachment_25255\" aria-describedby=\"caption-attachment-25255\" style=\"width: 800px\" class=\"wp-caption aligncenter\"><img decoding=\"async\" class=\"wp-image-25255\" src=\"https:\/\/mouldking.store\/wp-content\/uploads\/2021\/10\/LOZ-1130-Station-Wagon-with-2228-pieces-3-300x300.jpg\" alt=\"LOZ 1130 Station Wagon with 2228 pieces\" width=\"800\" height=\"800\" title=\"-\" srcset=\"https:\/\/mouldking.store\/wp-content\/uploads\/2021\/10\/LOZ-1130-Station-Wagon-with-2228-pieces-3-300x300.jpg 300w, https:\/\/mouldking.store\/wp-content\/uploads\/2021\/10\/LOZ-1130-Station-Wagon-with-2228-pieces-3-768x768.jpg 768w, https:\/\/mouldking.store\/wp-content\/uploads\/2021\/10\/LOZ-1130-Station-Wagon-with-2228-pieces-3-600x600.jpg 600w, https:\/\/mouldking.store\/wp-content\/uploads\/2021\/10\/LOZ-1130-Station-Wagon-with-2228-pieces-3-150x150.jpg 150w, https:\/\/mouldking.store\/wp-content\/uploads\/2021\/10\/LOZ-1130-Station-Wagon-with-2228-pieces-3.jpg 1024w\" sizes=\"(max-width: 800px) 100vw, 800px\" \/><figcaption id=\"caption-attachment-25255\" class=\"wp-caption-text\">LOZ 1130 Kombi mit 2228 Teilen<\/figcaption><\/figure>\n<figure id=\"attachment_25254\" aria-describedby=\"caption-attachment-25254\" style=\"width: 800px\" class=\"wp-caption aligncenter\"><img decoding=\"async\" class=\"wp-image-25254\" src=\"https:\/\/mouldking.store\/wp-content\/uploads\/2021\/10\/LOZ-1130-Station-Wagon-with-2228-pieces-2-300x300.jpg\" alt=\"LOZ 1130 Station Wagon with 2228 pieces\" width=\"800\" height=\"800\" title=\"-\" srcset=\"https:\/\/mouldking.store\/wp-content\/uploads\/2021\/10\/LOZ-1130-Station-Wagon-with-2228-pieces-2-300x300.jpg 300w, https:\/\/mouldking.store\/wp-content\/uploads\/2021\/10\/LOZ-1130-Station-Wagon-with-2228-pieces-2-768x768.jpg 768w, https:\/\/mouldking.store\/wp-content\/uploads\/2021\/10\/LOZ-1130-Station-Wagon-with-2228-pieces-2-600x600.jpg 600w, https:\/\/mouldking.store\/wp-content\/uploads\/2021\/10\/LOZ-1130-Station-Wagon-with-2228-pieces-2-150x150.jpg 150w, https:\/\/mouldking.store\/wp-content\/uploads\/2021\/10\/LOZ-1130-Station-Wagon-with-2228-pieces-2.jpg 1024w\" sizes=\"(max-width: 800px) 100vw, 800px\" \/><figcaption id=\"caption-attachment-25254\" class=\"wp-caption-text\">LOZ 1130 Kombi mit 2228 Teilen<\/figcaption><\/figure>","protected":false},"excerpt":{"rendered":"<p>Product information: 1. Brand: LOZ 2. Gender: Unisex 3. Name: Station Wagon 4. Age Range: &gt; 6 years old 5. Model Number: 1130 6. Classification: Assemblage 7. Plastic Block Shape: Self-Locking Bricks 8. Material: Plastic 9. Plastic Type: ABS 10. Bricks Blocks: 2228 PCS 11. Contains detailed assembly instructions. Notice: 1. Without an original box, [&hellip;]<\/p>","protected":false},"featured_media":25253,"comment_status":"open","ping_status":"closed","template":"","meta":{"_acf_changed":false},"product_cat":[371],"product_tag":[2308,2202,2306,2305,2311,2309,2307,2310],"class_list":["product","first","instock","shipping-taxable","purchasable","product-type-simple"],"acf":[],"_links":{"self":[{"href":"https:\/\/mouldking.store\/de\/wp-json\/wp\/v2\/product\/25252","targetHints":{"allow":["GET"]}}],"collection":[{"href":"https:\/\/mouldking.store\/de\/wp-json\/wp\/v2\/product"}],"about":[{"href":"https:\/\/mouldking.store\/de\/wp-json\/wp\/v2\/types\/product"}],"replies":[{"embeddable":true,"href":"https:\/\/mouldking.store\/de\/wp-json\/wp\/v2\/comments?post=25252"}],"wp:featuredmedia":[{"embeddable":true,"href":"https:\/\/mouldking.store\/de\/wp-json\/wp\/v2\/media\/25253"}],"wp:attachment":[{"href":"https:\/\/mouldking.store\/de\/wp-json\/wp\/v2\/media?parent=25252"}],"wp:term":[{"taxonomy":"product_cat","embeddable":true,"href":"https:\/\/mouldking.store\/de\/wp-json\/wp\/v2\/product_cat?post=25252"},{"taxonomy":"product_tag","embeddable":true,"href":"https:\/\/mouldking.store\/de\/wp-json\/wp\/v2\/product_tag?post=25252"}],"curies":[{"name":"wp","href":"https:\/\/api.w.org\/{rel}","templated":true}]}}