{"id":25264,"date":"2021-10-20T16:14:26","date_gmt":"2021-10-20T09:14:26","guid":{"rendered":"https:\/\/mouldking.store\/?post_type=product&#038;p=25264"},"modified":"2023-10-24T15:06:06","modified_gmt":"2023-10-24T08:06:06","slug":"loz-1035-wedding-chapel-with-3308-pieces","status":"publish","type":"product","link":"https:\/\/mouldking.store\/de\/shop\/loz-1035-wedding-chapel-with-3308-pieces\/","title":{"rendered":"LOZ 1035 Hochzeitskapelle mit 3308 Teilen"},"content":{"rendered":"<p>Produktinformation:<br \/>\n1. Marke: LOZ<br \/>\n2. Geschlecht: Unisex<br \/>\n3. Name: Hochzeitskapelle<br \/>\n4. Altersspanne: &gt; 6 Jahre alt<br \/>\n5. Modellnummer: 1035<br \/>\n6. Klassifizierung: Assemblage<br \/>\n7. Kunststoffblockform: Selbstsichernde Steine<br \/>\n8. Material: Kunststoff<br \/>\n9. Kunststofftyp: ABS<br \/>\n10. Ziegelsteine: 3308 PCS<br \/>\n11. Enth\u00e4lt eine detaillierte Montageanleitung.<br \/>\nNotiz:<br \/>\n1. Ohne Originalverpackung, aber wir garantieren, dass unsere Produkte eine Qualit\u00e4tssicherung und eine sch\u00f6ne Verpackung haben.<br \/>\n2. Wie alle Teile, die wir vor dem Versand \u00fcberpr\u00fcft haben, machen Sie sich keine Sorgen, wenn Sie feststellen, dass einige Teile fehlen oder besch\u00e4digt sind, und kontaktieren Sie uns einfach, und wir k\u00f6nnen sie Ihnen umgehend kostenlos erneut zusenden.<\/p>\n<figure id=\"attachment_25265\" aria-describedby=\"caption-attachment-25265\" style=\"width: 800px\" class=\"wp-caption aligncenter\"><img fetchpriority=\"high\" decoding=\"async\" class=\"wp-image-25265 size-full\" src=\"https:\/\/mouldking.store\/wp-content\/uploads\/2021\/10\/LOZ-1035-Wedding-Chapel-with-3308-pieces-1.jpg\" alt=\"LOZ 1035 Wedding Chapel with 3308 pieces\" width=\"800\" height=\"800\" title=\"-\" srcset=\"https:\/\/mouldking.store\/wp-content\/uploads\/2021\/10\/LOZ-1035-Wedding-Chapel-with-3308-pieces-1.jpg 800w, https:\/\/mouldking.store\/wp-content\/uploads\/2021\/10\/LOZ-1035-Wedding-Chapel-with-3308-pieces-1-300x300.jpg 300w, https:\/\/mouldking.store\/wp-content\/uploads\/2021\/10\/LOZ-1035-Wedding-Chapel-with-3308-pieces-1-768x768.jpg 768w, https:\/\/mouldking.store\/wp-content\/uploads\/2021\/10\/LOZ-1035-Wedding-Chapel-with-3308-pieces-1-600x600.jpg 600w, https:\/\/mouldking.store\/wp-content\/uploads\/2021\/10\/LOZ-1035-Wedding-Chapel-with-3308-pieces-1-150x150.jpg 150w\" sizes=\"(max-width: 800px) 100vw, 800px\" \/><figcaption id=\"caption-attachment-25265\" class=\"wp-caption-text\">LOZ 1035 Hochzeitskapelle mit 3308 Teilen<\/figcaption><\/figure>\n<figure id=\"attachment_25267\" aria-describedby=\"caption-attachment-25267\" style=\"width: 790px\" class=\"wp-caption aligncenter\"><img decoding=\"async\" class=\"wp-image-25267 size-full\" src=\"https:\/\/mouldking.store\/wp-content\/uploads\/2021\/10\/LOZ-1035-Wedding-Chapel-with-3308-pieces-3.jpg\" alt=\"LOZ 1035 Wedding Chapel with 3308 pieces\" width=\"790\" height=\"832\" title=\"-\" srcset=\"https:\/\/mouldking.store\/wp-content\/uploads\/2021\/10\/LOZ-1035-Wedding-Chapel-with-3308-pieces-3.jpg 790w, https:\/\/mouldking.store\/wp-content\/uploads\/2021\/10\/LOZ-1035-Wedding-Chapel-with-3308-pieces-3-285x300.jpg 285w, https:\/\/mouldking.store\/wp-content\/uploads\/2021\/10\/LOZ-1035-Wedding-Chapel-with-3308-pieces-3-768x809.jpg 768w, https:\/\/mouldking.store\/wp-content\/uploads\/2021\/10\/LOZ-1035-Wedding-Chapel-with-3308-pieces-3-300x316.jpg 300w, https:\/\/mouldking.store\/wp-content\/uploads\/2021\/10\/LOZ-1035-Wedding-Chapel-with-3308-pieces-3-600x632.jpg 600w, https:\/\/mouldking.store\/wp-content\/uploads\/2021\/10\/LOZ-1035-Wedding-Chapel-with-3308-pieces-3-142x150.jpg 142w\" sizes=\"(max-width: 790px) 100vw, 790px\" \/><figcaption id=\"caption-attachment-25267\" class=\"wp-caption-text\">LOZ 1035 Hochzeitskapelle mit 3308 Teilen<\/figcaption><\/figure>\n<figure id=\"attachment_25269\" aria-describedby=\"caption-attachment-25269\" style=\"width: 790px\" class=\"wp-caption aligncenter\"><img decoding=\"async\" class=\"wp-image-25269 size-full\" src=\"https:\/\/mouldking.store\/wp-content\/uploads\/2021\/10\/LOZ-1035-Wedding-Chapel-with-3308-pieces-5.jpg\" alt=\"LOZ 1035 Wedding Chapel with 3308 pieces\" width=\"790\" height=\"956\" title=\"-\" srcset=\"https:\/\/mouldking.store\/wp-content\/uploads\/2021\/10\/LOZ-1035-Wedding-Chapel-with-3308-pieces-5.jpg 790w, https:\/\/mouldking.store\/wp-content\/uploads\/2021\/10\/LOZ-1035-Wedding-Chapel-with-3308-pieces-5-248x300.jpg 248w, https:\/\/mouldking.store\/wp-content\/uploads\/2021\/10\/LOZ-1035-Wedding-Chapel-with-3308-pieces-5-768x929.jpg 768w, https:\/\/mouldking.store\/wp-content\/uploads\/2021\/10\/LOZ-1035-Wedding-Chapel-with-3308-pieces-5-300x363.jpg 300w, https:\/\/mouldking.store\/wp-content\/uploads\/2021\/10\/LOZ-1035-Wedding-Chapel-with-3308-pieces-5-600x726.jpg 600w, https:\/\/mouldking.store\/wp-content\/uploads\/2021\/10\/LOZ-1035-Wedding-Chapel-with-3308-pieces-5-124x150.jpg 124w\" sizes=\"(max-width: 790px) 100vw, 790px\" \/><figcaption id=\"caption-attachment-25269\" class=\"wp-caption-text\">LOZ 1035 Hochzeitskapelle mit 3308 Teilen<\/figcaption><\/figure>\n<figure id=\"attachment_25270\" aria-describedby=\"caption-attachment-25270\" style=\"width: 790px\" class=\"wp-caption aligncenter\"><img loading=\"lazy\" decoding=\"async\" class=\"wp-image-25270 size-full\" src=\"https:\/\/mouldking.store\/wp-content\/uploads\/2021\/10\/LOZ-1035-Wedding-Chapel-with-3308-pieces-6.jpg\" alt=\"LOZ 1035 Wedding Chapel with 3308 pieces\" width=\"790\" height=\"684\" title=\"-\" srcset=\"https:\/\/mouldking.store\/wp-content\/uploads\/2021\/10\/LOZ-1035-Wedding-Chapel-with-3308-pieces-6.jpg 790w, https:\/\/mouldking.store\/wp-content\/uploads\/2021\/10\/LOZ-1035-Wedding-Chapel-with-3308-pieces-6-300x260.jpg 300w, https:\/\/mouldking.store\/wp-content\/uploads\/2021\/10\/LOZ-1035-Wedding-Chapel-with-3308-pieces-6-768x665.jpg 768w, https:\/\/mouldking.store\/wp-content\/uploads\/2021\/10\/LOZ-1035-Wedding-Chapel-with-3308-pieces-6-600x519.jpg 600w, https:\/\/mouldking.store\/wp-content\/uploads\/2021\/10\/LOZ-1035-Wedding-Chapel-with-3308-pieces-6-150x130.jpg 150w\" sizes=\"(max-width: 790px) 100vw, 790px\" \/><figcaption id=\"caption-attachment-25270\" class=\"wp-caption-text\">LOZ 1035 Hochzeitskapelle mit 3308 Teilen<\/figcaption><\/figure>\n<figure id=\"attachment_25272\" aria-describedby=\"caption-attachment-25272\" style=\"width: 790px\" class=\"wp-caption aligncenter\"><img loading=\"lazy\" decoding=\"async\" class=\"wp-image-25272 size-full\" src=\"https:\/\/mouldking.store\/wp-content\/uploads\/2021\/10\/LOZ-1035-Wedding-Chapel-with-3308-pieces-8.jpg\" alt=\"LOZ 1035 Wedding Chapel with 3308 pieces\" width=\"790\" height=\"804\" title=\"-\" srcset=\"https:\/\/mouldking.store\/wp-content\/uploads\/2021\/10\/LOZ-1035-Wedding-Chapel-with-3308-pieces-8.jpg 790w, https:\/\/mouldking.store\/wp-content\/uploads\/2021\/10\/LOZ-1035-Wedding-Chapel-with-3308-pieces-8-295x300.jpg 295w, https:\/\/mouldking.store\/wp-content\/uploads\/2021\/10\/LOZ-1035-Wedding-Chapel-with-3308-pieces-8-768x782.jpg 768w, https:\/\/mouldking.store\/wp-content\/uploads\/2021\/10\/LOZ-1035-Wedding-Chapel-with-3308-pieces-8-300x305.jpg 300w, https:\/\/mouldking.store\/wp-content\/uploads\/2021\/10\/LOZ-1035-Wedding-Chapel-with-3308-pieces-8-600x611.jpg 600w, https:\/\/mouldking.store\/wp-content\/uploads\/2021\/10\/LOZ-1035-Wedding-Chapel-with-3308-pieces-8-147x150.jpg 147w\" sizes=\"(max-width: 790px) 100vw, 790px\" \/><figcaption id=\"caption-attachment-25272\" class=\"wp-caption-text\">LOZ 1035 Hochzeitskapelle mit 3308 Teilen<\/figcaption><\/figure>\n<figure id=\"attachment_25273\" aria-describedby=\"caption-attachment-25273\" style=\"width: 672px\" class=\"wp-caption aligncenter\"><img loading=\"lazy\" decoding=\"async\" class=\"wp-image-25273 size-full\" src=\"https:\/\/mouldking.store\/wp-content\/uploads\/2021\/10\/LOZ-1035-Wedding-Chapel-with-3308-pieces-9.jpg\" alt=\"LOZ 1035 Wedding Chapel with 3308 pieces\" width=\"672\" height=\"1024\" title=\"-\" srcset=\"https:\/\/mouldking.store\/wp-content\/uploads\/2021\/10\/LOZ-1035-Wedding-Chapel-with-3308-pieces-9.jpg 672w, https:\/\/mouldking.store\/wp-content\/uploads\/2021\/10\/LOZ-1035-Wedding-Chapel-with-3308-pieces-9-197x300.jpg 197w, https:\/\/mouldking.store\/wp-content\/uploads\/2021\/10\/LOZ-1035-Wedding-Chapel-with-3308-pieces-9-300x457.jpg 300w, https:\/\/mouldking.store\/wp-content\/uploads\/2021\/10\/LOZ-1035-Wedding-Chapel-with-3308-pieces-9-600x914.jpg 600w, https:\/\/mouldking.store\/wp-content\/uploads\/2021\/10\/LOZ-1035-Wedding-Chapel-with-3308-pieces-9-98x150.jpg 98w\" sizes=\"(max-width: 672px) 100vw, 672px\" \/><figcaption id=\"caption-attachment-25273\" class=\"wp-caption-text\">LOZ 1035 Hochzeitskapelle mit 3308 Teilen<\/figcaption><\/figure>\n<figure id=\"attachment_25271\" aria-describedby=\"caption-attachment-25271\" style=\"width: 626px\" class=\"wp-caption aligncenter\"><img loading=\"lazy\" decoding=\"async\" class=\"wp-image-25271 size-full\" src=\"https:\/\/mouldking.store\/wp-content\/uploads\/2021\/10\/LOZ-1035-Wedding-Chapel-with-3308-pieces-7.jpg\" alt=\"LOZ 1035 Wedding Chapel with 3308 pieces\" width=\"626\" height=\"1024\" title=\"-\" srcset=\"https:\/\/mouldking.store\/wp-content\/uploads\/2021\/10\/LOZ-1035-Wedding-Chapel-with-3308-pieces-7.jpg 626w, https:\/\/mouldking.store\/wp-content\/uploads\/2021\/10\/LOZ-1035-Wedding-Chapel-with-3308-pieces-7-183x300.jpg 183w, https:\/\/mouldking.store\/wp-content\/uploads\/2021\/10\/LOZ-1035-Wedding-Chapel-with-3308-pieces-7-300x491.jpg 300w, https:\/\/mouldking.store\/wp-content\/uploads\/2021\/10\/LOZ-1035-Wedding-Chapel-with-3308-pieces-7-600x981.jpg 600w, https:\/\/mouldking.store\/wp-content\/uploads\/2021\/10\/LOZ-1035-Wedding-Chapel-with-3308-pieces-7-92x150.jpg 92w\" sizes=\"(max-width: 626px) 100vw, 626px\" \/><figcaption id=\"caption-attachment-25271\" class=\"wp-caption-text\">LOZ 1035 Hochzeitskapelle mit 3308 Teilen<\/figcaption><\/figure>\n<figure id=\"attachment_25266\" aria-describedby=\"caption-attachment-25266\" style=\"width: 790px\" class=\"wp-caption aligncenter\"><img loading=\"lazy\" decoding=\"async\" class=\"wp-image-25266 size-full\" src=\"https:\/\/mouldking.store\/wp-content\/uploads\/2021\/10\/LOZ-1035-Wedding-Chapel-with-3308-pieces-2.jpg\" alt=\"LOZ 1035 Wedding Chapel with 3308 pieces\" width=\"790\" height=\"920\" title=\"-\" srcset=\"https:\/\/mouldking.store\/wp-content\/uploads\/2021\/10\/LOZ-1035-Wedding-Chapel-with-3308-pieces-2.jpg 790w, https:\/\/mouldking.store\/wp-content\/uploads\/2021\/10\/LOZ-1035-Wedding-Chapel-with-3308-pieces-2-258x300.jpg 258w, https:\/\/mouldking.store\/wp-content\/uploads\/2021\/10\/LOZ-1035-Wedding-Chapel-with-3308-pieces-2-768x894.jpg 768w, https:\/\/mouldking.store\/wp-content\/uploads\/2021\/10\/LOZ-1035-Wedding-Chapel-with-3308-pieces-2-300x349.jpg 300w, https:\/\/mouldking.store\/wp-content\/uploads\/2021\/10\/LOZ-1035-Wedding-Chapel-with-3308-pieces-2-600x699.jpg 600w, https:\/\/mouldking.store\/wp-content\/uploads\/2021\/10\/LOZ-1035-Wedding-Chapel-with-3308-pieces-2-129x150.jpg 129w\" sizes=\"(max-width: 790px) 100vw, 790px\" \/><figcaption id=\"caption-attachment-25266\" class=\"wp-caption-text\">LOZ 1035 Hochzeitskapelle mit 3308 Teilen<\/figcaption><\/figure>\n<figure id=\"attachment_25268\" aria-describedby=\"caption-attachment-25268\" style=\"width: 790px\" class=\"wp-caption aligncenter\"><img loading=\"lazy\" decoding=\"async\" class=\"wp-image-25268 size-full\" src=\"https:\/\/mouldking.store\/wp-content\/uploads\/2021\/10\/LOZ-1035-Wedding-Chapel-with-3308-pieces-4.jpg\" alt=\"LOZ 1035 Wedding Chapel with 3308 pieces\" width=\"790\" height=\"812\" title=\"-\" srcset=\"https:\/\/mouldking.store\/wp-content\/uploads\/2021\/10\/LOZ-1035-Wedding-Chapel-with-3308-pieces-4.jpg 790w, https:\/\/mouldking.store\/wp-content\/uploads\/2021\/10\/LOZ-1035-Wedding-Chapel-with-3308-pieces-4-292x300.jpg 292w, https:\/\/mouldking.store\/wp-content\/uploads\/2021\/10\/LOZ-1035-Wedding-Chapel-with-3308-pieces-4-768x789.jpg 768w, https:\/\/mouldking.store\/wp-content\/uploads\/2021\/10\/LOZ-1035-Wedding-Chapel-with-3308-pieces-4-300x308.jpg 300w, https:\/\/mouldking.store\/wp-content\/uploads\/2021\/10\/LOZ-1035-Wedding-Chapel-with-3308-pieces-4-600x617.jpg 600w, https:\/\/mouldking.store\/wp-content\/uploads\/2021\/10\/LOZ-1035-Wedding-Chapel-with-3308-pieces-4-146x150.jpg 146w\" sizes=\"(max-width: 790px) 100vw, 790px\" \/><figcaption id=\"caption-attachment-25268\" class=\"wp-caption-text\">LOZ 1035 Hochzeitskapelle mit 3308 Teilen<\/figcaption><\/figure>","protected":false},"excerpt":{"rendered":"<p>Product information: 1. Brand: LOZ 2. Gender: Unisex 3. Name: Wedding Chapel 4. Age Range: &gt; 6 years old 5. Model Number: 1035 6. Classification: Assemblage 7. Plastic Block Shape: Self-Locking Bricks 8. Material: Plastic 9. Plastic Type: ABS 10. Bricks Blocks: 3308 PCS 11. Contains detailed assembly instructions. Notice: 1. Without an original box, [&hellip;]<\/p>","protected":false},"featured_media":25265,"comment_status":"open","ping_status":"closed","template":"","meta":{"_acf_changed":false},"product_cat":[390],"product_tag":[2323,2325,2202,2321,2320,2326,2324,2322],"class_list":["product","first","instock","shipping-taxable","purchasable","product-type-simple"],"acf":[],"_links":{"self":[{"href":"https:\/\/mouldking.store\/de\/wp-json\/wp\/v2\/product\/25264","targetHints":{"allow":["GET"]}}],"collection":[{"href":"https:\/\/mouldking.store\/de\/wp-json\/wp\/v2\/product"}],"about":[{"href":"https:\/\/mouldking.store\/de\/wp-json\/wp\/v2\/types\/product"}],"replies":[{"embeddable":true,"href":"https:\/\/mouldking.store\/de\/wp-json\/wp\/v2\/comments?post=25264"}],"wp:featuredmedia":[{"embeddable":true,"href":"https:\/\/mouldking.store\/de\/wp-json\/wp\/v2\/media\/25265"}],"wp:attachment":[{"href":"https:\/\/mouldking.store\/de\/wp-json\/wp\/v2\/media?parent=25264"}],"wp:term":[{"taxonomy":"product_cat","embeddable":true,"href":"https:\/\/mouldking.store\/de\/wp-json\/wp\/v2\/product_cat?post=25264"},{"taxonomy":"product_tag","embeddable":true,"href":"https:\/\/mouldking.store\/de\/wp-json\/wp\/v2\/product_tag?post=25264"}],"curies":[{"name":"wp","href":"https:\/\/api.w.org\/{rel}","templated":true}]}}