{"id":25275,"date":"2021-10-20T16:33:17","date_gmt":"2021-10-20T16:33:17","guid":{"rendered":"https:\/\/mouldking.store\/?post_type=product&#038;p=25275"},"modified":"2021-12-23T09:41:56","modified_gmt":"2021-12-23T09:41:56","slug":"cada-c61023-mazda-fd3s-rx-7-with-1655-pieces","status":"publish","type":"product","link":"https:\/\/mouldking.store\/de\/shop\/cada-c61023-mazda-fd3s-rx-7-with-1655-pieces\/","title":{"rendered":"CADA C61023 Mazda FD3S RX-7 with 1655 pieces"},"content":{"rendered":"<p>Produktinformation:<br \/>\n1. Brand: CADA<br \/>\n2. Geschlecht: Unisex<br \/>\n3. Name: Mazda FD3S RX-7<br \/>\n4. Altersspanne: &gt; 6 Jahre alt<br \/>\n5. Model Number: C61023<br \/>\n6. Klassifizierung: Assemblage<br \/>\n7. Kunststoffblockform: Selbstsichernde Steine<br \/>\n8. Material: Kunststoff<br \/>\n9. Kunststofftyp: ABS<br \/>\n10. Bricks Blocks: 1655 PCS<br \/>\n11. Enth\u00e4lt eine detaillierte Montageanleitung.<br \/>\nNotiz:<br \/>\n1. Ohne Originalverpackung, aber wir garantieren, dass unsere Produkte eine Qualit\u00e4tssicherung und eine sch\u00f6ne Verpackung haben.<br \/>\n2. Wie alle Teile, die wir vor dem Versand \u00fcberpr\u00fcft haben, machen Sie sich keine Sorgen, wenn Sie feststellen, dass einige Teile fehlen oder besch\u00e4digt sind, und kontaktieren Sie uns einfach, und wir k\u00f6nnen sie Ihnen umgehend kostenlos erneut zusenden.<\/p>\n<figure id=\"attachment_25278\" aria-describedby=\"caption-attachment-25278\" style=\"width: 790px\" class=\"wp-caption aligncenter\"><img fetchpriority=\"high\" decoding=\"async\" class=\"wp-image-25278 size-full\" src=\"https:\/\/mouldking.store\/wp-content\/uploads\/2021\/10\/CADA-C61023-Mazda-FD3S-RX-7-with-1655-pieces-3.jpg\" alt=\"CADA C61023 Mazda FD3S RX-7 with 1655 pieces\" width=\"790\" height=\"671\" title=\"-\" srcset=\"https:\/\/mouldking.store\/wp-content\/uploads\/2021\/10\/CADA-C61023-Mazda-FD3S-RX-7-with-1655-pieces-3.jpg 790w, https:\/\/mouldking.store\/wp-content\/uploads\/2021\/10\/CADA-C61023-Mazda-FD3S-RX-7-with-1655-pieces-3-300x255.jpg 300w, https:\/\/mouldking.store\/wp-content\/uploads\/2021\/10\/CADA-C61023-Mazda-FD3S-RX-7-with-1655-pieces-3-768x652.jpg 768w, https:\/\/mouldking.store\/wp-content\/uploads\/2021\/10\/CADA-C61023-Mazda-FD3S-RX-7-with-1655-pieces-3-600x510.jpg 600w, https:\/\/mouldking.store\/wp-content\/uploads\/2021\/10\/CADA-C61023-Mazda-FD3S-RX-7-with-1655-pieces-3-150x127.jpg 150w\" sizes=\"(max-width: 790px) 100vw, 790px\" \/><figcaption id=\"caption-attachment-25278\" class=\"wp-caption-text\">CADA C61023 Mazda FD3S RX-7 with 1655 pieces<\/figcaption><\/figure>\n<figure id=\"attachment_25283\" aria-describedby=\"caption-attachment-25283\" style=\"width: 691px\" class=\"wp-caption aligncenter\"><img decoding=\"async\" class=\"wp-image-25283 size-full\" src=\"https:\/\/mouldking.store\/wp-content\/uploads\/2021\/10\/CADA-C61023-Mazda-FD3S-RX-7-with-1655-pieces-8.jpg\" alt=\"CADA C61023 Mazda FD3S RX-7 with 1655 pieces\" width=\"691\" height=\"1023\" title=\"-\" srcset=\"https:\/\/mouldking.store\/wp-content\/uploads\/2021\/10\/CADA-C61023-Mazda-FD3S-RX-7-with-1655-pieces-8.jpg 691w, https:\/\/mouldking.store\/wp-content\/uploads\/2021\/10\/CADA-C61023-Mazda-FD3S-RX-7-with-1655-pieces-8-203x300.jpg 203w, https:\/\/mouldking.store\/wp-content\/uploads\/2021\/10\/CADA-C61023-Mazda-FD3S-RX-7-with-1655-pieces-8-300x444.jpg 300w, https:\/\/mouldking.store\/wp-content\/uploads\/2021\/10\/CADA-C61023-Mazda-FD3S-RX-7-with-1655-pieces-8-600x888.jpg 600w, https:\/\/mouldking.store\/wp-content\/uploads\/2021\/10\/CADA-C61023-Mazda-FD3S-RX-7-with-1655-pieces-8-101x150.jpg 101w\" sizes=\"(max-width: 691px) 100vw, 691px\" \/><figcaption id=\"caption-attachment-25283\" class=\"wp-caption-text\">CADA C61023 Mazda FD3S RX-7 with 1655 pieces<\/figcaption><\/figure>\n<figure id=\"attachment_25282\" aria-describedby=\"caption-attachment-25282\" style=\"width: 644px\" class=\"wp-caption aligncenter\"><img decoding=\"async\" class=\"wp-image-25282 size-full\" src=\"https:\/\/mouldking.store\/wp-content\/uploads\/2021\/10\/CADA-C61023-Mazda-FD3S-RX-7-with-1655-pieces-7.jpg\" alt=\"CADA C61023 Mazda FD3S RX-7 with 1655 pieces\" width=\"644\" height=\"1024\" title=\"-\" srcset=\"https:\/\/mouldking.store\/wp-content\/uploads\/2021\/10\/CADA-C61023-Mazda-FD3S-RX-7-with-1655-pieces-7.jpg 644w, https:\/\/mouldking.store\/wp-content\/uploads\/2021\/10\/CADA-C61023-Mazda-FD3S-RX-7-with-1655-pieces-7-189x300.jpg 189w, https:\/\/mouldking.store\/wp-content\/uploads\/2021\/10\/CADA-C61023-Mazda-FD3S-RX-7-with-1655-pieces-7-300x477.jpg 300w, https:\/\/mouldking.store\/wp-content\/uploads\/2021\/10\/CADA-C61023-Mazda-FD3S-RX-7-with-1655-pieces-7-600x954.jpg 600w, https:\/\/mouldking.store\/wp-content\/uploads\/2021\/10\/CADA-C61023-Mazda-FD3S-RX-7-with-1655-pieces-7-94x150.jpg 94w\" sizes=\"(max-width: 644px) 100vw, 644px\" \/><figcaption id=\"caption-attachment-25282\" class=\"wp-caption-text\">CADA C61023 Mazda FD3S RX-7 with 1655 pieces<\/figcaption><\/figure>\n<figure id=\"attachment_25279\" aria-describedby=\"caption-attachment-25279\" style=\"width: 770px\" class=\"wp-caption aligncenter\"><img loading=\"lazy\" decoding=\"async\" class=\"wp-image-25279 size-full\" src=\"https:\/\/mouldking.store\/wp-content\/uploads\/2021\/10\/CADA-C61023-Mazda-FD3S-RX-7-with-1655-pieces-4.jpg\" alt=\"CADA C61023 Mazda FD3S RX-7 with 1655 pieces\" width=\"770\" height=\"1023\" title=\"-\" srcset=\"https:\/\/mouldking.store\/wp-content\/uploads\/2021\/10\/CADA-C61023-Mazda-FD3S-RX-7-with-1655-pieces-4.jpg 770w, https:\/\/mouldking.store\/wp-content\/uploads\/2021\/10\/CADA-C61023-Mazda-FD3S-RX-7-with-1655-pieces-4-226x300.jpg 226w, https:\/\/mouldking.store\/wp-content\/uploads\/2021\/10\/CADA-C61023-Mazda-FD3S-RX-7-with-1655-pieces-4-768x1020.jpg 768w, https:\/\/mouldking.store\/wp-content\/uploads\/2021\/10\/CADA-C61023-Mazda-FD3S-RX-7-with-1655-pieces-4-300x399.jpg 300w, https:\/\/mouldking.store\/wp-content\/uploads\/2021\/10\/CADA-C61023-Mazda-FD3S-RX-7-with-1655-pieces-4-600x797.jpg 600w, https:\/\/mouldking.store\/wp-content\/uploads\/2021\/10\/CADA-C61023-Mazda-FD3S-RX-7-with-1655-pieces-4-113x150.jpg 113w\" sizes=\"(max-width: 770px) 100vw, 770px\" \/><figcaption id=\"caption-attachment-25279\" class=\"wp-caption-text\">CADA C61023 Mazda FD3S RX-7 with 1655 pieces<\/figcaption><\/figure>\n<figure id=\"attachment_25277\" aria-describedby=\"caption-attachment-25277\" style=\"width: 627px\" class=\"wp-caption aligncenter\"><img loading=\"lazy\" decoding=\"async\" class=\"wp-image-25277 size-full\" src=\"https:\/\/mouldking.store\/wp-content\/uploads\/2021\/10\/CADA-C61023-Mazda-FD3S-RX-7-with-1655-pieces-2.jpg\" alt=\"CADA C61023 Mazda FD3S RX-7 with 1655 pieces\" width=\"627\" height=\"1024\" title=\"-\" srcset=\"https:\/\/mouldking.store\/wp-content\/uploads\/2021\/10\/CADA-C61023-Mazda-FD3S-RX-7-with-1655-pieces-2.jpg 627w, https:\/\/mouldking.store\/wp-content\/uploads\/2021\/10\/CADA-C61023-Mazda-FD3S-RX-7-with-1655-pieces-2-184x300.jpg 184w, https:\/\/mouldking.store\/wp-content\/uploads\/2021\/10\/CADA-C61023-Mazda-FD3S-RX-7-with-1655-pieces-2-300x490.jpg 300w, https:\/\/mouldking.store\/wp-content\/uploads\/2021\/10\/CADA-C61023-Mazda-FD3S-RX-7-with-1655-pieces-2-600x980.jpg 600w, https:\/\/mouldking.store\/wp-content\/uploads\/2021\/10\/CADA-C61023-Mazda-FD3S-RX-7-with-1655-pieces-2-92x150.jpg 92w\" sizes=\"(max-width: 627px) 100vw, 627px\" \/><figcaption id=\"caption-attachment-25277\" class=\"wp-caption-text\">CADA C61023 Mazda FD3S RX-7 with 1655 pieces<\/figcaption><\/figure>\n<figure id=\"attachment_25281\" aria-describedby=\"caption-attachment-25281\" style=\"width: 790px\" class=\"wp-caption aligncenter\"><img loading=\"lazy\" decoding=\"async\" class=\"wp-image-25281 size-full\" src=\"https:\/\/mouldking.store\/wp-content\/uploads\/2021\/10\/CADA-C61023-Mazda-FD3S-RX-7-with-1655-pieces-6.jpg\" alt=\"CADA C61023 Mazda FD3S RX-7 with 1655 pieces\" width=\"790\" height=\"813\" title=\"-\" srcset=\"https:\/\/mouldking.store\/wp-content\/uploads\/2021\/10\/CADA-C61023-Mazda-FD3S-RX-7-with-1655-pieces-6.jpg 790w, https:\/\/mouldking.store\/wp-content\/uploads\/2021\/10\/CADA-C61023-Mazda-FD3S-RX-7-with-1655-pieces-6-292x300.jpg 292w, https:\/\/mouldking.store\/wp-content\/uploads\/2021\/10\/CADA-C61023-Mazda-FD3S-RX-7-with-1655-pieces-6-768x790.jpg 768w, https:\/\/mouldking.store\/wp-content\/uploads\/2021\/10\/CADA-C61023-Mazda-FD3S-RX-7-with-1655-pieces-6-300x309.jpg 300w, https:\/\/mouldking.store\/wp-content\/uploads\/2021\/10\/CADA-C61023-Mazda-FD3S-RX-7-with-1655-pieces-6-600x617.jpg 600w, https:\/\/mouldking.store\/wp-content\/uploads\/2021\/10\/CADA-C61023-Mazda-FD3S-RX-7-with-1655-pieces-6-146x150.jpg 146w\" sizes=\"(max-width: 790px) 100vw, 790px\" \/><figcaption id=\"caption-attachment-25281\" class=\"wp-caption-text\">CADA C61023 Mazda FD3S RX-7 with 1655 pieces<\/figcaption><\/figure>","protected":false},"excerpt":{"rendered":"<p>Product information: 1. Brand: CADA 2. Gender: Unisex 3. Name: Mazda FD3S RX-7 4. Age Range: &gt; 6 years old 5. Model Number: C61023 6. Classification: Assemblage 7. Plastic Block Shape: Self-Locking Bricks 8. Material: Plastic 9. Plastic Type: ABS 10. Bricks Blocks: 1655 PCS 11. Contains detailed assembly instructions. Notice: 1. Without an original [&hellip;]<\/p>","protected":false},"featured_media":25276,"comment_status":"open","ping_status":"closed","template":"","meta":{"_acf_changed":false},"product_cat":[364],"product_tag":[2330,1916,2328,2327,2333,2332,2331,2329],"class_list":["product","first","instock","shipping-taxable","purchasable","product-type-simple"],"acf":[],"_links":{"self":[{"href":"https:\/\/mouldking.store\/de\/wp-json\/wp\/v2\/product\/25275","targetHints":{"allow":["GET"]}}],"collection":[{"href":"https:\/\/mouldking.store\/de\/wp-json\/wp\/v2\/product"}],"about":[{"href":"https:\/\/mouldking.store\/de\/wp-json\/wp\/v2\/types\/product"}],"replies":[{"embeddable":true,"href":"https:\/\/mouldking.store\/de\/wp-json\/wp\/v2\/comments?post=25275"}],"wp:featuredmedia":[{"embeddable":true,"href":"https:\/\/mouldking.store\/de\/wp-json\/wp\/v2\/media\/25276"}],"wp:attachment":[{"href":"https:\/\/mouldking.store\/de\/wp-json\/wp\/v2\/media?parent=25275"}],"wp:term":[{"taxonomy":"product_cat","embeddable":true,"href":"https:\/\/mouldking.store\/de\/wp-json\/wp\/v2\/product_cat?post=25275"},{"taxonomy":"product_tag","embeddable":true,"href":"https:\/\/mouldking.store\/de\/wp-json\/wp\/v2\/product_tag?post=25275"}],"curies":[{"name":"wp","href":"https:\/\/api.w.org\/{rel}","templated":true}]}}