{"id":25285,"date":"2021-10-20T16:39:38","date_gmt":"2021-10-20T16:39:38","guid":{"rendered":"https:\/\/mouldking.store\/?post_type=product&#038;p=25285"},"modified":"2021-12-23T09:41:56","modified_gmt":"2021-12-23T09:41:56","slug":"jie-star-59004-the-br01-steam-locomotive-with-1173-pieces","status":"publish","type":"product","link":"https:\/\/mouldking.store\/de\/shop\/jie-star-59004-the-br01-steam-locomotive-with-1173-pieces\/","title":{"rendered":"JIE STAR 59004 Die Dampflokomotive BR01 mit 1173 Teilen"},"content":{"rendered":"<p>Produktinformation:<br \/>\n1. Marke: JIE STERN<br \/>\n2. Geschlecht: Unisex<br \/>\n3. Name: The BR01 Steam Locomotive<br \/>\n4. Altersspanne: &gt; 6 Jahre alt<br \/>\n5. Model Number: 59004<br \/>\n6. Klassifizierung: Assemblage<br \/>\n7. Kunststoffblockform: Selbstsichernde Steine<br \/>\n8. Material: Kunststoff<br \/>\n9. Kunststofftyp: ABS<br \/>\n10. Bricks Blocks: 1173 PCS<br \/>\n11. Enth\u00e4lt eine detaillierte Montageanleitung.<br \/>\nNotiz:<br \/>\n1. Ohne Originalverpackung, aber wir garantieren, dass unsere Produkte eine Qualit\u00e4tssicherung und eine sch\u00f6ne Verpackung haben.<br \/>\n2. Wie alle Teile, die wir vor dem Versand \u00fcberpr\u00fcft haben, machen Sie sich keine Sorgen, wenn Sie feststellen, dass einige Teile fehlen oder besch\u00e4digt sind, und kontaktieren Sie uns einfach, und wir k\u00f6nnen sie Ihnen umgehend kostenlos erneut zusenden.<\/p>\n<figure id=\"attachment_25289\" aria-describedby=\"caption-attachment-25289\" style=\"width: 755px\" class=\"wp-caption aligncenter\"><img fetchpriority=\"high\" decoding=\"async\" class=\"wp-image-25289 size-full\" src=\"https:\/\/mouldking.store\/wp-content\/uploads\/2021\/10\/JIE-STAR-59004-The-BR01-Steam-Locomotive-with-1173-pieces-4.jpg\" alt=\"JIE STAR 59004 The BR01 Steam Locomotive with 1173 pieces\" width=\"755\" height=\"1024\" title=\"-\" srcset=\"https:\/\/mouldking.store\/wp-content\/uploads\/2021\/10\/JIE-STAR-59004-The-BR01-Steam-Locomotive-with-1173-pieces-4.jpg 755w, https:\/\/mouldking.store\/wp-content\/uploads\/2021\/10\/JIE-STAR-59004-The-BR01-Steam-Locomotive-with-1173-pieces-4-221x300.jpg 221w, https:\/\/mouldking.store\/wp-content\/uploads\/2021\/10\/JIE-STAR-59004-The-BR01-Steam-Locomotive-with-1173-pieces-4-300x407.jpg 300w, https:\/\/mouldking.store\/wp-content\/uploads\/2021\/10\/JIE-STAR-59004-The-BR01-Steam-Locomotive-with-1173-pieces-4-600x814.jpg 600w, https:\/\/mouldking.store\/wp-content\/uploads\/2021\/10\/JIE-STAR-59004-The-BR01-Steam-Locomotive-with-1173-pieces-4-111x150.jpg 111w\" sizes=\"(max-width: 755px) 100vw, 755px\" \/><figcaption id=\"caption-attachment-25289\" class=\"wp-caption-text\">JIE STAR 59004 Die Dampflokomotive BR01 mit 1173 Teilen<\/figcaption><\/figure>\n<figure id=\"attachment_25290\" aria-describedby=\"caption-attachment-25290\" style=\"width: 790px\" class=\"wp-caption aligncenter\"><img decoding=\"async\" class=\"wp-image-25290 size-full\" src=\"https:\/\/mouldking.store\/wp-content\/uploads\/2021\/10\/JIE-STAR-59004-The-BR01-Steam-Locomotive-with-1173-pieces-5.jpg\" alt=\"JIE STAR 59004 The BR01 Steam Locomotive with 1173 pieces\" width=\"790\" height=\"992\" title=\"-\" srcset=\"https:\/\/mouldking.store\/wp-content\/uploads\/2021\/10\/JIE-STAR-59004-The-BR01-Steam-Locomotive-with-1173-pieces-5.jpg 790w, https:\/\/mouldking.store\/wp-content\/uploads\/2021\/10\/JIE-STAR-59004-The-BR01-Steam-Locomotive-with-1173-pieces-5-239x300.jpg 239w, https:\/\/mouldking.store\/wp-content\/uploads\/2021\/10\/JIE-STAR-59004-The-BR01-Steam-Locomotive-with-1173-pieces-5-768x964.jpg 768w, https:\/\/mouldking.store\/wp-content\/uploads\/2021\/10\/JIE-STAR-59004-The-BR01-Steam-Locomotive-with-1173-pieces-5-300x377.jpg 300w, https:\/\/mouldking.store\/wp-content\/uploads\/2021\/10\/JIE-STAR-59004-The-BR01-Steam-Locomotive-with-1173-pieces-5-600x753.jpg 600w, https:\/\/mouldking.store\/wp-content\/uploads\/2021\/10\/JIE-STAR-59004-The-BR01-Steam-Locomotive-with-1173-pieces-5-119x150.jpg 119w\" sizes=\"(max-width: 790px) 100vw, 790px\" \/><figcaption id=\"caption-attachment-25290\" class=\"wp-caption-text\">JIE STAR 59004 Die Dampflokomotive BR01 mit 1173 Teilen<\/figcaption><\/figure>\n<figure id=\"attachment_25291\" aria-describedby=\"caption-attachment-25291\" style=\"width: 681px\" class=\"wp-caption aligncenter\"><img decoding=\"async\" class=\"wp-image-25291 size-full\" src=\"https:\/\/mouldking.store\/wp-content\/uploads\/2021\/10\/JIE-STAR-59004-The-BR01-Steam-Locomotive-with-1173-pieces-6.jpg\" alt=\"JIE STAR 59004 The BR01 Steam Locomotive with 1173 pieces\" width=\"681\" height=\"1024\" title=\"-\" srcset=\"https:\/\/mouldking.store\/wp-content\/uploads\/2021\/10\/JIE-STAR-59004-The-BR01-Steam-Locomotive-with-1173-pieces-6.jpg 681w, https:\/\/mouldking.store\/wp-content\/uploads\/2021\/10\/JIE-STAR-59004-The-BR01-Steam-Locomotive-with-1173-pieces-6-200x300.jpg 200w, https:\/\/mouldking.store\/wp-content\/uploads\/2021\/10\/JIE-STAR-59004-The-BR01-Steam-Locomotive-with-1173-pieces-6-300x451.jpg 300w, https:\/\/mouldking.store\/wp-content\/uploads\/2021\/10\/JIE-STAR-59004-The-BR01-Steam-Locomotive-with-1173-pieces-6-600x902.jpg 600w, https:\/\/mouldking.store\/wp-content\/uploads\/2021\/10\/JIE-STAR-59004-The-BR01-Steam-Locomotive-with-1173-pieces-6-100x150.jpg 100w\" sizes=\"(max-width: 681px) 100vw, 681px\" \/><figcaption id=\"caption-attachment-25291\" class=\"wp-caption-text\">JIE STAR 59004 Die Dampflokomotive BR01 mit 1173 Teilen<\/figcaption><\/figure>\n<figure id=\"attachment_25293\" aria-describedby=\"caption-attachment-25293\" style=\"width: 660px\" class=\"wp-caption aligncenter\"><img loading=\"lazy\" decoding=\"async\" class=\"wp-image-25293 size-full\" src=\"https:\/\/mouldking.store\/wp-content\/uploads\/2021\/10\/JIE-STAR-59004-The-BR01-Steam-Locomotive-with-1173-pieces-7.jpg\" alt=\"JIE STAR 59004 The BR01 Steam Locomotive with 1173 pieces\" width=\"660\" height=\"1023\" title=\"-\" srcset=\"https:\/\/mouldking.store\/wp-content\/uploads\/2021\/10\/JIE-STAR-59004-The-BR01-Steam-Locomotive-with-1173-pieces-7.jpg 660w, https:\/\/mouldking.store\/wp-content\/uploads\/2021\/10\/JIE-STAR-59004-The-BR01-Steam-Locomotive-with-1173-pieces-7-194x300.jpg 194w, https:\/\/mouldking.store\/wp-content\/uploads\/2021\/10\/JIE-STAR-59004-The-BR01-Steam-Locomotive-with-1173-pieces-7-300x465.jpg 300w, https:\/\/mouldking.store\/wp-content\/uploads\/2021\/10\/JIE-STAR-59004-The-BR01-Steam-Locomotive-with-1173-pieces-7-600x930.jpg 600w, https:\/\/mouldking.store\/wp-content\/uploads\/2021\/10\/JIE-STAR-59004-The-BR01-Steam-Locomotive-with-1173-pieces-7-97x150.jpg 97w\" sizes=\"(max-width: 660px) 100vw, 660px\" \/><figcaption id=\"caption-attachment-25293\" class=\"wp-caption-text\">JIE STAR 59004 Die Dampflokomotive BR01 mit 1173 Teilen<\/figcaption><\/figure>\n<figure id=\"attachment_25294\" aria-describedby=\"caption-attachment-25294\" style=\"width: 790px\" class=\"wp-caption aligncenter\"><img loading=\"lazy\" decoding=\"async\" class=\"wp-image-25294 size-full\" src=\"https:\/\/mouldking.store\/wp-content\/uploads\/2021\/10\/JIE-STAR-59004-The-BR01-Steam-Locomotive-with-1173-pieces-8.jpg\" alt=\"JIE STAR 59004 The BR01 Steam Locomotive with 1173 pieces\" width=\"790\" height=\"516\" title=\"-\" srcset=\"https:\/\/mouldking.store\/wp-content\/uploads\/2021\/10\/JIE-STAR-59004-The-BR01-Steam-Locomotive-with-1173-pieces-8.jpg 790w, https:\/\/mouldking.store\/wp-content\/uploads\/2021\/10\/JIE-STAR-59004-The-BR01-Steam-Locomotive-with-1173-pieces-8-300x196.jpg 300w, https:\/\/mouldking.store\/wp-content\/uploads\/2021\/10\/JIE-STAR-59004-The-BR01-Steam-Locomotive-with-1173-pieces-8-768x502.jpg 768w, https:\/\/mouldking.store\/wp-content\/uploads\/2021\/10\/JIE-STAR-59004-The-BR01-Steam-Locomotive-with-1173-pieces-8-600x392.jpg 600w, https:\/\/mouldking.store\/wp-content\/uploads\/2021\/10\/JIE-STAR-59004-The-BR01-Steam-Locomotive-with-1173-pieces-8-150x98.jpg 150w\" sizes=\"(max-width: 790px) 100vw, 790px\" \/><figcaption id=\"caption-attachment-25294\" class=\"wp-caption-text\">JIE STAR 59004 Die Dampflokomotive BR01 mit 1173 Teilen<\/figcaption><\/figure>\n<figure id=\"attachment_25288\" aria-describedby=\"caption-attachment-25288\" style=\"width: 790px\" class=\"wp-caption aligncenter\"><img loading=\"lazy\" decoding=\"async\" class=\"wp-image-25288\" src=\"https:\/\/mouldking.store\/wp-content\/uploads\/2021\/10\/JIE-STAR-59004-The-BR01-Steam-Locomotive-with-1173-pieces-3.jpg\" alt=\"JIE STAR 59004 The BR01 Steam Locomotive with 1173 pieces\" width=\"790\" height=\"1248\" title=\"-\" srcset=\"https:\/\/mouldking.store\/wp-content\/uploads\/2021\/10\/JIE-STAR-59004-The-BR01-Steam-Locomotive-with-1173-pieces-3.jpg 648w, https:\/\/mouldking.store\/wp-content\/uploads\/2021\/10\/JIE-STAR-59004-The-BR01-Steam-Locomotive-with-1173-pieces-3-190x300.jpg 190w, https:\/\/mouldking.store\/wp-content\/uploads\/2021\/10\/JIE-STAR-59004-The-BR01-Steam-Locomotive-with-1173-pieces-3-300x474.jpg 300w, https:\/\/mouldking.store\/wp-content\/uploads\/2021\/10\/JIE-STAR-59004-The-BR01-Steam-Locomotive-with-1173-pieces-3-600x948.jpg 600w, https:\/\/mouldking.store\/wp-content\/uploads\/2021\/10\/JIE-STAR-59004-The-BR01-Steam-Locomotive-with-1173-pieces-3-95x150.jpg 95w\" sizes=\"(max-width: 790px) 100vw, 790px\" \/><figcaption id=\"caption-attachment-25288\" class=\"wp-caption-text\">JIE STAR 59004 Die Dampflokomotive BR01 mit 1173 Teilen<\/figcaption><\/figure>\n<figure id=\"attachment_25287\" aria-describedby=\"caption-attachment-25287\" style=\"width: 790px\" class=\"wp-caption aligncenter\"><img loading=\"lazy\" decoding=\"async\" class=\"wp-image-25287 size-full\" src=\"https:\/\/mouldking.store\/wp-content\/uploads\/2021\/10\/JIE-STAR-59004-The-BR01-Steam-Locomotive-with-1173-pieces-2.jpg\" alt=\"JIE STAR 59004 The BR01 Steam Locomotive with 1173 pieces\" width=\"790\" height=\"542\" title=\"-\" srcset=\"https:\/\/mouldking.store\/wp-content\/uploads\/2021\/10\/JIE-STAR-59004-The-BR01-Steam-Locomotive-with-1173-pieces-2.jpg 790w, https:\/\/mouldking.store\/wp-content\/uploads\/2021\/10\/JIE-STAR-59004-The-BR01-Steam-Locomotive-with-1173-pieces-2-300x206.jpg 300w, https:\/\/mouldking.store\/wp-content\/uploads\/2021\/10\/JIE-STAR-59004-The-BR01-Steam-Locomotive-with-1173-pieces-2-768x527.jpg 768w, https:\/\/mouldking.store\/wp-content\/uploads\/2021\/10\/JIE-STAR-59004-The-BR01-Steam-Locomotive-with-1173-pieces-2-600x412.jpg 600w, https:\/\/mouldking.store\/wp-content\/uploads\/2021\/10\/JIE-STAR-59004-The-BR01-Steam-Locomotive-with-1173-pieces-2-150x103.jpg 150w\" sizes=\"(max-width: 790px) 100vw, 790px\" \/><figcaption id=\"caption-attachment-25287\" class=\"wp-caption-text\">JIE STAR 59004 Die Dampflokomotive BR01 mit 1173 Teilen<\/figcaption><\/figure>","protected":false},"excerpt":{"rendered":"<p>Product information: 1. Brand: JIE STAR 2. Gender: Unisex 3. Name: The BR01 Steam Locomotive 4. Age Range: &gt; 6 years old 5. Model Number: 59004 6. Classification: Assemblage 7. Plastic Block Shape: Self-Locking Bricks 8. Material: Plastic 9. Plastic Type: ABS 10. Bricks Blocks: 1173 PCS 11. Contains detailed assembly instructions. Notice: 1. Without [&hellip;]<\/p>","protected":false},"featured_media":25286,"comment_status":"open","ping_status":"closed","template":"","meta":{"_acf_changed":false},"product_cat":[364],"product_tag":[2337,2339,2338,2256,2335,2334,2340,2336],"class_list":["product","first","instock","shipping-taxable","purchasable","product-type-simple"],"acf":[],"_links":{"self":[{"href":"https:\/\/mouldking.store\/de\/wp-json\/wp\/v2\/product\/25285","targetHints":{"allow":["GET"]}}],"collection":[{"href":"https:\/\/mouldking.store\/de\/wp-json\/wp\/v2\/product"}],"about":[{"href":"https:\/\/mouldking.store\/de\/wp-json\/wp\/v2\/types\/product"}],"replies":[{"embeddable":true,"href":"https:\/\/mouldking.store\/de\/wp-json\/wp\/v2\/comments?post=25285"}],"wp:featuredmedia":[{"embeddable":true,"href":"https:\/\/mouldking.store\/de\/wp-json\/wp\/v2\/media\/25286"}],"wp:attachment":[{"href":"https:\/\/mouldking.store\/de\/wp-json\/wp\/v2\/media?parent=25285"}],"wp:term":[{"taxonomy":"product_cat","embeddable":true,"href":"https:\/\/mouldking.store\/de\/wp-json\/wp\/v2\/product_cat?post=25285"},{"taxonomy":"product_tag","embeddable":true,"href":"https:\/\/mouldking.store\/de\/wp-json\/wp\/v2\/product_tag?post=25285"}],"curies":[{"name":"wp","href":"https:\/\/api.w.org\/{rel}","templated":true}]}}