{"id":25292,"date":"2021-10-20T16:45:46","date_gmt":"2021-10-20T16:45:46","guid":{"rendered":"https:\/\/mouldking.store\/?post_type=product&#038;p=25292"},"modified":"2021-12-23T09:41:55","modified_gmt":"2021-12-23T09:41:55","slug":"jie-star-59003-the-cn5700-steam-train-with-1136-pieces","status":"publish","type":"product","link":"https:\/\/mouldking.store\/de\/shop\/jie-star-59003-the-cn5700-steam-train-with-1136-pieces\/","title":{"rendered":"JIE STAR 59003 Der Dampfzug CN5700 mit 1136 Teilen"},"content":{"rendered":"<p>Produktinformation:<br \/>\n1. Marke: JIE STERN<br \/>\n2. Geschlecht: Unisex<br \/>\n3. Name: Der Dampfzug CN5700<br \/>\n4. Altersspanne: &gt; 6 Jahre alt<br \/>\n5. Modellnummer: 59003<br \/>\n6. Klassifizierung: Assemblage<br \/>\n7. Kunststoffblockform: Selbstsichernde Steine<br \/>\n8. Material: Kunststoff<br \/>\n9. Kunststofftyp: ABS<br \/>\n10. Ziegelsteine: 1136 ST\u00dcCKE<br \/>\n11. Enth\u00e4lt eine detaillierte Montageanleitung.<br \/>\nNotiz:<br \/>\n1. Ohne Originalverpackung, aber wir garantieren, dass unsere Produkte eine Qualit\u00e4tssicherung und eine sch\u00f6ne Verpackung haben.<br \/>\n2. Wie alle Teile, die wir vor dem Versand \u00fcberpr\u00fcft haben, machen Sie sich keine Sorgen, wenn Sie feststellen, dass einige Teile fehlen oder besch\u00e4digt sind, und kontaktieren Sie uns einfach, und wir k\u00f6nnen sie Ihnen umgehend kostenlos erneut zusenden.<\/p>\n<figure id=\"attachment_25303\" aria-describedby=\"caption-attachment-25303\" style=\"width: 790px\" class=\"wp-caption aligncenter\"><img fetchpriority=\"high\" decoding=\"async\" class=\"wp-image-25303 size-full\" src=\"https:\/\/mouldking.store\/wp-content\/uploads\/2021\/10\/JIE-STAR-59003-The-CN5700-Steam-Train-with-1136-pieces-8.jpg\" alt=\"JIE STAR 59003 The CN5700 Steam Train with 1136 pieces\" width=\"790\" height=\"519\" title=\"-\" srcset=\"https:\/\/mouldking.store\/wp-content\/uploads\/2021\/10\/JIE-STAR-59003-The-CN5700-Steam-Train-with-1136-pieces-8.jpg 790w, https:\/\/mouldking.store\/wp-content\/uploads\/2021\/10\/JIE-STAR-59003-The-CN5700-Steam-Train-with-1136-pieces-8-300x197.jpg 300w, https:\/\/mouldking.store\/wp-content\/uploads\/2021\/10\/JIE-STAR-59003-The-CN5700-Steam-Train-with-1136-pieces-8-768x505.jpg 768w, https:\/\/mouldking.store\/wp-content\/uploads\/2021\/10\/JIE-STAR-59003-The-CN5700-Steam-Train-with-1136-pieces-8-600x394.jpg 600w, https:\/\/mouldking.store\/wp-content\/uploads\/2021\/10\/JIE-STAR-59003-The-CN5700-Steam-Train-with-1136-pieces-8-150x99.jpg 150w\" sizes=\"(max-width: 790px) 100vw, 790px\" \/><figcaption id=\"caption-attachment-25303\" class=\"wp-caption-text\">JIE STAR 59003 Der Dampfzug CN5700 mit 1136 Teilen<\/figcaption><\/figure>\n<figure id=\"attachment_25301\" aria-describedby=\"caption-attachment-25301\" style=\"width: 790px\" class=\"wp-caption aligncenter\"><img decoding=\"async\" class=\"wp-image-25301 size-full\" src=\"https:\/\/mouldking.store\/wp-content\/uploads\/2021\/10\/JIE-STAR-59003-The-CN5700-Steam-Train-with-1136-pieces-6.jpg\" alt=\"JIE STAR 59003 The CN5700 Steam Train with 1136 pieces\" width=\"790\" height=\"749\" title=\"-\" srcset=\"https:\/\/mouldking.store\/wp-content\/uploads\/2021\/10\/JIE-STAR-59003-The-CN5700-Steam-Train-with-1136-pieces-6.jpg 790w, https:\/\/mouldking.store\/wp-content\/uploads\/2021\/10\/JIE-STAR-59003-The-CN5700-Steam-Train-with-1136-pieces-6-300x284.jpg 300w, https:\/\/mouldking.store\/wp-content\/uploads\/2021\/10\/JIE-STAR-59003-The-CN5700-Steam-Train-with-1136-pieces-6-768x728.jpg 768w, https:\/\/mouldking.store\/wp-content\/uploads\/2021\/10\/JIE-STAR-59003-The-CN5700-Steam-Train-with-1136-pieces-6-600x569.jpg 600w, https:\/\/mouldking.store\/wp-content\/uploads\/2021\/10\/JIE-STAR-59003-The-CN5700-Steam-Train-with-1136-pieces-6-150x142.jpg 150w\" sizes=\"(max-width: 790px) 100vw, 790px\" \/><figcaption id=\"caption-attachment-25301\" class=\"wp-caption-text\">JIE STAR 59003 Der Dampfzug CN5700 mit 1136 Teilen<\/figcaption><\/figure>\n<figure id=\"attachment_25300\" aria-describedby=\"caption-attachment-25300\" style=\"width: 563px\" class=\"wp-caption aligncenter\"><img decoding=\"async\" class=\"wp-image-25300 size-full\" src=\"https:\/\/mouldking.store\/wp-content\/uploads\/2021\/10\/JIE-STAR-59003-The-CN5700-Steam-Train-with-1136-pieces-5.jpg\" alt=\"JIE STAR 59003 The CN5700 Steam Train with 1136 pieces\" width=\"563\" height=\"1024\" title=\"-\" srcset=\"https:\/\/mouldking.store\/wp-content\/uploads\/2021\/10\/JIE-STAR-59003-The-CN5700-Steam-Train-with-1136-pieces-5.jpg 563w, https:\/\/mouldking.store\/wp-content\/uploads\/2021\/10\/JIE-STAR-59003-The-CN5700-Steam-Train-with-1136-pieces-5-165x300.jpg 165w, https:\/\/mouldking.store\/wp-content\/uploads\/2021\/10\/JIE-STAR-59003-The-CN5700-Steam-Train-with-1136-pieces-5-300x546.jpg 300w, https:\/\/mouldking.store\/wp-content\/uploads\/2021\/10\/JIE-STAR-59003-The-CN5700-Steam-Train-with-1136-pieces-5-82x150.jpg 82w\" sizes=\"(max-width: 563px) 100vw, 563px\" \/><figcaption id=\"caption-attachment-25300\" class=\"wp-caption-text\">JIE STAR 59003 Der Dampfzug CN5700 mit 1136 Teilen<\/figcaption><\/figure>\n<figure id=\"attachment_25299\" aria-describedby=\"caption-attachment-25299\" style=\"width: 751px\" class=\"wp-caption aligncenter\"><img loading=\"lazy\" decoding=\"async\" class=\"wp-image-25299 size-full\" src=\"https:\/\/mouldking.store\/wp-content\/uploads\/2021\/10\/JIE-STAR-59003-The-CN5700-Steam-Train-with-1136-pieces-4.jpg\" alt=\"JIE STAR 59003 The CN5700 Steam Train with 1136 pieces\" width=\"751\" height=\"1024\" title=\"-\" srcset=\"https:\/\/mouldking.store\/wp-content\/uploads\/2021\/10\/JIE-STAR-59003-The-CN5700-Steam-Train-with-1136-pieces-4.jpg 751w, https:\/\/mouldking.store\/wp-content\/uploads\/2021\/10\/JIE-STAR-59003-The-CN5700-Steam-Train-with-1136-pieces-4-220x300.jpg 220w, https:\/\/mouldking.store\/wp-content\/uploads\/2021\/10\/JIE-STAR-59003-The-CN5700-Steam-Train-with-1136-pieces-4-300x409.jpg 300w, https:\/\/mouldking.store\/wp-content\/uploads\/2021\/10\/JIE-STAR-59003-The-CN5700-Steam-Train-with-1136-pieces-4-600x818.jpg 600w, https:\/\/mouldking.store\/wp-content\/uploads\/2021\/10\/JIE-STAR-59003-The-CN5700-Steam-Train-with-1136-pieces-4-110x150.jpg 110w\" sizes=\"(max-width: 751px) 100vw, 751px\" \/><figcaption id=\"caption-attachment-25299\" class=\"wp-caption-text\">JIE STAR 59003 Der Dampfzug CN5700 mit 1136 Teilen<\/figcaption><\/figure>\n<figure id=\"attachment_25298\" aria-describedby=\"caption-attachment-25298\" style=\"width: 645px\" class=\"wp-caption aligncenter\"><img loading=\"lazy\" decoding=\"async\" class=\"wp-image-25298 size-full\" src=\"https:\/\/mouldking.store\/wp-content\/uploads\/2021\/10\/JIE-STAR-59003-The-CN5700-Steam-Train-with-1136-pieces-3.jpg\" alt=\"JIE STAR 59003 The CN5700 Steam Train with 1136 pieces\" width=\"645\" height=\"1024\" title=\"-\" srcset=\"https:\/\/mouldking.store\/wp-content\/uploads\/2021\/10\/JIE-STAR-59003-The-CN5700-Steam-Train-with-1136-pieces-3.jpg 645w, https:\/\/mouldking.store\/wp-content\/uploads\/2021\/10\/JIE-STAR-59003-The-CN5700-Steam-Train-with-1136-pieces-3-189x300.jpg 189w, https:\/\/mouldking.store\/wp-content\/uploads\/2021\/10\/JIE-STAR-59003-The-CN5700-Steam-Train-with-1136-pieces-3-300x476.jpg 300w, https:\/\/mouldking.store\/wp-content\/uploads\/2021\/10\/JIE-STAR-59003-The-CN5700-Steam-Train-with-1136-pieces-3-600x953.jpg 600w, https:\/\/mouldking.store\/wp-content\/uploads\/2021\/10\/JIE-STAR-59003-The-CN5700-Steam-Train-with-1136-pieces-3-94x150.jpg 94w\" sizes=\"(max-width: 645px) 100vw, 645px\" \/><figcaption id=\"caption-attachment-25298\" class=\"wp-caption-text\">JIE STAR 59003 Der Dampfzug CN5700 mit 1136 Teilen<\/figcaption><\/figure>\n<figure id=\"attachment_25297\" aria-describedby=\"caption-attachment-25297\" style=\"width: 790px\" class=\"wp-caption aligncenter\"><img loading=\"lazy\" decoding=\"async\" class=\"wp-image-25297 size-full\" src=\"https:\/\/mouldking.store\/wp-content\/uploads\/2021\/10\/JIE-STAR-59003-The-CN5700-Steam-Train-with-1136-pieces-2.jpg\" alt=\"JIE STAR 59003 The CN5700 Steam Train with 1136 pieces\" width=\"790\" height=\"523\" title=\"-\" srcset=\"https:\/\/mouldking.store\/wp-content\/uploads\/2021\/10\/JIE-STAR-59003-The-CN5700-Steam-Train-with-1136-pieces-2.jpg 790w, https:\/\/mouldking.store\/wp-content\/uploads\/2021\/10\/JIE-STAR-59003-The-CN5700-Steam-Train-with-1136-pieces-2-300x199.jpg 300w, https:\/\/mouldking.store\/wp-content\/uploads\/2021\/10\/JIE-STAR-59003-The-CN5700-Steam-Train-with-1136-pieces-2-768x508.jpg 768w, https:\/\/mouldking.store\/wp-content\/uploads\/2021\/10\/JIE-STAR-59003-The-CN5700-Steam-Train-with-1136-pieces-2-600x397.jpg 600w, https:\/\/mouldking.store\/wp-content\/uploads\/2021\/10\/JIE-STAR-59003-The-CN5700-Steam-Train-with-1136-pieces-2-150x99.jpg 150w\" sizes=\"(max-width: 790px) 100vw, 790px\" \/><figcaption id=\"caption-attachment-25297\" class=\"wp-caption-text\">JIE STAR 59003 Der Dampfzug CN5700 mit 1136 Teilen<\/figcaption><\/figure>","protected":false},"excerpt":{"rendered":"<p>Product information: 1. Brand: JIE STAR 2. Gender: Unisex 3. Name: The CN5700 Steam Train 4. Age Range: &gt; 6 years old 5. Model Number: 59003 6. Classification: Assemblage 7. Plastic Block Shape: Self-Locking Bricks 8. Material: Plastic 9. Plastic Type: ABS 10. Bricks Blocks: 1136 PCS 11. Contains detailed assembly instructions. Notice: 1. Without [&hellip;]<\/p>","protected":false},"featured_media":25296,"comment_status":"open","ping_status":"closed","template":"","meta":{"_acf_changed":false},"product_cat":[364],"product_tag":[2344,2346,2345,2256,2342,2341,2348,2347,2343],"class_list":["product","first","instock","shipping-taxable","purchasable","product-type-simple"],"acf":[],"_links":{"self":[{"href":"https:\/\/mouldking.store\/de\/wp-json\/wp\/v2\/product\/25292","targetHints":{"allow":["GET"]}}],"collection":[{"href":"https:\/\/mouldking.store\/de\/wp-json\/wp\/v2\/product"}],"about":[{"href":"https:\/\/mouldking.store\/de\/wp-json\/wp\/v2\/types\/product"}],"replies":[{"embeddable":true,"href":"https:\/\/mouldking.store\/de\/wp-json\/wp\/v2\/comments?post=25292"}],"wp:featuredmedia":[{"embeddable":true,"href":"https:\/\/mouldking.store\/de\/wp-json\/wp\/v2\/media\/25296"}],"wp:attachment":[{"href":"https:\/\/mouldking.store\/de\/wp-json\/wp\/v2\/media?parent=25292"}],"wp:term":[{"taxonomy":"product_cat","embeddable":true,"href":"https:\/\/mouldking.store\/de\/wp-json\/wp\/v2\/product_cat?post=25292"},{"taxonomy":"product_tag","embeddable":true,"href":"https:\/\/mouldking.store\/de\/wp-json\/wp\/v2\/product_tag?post=25292"}],"curies":[{"name":"wp","href":"https:\/\/api.w.org\/{rel}","templated":true}]}}