{"id":25295,"date":"2021-10-20T16:48:18","date_gmt":"2021-10-20T16:48:18","guid":{"rendered":"https:\/\/mouldking.store\/?post_type=product&#038;p=25295"},"modified":"2021-12-23T09:41:55","modified_gmt":"2021-12-23T09:41:55","slug":"mork-032102-magic-academy-with-7580-pieces","status":"publish","type":"product","link":"https:\/\/mouldking.store\/de\/shop\/mork-032102-magic-academy-with-7580-pieces\/","title":{"rendered":"Mork 032102 Zauberakademie mit 7580 Teilen"},"content":{"rendered":"<p>Produktinformation:<br \/>\n1. Brand: Mork<br \/>\n2. Geschlecht: Unisex<br \/>\n3. Name: Magic Academy<br \/>\n4. Altersspanne: &gt; 6 Jahre alt<br \/>\n5. Model Number: 032102<br \/>\n6. Klassifizierung: Assemblage<br \/>\n7. Kunststoffblockform: Selbstsichernde Steine<br \/>\n8. Material: Kunststoff<br \/>\n9. Kunststofftyp: ABS<br \/>\n10. Bricks Blocks: 7580 PCS<br \/>\n11. Enth\u00e4lt eine detaillierte Montageanleitung.<br \/>\nNotiz:<br \/>\n1. Ohne Originalverpackung, aber wir garantieren, dass unsere Produkte eine Qualit\u00e4tssicherung und eine sch\u00f6ne Verpackung haben.<br \/>\n2. Wie alle Teile, die wir vor dem Versand \u00fcberpr\u00fcft haben, machen Sie sich keine Sorgen, wenn Sie feststellen, dass einige Teile fehlen oder besch\u00e4digt sind, und kontaktieren Sie uns einfach, und wir k\u00f6nnen sie Ihnen umgehend kostenlos erneut zusenden.<\/p>\n<figure id=\"attachment_25304\" aria-describedby=\"caption-attachment-25304\" style=\"width: 750px\" class=\"wp-caption aligncenter\"><img fetchpriority=\"high\" decoding=\"async\" class=\"wp-image-25304 size-full\" src=\"https:\/\/mouldking.store\/wp-content\/uploads\/2021\/10\/Mork-032102-Magic-Academy-with-7580-pieces-1.jpg\" alt=\"Mork 032102 Magic Academy with 7580 pieces\" width=\"750\" height=\"750\" title=\"-\" srcset=\"https:\/\/mouldking.store\/wp-content\/uploads\/2021\/10\/Mork-032102-Magic-Academy-with-7580-pieces-1.jpg 750w, https:\/\/mouldking.store\/wp-content\/uploads\/2021\/10\/Mork-032102-Magic-Academy-with-7580-pieces-1-300x300.jpg 300w, https:\/\/mouldking.store\/wp-content\/uploads\/2021\/10\/Mork-032102-Magic-Academy-with-7580-pieces-1-600x600.jpg 600w, https:\/\/mouldking.store\/wp-content\/uploads\/2021\/10\/Mork-032102-Magic-Academy-with-7580-pieces-1-150x150.jpg 150w\" sizes=\"(max-width: 750px) 100vw, 750px\" \/><figcaption id=\"caption-attachment-25304\" class=\"wp-caption-text\">Mork 032102 Zauberakademie mit 7580 Teilen<\/figcaption><\/figure>\n<figure id=\"attachment_25306\" aria-describedby=\"caption-attachment-25306\" style=\"width: 800px\" class=\"wp-caption aligncenter\"><img decoding=\"async\" class=\"wp-image-25306 size-full\" src=\"https:\/\/mouldking.store\/wp-content\/uploads\/2021\/10\/Mork-032102-Magic-Academy-with-7580-pieces-3.jpg\" alt=\"Mork 032102 Magic Academy with 7580 pieces\" width=\"800\" height=\"800\" title=\"-\" srcset=\"https:\/\/mouldking.store\/wp-content\/uploads\/2021\/10\/Mork-032102-Magic-Academy-with-7580-pieces-3.jpg 800w, https:\/\/mouldking.store\/wp-content\/uploads\/2021\/10\/Mork-032102-Magic-Academy-with-7580-pieces-3-300x300.jpg 300w, https:\/\/mouldking.store\/wp-content\/uploads\/2021\/10\/Mork-032102-Magic-Academy-with-7580-pieces-3-768x768.jpg 768w, https:\/\/mouldking.store\/wp-content\/uploads\/2021\/10\/Mork-032102-Magic-Academy-with-7580-pieces-3-600x600.jpg 600w, https:\/\/mouldking.store\/wp-content\/uploads\/2021\/10\/Mork-032102-Magic-Academy-with-7580-pieces-3-150x150.jpg 150w\" sizes=\"(max-width: 800px) 100vw, 800px\" \/><figcaption id=\"caption-attachment-25306\" class=\"wp-caption-text\">Mork 032102 Zauberakademie mit 7580 Teilen<\/figcaption><\/figure>\n<figure id=\"attachment_25307\" aria-describedby=\"caption-attachment-25307\" style=\"width: 750px\" class=\"wp-caption aligncenter\"><img decoding=\"async\" class=\"wp-image-25307 size-full\" src=\"https:\/\/mouldking.store\/wp-content\/uploads\/2021\/10\/Mork-032102-Magic-Academy-with-7580-pieces-4.jpg\" alt=\"Mork 032102 Magic Academy with 7580 pieces\" width=\"750\" height=\"750\" title=\"-\" srcset=\"https:\/\/mouldking.store\/wp-content\/uploads\/2021\/10\/Mork-032102-Magic-Academy-with-7580-pieces-4.jpg 750w, https:\/\/mouldking.store\/wp-content\/uploads\/2021\/10\/Mork-032102-Magic-Academy-with-7580-pieces-4-300x300.jpg 300w, https:\/\/mouldking.store\/wp-content\/uploads\/2021\/10\/Mork-032102-Magic-Academy-with-7580-pieces-4-600x600.jpg 600w, https:\/\/mouldking.store\/wp-content\/uploads\/2021\/10\/Mork-032102-Magic-Academy-with-7580-pieces-4-150x150.jpg 150w\" sizes=\"(max-width: 750px) 100vw, 750px\" \/><figcaption id=\"caption-attachment-25307\" class=\"wp-caption-text\">Mork 032102 Zauberakademie mit 7580 Teilen<\/figcaption><\/figure>\n<figure id=\"attachment_25305\" aria-describedby=\"caption-attachment-25305\" style=\"width: 750px\" class=\"wp-caption aligncenter\"><img loading=\"lazy\" decoding=\"async\" class=\"wp-image-25305 size-full\" src=\"https:\/\/mouldking.store\/wp-content\/uploads\/2021\/10\/Mork-032102-Magic-Academy-with-7580-pieces-2.jpg\" alt=\"Mork 032102 Magic Academy with 7580 pieces\" width=\"750\" height=\"750\" title=\"-\" srcset=\"https:\/\/mouldking.store\/wp-content\/uploads\/2021\/10\/Mork-032102-Magic-Academy-with-7580-pieces-2.jpg 750w, https:\/\/mouldking.store\/wp-content\/uploads\/2021\/10\/Mork-032102-Magic-Academy-with-7580-pieces-2-300x300.jpg 300w, https:\/\/mouldking.store\/wp-content\/uploads\/2021\/10\/Mork-032102-Magic-Academy-with-7580-pieces-2-600x600.jpg 600w, https:\/\/mouldking.store\/wp-content\/uploads\/2021\/10\/Mork-032102-Magic-Academy-with-7580-pieces-2-150x150.jpg 150w\" sizes=\"(max-width: 750px) 100vw, 750px\" \/><figcaption id=\"caption-attachment-25305\" class=\"wp-caption-text\">Mork 032102 Zauberakademie mit 7580 Teilen<\/figcaption><\/figure>","protected":false},"excerpt":{"rendered":"<p>Product information: 1. Brand: Mork 2. Gender: Unisex 3. Name: Magic Academy 4. Age Range: &gt; 6 years old 5. Model Number: 032102 6. Classification: Assemblage 7. Plastic Block Shape: Self-Locking Bricks 8. Material: Plastic 9. Plastic Type: ABS 10. Bricks Blocks: 7580 PCS 11. Contains detailed assembly instructions. Notice: 1. Without an original box, [&hellip;]<\/p>","protected":false},"featured_media":25304,"comment_status":"open","ping_status":"closed","template":"","meta":{"_acf_changed":false},"product_cat":[390],"product_tag":[2353,2354,2351,2352,2350,2349],"class_list":["product","first","instock","shipping-taxable","purchasable","product-type-simple"],"acf":[],"_links":{"self":[{"href":"https:\/\/mouldking.store\/de\/wp-json\/wp\/v2\/product\/25295","targetHints":{"allow":["GET"]}}],"collection":[{"href":"https:\/\/mouldking.store\/de\/wp-json\/wp\/v2\/product"}],"about":[{"href":"https:\/\/mouldking.store\/de\/wp-json\/wp\/v2\/types\/product"}],"replies":[{"embeddable":true,"href":"https:\/\/mouldking.store\/de\/wp-json\/wp\/v2\/comments?post=25295"}],"wp:featuredmedia":[{"embeddable":true,"href":"https:\/\/mouldking.store\/de\/wp-json\/wp\/v2\/media\/25304"}],"wp:attachment":[{"href":"https:\/\/mouldking.store\/de\/wp-json\/wp\/v2\/media?parent=25295"}],"wp:term":[{"taxonomy":"product_cat","embeddable":true,"href":"https:\/\/mouldking.store\/de\/wp-json\/wp\/v2\/product_cat?post=25295"},{"taxonomy":"product_tag","embeddable":true,"href":"https:\/\/mouldking.store\/de\/wp-json\/wp\/v2\/product_tag?post=25295"}],"curies":[{"name":"wp","href":"https:\/\/api.w.org\/{rel}","templated":true}]}}