{"id":25308,"date":"2021-10-20T16:52:46","date_gmt":"2021-10-20T16:52:46","guid":{"rendered":"https:\/\/mouldking.store\/?post_type=product&#038;p=25308"},"modified":"2023-02-10T06:11:29","modified_gmt":"2023-02-09T23:11:29","slug":"loz-1037-tiny-cabin-house-with-1917-pieces","status":"publish","type":"product","link":"https:\/\/mouldking.store\/de\/shop\/loz-1037-tiny-cabin-house-with-1917-pieces\/","title":{"rendered":"LOZ 1037 Tiny Cabin House mit 1917 Teilen"},"content":{"rendered":"<p>Produktinformation:<br \/>\n1. Marke: LOZ<br \/>\n2. Geschlecht: Unisex<br \/>\n3. Name: Kleines H\u00fcttenhaus<br \/>\n4. Altersspanne: &gt; 6 Jahre alt<br \/>\n5. Modellnummer: 1037<br \/>\n6. Klassifizierung: Assemblage<br \/>\n7. Kunststoffblockform: Selbstsichernde Steine<br \/>\n8. Material: Kunststoff<br \/>\n9. Kunststofftyp: ABS<br \/>\n10. Ziegelsteine: 1917 PCS<br \/>\n11. Enth\u00e4lt eine detaillierte Montageanleitung.<br \/>\nNotiz:<br \/>\n1. Ohne Originalverpackung, aber wir garantieren, dass unsere Produkte eine Qualit\u00e4tssicherung und eine sch\u00f6ne Verpackung haben.<br \/>\n2. Wie alle Teile, die wir vor dem Versand \u00fcberpr\u00fcft haben, machen Sie sich keine Sorgen, wenn Sie feststellen, dass einige Teile fehlen oder besch\u00e4digt sind, und kontaktieren Sie uns einfach, und wir k\u00f6nnen sie Ihnen umgehend kostenlos erneut zusenden.<\/p>\n<figure id=\"attachment_25316\" aria-describedby=\"caption-attachment-25316\" style=\"width: 750px\" class=\"wp-caption aligncenter\"><img fetchpriority=\"high\" decoding=\"async\" class=\"wp-image-25316 size-full\" src=\"https:\/\/mouldking.store\/wp-content\/uploads\/2021\/10\/LOZ-1037-Tiny-Cabin-House-with-1917-pieces-7.jpg\" alt=\"LOZ 1037 Tiny Cabin House with 1917 pieces\" width=\"750\" height=\"1024\" title=\"-\" srcset=\"https:\/\/mouldking.store\/wp-content\/uploads\/2021\/10\/LOZ-1037-Tiny-Cabin-House-with-1917-pieces-7.jpg 750w, https:\/\/mouldking.store\/wp-content\/uploads\/2021\/10\/LOZ-1037-Tiny-Cabin-House-with-1917-pieces-7-220x300.jpg 220w, https:\/\/mouldking.store\/wp-content\/uploads\/2021\/10\/LOZ-1037-Tiny-Cabin-House-with-1917-pieces-7-300x410.jpg 300w, https:\/\/mouldking.store\/wp-content\/uploads\/2021\/10\/LOZ-1037-Tiny-Cabin-House-with-1917-pieces-7-600x819.jpg 600w, https:\/\/mouldking.store\/wp-content\/uploads\/2021\/10\/LOZ-1037-Tiny-Cabin-House-with-1917-pieces-7-110x150.jpg 110w\" sizes=\"(max-width: 750px) 100vw, 750px\" \/><figcaption id=\"caption-attachment-25316\" class=\"wp-caption-text\">LOZ 1037 Tiny Cabin House mit 1917 Teilen<\/figcaption><\/figure>\n<figure id=\"attachment_25315\" aria-describedby=\"caption-attachment-25315\" style=\"width: 708px\" class=\"wp-caption aligncenter\"><img decoding=\"async\" class=\"wp-image-25315 size-full\" src=\"https:\/\/mouldking.store\/wp-content\/uploads\/2021\/10\/LOZ-1037-Tiny-Cabin-House-with-1917-pieces-6.jpg\" alt=\"LOZ 1037 Tiny Cabin House with 1917 pieces\" width=\"708\" height=\"1024\" title=\"-\" srcset=\"https:\/\/mouldking.store\/wp-content\/uploads\/2021\/10\/LOZ-1037-Tiny-Cabin-House-with-1917-pieces-6.jpg 708w, https:\/\/mouldking.store\/wp-content\/uploads\/2021\/10\/LOZ-1037-Tiny-Cabin-House-with-1917-pieces-6-207x300.jpg 207w, https:\/\/mouldking.store\/wp-content\/uploads\/2021\/10\/LOZ-1037-Tiny-Cabin-House-with-1917-pieces-6-300x434.jpg 300w, https:\/\/mouldking.store\/wp-content\/uploads\/2021\/10\/LOZ-1037-Tiny-Cabin-House-with-1917-pieces-6-600x868.jpg 600w, https:\/\/mouldking.store\/wp-content\/uploads\/2021\/10\/LOZ-1037-Tiny-Cabin-House-with-1917-pieces-6-104x150.jpg 104w\" sizes=\"(max-width: 708px) 100vw, 708px\" \/><figcaption id=\"caption-attachment-25315\" class=\"wp-caption-text\">LOZ 1037 Tiny Cabin House mit 1917 Teilen<\/figcaption><\/figure>\n<figure id=\"attachment_25314\" aria-describedby=\"caption-attachment-25314\" style=\"width: 700px\" class=\"wp-caption aligncenter\"><img decoding=\"async\" class=\"wp-image-25314\" src=\"https:\/\/mouldking.store\/wp-content\/uploads\/2021\/10\/LOZ-1037-Tiny-Cabin-House-with-1917-pieces-5-300x225.jpg\" alt=\"LOZ 1037 Tiny Cabin House with 1917 pieces\" width=\"700\" height=\"525\" title=\"-\" srcset=\"https:\/\/mouldking.store\/wp-content\/uploads\/2021\/10\/LOZ-1037-Tiny-Cabin-House-with-1917-pieces-5-300x225.jpg 300w, https:\/\/mouldking.store\/wp-content\/uploads\/2021\/10\/LOZ-1037-Tiny-Cabin-House-with-1917-pieces-5-768x576.jpg 768w, https:\/\/mouldking.store\/wp-content\/uploads\/2021\/10\/LOZ-1037-Tiny-Cabin-House-with-1917-pieces-5-600x450.jpg 600w, https:\/\/mouldking.store\/wp-content\/uploads\/2021\/10\/LOZ-1037-Tiny-Cabin-House-with-1917-pieces-5-150x113.jpg 150w, https:\/\/mouldking.store\/wp-content\/uploads\/2021\/10\/LOZ-1037-Tiny-Cabin-House-with-1917-pieces-5.jpg 992w\" sizes=\"(max-width: 700px) 100vw, 700px\" \/><figcaption id=\"caption-attachment-25314\" class=\"wp-caption-text\">LOZ 1037 Tiny Cabin House mit 1917 Teilen<\/figcaption><\/figure>\n<figure id=\"attachment_25313\" aria-describedby=\"caption-attachment-25313\" style=\"width: 700px\" class=\"wp-caption aligncenter\"><img loading=\"lazy\" decoding=\"async\" class=\"wp-image-25313\" src=\"https:\/\/mouldking.store\/wp-content\/uploads\/2021\/10\/LOZ-1037-Tiny-Cabin-House-with-1917-pieces-4-300x225.jpg\" alt=\"LOZ 1037 Tiny Cabin House with 1917 pieces\" width=\"700\" height=\"525\" title=\"-\" srcset=\"https:\/\/mouldking.store\/wp-content\/uploads\/2021\/10\/LOZ-1037-Tiny-Cabin-House-with-1917-pieces-4-300x225.jpg 300w, https:\/\/mouldking.store\/wp-content\/uploads\/2021\/10\/LOZ-1037-Tiny-Cabin-House-with-1917-pieces-4-768x576.jpg 768w, https:\/\/mouldking.store\/wp-content\/uploads\/2021\/10\/LOZ-1037-Tiny-Cabin-House-with-1917-pieces-4-600x450.jpg 600w, https:\/\/mouldking.store\/wp-content\/uploads\/2021\/10\/LOZ-1037-Tiny-Cabin-House-with-1917-pieces-4-150x113.jpg 150w, https:\/\/mouldking.store\/wp-content\/uploads\/2021\/10\/LOZ-1037-Tiny-Cabin-House-with-1917-pieces-4.jpg 1024w\" sizes=\"(max-width: 700px) 100vw, 700px\" \/><figcaption id=\"caption-attachment-25313\" class=\"wp-caption-text\">LOZ 1037 Tiny Cabin House mit 1917 Teilen<\/figcaption><\/figure>\n<figure id=\"attachment_25312\" aria-describedby=\"caption-attachment-25312\" style=\"width: 700px\" class=\"wp-caption aligncenter\"><img loading=\"lazy\" decoding=\"async\" class=\"wp-image-25312\" src=\"https:\/\/mouldking.store\/wp-content\/uploads\/2021\/10\/LOZ-1037-Tiny-Cabin-House-with-1917-pieces-3-300x225.jpg\" alt=\"LOZ 1037 Tiny Cabin House with 1917 pieces\" width=\"700\" height=\"525\" title=\"-\" srcset=\"https:\/\/mouldking.store\/wp-content\/uploads\/2021\/10\/LOZ-1037-Tiny-Cabin-House-with-1917-pieces-3-300x225.jpg 300w, https:\/\/mouldking.store\/wp-content\/uploads\/2021\/10\/LOZ-1037-Tiny-Cabin-House-with-1917-pieces-3-768x576.jpg 768w, https:\/\/mouldking.store\/wp-content\/uploads\/2021\/10\/LOZ-1037-Tiny-Cabin-House-with-1917-pieces-3-600x450.jpg 600w, https:\/\/mouldking.store\/wp-content\/uploads\/2021\/10\/LOZ-1037-Tiny-Cabin-House-with-1917-pieces-3-150x113.jpg 150w, https:\/\/mouldking.store\/wp-content\/uploads\/2021\/10\/LOZ-1037-Tiny-Cabin-House-with-1917-pieces-3.jpg 1024w\" sizes=\"(max-width: 700px) 100vw, 700px\" \/><figcaption id=\"caption-attachment-25312\" class=\"wp-caption-text\">LOZ 1037 Tiny Cabin House mit 1917 Teilen<\/figcaption><\/figure>\n<figure id=\"attachment_25311\" aria-describedby=\"caption-attachment-25311\" style=\"width: 700px\" class=\"wp-caption aligncenter\"><img loading=\"lazy\" decoding=\"async\" class=\"wp-image-25311\" src=\"https:\/\/mouldking.store\/wp-content\/uploads\/2021\/10\/LOZ-1037-Tiny-Cabin-House-with-1917-pieces-2-300x225.jpg\" alt=\"LOZ 1037 Tiny Cabin House with 1917 pieces\" width=\"700\" height=\"525\" title=\"-\" srcset=\"https:\/\/mouldking.store\/wp-content\/uploads\/2021\/10\/LOZ-1037-Tiny-Cabin-House-with-1917-pieces-2-300x225.jpg 300w, https:\/\/mouldking.store\/wp-content\/uploads\/2021\/10\/LOZ-1037-Tiny-Cabin-House-with-1917-pieces-2-768x576.jpg 768w, https:\/\/mouldking.store\/wp-content\/uploads\/2021\/10\/LOZ-1037-Tiny-Cabin-House-with-1917-pieces-2-600x450.jpg 600w, https:\/\/mouldking.store\/wp-content\/uploads\/2021\/10\/LOZ-1037-Tiny-Cabin-House-with-1917-pieces-2-150x113.jpg 150w, https:\/\/mouldking.store\/wp-content\/uploads\/2021\/10\/LOZ-1037-Tiny-Cabin-House-with-1917-pieces-2.jpg 1024w\" sizes=\"(max-width: 700px) 100vw, 700px\" \/><figcaption id=\"caption-attachment-25311\" class=\"wp-caption-text\">LOZ 1037 Tiny Cabin House mit 1917 Teilen<\/figcaption><\/figure>","protected":false},"excerpt":{"rendered":"<p>Product information: 1. Brand: LOZ 2. Gender: Unisex 3. Name: Tiny Cabin House 4. Age Range: &gt; 6 years old 5. Model Number: 1037 6. Classification: Assemblage 7. Plastic Block Shape: Self-Locking Bricks 8. Material: Plastic 9. Plastic Type: ABS 10. Bricks Blocks: 1917 PCS 11. Contains detailed assembly instructions. Notice: 1. Without an original [&hellip;]<\/p>","protected":false},"featured_media":25310,"comment_status":"open","ping_status":"closed","template":"","meta":{"_acf_changed":false},"product_cat":[371],"product_tag":[2358,2359,2202,2356,2360,2355,2361,2357],"class_list":["product","first","instock","shipping-taxable","purchasable","product-type-simple"],"acf":[],"_links":{"self":[{"href":"https:\/\/mouldking.store\/de\/wp-json\/wp\/v2\/product\/25308","targetHints":{"allow":["GET"]}}],"collection":[{"href":"https:\/\/mouldking.store\/de\/wp-json\/wp\/v2\/product"}],"about":[{"href":"https:\/\/mouldking.store\/de\/wp-json\/wp\/v2\/types\/product"}],"replies":[{"embeddable":true,"href":"https:\/\/mouldking.store\/de\/wp-json\/wp\/v2\/comments?post=25308"}],"wp:featuredmedia":[{"embeddable":true,"href":"https:\/\/mouldking.store\/de\/wp-json\/wp\/v2\/media\/25310"}],"wp:attachment":[{"href":"https:\/\/mouldking.store\/de\/wp-json\/wp\/v2\/media?parent=25308"}],"wp:term":[{"taxonomy":"product_cat","embeddable":true,"href":"https:\/\/mouldking.store\/de\/wp-json\/wp\/v2\/product_cat?post=25308"},{"taxonomy":"product_tag","embeddable":true,"href":"https:\/\/mouldking.store\/de\/wp-json\/wp\/v2\/product_tag?post=25308"}],"curies":[{"name":"wp","href":"https:\/\/api.w.org\/{rel}","templated":true}]}}