{"id":25336,"date":"2021-08-20T17:03:16","date_gmt":"2021-08-20T17:03:16","guid":{"rendered":"https:\/\/mouldking.store\/?post_type=product&#038;p=25336"},"modified":"2021-12-23T09:41:55","modified_gmt":"2021-12-23T09:41:55","slug":"hsanhe-11002-naruto-characters-with-1500-pieces","status":"publish","type":"product","link":"https:\/\/mouldking.store\/de\/shop\/hsanhe-11002-naruto-characters-with-1500-pieces\/","title":{"rendered":"HSANHE 11002 Naruto-Figuren mit 1500 Teilen"},"content":{"rendered":"<p>Produktinformation:<br \/>\n1. Brand: HSANHE<br \/>\n2. Geschlecht: Unisex<br \/>\n3. Name: Naruto Characters<br \/>\n4. Altersspanne: &gt; 6 Jahre alt<br \/>\n5. Model Number: 11002<br \/>\n6. Klassifizierung: Assemblage<br \/>\n7. Kunststoffblockform: Selbstsichernde Steine<br \/>\n8. Material: Kunststoff<br \/>\n9. Kunststofftyp: ABS<br \/>\n10. Bricks Blocks: 1500 PCS<br \/>\n11. Enth\u00e4lt eine detaillierte Montageanleitung.<br \/>\nNotiz:<br \/>\n1. Ohne Originalverpackung, aber wir garantieren, dass unsere Produkte eine Qualit\u00e4tssicherung und eine sch\u00f6ne Verpackung haben.<br \/>\n2. Wie alle Teile, die wir vor dem Versand \u00fcberpr\u00fcft haben, machen Sie sich keine Sorgen, wenn Sie feststellen, dass einige Teile fehlen oder besch\u00e4digt sind, und kontaktieren Sie uns einfach, und wir k\u00f6nnen sie Ihnen umgehend kostenlos erneut zusenden.<\/p>\n<figure id=\"attachment_25347\" aria-describedby=\"caption-attachment-25347\" style=\"width: 800px\" class=\"wp-caption aligncenter\"><img fetchpriority=\"high\" decoding=\"async\" class=\"wp-image-25347 size-full\" src=\"https:\/\/mouldking.store\/wp-content\/uploads\/2021\/10\/HSANHE-11002-Naruto-Characters-with-1500-pieces-1.jpg\" alt=\"HSANHE 11002 Naruto Characters with 1500 pieces\" width=\"800\" height=\"800\" title=\"-\" srcset=\"https:\/\/mouldking.store\/wp-content\/uploads\/2021\/10\/HSANHE-11002-Naruto-Characters-with-1500-pieces-1.jpg 800w, https:\/\/mouldking.store\/wp-content\/uploads\/2021\/10\/HSANHE-11002-Naruto-Characters-with-1500-pieces-1-300x300.jpg 300w, https:\/\/mouldking.store\/wp-content\/uploads\/2021\/10\/HSANHE-11002-Naruto-Characters-with-1500-pieces-1-768x768.jpg 768w, https:\/\/mouldking.store\/wp-content\/uploads\/2021\/10\/HSANHE-11002-Naruto-Characters-with-1500-pieces-1-600x600.jpg 600w, https:\/\/mouldking.store\/wp-content\/uploads\/2021\/10\/HSANHE-11002-Naruto-Characters-with-1500-pieces-1-150x150.jpg 150w\" sizes=\"(max-width: 800px) 100vw, 800px\" \/><figcaption id=\"caption-attachment-25347\" class=\"wp-caption-text\">HSANHE 11002 Naruto-Figuren mit 1500 Teilen<\/figcaption><\/figure>\n<figure id=\"attachment_25348\" aria-describedby=\"caption-attachment-25348\" style=\"width: 800px\" class=\"wp-caption aligncenter\"><img decoding=\"async\" class=\"wp-image-25348\" src=\"https:\/\/mouldking.store\/wp-content\/uploads\/2021\/10\/HSANHE-11002-Naruto-Characters-with-1500-pieces-2-300x225.jpg\" alt=\"HSANHE 11002 Naruto Characters with 1500 pieces\" width=\"800\" height=\"600\" title=\"-\" srcset=\"https:\/\/mouldking.store\/wp-content\/uploads\/2021\/10\/HSANHE-11002-Naruto-Characters-with-1500-pieces-2-300x225.jpg 300w, https:\/\/mouldking.store\/wp-content\/uploads\/2021\/10\/HSANHE-11002-Naruto-Characters-with-1500-pieces-2-768x576.jpg 768w, https:\/\/mouldking.store\/wp-content\/uploads\/2021\/10\/HSANHE-11002-Naruto-Characters-with-1500-pieces-2-600x450.jpg 600w, https:\/\/mouldking.store\/wp-content\/uploads\/2021\/10\/HSANHE-11002-Naruto-Characters-with-1500-pieces-2-150x113.jpg 150w, https:\/\/mouldking.store\/wp-content\/uploads\/2021\/10\/HSANHE-11002-Naruto-Characters-with-1500-pieces-2.jpg 1024w\" sizes=\"(max-width: 800px) 100vw, 800px\" \/><figcaption id=\"caption-attachment-25348\" class=\"wp-caption-text\">HSANHE 11002 Naruto-Figuren mit 1500 Teilen<\/figcaption><\/figure>\n<figure id=\"attachment_25349\" aria-describedby=\"caption-attachment-25349\" style=\"width: 800px\" class=\"wp-caption aligncenter\"><img decoding=\"async\" class=\"wp-image-25349\" src=\"https:\/\/mouldking.store\/wp-content\/uploads\/2021\/10\/HSANHE-11002-Naruto-Characters-with-1500-pieces-3-300x225.jpg\" alt=\"HSANHE 11002 Naruto Characters with 1500 pieces\" width=\"800\" height=\"600\" title=\"-\" srcset=\"https:\/\/mouldking.store\/wp-content\/uploads\/2021\/10\/HSANHE-11002-Naruto-Characters-with-1500-pieces-3-300x225.jpg 300w, https:\/\/mouldking.store\/wp-content\/uploads\/2021\/10\/HSANHE-11002-Naruto-Characters-with-1500-pieces-3-768x576.jpg 768w, https:\/\/mouldking.store\/wp-content\/uploads\/2021\/10\/HSANHE-11002-Naruto-Characters-with-1500-pieces-3-600x450.jpg 600w, https:\/\/mouldking.store\/wp-content\/uploads\/2021\/10\/HSANHE-11002-Naruto-Characters-with-1500-pieces-3-150x113.jpg 150w, https:\/\/mouldking.store\/wp-content\/uploads\/2021\/10\/HSANHE-11002-Naruto-Characters-with-1500-pieces-3.jpg 1024w\" sizes=\"(max-width: 800px) 100vw, 800px\" \/><figcaption id=\"caption-attachment-25349\" class=\"wp-caption-text\">HSANHE 11002 Naruto-Figuren mit 1500 Teilen<\/figcaption><\/figure>\n<figure id=\"attachment_25350\" aria-describedby=\"caption-attachment-25350\" style=\"width: 800px\" class=\"wp-caption aligncenter\"><img loading=\"lazy\" decoding=\"async\" class=\"wp-image-25350\" src=\"https:\/\/mouldking.store\/wp-content\/uploads\/2021\/10\/HSANHE-11002-Naruto-Characters-with-1500-pieces-4-300x225.jpg\" alt=\"HSANHE 11002 Naruto Characters with 1500 pieces\" width=\"800\" height=\"600\" title=\"-\" srcset=\"https:\/\/mouldking.store\/wp-content\/uploads\/2021\/10\/HSANHE-11002-Naruto-Characters-with-1500-pieces-4-300x225.jpg 300w, https:\/\/mouldking.store\/wp-content\/uploads\/2021\/10\/HSANHE-11002-Naruto-Characters-with-1500-pieces-4-768x576.jpg 768w, https:\/\/mouldking.store\/wp-content\/uploads\/2021\/10\/HSANHE-11002-Naruto-Characters-with-1500-pieces-4-600x450.jpg 600w, https:\/\/mouldking.store\/wp-content\/uploads\/2021\/10\/HSANHE-11002-Naruto-Characters-with-1500-pieces-4-150x113.jpg 150w, https:\/\/mouldking.store\/wp-content\/uploads\/2021\/10\/HSANHE-11002-Naruto-Characters-with-1500-pieces-4.jpg 1024w\" sizes=\"(max-width: 800px) 100vw, 800px\" \/><figcaption id=\"caption-attachment-25350\" class=\"wp-caption-text\">HSANHE 11002 Naruto-Figuren mit 1500 Teilen<\/figcaption><\/figure>\n<figure id=\"attachment_25351\" aria-describedby=\"caption-attachment-25351\" style=\"width: 800px\" class=\"wp-caption aligncenter\"><img loading=\"lazy\" decoding=\"async\" class=\"wp-image-25351 size-full\" src=\"https:\/\/mouldking.store\/wp-content\/uploads\/2021\/10\/HSANHE-11002-Naruto-Characters-with-1500-pieces-5.jpg\" alt=\"HSANHE 11002 Naruto Characters with 1500 pieces\" width=\"800\" height=\"800\" title=\"-\" srcset=\"https:\/\/mouldking.store\/wp-content\/uploads\/2021\/10\/HSANHE-11002-Naruto-Characters-with-1500-pieces-5.jpg 800w, https:\/\/mouldking.store\/wp-content\/uploads\/2021\/10\/HSANHE-11002-Naruto-Characters-with-1500-pieces-5-300x300.jpg 300w, https:\/\/mouldking.store\/wp-content\/uploads\/2021\/10\/HSANHE-11002-Naruto-Characters-with-1500-pieces-5-768x768.jpg 768w, https:\/\/mouldking.store\/wp-content\/uploads\/2021\/10\/HSANHE-11002-Naruto-Characters-with-1500-pieces-5-600x600.jpg 600w, https:\/\/mouldking.store\/wp-content\/uploads\/2021\/10\/HSANHE-11002-Naruto-Characters-with-1500-pieces-5-150x150.jpg 150w\" sizes=\"(max-width: 800px) 100vw, 800px\" \/><figcaption id=\"caption-attachment-25351\" class=\"wp-caption-text\">HSANHE 11002 Naruto-Figuren mit 1500 Teilen<\/figcaption><\/figure>","protected":false},"excerpt":{"rendered":"<p>Product information: 1. Brand: HSANHE 2. Gender: Unisex 3. Name: Naruto Characters 4. Age Range: &gt; 6 years old 5. Model Number: 11002 6. Classification: Assemblage 7. Plastic Block Shape: Self-Locking Bricks 8. Material: Plastic 9. Plastic Type: ABS 10. Bricks Blocks: 1500 PCS 11. Contains detailed assembly instructions. Notice: 1. Without an original box, [&hellip;]<\/p>","protected":false},"featured_media":25347,"comment_status":"open","ping_status":"closed","template":"","meta":{"_acf_changed":false},"product_cat":[581],"product_tag":[865,2384,2382,2380,2385,2379,2386,2383,2381],"class_list":["product","first","outofstock","shipping-taxable","purchasable","product-type-simple"],"acf":[],"_links":{"self":[{"href":"https:\/\/mouldking.store\/de\/wp-json\/wp\/v2\/product\/25336","targetHints":{"allow":["GET"]}}],"collection":[{"href":"https:\/\/mouldking.store\/de\/wp-json\/wp\/v2\/product"}],"about":[{"href":"https:\/\/mouldking.store\/de\/wp-json\/wp\/v2\/types\/product"}],"replies":[{"embeddable":true,"href":"https:\/\/mouldking.store\/de\/wp-json\/wp\/v2\/comments?post=25336"}],"wp:featuredmedia":[{"embeddable":true,"href":"https:\/\/mouldking.store\/de\/wp-json\/wp\/v2\/media\/25347"}],"wp:attachment":[{"href":"https:\/\/mouldking.store\/de\/wp-json\/wp\/v2\/media?parent=25336"}],"wp:term":[{"taxonomy":"product_cat","embeddable":true,"href":"https:\/\/mouldking.store\/de\/wp-json\/wp\/v2\/product_cat?post=25336"},{"taxonomy":"product_tag","embeddable":true,"href":"https:\/\/mouldking.store\/de\/wp-json\/wp\/v2\/product_tag?post=25336"}],"curies":[{"name":"wp","href":"https:\/\/api.w.org\/{rel}","templated":true}]}}