{"id":25346,"date":"2021-10-22T02:31:55","date_gmt":"2021-10-22T02:31:55","guid":{"rendered":"https:\/\/mouldking.store\/?post_type=product&#038;p=25346"},"modified":"2021-12-23T09:41:58","modified_gmt":"2021-12-23T09:41:58","slug":"hsanhe-11001-one-piece-characters-with-1500-pieces","status":"publish","type":"product","link":"https:\/\/mouldking.store\/de\/shop\/hsanhe-11001-one-piece-characters-with-1500-pieces\/","title":{"rendered":"HSANHE 11001 ONE PIECE Characters with 1500 pieces"},"content":{"rendered":"<p>Produktinformation:<br \/>\n1. Brand: HSANHE<br \/>\n2. Geschlecht: Unisex<br \/>\n3. Name: ONE PIECE Characters<br \/>\n4. Altersspanne: &gt; 6 Jahre alt<br \/>\n5. Model Number: 11001<br \/>\n6. Klassifizierung: Assemblage<br \/>\n7. Kunststoffblockform: Selbstsichernde Steine<br \/>\n8. Material: Kunststoff<br \/>\n9. Kunststofftyp: ABS<br \/>\n10. Bricks Blocks: 1500 PCS<br \/>\n11. Enth\u00e4lt eine detaillierte Montageanleitung.<br \/>\nNotiz:<br \/>\n1. Ohne Originalverpackung, aber wir garantieren, dass unsere Produkte eine Qualit\u00e4tssicherung und eine sch\u00f6ne Verpackung haben.<br \/>\n2. Wie alle Teile, die wir vor dem Versand \u00fcberpr\u00fcft haben, machen Sie sich keine Sorgen, wenn Sie feststellen, dass einige Teile fehlen oder besch\u00e4digt sind, und kontaktieren Sie uns einfach, und wir k\u00f6nnen sie Ihnen umgehend kostenlos erneut zusenden.<\/p>\n<figure id=\"attachment_25352\" aria-describedby=\"caption-attachment-25352\" style=\"width: 800px\" class=\"wp-caption aligncenter\"><img fetchpriority=\"high\" decoding=\"async\" class=\"wp-image-25352 size-full\" src=\"https:\/\/mouldking.store\/wp-content\/uploads\/2021\/10\/HSANHE-11001-ONE-PIECE-Characters-with-1500-pieces-2.jpg\" alt=\"HSANHE 11001 ONE PIECE Characters with 1500 pieces\" width=\"800\" height=\"800\" title=\"-\" srcset=\"https:\/\/mouldking.store\/wp-content\/uploads\/2021\/10\/HSANHE-11001-ONE-PIECE-Characters-with-1500-pieces-2.jpg 800w, https:\/\/mouldking.store\/wp-content\/uploads\/2021\/10\/HSANHE-11001-ONE-PIECE-Characters-with-1500-pieces-2-300x300.jpg 300w, https:\/\/mouldking.store\/wp-content\/uploads\/2021\/10\/HSANHE-11001-ONE-PIECE-Characters-with-1500-pieces-2-768x768.jpg 768w, https:\/\/mouldking.store\/wp-content\/uploads\/2021\/10\/HSANHE-11001-ONE-PIECE-Characters-with-1500-pieces-2-600x600.jpg 600w, https:\/\/mouldking.store\/wp-content\/uploads\/2021\/10\/HSANHE-11001-ONE-PIECE-Characters-with-1500-pieces-2-150x150.jpg 150w\" sizes=\"(max-width: 800px) 100vw, 800px\" \/><figcaption id=\"caption-attachment-25352\" class=\"wp-caption-text\">HSANHE 11001 ONE PIECE Characters with 1500 pieces<\/figcaption><\/figure>\n<figure id=\"attachment_25358\" aria-describedby=\"caption-attachment-25358\" style=\"width: 800px\" class=\"wp-caption aligncenter\"><img decoding=\"async\" class=\"wp-image-25358 size-full\" src=\"https:\/\/mouldking.store\/wp-content\/uploads\/2021\/10\/HSANHE-11001-ONE-PIECE-Characters-with-1500-pieces-1.jpg\" alt=\"HSANHE 11001 ONE PIECE Characters with 1500 pieces\" width=\"800\" height=\"800\" title=\"-\" srcset=\"https:\/\/mouldking.store\/wp-content\/uploads\/2021\/10\/HSANHE-11001-ONE-PIECE-Characters-with-1500-pieces-1.jpg 800w, https:\/\/mouldking.store\/wp-content\/uploads\/2021\/10\/HSANHE-11001-ONE-PIECE-Characters-with-1500-pieces-1-300x300.jpg 300w, https:\/\/mouldking.store\/wp-content\/uploads\/2021\/10\/HSANHE-11001-ONE-PIECE-Characters-with-1500-pieces-1-768x768.jpg 768w, https:\/\/mouldking.store\/wp-content\/uploads\/2021\/10\/HSANHE-11001-ONE-PIECE-Characters-with-1500-pieces-1-600x600.jpg 600w, https:\/\/mouldking.store\/wp-content\/uploads\/2021\/10\/HSANHE-11001-ONE-PIECE-Characters-with-1500-pieces-1-150x150.jpg 150w\" sizes=\"(max-width: 800px) 100vw, 800px\" \/><figcaption id=\"caption-attachment-25358\" class=\"wp-caption-text\">HSANHE 11001 ONE PIECE Characters with 1500 pieces<\/figcaption><\/figure>\n<figure id=\"attachment_25357\" aria-describedby=\"caption-attachment-25357\" style=\"width: 800px\" class=\"wp-caption aligncenter\"><img decoding=\"async\" class=\"wp-image-25357 size-full\" src=\"https:\/\/mouldking.store\/wp-content\/uploads\/2021\/10\/HSANHE-11001-ONE-PIECE-Characters-with-1500-pieces-7.jpg\" alt=\"HSANHE 11001 ONE PIECE Characters with 1500 pieces\" width=\"800\" height=\"800\" title=\"-\" srcset=\"https:\/\/mouldking.store\/wp-content\/uploads\/2021\/10\/HSANHE-11001-ONE-PIECE-Characters-with-1500-pieces-7.jpg 800w, https:\/\/mouldking.store\/wp-content\/uploads\/2021\/10\/HSANHE-11001-ONE-PIECE-Characters-with-1500-pieces-7-300x300.jpg 300w, https:\/\/mouldking.store\/wp-content\/uploads\/2021\/10\/HSANHE-11001-ONE-PIECE-Characters-with-1500-pieces-7-768x768.jpg 768w, https:\/\/mouldking.store\/wp-content\/uploads\/2021\/10\/HSANHE-11001-ONE-PIECE-Characters-with-1500-pieces-7-600x600.jpg 600w, https:\/\/mouldking.store\/wp-content\/uploads\/2021\/10\/HSANHE-11001-ONE-PIECE-Characters-with-1500-pieces-7-150x150.jpg 150w\" sizes=\"(max-width: 800px) 100vw, 800px\" \/><figcaption id=\"caption-attachment-25357\" class=\"wp-caption-text\">HSANHE 11001 ONE PIECE Characters with 1500 pieces<\/figcaption><\/figure>\n<figure id=\"attachment_25356\" aria-describedby=\"caption-attachment-25356\" style=\"width: 800px\" class=\"wp-caption aligncenter\"><img loading=\"lazy\" decoding=\"async\" class=\"wp-image-25356\" src=\"https:\/\/mouldking.store\/wp-content\/uploads\/2021\/10\/HSANHE-11001-ONE-PIECE-Characters-with-1500-pieces-6-300x225.jpg\" alt=\"HSANHE 11001 ONE PIECE Characters with 1500 pieces\" width=\"800\" height=\"600\" title=\"-\" srcset=\"https:\/\/mouldking.store\/wp-content\/uploads\/2021\/10\/HSANHE-11001-ONE-PIECE-Characters-with-1500-pieces-6-300x225.jpg 300w, https:\/\/mouldking.store\/wp-content\/uploads\/2021\/10\/HSANHE-11001-ONE-PIECE-Characters-with-1500-pieces-6-768x576.jpg 768w, https:\/\/mouldking.store\/wp-content\/uploads\/2021\/10\/HSANHE-11001-ONE-PIECE-Characters-with-1500-pieces-6-600x450.jpg 600w, https:\/\/mouldking.store\/wp-content\/uploads\/2021\/10\/HSANHE-11001-ONE-PIECE-Characters-with-1500-pieces-6-150x113.jpg 150w, https:\/\/mouldking.store\/wp-content\/uploads\/2021\/10\/HSANHE-11001-ONE-PIECE-Characters-with-1500-pieces-6.jpg 1024w\" sizes=\"(max-width: 800px) 100vw, 800px\" \/><figcaption id=\"caption-attachment-25356\" class=\"wp-caption-text\">HSANHE 11001 ONE PIECE Characters with 1500 pieces<\/figcaption><\/figure>\n<figure id=\"attachment_25355\" aria-describedby=\"caption-attachment-25355\" style=\"width: 800px\" class=\"wp-caption aligncenter\"><img loading=\"lazy\" decoding=\"async\" class=\"wp-image-25355\" src=\"https:\/\/mouldking.store\/wp-content\/uploads\/2021\/10\/HSANHE-11001-ONE-PIECE-Characters-with-1500-pieces-5-300x225.jpg\" alt=\"HSANHE 11001 ONE PIECE Characters with 1500 pieces\" width=\"800\" height=\"600\" title=\"-\" srcset=\"https:\/\/mouldking.store\/wp-content\/uploads\/2021\/10\/HSANHE-11001-ONE-PIECE-Characters-with-1500-pieces-5-300x225.jpg 300w, https:\/\/mouldking.store\/wp-content\/uploads\/2021\/10\/HSANHE-11001-ONE-PIECE-Characters-with-1500-pieces-5-768x576.jpg 768w, https:\/\/mouldking.store\/wp-content\/uploads\/2021\/10\/HSANHE-11001-ONE-PIECE-Characters-with-1500-pieces-5-600x450.jpg 600w, https:\/\/mouldking.store\/wp-content\/uploads\/2021\/10\/HSANHE-11001-ONE-PIECE-Characters-with-1500-pieces-5-150x113.jpg 150w, https:\/\/mouldking.store\/wp-content\/uploads\/2021\/10\/HSANHE-11001-ONE-PIECE-Characters-with-1500-pieces-5.jpg 1024w\" sizes=\"(max-width: 800px) 100vw, 800px\" \/><figcaption id=\"caption-attachment-25355\" class=\"wp-caption-text\">HSANHE 11001 ONE PIECE Characters with 1500 pieces<\/figcaption><\/figure>\n<figure id=\"attachment_25354\" aria-describedby=\"caption-attachment-25354\" style=\"width: 800px\" class=\"wp-caption aligncenter\"><img loading=\"lazy\" decoding=\"async\" class=\"wp-image-25354\" src=\"https:\/\/mouldking.store\/wp-content\/uploads\/2021\/10\/HSANHE-11001-ONE-PIECE-Characters-with-1500-pieces-4-300x225.jpg\" alt=\"HSANHE 11001 ONE PIECE Characters with 1500 pieces\" width=\"800\" height=\"600\" title=\"-\" srcset=\"https:\/\/mouldking.store\/wp-content\/uploads\/2021\/10\/HSANHE-11001-ONE-PIECE-Characters-with-1500-pieces-4-300x225.jpg 300w, https:\/\/mouldking.store\/wp-content\/uploads\/2021\/10\/HSANHE-11001-ONE-PIECE-Characters-with-1500-pieces-4-768x576.jpg 768w, https:\/\/mouldking.store\/wp-content\/uploads\/2021\/10\/HSANHE-11001-ONE-PIECE-Characters-with-1500-pieces-4-600x450.jpg 600w, https:\/\/mouldking.store\/wp-content\/uploads\/2021\/10\/HSANHE-11001-ONE-PIECE-Characters-with-1500-pieces-4-150x113.jpg 150w, https:\/\/mouldking.store\/wp-content\/uploads\/2021\/10\/HSANHE-11001-ONE-PIECE-Characters-with-1500-pieces-4.jpg 1024w\" sizes=\"(max-width: 800px) 100vw, 800px\" \/><figcaption id=\"caption-attachment-25354\" class=\"wp-caption-text\">HSANHE 11001 ONE PIECE Characters with 1500 pieces<\/figcaption><\/figure>\n<figure id=\"attachment_25353\" aria-describedby=\"caption-attachment-25353\" style=\"width: 800px\" class=\"wp-caption aligncenter\"><img loading=\"lazy\" decoding=\"async\" class=\"wp-image-25353\" src=\"https:\/\/mouldking.store\/wp-content\/uploads\/2021\/10\/HSANHE-11001-ONE-PIECE-Characters-with-1500-pieces-3-300x225.jpg\" alt=\"HSANHE 11001 ONE PIECE Characters with 1500 pieces\" width=\"800\" height=\"600\" title=\"-\" srcset=\"https:\/\/mouldking.store\/wp-content\/uploads\/2021\/10\/HSANHE-11001-ONE-PIECE-Characters-with-1500-pieces-3-300x225.jpg 300w, https:\/\/mouldking.store\/wp-content\/uploads\/2021\/10\/HSANHE-11001-ONE-PIECE-Characters-with-1500-pieces-3-768x576.jpg 768w, https:\/\/mouldking.store\/wp-content\/uploads\/2021\/10\/HSANHE-11001-ONE-PIECE-Characters-with-1500-pieces-3-600x450.jpg 600w, https:\/\/mouldking.store\/wp-content\/uploads\/2021\/10\/HSANHE-11001-ONE-PIECE-Characters-with-1500-pieces-3-150x113.jpg 150w, https:\/\/mouldking.store\/wp-content\/uploads\/2021\/10\/HSANHE-11001-ONE-PIECE-Characters-with-1500-pieces-3.jpg 1024w\" sizes=\"(max-width: 800px) 100vw, 800px\" \/><figcaption id=\"caption-attachment-25353\" class=\"wp-caption-text\">HSANHE 11001 ONE PIECE Characters with 1500 pieces<\/figcaption><\/figure>\n<p>&nbsp;<\/p>","protected":false},"excerpt":{"rendered":"<p>Product information: 1. Brand: HSANHE 2. Gender: Unisex 3. Name: ONE PIECE Characters 4. Age Range: &gt; 6 years old 5. Model Number: 11001 6. Classification: Assemblage 7. Plastic Block Shape: Self-Locking Bricks 8. Material: Plastic 9. Plastic Type: ABS 10. Bricks Blocks: 1500 PCS 11. Contains detailed assembly instructions. Notice: 1. Without an original [&hellip;]<\/p>","protected":false},"featured_media":25352,"comment_status":"open","ping_status":"closed","template":"","meta":{"_acf_changed":false},"product_cat":[581],"product_tag":[2390,2384,2382,2388,2387,2392,2391,1824,2389],"class_list":["product","first","instock","shipping-taxable","purchasable","product-type-variable"],"acf":[],"_links":{"self":[{"href":"https:\/\/mouldking.store\/de\/wp-json\/wp\/v2\/product\/25346","targetHints":{"allow":["GET"]}}],"collection":[{"href":"https:\/\/mouldking.store\/de\/wp-json\/wp\/v2\/product"}],"about":[{"href":"https:\/\/mouldking.store\/de\/wp-json\/wp\/v2\/types\/product"}],"replies":[{"embeddable":true,"href":"https:\/\/mouldking.store\/de\/wp-json\/wp\/v2\/comments?post=25346"}],"wp:featuredmedia":[{"embeddable":true,"href":"https:\/\/mouldking.store\/de\/wp-json\/wp\/v2\/media\/25352"}],"wp:attachment":[{"href":"https:\/\/mouldking.store\/de\/wp-json\/wp\/v2\/media?parent=25346"}],"wp:term":[{"taxonomy":"product_cat","embeddable":true,"href":"https:\/\/mouldking.store\/de\/wp-json\/wp\/v2\/product_cat?post=25346"},{"taxonomy":"product_tag","embeddable":true,"href":"https:\/\/mouldking.store\/de\/wp-json\/wp\/v2\/product_tag?post=25346"}],"curies":[{"name":"wp","href":"https:\/\/api.w.org\/{rel}","templated":true}]}}