{"id":25387,"date":"2021-10-21T05:00:33","date_gmt":"2021-10-21T05:00:33","guid":{"rendered":"https:\/\/mouldking.store\/?post_type=product&#038;p=25387"},"modified":"2023-02-16T19:29:34","modified_gmt":"2023-02-16T12:29:34","slug":"18k-k131-lamborghini-huracan-evo-spyder-with-3239-pieces","status":"publish","type":"product","link":"https:\/\/mouldking.store\/de\/shop\/18k-k131-lamborghini-huracan-evo-spyder-with-3239-pieces\/","title":{"rendered":"18K K131 Lamborghini Hurac\u00e1n Evo Spyder mit 3239 St\u00fcck"},"content":{"rendered":"<p>Produktinformation:<br \/>\n1. Marke: 18K<br \/>\n2. Geschlecht: Unisex<br \/>\n3. Name: Lamborghini Hurac\u00e1n Evo Spyder<br \/>\n4. Altersspanne: &gt; 6 Jahre alt<br \/>\n5. Modellnummer: K131<br \/>\n6. Klassifizierung: Assemblage<br \/>\n7. Kunststoffblockform: Selbstsichernde Steine<br \/>\n8. Material: Kunststoff<br \/>\n9. Kunststofftyp: ABS<br \/>\n10. Ziegelsteine: 3239 ST\u00dcCKE<br \/>\n11. Enth\u00e4lt eine detaillierte Montageanleitung.<br \/>\nNotiz:<br \/>\n1. Ohne Originalverpackung, aber wir garantieren, dass unsere Produkte eine Qualit\u00e4tssicherung und eine sch\u00f6ne Verpackung haben.<br \/>\n2. Wie alle Teile, die wir vor dem Versand \u00fcberpr\u00fcft haben, machen Sie sich keine Sorgen, wenn Sie feststellen, dass einige Teile fehlen oder besch\u00e4digt sind, und kontaktieren Sie uns einfach, und wir k\u00f6nnen sie Ihnen umgehend kostenlos erneut zusenden.<\/p>\n<figure id=\"attachment_25388\" aria-describedby=\"caption-attachment-25388\" style=\"width: 800px\" class=\"wp-caption aligncenter\"><img fetchpriority=\"high\" decoding=\"async\" class=\"wp-image-25388 size-full\" src=\"https:\/\/mouldking.store\/wp-content\/uploads\/2021\/10\/18K-K131-Lamborghini-Huracan-Evo-Spyder-with-3239-pieces-1.png\" alt=\"18K K131 Lamborghini Hurac\u00e1n Evo Spyder with 3239 pieces\" width=\"800\" height=\"800\" title=\"-\" srcset=\"https:\/\/mouldking.store\/wp-content\/uploads\/2021\/10\/18K-K131-Lamborghini-Huracan-Evo-Spyder-with-3239-pieces-1.png 800w, https:\/\/mouldking.store\/wp-content\/uploads\/2021\/10\/18K-K131-Lamborghini-Huracan-Evo-Spyder-with-3239-pieces-1-300x300.png 300w, https:\/\/mouldking.store\/wp-content\/uploads\/2021\/10\/18K-K131-Lamborghini-Huracan-Evo-Spyder-with-3239-pieces-1-768x768.png 768w, https:\/\/mouldking.store\/wp-content\/uploads\/2021\/10\/18K-K131-Lamborghini-Huracan-Evo-Spyder-with-3239-pieces-1-600x600.png 600w, https:\/\/mouldking.store\/wp-content\/uploads\/2021\/10\/18K-K131-Lamborghini-Huracan-Evo-Spyder-with-3239-pieces-1-150x150.png 150w\" sizes=\"(max-width: 800px) 100vw, 800px\" \/><figcaption id=\"caption-attachment-25388\" class=\"wp-caption-text\">18K K131 Lamborghini Hurac\u00e1n Evo Spyder mit 3239 St\u00fcck<\/figcaption><\/figure>\n<figure id=\"attachment_25389\" aria-describedby=\"caption-attachment-25389\" style=\"width: 800px\" class=\"wp-caption aligncenter\"><img decoding=\"async\" class=\"wp-image-25389 size-full\" src=\"https:\/\/mouldking.store\/wp-content\/uploads\/2021\/10\/18K-K131-Lamborghini-Huracan-Evo-Spyder-with-3239-pieces-1.jpg\" alt=\"18K K131 Lamborghini Hurac\u00e1n Evo Spyder with 3239 pieces\" width=\"800\" height=\"800\" title=\"-\" srcset=\"https:\/\/mouldking.store\/wp-content\/uploads\/2021\/10\/18K-K131-Lamborghini-Huracan-Evo-Spyder-with-3239-pieces-1.jpg 800w, https:\/\/mouldking.store\/wp-content\/uploads\/2021\/10\/18K-K131-Lamborghini-Huracan-Evo-Spyder-with-3239-pieces-1-300x300.jpg 300w, https:\/\/mouldking.store\/wp-content\/uploads\/2021\/10\/18K-K131-Lamborghini-Huracan-Evo-Spyder-with-3239-pieces-1-768x768.jpg 768w, https:\/\/mouldking.store\/wp-content\/uploads\/2021\/10\/18K-K131-Lamborghini-Huracan-Evo-Spyder-with-3239-pieces-1-600x600.jpg 600w, https:\/\/mouldking.store\/wp-content\/uploads\/2021\/10\/18K-K131-Lamborghini-Huracan-Evo-Spyder-with-3239-pieces-1-150x150.jpg 150w\" sizes=\"(max-width: 800px) 100vw, 800px\" \/><figcaption id=\"caption-attachment-25389\" class=\"wp-caption-text\">18K K131 Lamborghini Hurac\u00e1n Evo Spyder mit 3239 St\u00fcck<\/figcaption><\/figure>\n<figure id=\"attachment_25394\" aria-describedby=\"caption-attachment-25394\" style=\"width: 800px\" class=\"wp-caption aligncenter\"><img decoding=\"async\" class=\"wp-image-25394 size-full\" src=\"https:\/\/mouldking.store\/wp-content\/uploads\/2021\/10\/18K-K131-Lamborghini-Huracan-Evo-Spyder-with-3239-pieces-6.jpg\" alt=\"18K K131 Lamborghini Hurac\u00e1n Evo Spyder with 3239 pieces\" width=\"800\" height=\"800\" title=\"-\" srcset=\"https:\/\/mouldking.store\/wp-content\/uploads\/2021\/10\/18K-K131-Lamborghini-Huracan-Evo-Spyder-with-3239-pieces-6.jpg 800w, https:\/\/mouldking.store\/wp-content\/uploads\/2021\/10\/18K-K131-Lamborghini-Huracan-Evo-Spyder-with-3239-pieces-6-300x300.jpg 300w, https:\/\/mouldking.store\/wp-content\/uploads\/2021\/10\/18K-K131-Lamborghini-Huracan-Evo-Spyder-with-3239-pieces-6-768x768.jpg 768w, https:\/\/mouldking.store\/wp-content\/uploads\/2021\/10\/18K-K131-Lamborghini-Huracan-Evo-Spyder-with-3239-pieces-6-600x600.jpg 600w, https:\/\/mouldking.store\/wp-content\/uploads\/2021\/10\/18K-K131-Lamborghini-Huracan-Evo-Spyder-with-3239-pieces-6-150x150.jpg 150w\" sizes=\"(max-width: 800px) 100vw, 800px\" \/><figcaption id=\"caption-attachment-25394\" class=\"wp-caption-text\">18K K131 Lamborghini Hurac\u00e1n Evo Spyder mit 3239 St\u00fcck<\/figcaption><\/figure>\n<figure id=\"attachment_25393\" aria-describedby=\"caption-attachment-25393\" style=\"width: 800px\" class=\"wp-caption aligncenter\"><img loading=\"lazy\" decoding=\"async\" class=\"wp-image-25393\" src=\"https:\/\/mouldking.store\/wp-content\/uploads\/2021\/10\/18K-K131-Lamborghini-Huracan-Evo-Spyder-with-3239-pieces-5-300x183.jpg\" alt=\"18K K131 Lamborghini Hurac\u00e1n Evo Spyder with 3239 pieces\" width=\"800\" height=\"487\" title=\"-\" srcset=\"https:\/\/mouldking.store\/wp-content\/uploads\/2021\/10\/18K-K131-Lamborghini-Huracan-Evo-Spyder-with-3239-pieces-5-300x183.jpg 300w, https:\/\/mouldking.store\/wp-content\/uploads\/2021\/10\/18K-K131-Lamborghini-Huracan-Evo-Spyder-with-3239-pieces-5-768x467.jpg 768w, https:\/\/mouldking.store\/wp-content\/uploads\/2021\/10\/18K-K131-Lamborghini-Huracan-Evo-Spyder-with-3239-pieces-5-600x365.jpg 600w, https:\/\/mouldking.store\/wp-content\/uploads\/2021\/10\/18K-K131-Lamborghini-Huracan-Evo-Spyder-with-3239-pieces-5-150x91.jpg 150w, https:\/\/mouldking.store\/wp-content\/uploads\/2021\/10\/18K-K131-Lamborghini-Huracan-Evo-Spyder-with-3239-pieces-5.jpg 1024w\" sizes=\"(max-width: 800px) 100vw, 800px\" \/><figcaption id=\"caption-attachment-25393\" class=\"wp-caption-text\">18K K131 Lamborghini Hurac\u00e1n Evo Spyder mit 3239 St\u00fcck<\/figcaption><\/figure>\n<figure id=\"attachment_25392\" aria-describedby=\"caption-attachment-25392\" style=\"width: 841px\" class=\"wp-caption aligncenter\"><img loading=\"lazy\" decoding=\"async\" class=\"wp-image-25392 size-full\" src=\"https:\/\/mouldking.store\/wp-content\/uploads\/2021\/10\/18K-K131-Lamborghini-Huracan-Evo-Spyder-with-3239-pieces-4.jpg\" alt=\"18K K131 Lamborghini Hurac\u00e1n Evo Spyder with 3239 pieces\" width=\"841\" height=\"1023\" title=\"-\" srcset=\"https:\/\/mouldking.store\/wp-content\/uploads\/2021\/10\/18K-K131-Lamborghini-Huracan-Evo-Spyder-with-3239-pieces-4.jpg 841w, https:\/\/mouldking.store\/wp-content\/uploads\/2021\/10\/18K-K131-Lamborghini-Huracan-Evo-Spyder-with-3239-pieces-4-247x300.jpg 247w, https:\/\/mouldking.store\/wp-content\/uploads\/2021\/10\/18K-K131-Lamborghini-Huracan-Evo-Spyder-with-3239-pieces-4-768x934.jpg 768w, https:\/\/mouldking.store\/wp-content\/uploads\/2021\/10\/18K-K131-Lamborghini-Huracan-Evo-Spyder-with-3239-pieces-4-300x365.jpg 300w, https:\/\/mouldking.store\/wp-content\/uploads\/2021\/10\/18K-K131-Lamborghini-Huracan-Evo-Spyder-with-3239-pieces-4-600x730.jpg 600w, https:\/\/mouldking.store\/wp-content\/uploads\/2021\/10\/18K-K131-Lamborghini-Huracan-Evo-Spyder-with-3239-pieces-4-123x150.jpg 123w\" sizes=\"(max-width: 841px) 100vw, 841px\" \/><figcaption id=\"caption-attachment-25392\" class=\"wp-caption-text\">18K K131 Lamborghini Hurac\u00e1n Evo Spyder mit 3239 St\u00fcck<\/figcaption><\/figure>\n<figure id=\"attachment_25391\" aria-describedby=\"caption-attachment-25391\" style=\"width: 788px\" class=\"wp-caption aligncenter\"><img loading=\"lazy\" decoding=\"async\" class=\"wp-image-25391 size-full\" src=\"https:\/\/mouldking.store\/wp-content\/uploads\/2021\/10\/18K-K131-Lamborghini-Huracan-Evo-Spyder-with-3239-pieces-3.jpg\" alt=\"18K K131 Lamborghini Hurac\u00e1n Evo Spyder with 3239 pieces\" width=\"788\" height=\"1024\" title=\"-\" srcset=\"https:\/\/mouldking.store\/wp-content\/uploads\/2021\/10\/18K-K131-Lamborghini-Huracan-Evo-Spyder-with-3239-pieces-3.jpg 788w, https:\/\/mouldking.store\/wp-content\/uploads\/2021\/10\/18K-K131-Lamborghini-Huracan-Evo-Spyder-with-3239-pieces-3-231x300.jpg 231w, https:\/\/mouldking.store\/wp-content\/uploads\/2021\/10\/18K-K131-Lamborghini-Huracan-Evo-Spyder-with-3239-pieces-3-768x998.jpg 768w, https:\/\/mouldking.store\/wp-content\/uploads\/2021\/10\/18K-K131-Lamborghini-Huracan-Evo-Spyder-with-3239-pieces-3-300x390.jpg 300w, https:\/\/mouldking.store\/wp-content\/uploads\/2021\/10\/18K-K131-Lamborghini-Huracan-Evo-Spyder-with-3239-pieces-3-600x780.jpg 600w, https:\/\/mouldking.store\/wp-content\/uploads\/2021\/10\/18K-K131-Lamborghini-Huracan-Evo-Spyder-with-3239-pieces-3-115x150.jpg 115w\" sizes=\"(max-width: 788px) 100vw, 788px\" \/><figcaption id=\"caption-attachment-25391\" class=\"wp-caption-text\">18K K131 Lamborghini Hurac\u00e1n Evo Spyder mit 3239 St\u00fcck<\/figcaption><\/figure>\n<figure id=\"attachment_25390\" aria-describedby=\"caption-attachment-25390\" style=\"width: 837px\" class=\"wp-caption aligncenter\"><img loading=\"lazy\" decoding=\"async\" class=\"wp-image-25390 size-full\" src=\"https:\/\/mouldking.store\/wp-content\/uploads\/2021\/10\/18K-K131-Lamborghini-Huracan-Evo-Spyder-with-3239-pieces-2.jpg\" alt=\"18K K131 Lamborghini Hurac\u00e1n Evo Spyder with 3239 pieces\" width=\"837\" height=\"1024\" title=\"-\" srcset=\"https:\/\/mouldking.store\/wp-content\/uploads\/2021\/10\/18K-K131-Lamborghini-Huracan-Evo-Spyder-with-3239-pieces-2.jpg 837w, https:\/\/mouldking.store\/wp-content\/uploads\/2021\/10\/18K-K131-Lamborghini-Huracan-Evo-Spyder-with-3239-pieces-2-245x300.jpg 245w, https:\/\/mouldking.store\/wp-content\/uploads\/2021\/10\/18K-K131-Lamborghini-Huracan-Evo-Spyder-with-3239-pieces-2-768x940.jpg 768w, https:\/\/mouldking.store\/wp-content\/uploads\/2021\/10\/18K-K131-Lamborghini-Huracan-Evo-Spyder-with-3239-pieces-2-300x367.jpg 300w, https:\/\/mouldking.store\/wp-content\/uploads\/2021\/10\/18K-K131-Lamborghini-Huracan-Evo-Spyder-with-3239-pieces-2-600x734.jpg 600w, https:\/\/mouldking.store\/wp-content\/uploads\/2021\/10\/18K-K131-Lamborghini-Huracan-Evo-Spyder-with-3239-pieces-2-123x150.jpg 123w\" sizes=\"(max-width: 837px) 100vw, 837px\" \/><figcaption id=\"caption-attachment-25390\" class=\"wp-caption-text\">18K K131 Lamborghini Hurac\u00e1n Evo Spyder mit 3239 St\u00fcck<\/figcaption><\/figure>\n<p>Fehlende Teile<\/p>\n<p><img loading=\"lazy\" decoding=\"async\" class=\"alignnone size-full wp-image-90517\" src=\"https:\/\/mocbrickland.com\/wp-content\/uploads\/missing.jpg\" alt=\"-\" width=\"321\" height=\"115\" title=\"-\"><\/p>","protected":false},"excerpt":{"rendered":"<p>Product information: 1. Brand: 18K 2. Gender: Unisex 3. Name: Lamborghini Hurac\u00e1n Evo Spyder 4. Age Range: &gt; 6 years old 5. Model Number: K131 6. Classification: Assemblage 7. Plastic Block Shape: Self-Locking Bricks 8. Material: Plastic 9. Plastic Type: ABS 10. Bricks Blocks: 3239 PCS 11. Contains detailed assembly instructions. Notice: 1. Without an [&hellip;]<\/p>","protected":false},"featured_media":25388,"comment_status":"open","ping_status":"closed","template":"","meta":{"_acf_changed":false},"product_cat":[364],"product_tag":[1770,2410,2415,2409,2414,2416,2412,2413,2417,2411,2418],"class_list":["product","first","instock","shipping-taxable","purchasable","product-type-simple"],"acf":[],"_links":{"self":[{"href":"https:\/\/mouldking.store\/de\/wp-json\/wp\/v2\/product\/25387","targetHints":{"allow":["GET"]}}],"collection":[{"href":"https:\/\/mouldking.store\/de\/wp-json\/wp\/v2\/product"}],"about":[{"href":"https:\/\/mouldking.store\/de\/wp-json\/wp\/v2\/types\/product"}],"replies":[{"embeddable":true,"href":"https:\/\/mouldking.store\/de\/wp-json\/wp\/v2\/comments?post=25387"}],"wp:featuredmedia":[{"embeddable":true,"href":"https:\/\/mouldking.store\/de\/wp-json\/wp\/v2\/media\/25388"}],"wp:attachment":[{"href":"https:\/\/mouldking.store\/de\/wp-json\/wp\/v2\/media?parent=25387"}],"wp:term":[{"taxonomy":"product_cat","embeddable":true,"href":"https:\/\/mouldking.store\/de\/wp-json\/wp\/v2\/product_cat?post=25387"},{"taxonomy":"product_tag","embeddable":true,"href":"https:\/\/mouldking.store\/de\/wp-json\/wp\/v2\/product_tag?post=25387"}],"curies":[{"name":"wp","href":"https:\/\/api.w.org\/{rel}","templated":true}]}}