{"id":25427,"date":"2021-10-22T02:41:08","date_gmt":"2021-10-22T02:41:08","guid":{"rendered":"https:\/\/mouldking.store\/?post_type=product&#038;p=25427"},"modified":"2023-12-22T09:37:48","modified_gmt":"2023-12-22T02:37:48","slug":"sy-8884-optimus-prime-truck-with-2073-pieces","status":"publish","type":"product","link":"https:\/\/mouldking.store\/de\/shop\/sy-8884-optimus-prime-truck-with-2073-pieces\/","title":{"rendered":"SY 8884 Optimus Prime Truck mit 2073 Teilen"},"content":{"rendered":"<p>Produktinformation:<br \/>\n1. Brand: SY<br \/>\n2. Geschlecht: Unisex<br \/>\n3. Name: Optimus Prime Truck<br \/>\n4. Altersspanne: &gt; 6 Jahre alt<br \/>\n5. Model Number: 8884<br \/>\n6. Klassifizierung: Assemblage<br \/>\n7. Kunststoffblockform: Selbstsichernde Steine<br \/>\n8. Material: Kunststoff<br \/>\n9. Kunststofftyp: ABS<br \/>\n10. Bricks Blocks: 2073 PCS<br \/>\n11. Enth\u00e4lt eine detaillierte Montageanleitung.<br \/>\nNotiz:<br \/>\n1. Ohne Originalverpackung, aber wir garantieren, dass unsere Produkte eine Qualit\u00e4tssicherung und eine sch\u00f6ne Verpackung haben.<br \/>\n2. Wie alle Teile, die wir vor dem Versand \u00fcberpr\u00fcft haben, machen Sie sich keine Sorgen, wenn Sie feststellen, dass einige Teile fehlen oder besch\u00e4digt sind, und kontaktieren Sie uns einfach, und wir k\u00f6nnen sie Ihnen umgehend kostenlos erneut zusenden.<\/p>\n<figure id=\"attachment_25438\" aria-describedby=\"caption-attachment-25438\" style=\"width: 564px\" class=\"wp-caption aligncenter\"><img fetchpriority=\"high\" decoding=\"async\" class=\"wp-image-25438 size-full\" src=\"https:\/\/mouldking.store\/wp-content\/uploads\/2021\/10\/SY-8884-Optimus-Prime-Truck-with-2073-pieces-11.jpg\" alt=\"SY 8884 Optimus Prime Truck with 2073 pieces\" width=\"564\" height=\"1024\" title=\"-\" srcset=\"https:\/\/mouldking.store\/wp-content\/uploads\/2021\/10\/SY-8884-Optimus-Prime-Truck-with-2073-pieces-11.jpg 564w, https:\/\/mouldking.store\/wp-content\/uploads\/2021\/10\/SY-8884-Optimus-Prime-Truck-with-2073-pieces-11-165x300.jpg 165w, https:\/\/mouldking.store\/wp-content\/uploads\/2021\/10\/SY-8884-Optimus-Prime-Truck-with-2073-pieces-11-300x545.jpg 300w, https:\/\/mouldking.store\/wp-content\/uploads\/2021\/10\/SY-8884-Optimus-Prime-Truck-with-2073-pieces-11-83x150.jpg 83w\" sizes=\"(max-width: 564px) 100vw, 564px\" \/><figcaption id=\"caption-attachment-25438\" class=\"wp-caption-text\">SY 8884 Optimus Prime Truck mit 2073 Teilen<\/figcaption><\/figure>\n<figure id=\"attachment_25437\" aria-describedby=\"caption-attachment-25437\" style=\"width: 556px\" class=\"wp-caption aligncenter\"><img decoding=\"async\" class=\"wp-image-25437 size-full\" src=\"https:\/\/mouldking.store\/wp-content\/uploads\/2021\/10\/SY-8884-Optimus-Prime-Truck-with-2073-pieces-10.jpg\" alt=\"SY 8884 Optimus Prime Truck with 2073 pieces\" width=\"556\" height=\"1024\" title=\"-\" srcset=\"https:\/\/mouldking.store\/wp-content\/uploads\/2021\/10\/SY-8884-Optimus-Prime-Truck-with-2073-pieces-10.jpg 556w, https:\/\/mouldking.store\/wp-content\/uploads\/2021\/10\/SY-8884-Optimus-Prime-Truck-with-2073-pieces-10-163x300.jpg 163w, https:\/\/mouldking.store\/wp-content\/uploads\/2021\/10\/SY-8884-Optimus-Prime-Truck-with-2073-pieces-10-300x553.jpg 300w, https:\/\/mouldking.store\/wp-content\/uploads\/2021\/10\/SY-8884-Optimus-Prime-Truck-with-2073-pieces-10-81x150.jpg 81w\" sizes=\"(max-width: 556px) 100vw, 556px\" \/><figcaption id=\"caption-attachment-25437\" class=\"wp-caption-text\">SY 8884 Optimus Prime Truck mit 2073 Teilen<\/figcaption><\/figure>\n<figure id=\"attachment_25435\" aria-describedby=\"caption-attachment-25435\" style=\"width: 578px\" class=\"wp-caption aligncenter\"><img decoding=\"async\" class=\"wp-image-25435 size-full\" src=\"https:\/\/mouldking.store\/wp-content\/uploads\/2021\/10\/SY-8884-Optimus-Prime-Truck-with-2073-pieces-8.jpg\" alt=\"SY 8884 Optimus Prime Truck with 2073 pieces\" width=\"578\" height=\"1024\" title=\"-\" srcset=\"https:\/\/mouldking.store\/wp-content\/uploads\/2021\/10\/SY-8884-Optimus-Prime-Truck-with-2073-pieces-8.jpg 578w, https:\/\/mouldking.store\/wp-content\/uploads\/2021\/10\/SY-8884-Optimus-Prime-Truck-with-2073-pieces-8-169x300.jpg 169w, https:\/\/mouldking.store\/wp-content\/uploads\/2021\/10\/SY-8884-Optimus-Prime-Truck-with-2073-pieces-8-300x531.jpg 300w, https:\/\/mouldking.store\/wp-content\/uploads\/2021\/10\/SY-8884-Optimus-Prime-Truck-with-2073-pieces-8-85x150.jpg 85w\" sizes=\"(max-width: 578px) 100vw, 578px\" \/><figcaption id=\"caption-attachment-25435\" class=\"wp-caption-text\">SY 8884 Optimus Prime Truck mit 2073 Teilen<\/figcaption><\/figure>\n<figure id=\"attachment_25434\" aria-describedby=\"caption-attachment-25434\" style=\"width: 583px\" class=\"wp-caption aligncenter\"><img loading=\"lazy\" decoding=\"async\" class=\"wp-image-25434 size-full\" src=\"https:\/\/mouldking.store\/wp-content\/uploads\/2021\/10\/SY-8884-Optimus-Prime-Truck-with-2073-pieces-7.jpg\" alt=\"SY 8884 Optimus Prime Truck with 2073 pieces\" width=\"583\" height=\"1024\" title=\"-\" srcset=\"https:\/\/mouldking.store\/wp-content\/uploads\/2021\/10\/SY-8884-Optimus-Prime-Truck-with-2073-pieces-7.jpg 583w, https:\/\/mouldking.store\/wp-content\/uploads\/2021\/10\/SY-8884-Optimus-Prime-Truck-with-2073-pieces-7-171x300.jpg 171w, https:\/\/mouldking.store\/wp-content\/uploads\/2021\/10\/SY-8884-Optimus-Prime-Truck-with-2073-pieces-7-300x527.jpg 300w, https:\/\/mouldking.store\/wp-content\/uploads\/2021\/10\/SY-8884-Optimus-Prime-Truck-with-2073-pieces-7-85x150.jpg 85w\" sizes=\"(max-width: 583px) 100vw, 583px\" \/><figcaption id=\"caption-attachment-25434\" class=\"wp-caption-text\">SY 8884 Optimus Prime Truck mit 2073 Teilen<\/figcaption><\/figure>\n<figure id=\"attachment_25436\" aria-describedby=\"caption-attachment-25436\" style=\"width: 589px\" class=\"wp-caption aligncenter\"><img loading=\"lazy\" decoding=\"async\" class=\"wp-image-25436 size-full\" src=\"https:\/\/mouldking.store\/wp-content\/uploads\/2021\/10\/SY-8884-Optimus-Prime-Truck-with-2073-pieces-9.jpg\" alt=\"SY 8884 Optimus Prime Truck with 2073 pieces\" width=\"589\" height=\"1024\" title=\"-\" srcset=\"https:\/\/mouldking.store\/wp-content\/uploads\/2021\/10\/SY-8884-Optimus-Prime-Truck-with-2073-pieces-9.jpg 589w, https:\/\/mouldking.store\/wp-content\/uploads\/2021\/10\/SY-8884-Optimus-Prime-Truck-with-2073-pieces-9-173x300.jpg 173w, https:\/\/mouldking.store\/wp-content\/uploads\/2021\/10\/SY-8884-Optimus-Prime-Truck-with-2073-pieces-9-300x522.jpg 300w, https:\/\/mouldking.store\/wp-content\/uploads\/2021\/10\/SY-8884-Optimus-Prime-Truck-with-2073-pieces-9-86x150.jpg 86w\" sizes=\"(max-width: 589px) 100vw, 589px\" \/><figcaption id=\"caption-attachment-25436\" class=\"wp-caption-text\">SY 8884 Optimus Prime Truck mit 2073 Teilen<\/figcaption><\/figure>\n<figure id=\"attachment_25432\" aria-describedby=\"caption-attachment-25432\" style=\"width: 581px\" class=\"wp-caption aligncenter\"><img loading=\"lazy\" decoding=\"async\" class=\"wp-image-25432 size-full\" src=\"https:\/\/mouldking.store\/wp-content\/uploads\/2021\/10\/SY-8884-Optimus-Prime-Truck-with-2073-pieces-5.jpg\" alt=\"SY 8884 Optimus Prime Truck with 2073 pieces\" width=\"581\" height=\"1024\" title=\"-\" srcset=\"https:\/\/mouldking.store\/wp-content\/uploads\/2021\/10\/SY-8884-Optimus-Prime-Truck-with-2073-pieces-5.jpg 581w, https:\/\/mouldking.store\/wp-content\/uploads\/2021\/10\/SY-8884-Optimus-Prime-Truck-with-2073-pieces-5-170x300.jpg 170w, https:\/\/mouldking.store\/wp-content\/uploads\/2021\/10\/SY-8884-Optimus-Prime-Truck-with-2073-pieces-5-300x529.jpg 300w, https:\/\/mouldking.store\/wp-content\/uploads\/2021\/10\/SY-8884-Optimus-Prime-Truck-with-2073-pieces-5-85x150.jpg 85w\" sizes=\"(max-width: 581px) 100vw, 581px\" \/><figcaption id=\"caption-attachment-25432\" class=\"wp-caption-text\">SY 8884 Optimus Prime Truck mit 2073 Teilen<\/figcaption><\/figure>\n<figure id=\"attachment_25433\" aria-describedby=\"caption-attachment-25433\" style=\"width: 579px\" class=\"wp-caption aligncenter\"><img loading=\"lazy\" decoding=\"async\" class=\"wp-image-25433 size-full\" src=\"https:\/\/mouldking.store\/wp-content\/uploads\/2021\/10\/SY-8884-Optimus-Prime-Truck-with-2073-pieces-6.jpg\" alt=\"SY 8884 Optimus Prime Truck with 2073 pieces\" width=\"579\" height=\"1023\" title=\"-\" srcset=\"https:\/\/mouldking.store\/wp-content\/uploads\/2021\/10\/SY-8884-Optimus-Prime-Truck-with-2073-pieces-6.jpg 579w, https:\/\/mouldking.store\/wp-content\/uploads\/2021\/10\/SY-8884-Optimus-Prime-Truck-with-2073-pieces-6-170x300.jpg 170w, https:\/\/mouldking.store\/wp-content\/uploads\/2021\/10\/SY-8884-Optimus-Prime-Truck-with-2073-pieces-6-300x530.jpg 300w, https:\/\/mouldking.store\/wp-content\/uploads\/2021\/10\/SY-8884-Optimus-Prime-Truck-with-2073-pieces-6-85x150.jpg 85w\" sizes=\"(max-width: 579px) 100vw, 579px\" \/><figcaption id=\"caption-attachment-25433\" class=\"wp-caption-text\">SY 8884 Optimus Prime Truck mit 2073 Teilen<\/figcaption><\/figure>\n<figure id=\"attachment_25431\" aria-describedby=\"caption-attachment-25431\" style=\"width: 577px\" class=\"wp-caption aligncenter\"><img loading=\"lazy\" decoding=\"async\" class=\"wp-image-25431 size-full\" src=\"https:\/\/mouldking.store\/wp-content\/uploads\/2021\/10\/SY-8884-Optimus-Prime-Truck-with-2073-pieces-4.jpg\" alt=\"SY 8884 Optimus Prime Truck with 2073 pieces\" width=\"577\" height=\"1024\" title=\"-\" srcset=\"https:\/\/mouldking.store\/wp-content\/uploads\/2021\/10\/SY-8884-Optimus-Prime-Truck-with-2073-pieces-4.jpg 577w, https:\/\/mouldking.store\/wp-content\/uploads\/2021\/10\/SY-8884-Optimus-Prime-Truck-with-2073-pieces-4-169x300.jpg 169w, https:\/\/mouldking.store\/wp-content\/uploads\/2021\/10\/SY-8884-Optimus-Prime-Truck-with-2073-pieces-4-300x532.jpg 300w, https:\/\/mouldking.store\/wp-content\/uploads\/2021\/10\/SY-8884-Optimus-Prime-Truck-with-2073-pieces-4-85x150.jpg 85w\" sizes=\"(max-width: 577px) 100vw, 577px\" \/><figcaption id=\"caption-attachment-25431\" class=\"wp-caption-text\">SY 8884 Optimus Prime Truck mit 2073 Teilen<\/figcaption><\/figure>\n<figure id=\"attachment_25430\" aria-describedby=\"caption-attachment-25430\" style=\"width: 594px\" class=\"wp-caption aligncenter\"><img loading=\"lazy\" decoding=\"async\" class=\"wp-image-25430 size-full\" src=\"https:\/\/mouldking.store\/wp-content\/uploads\/2021\/10\/SY-8884-Optimus-Prime-Truck-with-2073-pieces-3.jpg\" alt=\"SY 8884 Optimus Prime Truck with 2073 pieces\" width=\"594\" height=\"1024\" title=\"-\" srcset=\"https:\/\/mouldking.store\/wp-content\/uploads\/2021\/10\/SY-8884-Optimus-Prime-Truck-with-2073-pieces-3.jpg 594w, https:\/\/mouldking.store\/wp-content\/uploads\/2021\/10\/SY-8884-Optimus-Prime-Truck-with-2073-pieces-3-174x300.jpg 174w, https:\/\/mouldking.store\/wp-content\/uploads\/2021\/10\/SY-8884-Optimus-Prime-Truck-with-2073-pieces-3-300x517.jpg 300w, https:\/\/mouldking.store\/wp-content\/uploads\/2021\/10\/SY-8884-Optimus-Prime-Truck-with-2073-pieces-3-87x150.jpg 87w\" sizes=\"(max-width: 594px) 100vw, 594px\" \/><figcaption id=\"caption-attachment-25430\" class=\"wp-caption-text\">SY 8884 Optimus Prime Truck mit 2073 Teilen<\/figcaption><\/figure>\n<figure id=\"attachment_25429\" aria-describedby=\"caption-attachment-25429\" style=\"width: 587px\" class=\"wp-caption aligncenter\"><img loading=\"lazy\" decoding=\"async\" class=\"wp-image-25429 size-full\" src=\"https:\/\/mouldking.store\/wp-content\/uploads\/2021\/10\/SY-8884-Optimus-Prime-Truck-with-2073-pieces-2.jpg\" alt=\"SY 8884 Optimus Prime Truck with 2073 pieces\" width=\"587\" height=\"1023\" title=\"-\" srcset=\"https:\/\/mouldking.store\/wp-content\/uploads\/2021\/10\/SY-8884-Optimus-Prime-Truck-with-2073-pieces-2.jpg 587w, https:\/\/mouldking.store\/wp-content\/uploads\/2021\/10\/SY-8884-Optimus-Prime-Truck-with-2073-pieces-2-172x300.jpg 172w, https:\/\/mouldking.store\/wp-content\/uploads\/2021\/10\/SY-8884-Optimus-Prime-Truck-with-2073-pieces-2-300x523.jpg 300w, https:\/\/mouldking.store\/wp-content\/uploads\/2021\/10\/SY-8884-Optimus-Prime-Truck-with-2073-pieces-2-86x150.jpg 86w\" sizes=\"(max-width: 587px) 100vw, 587px\" \/><figcaption id=\"caption-attachment-25429\" class=\"wp-caption-text\">SY 8884 Optimus Prime Truck mit 2073 Teilen<\/figcaption><\/figure>\n<p>&nbsp;<\/p>","protected":false},"excerpt":{"rendered":"<p>Product information: 1. Brand: SY 2. Gender: Unisex 3. Name: Optimus Prime Truck 4. Age Range: &gt; 6 years old 5. Model Number: 8884 6. Classification: Assemblage 7. Plastic Block Shape: Self-Locking Bricks 8. Material: Plastic 9. Plastic Type: ABS 10. Bricks Blocks: 2073 PCS 11. Contains detailed assembly instructions. Notice: 1. Without an original [&hellip;]<\/p>","protected":false},"featured_media":25428,"comment_status":"open","ping_status":"closed","template":"","meta":{"_acf_changed":false},"product_cat":[364],"product_tag":[2442,1571,2440,1416,2439,2438,2441,466],"class_list":["product","first","instock","shipping-taxable","purchasable","product-type-variable"],"acf":[],"_links":{"self":[{"href":"https:\/\/mouldking.store\/de\/wp-json\/wp\/v2\/product\/25427","targetHints":{"allow":["GET"]}}],"collection":[{"href":"https:\/\/mouldking.store\/de\/wp-json\/wp\/v2\/product"}],"about":[{"href":"https:\/\/mouldking.store\/de\/wp-json\/wp\/v2\/types\/product"}],"replies":[{"embeddable":true,"href":"https:\/\/mouldking.store\/de\/wp-json\/wp\/v2\/comments?post=25427"}],"wp:featuredmedia":[{"embeddable":true,"href":"https:\/\/mouldking.store\/de\/wp-json\/wp\/v2\/media\/25428"}],"wp:attachment":[{"href":"https:\/\/mouldking.store\/de\/wp-json\/wp\/v2\/media?parent=25427"}],"wp:term":[{"taxonomy":"product_cat","embeddable":true,"href":"https:\/\/mouldking.store\/de\/wp-json\/wp\/v2\/product_cat?post=25427"},{"taxonomy":"product_tag","embeddable":true,"href":"https:\/\/mouldking.store\/de\/wp-json\/wp\/v2\/product_tag?post=25427"}],"curies":[{"name":"wp","href":"https:\/\/api.w.org\/{rel}","templated":true}]}}