{"id":25462,"date":"2021-10-22T03:00:25","date_gmt":"2021-10-21T20:00:25","guid":{"rendered":"https:\/\/mouldking.store\/?post_type=product&#038;p=25462"},"modified":"2025-12-25T09:17:14","modified_gmt":"2025-12-25T02:17:14","slug":"moc-46309-the-stinger-mantis-fallen-order-v2-with-1676-pieces","status":"publish","type":"product","link":"https:\/\/mouldking.store\/de\/shop\/moc-46309-the-stinger-mantis-fallen-order-v2-with-1676-pieces\/","title":{"rendered":"MOC 46309 The Stinger Mantis \u2013 Fallen Order V2 mit 1676 St\u00fcck"},"content":{"rendered":"<p>Produktinformation:<br \/>\n1. Brand: MOC<br \/>\n2. Geschlecht: Unisex<br \/>\n3. Name: The Stinger Mantis &#8211; Fallen Order V2<br \/>\n4. Altersspanne: &gt; 6 Jahre alt<br \/>\n5. Model Number: 46309<br \/>\n6. Klassifizierung: Assemblage<br \/>\n7. Kunststoffblockform: Selbstsichernde Steine<br \/>\n8. Material: Kunststoff<br \/>\n9. Kunststofftyp: ABS<br \/>\n10. Bricks Blocks: 1676 PCS<br \/>\n11. Enth\u00e4lt eine detaillierte Montageanleitung.<br \/>\nNotiz:<br \/>\n1. Ohne Originalverpackung, aber wir garantieren, dass unsere Produkte eine Qualit\u00e4tssicherung und eine sch\u00f6ne Verpackung haben.<br \/>\n2. Wie alle Teile, die wir vor dem Versand \u00fcberpr\u00fcft haben, machen Sie sich keine Sorgen, wenn Sie feststellen, dass einige Teile fehlen oder besch\u00e4digt sind, und kontaktieren Sie uns einfach, und wir k\u00f6nnen sie Ihnen umgehend kostenlos erneut zusenden.<\/p>\n<figure id=\"attachment_25463\" aria-describedby=\"caption-attachment-25463\" style=\"width: 800px\" class=\"wp-caption aligncenter\"><img fetchpriority=\"high\" decoding=\"async\" class=\"wp-image-25463 size-full\" src=\"https:\/\/mouldking.store\/wp-content\/uploads\/2021\/10\/MOC-46309-The-Stinger-Mantis-Fallen-Order-V2-with-1676-pieces-1.jpg\" alt=\"MOC 46309 The Stinger Mantis - Fallen Order V2 with 1676 pieces\" width=\"800\" height=\"800\" title=\"-\" srcset=\"https:\/\/mouldking.store\/wp-content\/uploads\/2021\/10\/MOC-46309-The-Stinger-Mantis-Fallen-Order-V2-with-1676-pieces-1.jpg 800w, https:\/\/mouldking.store\/wp-content\/uploads\/2021\/10\/MOC-46309-The-Stinger-Mantis-Fallen-Order-V2-with-1676-pieces-1-300x300.jpg 300w, https:\/\/mouldking.store\/wp-content\/uploads\/2021\/10\/MOC-46309-The-Stinger-Mantis-Fallen-Order-V2-with-1676-pieces-1-768x768.jpg 768w, https:\/\/mouldking.store\/wp-content\/uploads\/2021\/10\/MOC-46309-The-Stinger-Mantis-Fallen-Order-V2-with-1676-pieces-1-600x600.jpg 600w, https:\/\/mouldking.store\/wp-content\/uploads\/2021\/10\/MOC-46309-The-Stinger-Mantis-Fallen-Order-V2-with-1676-pieces-1-150x150.jpg 150w\" sizes=\"(max-width: 800px) 100vw, 800px\" \/><figcaption id=\"caption-attachment-25463\" class=\"wp-caption-text\">MOC 46309 The Stinger Mantis \u2013 Fallen Order V2 mit 1676 St\u00fcck<\/figcaption><\/figure>\n<figure id=\"attachment_25465\" aria-describedby=\"caption-attachment-25465\" style=\"width: 800px\" class=\"wp-caption aligncenter\"><img decoding=\"async\" class=\"wp-image-25465 size-full\" src=\"https:\/\/mouldking.store\/wp-content\/uploads\/2021\/10\/MOC-46309-The-Stinger-Mantis-Fallen-Order-V2-with-1676-pieces-3.jpg\" alt=\"MOC 46309 The Stinger Mantis - Fallen Order V2 with 1676 pieces\" width=\"800\" height=\"800\" title=\"-\" srcset=\"https:\/\/mouldking.store\/wp-content\/uploads\/2021\/10\/MOC-46309-The-Stinger-Mantis-Fallen-Order-V2-with-1676-pieces-3.jpg 800w, https:\/\/mouldking.store\/wp-content\/uploads\/2021\/10\/MOC-46309-The-Stinger-Mantis-Fallen-Order-V2-with-1676-pieces-3-300x300.jpg 300w, https:\/\/mouldking.store\/wp-content\/uploads\/2021\/10\/MOC-46309-The-Stinger-Mantis-Fallen-Order-V2-with-1676-pieces-3-768x768.jpg 768w, https:\/\/mouldking.store\/wp-content\/uploads\/2021\/10\/MOC-46309-The-Stinger-Mantis-Fallen-Order-V2-with-1676-pieces-3-600x600.jpg 600w, https:\/\/mouldking.store\/wp-content\/uploads\/2021\/10\/MOC-46309-The-Stinger-Mantis-Fallen-Order-V2-with-1676-pieces-3-150x150.jpg 150w\" sizes=\"(max-width: 800px) 100vw, 800px\" \/><figcaption id=\"caption-attachment-25465\" class=\"wp-caption-text\">MOC 46309 The Stinger Mantis \u2013 Fallen Order V2 mit 1676 St\u00fcck<\/figcaption><\/figure>\n<figure id=\"attachment_25464\" aria-describedby=\"caption-attachment-25464\" style=\"width: 800px\" class=\"wp-caption aligncenter\"><img decoding=\"async\" class=\"wp-image-25464 size-full\" src=\"https:\/\/mouldking.store\/wp-content\/uploads\/2021\/10\/MOC-46309-The-Stinger-Mantis-Fallen-Order-V2-with-1676-pieces-2.jpg\" alt=\"MOC 46309 The Stinger Mantis - Fallen Order V2 with 1676 pieces\" width=\"800\" height=\"800\" title=\"-\" srcset=\"https:\/\/mouldking.store\/wp-content\/uploads\/2021\/10\/MOC-46309-The-Stinger-Mantis-Fallen-Order-V2-with-1676-pieces-2.jpg 800w, https:\/\/mouldking.store\/wp-content\/uploads\/2021\/10\/MOC-46309-The-Stinger-Mantis-Fallen-Order-V2-with-1676-pieces-2-300x300.jpg 300w, https:\/\/mouldking.store\/wp-content\/uploads\/2021\/10\/MOC-46309-The-Stinger-Mantis-Fallen-Order-V2-with-1676-pieces-2-768x768.jpg 768w, https:\/\/mouldking.store\/wp-content\/uploads\/2021\/10\/MOC-46309-The-Stinger-Mantis-Fallen-Order-V2-with-1676-pieces-2-600x600.jpg 600w, https:\/\/mouldking.store\/wp-content\/uploads\/2021\/10\/MOC-46309-The-Stinger-Mantis-Fallen-Order-V2-with-1676-pieces-2-150x150.jpg 150w\" sizes=\"(max-width: 800px) 100vw, 800px\" \/><figcaption id=\"caption-attachment-25464\" class=\"wp-caption-text\">MOC 46309 The Stinger Mantis \u2013 Fallen Order V2 mit 1676 St\u00fcck<\/figcaption><\/figure>","protected":false},"excerpt":{"rendered":"<p>Produktinformation: 1. Marke: MOC 2. Geschlecht: Unisex 3. Name: The Stinger Mantis \u2013 Fallen Order V2 4. Altersgruppe: &gt; 6 Jahre 5. Modellnummer: 46309 6. Klassifizierung: Assemblage 7. Kunststoffblockform: Selbstsichernde Steine 8. Material: Kunststoff 9. Kunststofftyp: ABS 10. Steinbl\u00f6cke: 1676 St\u00fcck 11. Enth\u00e4lt eine detaillierte Montageanleitung. Hinweis: [\u2026]<\/p>","protected":false},"featured_media":25463,"comment_status":"open","ping_status":"closed","template":"","meta":{"_acf_changed":false},"product_cat":[415],"product_tag":[2456,2458,430,2454,2453,2459,2457,2455],"class_list":["product","first","instock","shipping-taxable","purchasable","product-type-simple"],"acf":[],"_links":{"self":[{"href":"https:\/\/mouldking.store\/de\/wp-json\/wp\/v2\/product\/25462","targetHints":{"allow":["GET"]}}],"collection":[{"href":"https:\/\/mouldking.store\/de\/wp-json\/wp\/v2\/product"}],"about":[{"href":"https:\/\/mouldking.store\/de\/wp-json\/wp\/v2\/types\/product"}],"replies":[{"embeddable":true,"href":"https:\/\/mouldking.store\/de\/wp-json\/wp\/v2\/comments?post=25462"}],"wp:featuredmedia":[{"embeddable":true,"href":"https:\/\/mouldking.store\/de\/wp-json\/wp\/v2\/media\/25463"}],"wp:attachment":[{"href":"https:\/\/mouldking.store\/de\/wp-json\/wp\/v2\/media?parent=25462"}],"wp:term":[{"taxonomy":"product_cat","embeddable":true,"href":"https:\/\/mouldking.store\/de\/wp-json\/wp\/v2\/product_cat?post=25462"},{"taxonomy":"product_tag","embeddable":true,"href":"https:\/\/mouldking.store\/de\/wp-json\/wp\/v2\/product_tag?post=25462"}],"curies":[{"name":"wp","href":"https:\/\/api.w.org\/{rel}","templated":true}]}}