{"id":25536,"date":"2021-10-22T03:55:53","date_gmt":"2021-10-22T03:55:53","guid":{"rendered":"https:\/\/mouldking.store\/?post_type=product&#038;p=25536"},"modified":"2021-12-23T09:41:53","modified_gmt":"2021-12-23T09:41:53","slug":"kaco-d001-balloon-astronaut-with-lights-with-370-pieces","status":"publish","type":"product","link":"https:\/\/mouldking.store\/de\/shop\/kaco-d001-balloon-astronaut-with-lights-with-370-pieces\/","title":{"rendered":"KACO D001 Ballon Astronaut mit Lichtern mit 370 St\u00fcck"},"content":{"rendered":"<p>Produktinformation:<\/p>\n<ol>\n<li>Brand: KACO<\/li>\n<li>Geschlecht: Unisex<\/li>\n<li>Name: Balloon Astronaut with Lights<\/li>\n<li>Altersspanne: &gt; 6 Jahre alt<\/li>\n<li>Model Number: D001<\/li>\n<li>Einstufung: Assemblage<\/li>\n<li>Kunststoffblockform: Selbstsichernde Steine<\/li>\n<li>Material: Kunststoff<\/li>\n<li>Kunststofftyp: ABS<\/li>\n<li>Bricks Blocks: 370 PCS<\/li>\n<li>Enth\u00e4lt eine ausf\u00fchrliche Montageanleitung.<\/li>\n<\/ol>\n<p>Notiz:<br \/>\n1. Ohne Originalverpackung, aber wir garantieren, dass unsere Produkte eine Qualit\u00e4tssicherung und eine sch\u00f6ne Verpackung haben.<br \/>\n2. Wie alle Teile, die wir vor dem Versand \u00fcberpr\u00fcft haben, machen Sie sich keine Sorgen, wenn Sie feststellen, dass einige Teile fehlen oder besch\u00e4digt sind, und kontaktieren Sie uns einfach, und wir k\u00f6nnen sie Ihnen umgehend kostenlos erneut zusenden.<\/p>\n<figure id=\"attachment_25537\" aria-describedby=\"caption-attachment-25537\" style=\"width: 800px\" class=\"wp-caption aligncenter\"><img fetchpriority=\"high\" decoding=\"async\" class=\"wp-image-25537 size-full\" src=\"https:\/\/mouldking.store\/wp-content\/uploads\/2021\/10\/KACO-D001-Balloon-Astronaut-with-Lights-with-370-pieces-1.jpg\" alt=\"KACO D001 Balloon Astronaut with Lights with 370 pieces\" width=\"800\" height=\"800\" title=\"-\" srcset=\"https:\/\/mouldking.store\/wp-content\/uploads\/2021\/10\/KACO-D001-Balloon-Astronaut-with-Lights-with-370-pieces-1.jpg 800w, https:\/\/mouldking.store\/wp-content\/uploads\/2021\/10\/KACO-D001-Balloon-Astronaut-with-Lights-with-370-pieces-1-300x300.jpg 300w, https:\/\/mouldking.store\/wp-content\/uploads\/2021\/10\/KACO-D001-Balloon-Astronaut-with-Lights-with-370-pieces-1-768x768.jpg 768w, https:\/\/mouldking.store\/wp-content\/uploads\/2021\/10\/KACO-D001-Balloon-Astronaut-with-Lights-with-370-pieces-1-600x600.jpg 600w, https:\/\/mouldking.store\/wp-content\/uploads\/2021\/10\/KACO-D001-Balloon-Astronaut-with-Lights-with-370-pieces-1-150x150.jpg 150w\" sizes=\"(max-width: 800px) 100vw, 800px\" \/><figcaption id=\"caption-attachment-25537\" class=\"wp-caption-text\">KACO D001 Ballon Astronaut mit Lichtern mit 370 St\u00fcck<\/figcaption><\/figure>\n<figure id=\"attachment_25546\" aria-describedby=\"caption-attachment-25546\" style=\"width: 750px\" class=\"wp-caption aligncenter\"><img decoding=\"async\" class=\"wp-image-25546 size-full\" src=\"https:\/\/mouldking.store\/wp-content\/uploads\/2021\/10\/KACO-D001-Balloon-Astronaut-with-Lights-with-370-pieces-10.jpg\" alt=\"KACO D001 Balloon Astronaut with Lights with 370 pieces\" width=\"750\" height=\"750\" title=\"-\" srcset=\"https:\/\/mouldking.store\/wp-content\/uploads\/2021\/10\/KACO-D001-Balloon-Astronaut-with-Lights-with-370-pieces-10.jpg 750w, https:\/\/mouldking.store\/wp-content\/uploads\/2021\/10\/KACO-D001-Balloon-Astronaut-with-Lights-with-370-pieces-10-300x300.jpg 300w, https:\/\/mouldking.store\/wp-content\/uploads\/2021\/10\/KACO-D001-Balloon-Astronaut-with-Lights-with-370-pieces-10-600x600.jpg 600w, https:\/\/mouldking.store\/wp-content\/uploads\/2021\/10\/KACO-D001-Balloon-Astronaut-with-Lights-with-370-pieces-10-150x150.jpg 150w\" sizes=\"(max-width: 750px) 100vw, 750px\" \/><figcaption id=\"caption-attachment-25546\" class=\"wp-caption-text\">KACO D001 Ballon Astronaut mit Lichtern mit 370 St\u00fcck<\/figcaption><\/figure>\n<figure id=\"attachment_25547\" aria-describedby=\"caption-attachment-25547\" style=\"width: 693px\" class=\"wp-caption aligncenter\"><img decoding=\"async\" class=\"wp-image-25547 size-full\" src=\"https:\/\/mouldking.store\/wp-content\/uploads\/2021\/10\/KACO-D001-Balloon-Astronaut-with-Lights-with-370-pieces-11.jpg\" alt=\"KACO D001 Balloon Astronaut with Lights with 370 pieces\" width=\"693\" height=\"1024\" title=\"-\" srcset=\"https:\/\/mouldking.store\/wp-content\/uploads\/2021\/10\/KACO-D001-Balloon-Astronaut-with-Lights-with-370-pieces-11.jpg 693w, https:\/\/mouldking.store\/wp-content\/uploads\/2021\/10\/KACO-D001-Balloon-Astronaut-with-Lights-with-370-pieces-11-203x300.jpg 203w, https:\/\/mouldking.store\/wp-content\/uploads\/2021\/10\/KACO-D001-Balloon-Astronaut-with-Lights-with-370-pieces-11-300x443.jpg 300w, https:\/\/mouldking.store\/wp-content\/uploads\/2021\/10\/KACO-D001-Balloon-Astronaut-with-Lights-with-370-pieces-11-600x887.jpg 600w, https:\/\/mouldking.store\/wp-content\/uploads\/2021\/10\/KACO-D001-Balloon-Astronaut-with-Lights-with-370-pieces-11-102x150.jpg 102w\" sizes=\"(max-width: 693px) 100vw, 693px\" \/><figcaption id=\"caption-attachment-25547\" class=\"wp-caption-text\">KACO D001 Ballon Astronaut mit Lichtern mit 370 St\u00fcck<\/figcaption><\/figure>\n<figure id=\"attachment_25545\" aria-describedby=\"caption-attachment-25545\" style=\"width: 790px\" class=\"wp-caption aligncenter\"><img loading=\"lazy\" decoding=\"async\" class=\"wp-image-25545 size-full\" src=\"https:\/\/mouldking.store\/wp-content\/uploads\/2021\/10\/KACO-D001-Balloon-Astronaut-with-Lights-with-370-pieces-9.jpg\" alt=\"KACO D001 Balloon Astronaut with Lights with 370 pieces\" width=\"790\" height=\"1020\" title=\"-\" srcset=\"https:\/\/mouldking.store\/wp-content\/uploads\/2021\/10\/KACO-D001-Balloon-Astronaut-with-Lights-with-370-pieces-9.jpg 790w, https:\/\/mouldking.store\/wp-content\/uploads\/2021\/10\/KACO-D001-Balloon-Astronaut-with-Lights-with-370-pieces-9-232x300.jpg 232w, https:\/\/mouldking.store\/wp-content\/uploads\/2021\/10\/KACO-D001-Balloon-Astronaut-with-Lights-with-370-pieces-9-768x992.jpg 768w, https:\/\/mouldking.store\/wp-content\/uploads\/2021\/10\/KACO-D001-Balloon-Astronaut-with-Lights-with-370-pieces-9-300x387.jpg 300w, https:\/\/mouldking.store\/wp-content\/uploads\/2021\/10\/KACO-D001-Balloon-Astronaut-with-Lights-with-370-pieces-9-600x775.jpg 600w, https:\/\/mouldking.store\/wp-content\/uploads\/2021\/10\/KACO-D001-Balloon-Astronaut-with-Lights-with-370-pieces-9-116x150.jpg 116w\" sizes=\"(max-width: 790px) 100vw, 790px\" \/><figcaption id=\"caption-attachment-25545\" class=\"wp-caption-text\">KACO D001 Ballon Astronaut mit Lichtern mit 370 St\u00fcck<\/figcaption><\/figure>\n<figure id=\"attachment_25542\" aria-describedby=\"caption-attachment-25542\" style=\"width: 800px\" class=\"wp-caption aligncenter\"><img loading=\"lazy\" decoding=\"async\" class=\"wp-image-25542 size-full\" src=\"https:\/\/mouldking.store\/wp-content\/uploads\/2021\/10\/KACO-D001-Balloon-Astronaut-with-Lights-with-370-pieces-6.jpg\" alt=\"KACO D001 Balloon Astronaut with Lights with 370 pieces\" width=\"800\" height=\"800\" title=\"-\" srcset=\"https:\/\/mouldking.store\/wp-content\/uploads\/2021\/10\/KACO-D001-Balloon-Astronaut-with-Lights-with-370-pieces-6.jpg 800w, https:\/\/mouldking.store\/wp-content\/uploads\/2021\/10\/KACO-D001-Balloon-Astronaut-with-Lights-with-370-pieces-6-300x300.jpg 300w, https:\/\/mouldking.store\/wp-content\/uploads\/2021\/10\/KACO-D001-Balloon-Astronaut-with-Lights-with-370-pieces-6-768x768.jpg 768w, https:\/\/mouldking.store\/wp-content\/uploads\/2021\/10\/KACO-D001-Balloon-Astronaut-with-Lights-with-370-pieces-6-600x600.jpg 600w, https:\/\/mouldking.store\/wp-content\/uploads\/2021\/10\/KACO-D001-Balloon-Astronaut-with-Lights-with-370-pieces-6-150x150.jpg 150w\" sizes=\"(max-width: 800px) 100vw, 800px\" \/><figcaption id=\"caption-attachment-25542\" class=\"wp-caption-text\">KACO D001 Ballon Astronaut mit Lichtern mit 370 St\u00fcck<\/figcaption><\/figure>\n<figure id=\"attachment_25541\" aria-describedby=\"caption-attachment-25541\" style=\"width: 800px\" class=\"wp-caption aligncenter\"><img loading=\"lazy\" decoding=\"async\" class=\"wp-image-25541 size-full\" src=\"https:\/\/mouldking.store\/wp-content\/uploads\/2021\/10\/KACO-D001-Balloon-Astronaut-with-Lights-with-370-pieces-5.jpg\" alt=\"KACO D001 Balloon Astronaut with Lights with 370 pieces\" width=\"800\" height=\"800\" title=\"-\" srcset=\"https:\/\/mouldking.store\/wp-content\/uploads\/2021\/10\/KACO-D001-Balloon-Astronaut-with-Lights-with-370-pieces-5.jpg 800w, https:\/\/mouldking.store\/wp-content\/uploads\/2021\/10\/KACO-D001-Balloon-Astronaut-with-Lights-with-370-pieces-5-300x300.jpg 300w, https:\/\/mouldking.store\/wp-content\/uploads\/2021\/10\/KACO-D001-Balloon-Astronaut-with-Lights-with-370-pieces-5-768x768.jpg 768w, https:\/\/mouldking.store\/wp-content\/uploads\/2021\/10\/KACO-D001-Balloon-Astronaut-with-Lights-with-370-pieces-5-600x600.jpg 600w, https:\/\/mouldking.store\/wp-content\/uploads\/2021\/10\/KACO-D001-Balloon-Astronaut-with-Lights-with-370-pieces-5-150x150.jpg 150w\" sizes=\"(max-width: 800px) 100vw, 800px\" \/><figcaption id=\"caption-attachment-25541\" class=\"wp-caption-text\">KACO D001 Ballon Astronaut mit Lichtern mit 370 St\u00fcck<\/figcaption><\/figure>\n<figure id=\"attachment_25540\" aria-describedby=\"caption-attachment-25540\" style=\"width: 800px\" class=\"wp-caption aligncenter\"><img loading=\"lazy\" decoding=\"async\" class=\"wp-image-25540 size-full\" src=\"https:\/\/mouldking.store\/wp-content\/uploads\/2021\/10\/KACO-D001-Balloon-Astronaut-with-Lights-with-370-pieces-4.jpg\" alt=\"KACO D001 Balloon Astronaut with Lights with 370 pieces\" width=\"800\" height=\"800\" title=\"-\" srcset=\"https:\/\/mouldking.store\/wp-content\/uploads\/2021\/10\/KACO-D001-Balloon-Astronaut-with-Lights-with-370-pieces-4.jpg 800w, https:\/\/mouldking.store\/wp-content\/uploads\/2021\/10\/KACO-D001-Balloon-Astronaut-with-Lights-with-370-pieces-4-300x300.jpg 300w, https:\/\/mouldking.store\/wp-content\/uploads\/2021\/10\/KACO-D001-Balloon-Astronaut-with-Lights-with-370-pieces-4-768x768.jpg 768w, https:\/\/mouldking.store\/wp-content\/uploads\/2021\/10\/KACO-D001-Balloon-Astronaut-with-Lights-with-370-pieces-4-600x600.jpg 600w, https:\/\/mouldking.store\/wp-content\/uploads\/2021\/10\/KACO-D001-Balloon-Astronaut-with-Lights-with-370-pieces-4-150x150.jpg 150w\" sizes=\"(max-width: 800px) 100vw, 800px\" \/><figcaption id=\"caption-attachment-25540\" class=\"wp-caption-text\">KACO D001 Ballon Astronaut mit Lichtern mit 370 St\u00fcck<\/figcaption><\/figure>\n<figure id=\"attachment_25539\" aria-describedby=\"caption-attachment-25539\" style=\"width: 800px\" class=\"wp-caption aligncenter\"><img loading=\"lazy\" decoding=\"async\" class=\"wp-image-25539 size-full\" src=\"https:\/\/mouldking.store\/wp-content\/uploads\/2021\/10\/KACO-D001-Balloon-Astronaut-with-Lights-with-370-pieces-3.jpg\" alt=\"KACO D001 Balloon Astronaut with Lights with 370 pieces\" width=\"800\" height=\"800\" title=\"-\" srcset=\"https:\/\/mouldking.store\/wp-content\/uploads\/2021\/10\/KACO-D001-Balloon-Astronaut-with-Lights-with-370-pieces-3.jpg 800w, https:\/\/mouldking.store\/wp-content\/uploads\/2021\/10\/KACO-D001-Balloon-Astronaut-with-Lights-with-370-pieces-3-300x300.jpg 300w, https:\/\/mouldking.store\/wp-content\/uploads\/2021\/10\/KACO-D001-Balloon-Astronaut-with-Lights-with-370-pieces-3-768x768.jpg 768w, https:\/\/mouldking.store\/wp-content\/uploads\/2021\/10\/KACO-D001-Balloon-Astronaut-with-Lights-with-370-pieces-3-600x600.jpg 600w, https:\/\/mouldking.store\/wp-content\/uploads\/2021\/10\/KACO-D001-Balloon-Astronaut-with-Lights-with-370-pieces-3-150x150.jpg 150w\" sizes=\"(max-width: 800px) 100vw, 800px\" \/><figcaption id=\"caption-attachment-25539\" class=\"wp-caption-text\">KACO D001 Ballon Astronaut mit Lichtern mit 370 St\u00fcck<\/figcaption><\/figure>\n<figure id=\"attachment_25544\" aria-describedby=\"caption-attachment-25544\" style=\"width: 750px\" class=\"wp-caption aligncenter\"><img loading=\"lazy\" decoding=\"async\" class=\"wp-image-25544 size-full\" src=\"https:\/\/mouldking.store\/wp-content\/uploads\/2021\/10\/KACO-D001-Balloon-Astronaut-with-Lights-with-370-pieces-8.jpg\" alt=\"KACO D001 Balloon Astronaut with Lights with 370 pieces\" width=\"750\" height=\"1023\" title=\"-\" srcset=\"https:\/\/mouldking.store\/wp-content\/uploads\/2021\/10\/KACO-D001-Balloon-Astronaut-with-Lights-with-370-pieces-8.jpg 750w, https:\/\/mouldking.store\/wp-content\/uploads\/2021\/10\/KACO-D001-Balloon-Astronaut-with-Lights-with-370-pieces-8-220x300.jpg 220w, https:\/\/mouldking.store\/wp-content\/uploads\/2021\/10\/KACO-D001-Balloon-Astronaut-with-Lights-with-370-pieces-8-300x409.jpg 300w, https:\/\/mouldking.store\/wp-content\/uploads\/2021\/10\/KACO-D001-Balloon-Astronaut-with-Lights-with-370-pieces-8-600x818.jpg 600w, https:\/\/mouldking.store\/wp-content\/uploads\/2021\/10\/KACO-D001-Balloon-Astronaut-with-Lights-with-370-pieces-8-110x150.jpg 110w\" sizes=\"(max-width: 750px) 100vw, 750px\" \/><figcaption id=\"caption-attachment-25544\" class=\"wp-caption-text\">KACO D001 Ballon Astronaut mit Lichtern mit 370 St\u00fcck<\/figcaption><\/figure>\n<figure id=\"attachment_25543\" aria-describedby=\"caption-attachment-25543\" style=\"width: 790px\" class=\"wp-caption aligncenter\"><img loading=\"lazy\" decoding=\"async\" class=\"wp-image-25543 size-full\" src=\"https:\/\/mouldking.store\/wp-content\/uploads\/2021\/10\/KACO-D001-Balloon-Astronaut-with-Lights-with-370-pieces-7.jpg\" alt=\"KACO D001 Balloon Astronaut with Lights with 370 pieces\" width=\"790\" height=\"902\" title=\"-\" srcset=\"https:\/\/mouldking.store\/wp-content\/uploads\/2021\/10\/KACO-D001-Balloon-Astronaut-with-Lights-with-370-pieces-7.jpg 790w, https:\/\/mouldking.store\/wp-content\/uploads\/2021\/10\/KACO-D001-Balloon-Astronaut-with-Lights-with-370-pieces-7-263x300.jpg 263w, https:\/\/mouldking.store\/wp-content\/uploads\/2021\/10\/KACO-D001-Balloon-Astronaut-with-Lights-with-370-pieces-7-768x877.jpg 768w, https:\/\/mouldking.store\/wp-content\/uploads\/2021\/10\/KACO-D001-Balloon-Astronaut-with-Lights-with-370-pieces-7-300x343.jpg 300w, https:\/\/mouldking.store\/wp-content\/uploads\/2021\/10\/KACO-D001-Balloon-Astronaut-with-Lights-with-370-pieces-7-600x685.jpg 600w, https:\/\/mouldking.store\/wp-content\/uploads\/2021\/10\/KACO-D001-Balloon-Astronaut-with-Lights-with-370-pieces-7-131x150.jpg 131w\" sizes=\"(max-width: 790px) 100vw, 790px\" \/><figcaption id=\"caption-attachment-25543\" class=\"wp-caption-text\">KACO D001 Ballon Astronaut mit Lichtern mit 370 St\u00fcck<\/figcaption><\/figure>\n<figure id=\"attachment_25538\" aria-describedby=\"caption-attachment-25538\" style=\"width: 800px\" class=\"wp-caption aligncenter\"><img loading=\"lazy\" decoding=\"async\" class=\"wp-image-25538 size-full\" src=\"https:\/\/mouldking.store\/wp-content\/uploads\/2021\/10\/KACO-D001-Balloon-Astronaut-with-Lights-with-370-pieces-2.jpg\" alt=\"KACO D001 Balloon Astronaut with Lights with 370 pieces\" width=\"800\" height=\"800\" title=\"-\" srcset=\"https:\/\/mouldking.store\/wp-content\/uploads\/2021\/10\/KACO-D001-Balloon-Astronaut-with-Lights-with-370-pieces-2.jpg 800w, https:\/\/mouldking.store\/wp-content\/uploads\/2021\/10\/KACO-D001-Balloon-Astronaut-with-Lights-with-370-pieces-2-300x300.jpg 300w, https:\/\/mouldking.store\/wp-content\/uploads\/2021\/10\/KACO-D001-Balloon-Astronaut-with-Lights-with-370-pieces-2-768x768.jpg 768w, https:\/\/mouldking.store\/wp-content\/uploads\/2021\/10\/KACO-D001-Balloon-Astronaut-with-Lights-with-370-pieces-2-600x600.jpg 600w, https:\/\/mouldking.store\/wp-content\/uploads\/2021\/10\/KACO-D001-Balloon-Astronaut-with-Lights-with-370-pieces-2-150x150.jpg 150w\" sizes=\"(max-width: 800px) 100vw, 800px\" \/><figcaption id=\"caption-attachment-25538\" class=\"wp-caption-text\">KACO D001 Ballon Astronaut mit Lichtern mit 370 St\u00fcck<\/figcaption><\/figure>","protected":false},"excerpt":{"rendered":"<p>Product information: Brand: KACO Gender: Unisex Name: Balloon Astronaut with Lights Age Range: &gt; 6 years old Model Number: D001 Classification: Assemblage Plastic Block Shape: Self-Locking Bricks Material: Plastic Plastic Type: ABS Bricks Blocks: 370 PCS Contains detailed assembly instructions. Notice: 1. Without an original box, but we guarantee our products have quality assurance and [&hellip;]<\/p>","protected":false},"featured_media":25546,"comment_status":"open","ping_status":"closed","template":"","meta":{"_acf_changed":false},"product_cat":[371],"product_tag":[2495,2492,2494,2493,2498,2497,2491,2490,2496,2499],"class_list":["product","first","instock","shipping-taxable","purchasable","product-type-variable"],"acf":[],"_links":{"self":[{"href":"https:\/\/mouldking.store\/de\/wp-json\/wp\/v2\/product\/25536","targetHints":{"allow":["GET"]}}],"collection":[{"href":"https:\/\/mouldking.store\/de\/wp-json\/wp\/v2\/product"}],"about":[{"href":"https:\/\/mouldking.store\/de\/wp-json\/wp\/v2\/types\/product"}],"replies":[{"embeddable":true,"href":"https:\/\/mouldking.store\/de\/wp-json\/wp\/v2\/comments?post=25536"}],"wp:featuredmedia":[{"embeddable":true,"href":"https:\/\/mouldking.store\/de\/wp-json\/wp\/v2\/media\/25546"}],"wp:attachment":[{"href":"https:\/\/mouldking.store\/de\/wp-json\/wp\/v2\/media?parent=25536"}],"wp:term":[{"taxonomy":"product_cat","embeddable":true,"href":"https:\/\/mouldking.store\/de\/wp-json\/wp\/v2\/product_cat?post=25536"},{"taxonomy":"product_tag","embeddable":true,"href":"https:\/\/mouldking.store\/de\/wp-json\/wp\/v2\/product_tag?post=25536"}],"curies":[{"name":"wp","href":"https:\/\/api.w.org\/{rel}","templated":true}]}}