{"id":25618,"date":"2021-10-22T04:29:00","date_gmt":"2021-10-22T04:29:00","guid":{"rendered":"https:\/\/mouldking.store\/?post_type=product&#038;p=25618"},"modified":"2021-12-23T09:41:51","modified_gmt":"2021-12-23T09:41:51","slug":"panlos-611006-brontosaurus-with-1715-pieces","status":"publish","type":"product","link":"https:\/\/mouldking.store\/de\/shop\/panlos-611006-brontosaurus-with-1715-pieces\/","title":{"rendered":"PANLOS 611006 Brontosaurus mit 1715 Teilen"},"content":{"rendered":"<p>Produktinformation:<\/p>\n<ol>\n<li>Marke: PANLOS<\/li>\n<li>Geschlecht: Unisex<\/li>\n<li>Name: Brontosaurus<\/li>\n<li>Altersspanne: &gt; 6 Jahre alt<\/li>\n<li>Modellnummer: 611006<\/li>\n<li>Einstufung: Assemblage<\/li>\n<li>Kunststoffblockform: Selbstsichernde Steine<\/li>\n<li>Material: Kunststoff<\/li>\n<li>Kunststofftyp: ABS<\/li>\n<li>Ziegelsteine: 1715 St\u00fcck<\/li>\n<li>Enth\u00e4lt eine ausf\u00fchrliche Montageanleitung.<\/li>\n<\/ol>\n<p>Notiz:<br \/>\n1. Ohne Originalverpackung, aber wir garantieren, dass unsere Produkte eine Qualit\u00e4tssicherung und eine sch\u00f6ne Verpackung haben.<br \/>\n2. Wie alle Teile, die wir vor dem Versand \u00fcberpr\u00fcft haben, machen Sie sich keine Sorgen, wenn Sie feststellen, dass einige Teile fehlen oder besch\u00e4digt sind, und kontaktieren Sie uns einfach, und wir k\u00f6nnen sie Ihnen umgehend kostenlos erneut zusenden.<\/p>\n<figure id=\"attachment_25623\" aria-describedby=\"caption-attachment-25623\" style=\"width: 741px\" class=\"wp-caption aligncenter\"><img fetchpriority=\"high\" decoding=\"async\" class=\"wp-image-25623 size-full\" src=\"https:\/\/mouldking.store\/wp-content\/uploads\/2021\/10\/PANLOS-611006-Brontosaurus-with-1715-pieces-5.jpg\" alt=\"PANLOS 611006 Brontosaurus with 1715 pieces\" width=\"741\" height=\"1024\" title=\"-\" srcset=\"https:\/\/mouldking.store\/wp-content\/uploads\/2021\/10\/PANLOS-611006-Brontosaurus-with-1715-pieces-5.jpg 741w, https:\/\/mouldking.store\/wp-content\/uploads\/2021\/10\/PANLOS-611006-Brontosaurus-with-1715-pieces-5-217x300.jpg 217w, https:\/\/mouldking.store\/wp-content\/uploads\/2021\/10\/PANLOS-611006-Brontosaurus-with-1715-pieces-5-300x415.jpg 300w, https:\/\/mouldking.store\/wp-content\/uploads\/2021\/10\/PANLOS-611006-Brontosaurus-with-1715-pieces-5-600x829.jpg 600w, https:\/\/mouldking.store\/wp-content\/uploads\/2021\/10\/PANLOS-611006-Brontosaurus-with-1715-pieces-5-109x150.jpg 109w\" sizes=\"(max-width: 741px) 100vw, 741px\" \/><figcaption id=\"caption-attachment-25623\" class=\"wp-caption-text\">PANLOS 611006 Brontosaurus mit 1715 Teilen<\/figcaption><\/figure>\n<figure id=\"attachment_25622\" aria-describedby=\"caption-attachment-25622\" style=\"width: 667px\" class=\"wp-caption aligncenter\"><img decoding=\"async\" class=\"wp-image-25622 size-full\" src=\"https:\/\/mouldking.store\/wp-content\/uploads\/2021\/10\/PANLOS-611006-Brontosaurus-with-1715-pieces-4.jpg\" alt=\"PANLOS 611006 Brontosaurus with 1715 pieces\" width=\"667\" height=\"1024\" title=\"-\" srcset=\"https:\/\/mouldking.store\/wp-content\/uploads\/2021\/10\/PANLOS-611006-Brontosaurus-with-1715-pieces-4.jpg 667w, https:\/\/mouldking.store\/wp-content\/uploads\/2021\/10\/PANLOS-611006-Brontosaurus-with-1715-pieces-4-195x300.jpg 195w, https:\/\/mouldking.store\/wp-content\/uploads\/2021\/10\/PANLOS-611006-Brontosaurus-with-1715-pieces-4-300x461.jpg 300w, https:\/\/mouldking.store\/wp-content\/uploads\/2021\/10\/PANLOS-611006-Brontosaurus-with-1715-pieces-4-600x921.jpg 600w, https:\/\/mouldking.store\/wp-content\/uploads\/2021\/10\/PANLOS-611006-Brontosaurus-with-1715-pieces-4-98x150.jpg 98w\" sizes=\"(max-width: 667px) 100vw, 667px\" \/><figcaption id=\"caption-attachment-25622\" class=\"wp-caption-text\">PANLOS 611006 Brontosaurus mit 1715 Teilen<\/figcaption><\/figure>\n<figure id=\"attachment_25621\" aria-describedby=\"caption-attachment-25621\" style=\"width: 589px\" class=\"wp-caption aligncenter\"><img decoding=\"async\" class=\"wp-image-25621 size-full\" src=\"https:\/\/mouldking.store\/wp-content\/uploads\/2021\/10\/PANLOS-611006-Brontosaurus-with-1715-pieces-3.jpg\" alt=\"PANLOS 611006 Brontosaurus with 1715 pieces\" width=\"589\" height=\"1024\" title=\"-\" srcset=\"https:\/\/mouldking.store\/wp-content\/uploads\/2021\/10\/PANLOS-611006-Brontosaurus-with-1715-pieces-3.jpg 589w, https:\/\/mouldking.store\/wp-content\/uploads\/2021\/10\/PANLOS-611006-Brontosaurus-with-1715-pieces-3-173x300.jpg 173w, https:\/\/mouldking.store\/wp-content\/uploads\/2021\/10\/PANLOS-611006-Brontosaurus-with-1715-pieces-3-300x522.jpg 300w, https:\/\/mouldking.store\/wp-content\/uploads\/2021\/10\/PANLOS-611006-Brontosaurus-with-1715-pieces-3-86x150.jpg 86w\" sizes=\"(max-width: 589px) 100vw, 589px\" \/><figcaption id=\"caption-attachment-25621\" class=\"wp-caption-text\">PANLOS 611006 Brontosaurus mit 1715 Teilen<\/figcaption><\/figure>\n<figure id=\"attachment_25620\" aria-describedby=\"caption-attachment-25620\" style=\"width: 800px\" class=\"wp-caption aligncenter\"><img loading=\"lazy\" decoding=\"async\" class=\"wp-image-25620 size-full\" src=\"https:\/\/mouldking.store\/wp-content\/uploads\/2021\/10\/PANLOS-611006-Brontosaurus-with-1715-pieces-2.jpg\" alt=\"PANLOS 611006 Brontosaurus with 1715 pieces\" width=\"800\" height=\"800\" title=\"-\" srcset=\"https:\/\/mouldking.store\/wp-content\/uploads\/2021\/10\/PANLOS-611006-Brontosaurus-with-1715-pieces-2.jpg 800w, https:\/\/mouldking.store\/wp-content\/uploads\/2021\/10\/PANLOS-611006-Brontosaurus-with-1715-pieces-2-300x300.jpg 300w, https:\/\/mouldking.store\/wp-content\/uploads\/2021\/10\/PANLOS-611006-Brontosaurus-with-1715-pieces-2-768x768.jpg 768w, https:\/\/mouldking.store\/wp-content\/uploads\/2021\/10\/PANLOS-611006-Brontosaurus-with-1715-pieces-2-600x600.jpg 600w, https:\/\/mouldking.store\/wp-content\/uploads\/2021\/10\/PANLOS-611006-Brontosaurus-with-1715-pieces-2-150x150.jpg 150w\" sizes=\"(max-width: 800px) 100vw, 800px\" \/><figcaption id=\"caption-attachment-25620\" class=\"wp-caption-text\">PANLOS 611006 Brontosaurus mit 1715 Teilen<\/figcaption><\/figure>","protected":false},"excerpt":{"rendered":"<p>Product information: Brand: PANLOS Gender: Unisex Name: Brontosaurus Age Range: &gt; 6 years old Model Number: 611006 Classification: Assemblage Plastic Block Shape: Self-Locking Bricks Material: Plastic Plastic Type: ABS Bricks Blocks: 1715 PCS Contains detailed assembly instructions. Notice: 1. Without an original box, but we guarantee our products have quality assurance and nice packaging. 2. [&hellip;]<\/p>","protected":false},"featured_media":25619,"comment_status":"open","ping_status":"closed","template":"","meta":{"_acf_changed":false},"product_cat":[371],"product_tag":[2532,2234,1851,2531,2530,2235],"class_list":["product","first","instock","shipping-taxable","purchasable","product-type-simple"],"acf":[],"_links":{"self":[{"href":"https:\/\/mouldking.store\/de\/wp-json\/wp\/v2\/product\/25618","targetHints":{"allow":["GET"]}}],"collection":[{"href":"https:\/\/mouldking.store\/de\/wp-json\/wp\/v2\/product"}],"about":[{"href":"https:\/\/mouldking.store\/de\/wp-json\/wp\/v2\/types\/product"}],"replies":[{"embeddable":true,"href":"https:\/\/mouldking.store\/de\/wp-json\/wp\/v2\/comments?post=25618"}],"wp:featuredmedia":[{"embeddable":true,"href":"https:\/\/mouldking.store\/de\/wp-json\/wp\/v2\/media\/25619"}],"wp:attachment":[{"href":"https:\/\/mouldking.store\/de\/wp-json\/wp\/v2\/media?parent=25618"}],"wp:term":[{"taxonomy":"product_cat","embeddable":true,"href":"https:\/\/mouldking.store\/de\/wp-json\/wp\/v2\/product_cat?post=25618"},{"taxonomy":"product_tag","embeddable":true,"href":"https:\/\/mouldking.store\/de\/wp-json\/wp\/v2\/product_tag?post=25618"}],"curies":[{"name":"wp","href":"https:\/\/api.w.org\/{rel}","templated":true}]}}