{"id":25699,"date":"2021-10-25T10:13:19","date_gmt":"2021-10-25T10:13:19","guid":{"rendered":"https:\/\/mouldking.store\/?post_type=product&#038;p=25699"},"modified":"2021-12-23T09:41:51","modified_gmt":"2021-12-23T09:41:51","slug":"mould-king-20011-rc-red-alert-mammoth-tank-with-3296-pieces","status":"publish","type":"product","link":"https:\/\/mouldking.store\/de\/shop\/mould-king-20011-rc-red-alert-mammoth-tank-with-3296-pieces\/","title":{"rendered":"Mould King 20011 RC Red Alert Mammutpanzer mit 3296 Teilen"},"content":{"rendered":"<p>Produktinformation:<\/p>\n<ol>\n<li>Marke: Mould King<\/li>\n<li>Geschlecht: Unisex<\/li>\n<li>Name: RC Red Alert Mammoth Tank<\/li>\n<li>Altersspanne: &gt; 14 Jahre alt<\/li>\n<li>Model Number: 20011<\/li>\n<li>Einstufung: Assemblage<\/li>\n<li>Kunststoffblockform: Selbstsichernde Steine<\/li>\n<li>Material: Kunststoff<\/li>\n<li>Kunststofftyp: ABS<\/li>\n<li>Bricks Blocks: 3296 PCS<\/li>\n<li>Enth\u00e4lt eine ausf\u00fchrliche Montageanleitung.<\/li>\n<\/ol>\n<p>Notiz:<br \/>\n1. Ohne Originalverpackung, aber wir garantieren, dass unsere Produkte eine Qualit\u00e4tssicherung und eine sch\u00f6ne Verpackung haben.<br \/>\n2. Wie alle Teile, die wir vor dem Versand \u00fcberpr\u00fcft haben, machen Sie sich keine Sorgen, wenn Sie feststellen, dass einige Teile fehlen oder besch\u00e4digt sind, und kontaktieren Sie uns einfach, und wir k\u00f6nnen sie Ihnen umgehend kostenlos erneut zusenden.<\/p>\n<figure id=\"attachment_25700\" aria-describedby=\"caption-attachment-25700\" style=\"width: 800px\" class=\"wp-caption aligncenter\"><img fetchpriority=\"high\" decoding=\"async\" class=\"wp-image-25700 size-full\" src=\"https:\/\/mouldking.store\/wp-content\/uploads\/2021\/10\/Mould-King-20011-RC-Red-Alert-Mammoth-Tank-with-3296-pieces-1.jpg\" alt=\"Mould King 20011 RC Red Alert Mammoth Tank with 3296 pieces\" width=\"800\" height=\"800\" title=\"-\" srcset=\"https:\/\/mouldking.store\/wp-content\/uploads\/2021\/10\/Mould-King-20011-RC-Red-Alert-Mammoth-Tank-with-3296-pieces-1.jpg 800w, https:\/\/mouldking.store\/wp-content\/uploads\/2021\/10\/Mould-King-20011-RC-Red-Alert-Mammoth-Tank-with-3296-pieces-1-300x300.jpg 300w, https:\/\/mouldking.store\/wp-content\/uploads\/2021\/10\/Mould-King-20011-RC-Red-Alert-Mammoth-Tank-with-3296-pieces-1-768x768.jpg 768w, https:\/\/mouldking.store\/wp-content\/uploads\/2021\/10\/Mould-King-20011-RC-Red-Alert-Mammoth-Tank-with-3296-pieces-1-600x600.jpg 600w, https:\/\/mouldking.store\/wp-content\/uploads\/2021\/10\/Mould-King-20011-RC-Red-Alert-Mammoth-Tank-with-3296-pieces-1-150x150.jpg 150w\" sizes=\"(max-width: 800px) 100vw, 800px\" \/><figcaption id=\"caption-attachment-25700\" class=\"wp-caption-text\">Mould King 20011 RC Red Alert Mammutpanzer mit 3296 Teilen<\/figcaption><\/figure>\n<figure id=\"attachment_25711\" aria-describedby=\"caption-attachment-25711\" style=\"width: 750px\" class=\"wp-caption aligncenter\"><img decoding=\"async\" class=\"wp-image-25711 size-full\" src=\"https:\/\/mouldking.store\/wp-content\/uploads\/2021\/10\/Mould-King-20011-RC-Red-Alert-Mammoth-Tank-with-3296-pieces-12.jpg\" alt=\"Mould King 20011 RC Red Alert Mammoth Tank with 3296 pieces\" width=\"750\" height=\"685\" title=\"-\" srcset=\"https:\/\/mouldking.store\/wp-content\/uploads\/2021\/10\/Mould-King-20011-RC-Red-Alert-Mammoth-Tank-with-3296-pieces-12.jpg 750w, https:\/\/mouldking.store\/wp-content\/uploads\/2021\/10\/Mould-King-20011-RC-Red-Alert-Mammoth-Tank-with-3296-pieces-12-300x274.jpg 300w, https:\/\/mouldking.store\/wp-content\/uploads\/2021\/10\/Mould-King-20011-RC-Red-Alert-Mammoth-Tank-with-3296-pieces-12-600x548.jpg 600w, https:\/\/mouldking.store\/wp-content\/uploads\/2021\/10\/Mould-King-20011-RC-Red-Alert-Mammoth-Tank-with-3296-pieces-12-150x137.jpg 150w\" sizes=\"(max-width: 750px) 100vw, 750px\" \/><figcaption id=\"caption-attachment-25711\" class=\"wp-caption-text\">Mould King 20011 RC Red Alert Mammutpanzer mit 3296 Teilen<\/figcaption><\/figure>\n<figure id=\"attachment_25705\" aria-describedby=\"caption-attachment-25705\" style=\"width: 750px\" class=\"wp-caption aligncenter\"><img decoding=\"async\" class=\"wp-image-25705 size-full\" src=\"https:\/\/mouldking.store\/wp-content\/uploads\/2021\/10\/Mould-King-20011-RC-Red-Alert-Mammoth-Tank-with-3296-pieces-6.jpg\" alt=\"Mould King 20011 RC Red Alert Mammoth Tank with 3296 pieces\" width=\"750\" height=\"863\" title=\"-\" srcset=\"https:\/\/mouldking.store\/wp-content\/uploads\/2021\/10\/Mould-King-20011-RC-Red-Alert-Mammoth-Tank-with-3296-pieces-6.jpg 750w, https:\/\/mouldking.store\/wp-content\/uploads\/2021\/10\/Mould-King-20011-RC-Red-Alert-Mammoth-Tank-with-3296-pieces-6-261x300.jpg 261w, https:\/\/mouldking.store\/wp-content\/uploads\/2021\/10\/Mould-King-20011-RC-Red-Alert-Mammoth-Tank-with-3296-pieces-6-300x345.jpg 300w, https:\/\/mouldking.store\/wp-content\/uploads\/2021\/10\/Mould-King-20011-RC-Red-Alert-Mammoth-Tank-with-3296-pieces-6-600x690.jpg 600w, https:\/\/mouldking.store\/wp-content\/uploads\/2021\/10\/Mould-King-20011-RC-Red-Alert-Mammoth-Tank-with-3296-pieces-6-130x150.jpg 130w\" sizes=\"(max-width: 750px) 100vw, 750px\" \/><figcaption id=\"caption-attachment-25705\" class=\"wp-caption-text\">Mould King 20011 RC Red Alert Mammutpanzer mit 3296 Teilen<\/figcaption><\/figure>\n<figure id=\"attachment_25710\" aria-describedby=\"caption-attachment-25710\" style=\"width: 750px\" class=\"wp-caption aligncenter\"><img loading=\"lazy\" decoding=\"async\" class=\"wp-image-25710 size-full\" src=\"https:\/\/mouldking.store\/wp-content\/uploads\/2021\/10\/Mould-King-20011-RC-Red-Alert-Mammoth-Tank-with-3296-pieces-11.jpg\" alt=\"Mould King 20011 RC Red Alert Mammoth Tank with 3296 pieces\" width=\"750\" height=\"979\" title=\"-\" srcset=\"https:\/\/mouldking.store\/wp-content\/uploads\/2021\/10\/Mould-King-20011-RC-Red-Alert-Mammoth-Tank-with-3296-pieces-11.jpg 750w, https:\/\/mouldking.store\/wp-content\/uploads\/2021\/10\/Mould-King-20011-RC-Red-Alert-Mammoth-Tank-with-3296-pieces-11-230x300.jpg 230w, https:\/\/mouldking.store\/wp-content\/uploads\/2021\/10\/Mould-King-20011-RC-Red-Alert-Mammoth-Tank-with-3296-pieces-11-300x392.jpg 300w, https:\/\/mouldking.store\/wp-content\/uploads\/2021\/10\/Mould-King-20011-RC-Red-Alert-Mammoth-Tank-with-3296-pieces-11-600x783.jpg 600w, https:\/\/mouldking.store\/wp-content\/uploads\/2021\/10\/Mould-King-20011-RC-Red-Alert-Mammoth-Tank-with-3296-pieces-11-115x150.jpg 115w\" sizes=\"(max-width: 750px) 100vw, 750px\" \/><figcaption id=\"caption-attachment-25710\" class=\"wp-caption-text\">Mould King 20011 RC Red Alert Mammutpanzer mit 3296 Teilen<\/figcaption><\/figure>\n<figure id=\"attachment_25708\" aria-describedby=\"caption-attachment-25708\" style=\"width: 750px\" class=\"wp-caption aligncenter\"><img loading=\"lazy\" decoding=\"async\" class=\"wp-image-25708 size-full\" src=\"https:\/\/mouldking.store\/wp-content\/uploads\/2021\/10\/Mould-King-20011-RC-Red-Alert-Mammoth-Tank-with-3296-pieces-9.jpg\" alt=\"Mould King 20011 RC Red Alert Mammoth Tank with 3296 pieces\" width=\"750\" height=\"868\" title=\"-\" srcset=\"https:\/\/mouldking.store\/wp-content\/uploads\/2021\/10\/Mould-King-20011-RC-Red-Alert-Mammoth-Tank-with-3296-pieces-9.jpg 750w, https:\/\/mouldking.store\/wp-content\/uploads\/2021\/10\/Mould-King-20011-RC-Red-Alert-Mammoth-Tank-with-3296-pieces-9-259x300.jpg 259w, https:\/\/mouldking.store\/wp-content\/uploads\/2021\/10\/Mould-King-20011-RC-Red-Alert-Mammoth-Tank-with-3296-pieces-9-300x347.jpg 300w, https:\/\/mouldking.store\/wp-content\/uploads\/2021\/10\/Mould-King-20011-RC-Red-Alert-Mammoth-Tank-with-3296-pieces-9-600x694.jpg 600w, https:\/\/mouldking.store\/wp-content\/uploads\/2021\/10\/Mould-King-20011-RC-Red-Alert-Mammoth-Tank-with-3296-pieces-9-130x150.jpg 130w\" sizes=\"(max-width: 750px) 100vw, 750px\" \/><figcaption id=\"caption-attachment-25708\" class=\"wp-caption-text\">Mould King 20011 RC Red Alert Mammutpanzer mit 3296 Teilen<\/figcaption><\/figure>\n<figure id=\"attachment_25707\" aria-describedby=\"caption-attachment-25707\" style=\"width: 520px\" class=\"wp-caption aligncenter\"><img loading=\"lazy\" decoding=\"async\" class=\"wp-image-25707 size-full\" src=\"https:\/\/mouldking.store\/wp-content\/uploads\/2021\/10\/Mould-King-20011-RC-Red-Alert-Mammoth-Tank-with-3296-pieces-8.jpg\" alt=\"Mould King 20011 RC Red Alert Mammoth Tank with 3296 pieces\" width=\"520\" height=\"1024\" title=\"-\" srcset=\"https:\/\/mouldking.store\/wp-content\/uploads\/2021\/10\/Mould-King-20011-RC-Red-Alert-Mammoth-Tank-with-3296-pieces-8.jpg 520w, https:\/\/mouldking.store\/wp-content\/uploads\/2021\/10\/Mould-King-20011-RC-Red-Alert-Mammoth-Tank-with-3296-pieces-8-152x300.jpg 152w, https:\/\/mouldking.store\/wp-content\/uploads\/2021\/10\/Mould-King-20011-RC-Red-Alert-Mammoth-Tank-with-3296-pieces-8-300x591.jpg 300w, https:\/\/mouldking.store\/wp-content\/uploads\/2021\/10\/Mould-King-20011-RC-Red-Alert-Mammoth-Tank-with-3296-pieces-8-76x150.jpg 76w\" sizes=\"(max-width: 520px) 100vw, 520px\" \/><figcaption id=\"caption-attachment-25707\" class=\"wp-caption-text\">Mould King 20011 RC Red Alert Mammutpanzer mit 3296 Teilen<\/figcaption><\/figure>\n<figure id=\"attachment_25702\" aria-describedby=\"caption-attachment-25702\" style=\"width: 490px\" class=\"wp-caption aligncenter\"><img loading=\"lazy\" decoding=\"async\" class=\"wp-image-25702 size-full\" src=\"https:\/\/mouldking.store\/wp-content\/uploads\/2021\/10\/Mould-King-20011-RC-Red-Alert-Mammoth-Tank-with-3296-pieces-3.jpg\" alt=\"Mould King 20011 RC Red Alert Mammoth Tank with 3296 pieces\" width=\"490\" height=\"1024\" title=\"-\" srcset=\"https:\/\/mouldking.store\/wp-content\/uploads\/2021\/10\/Mould-King-20011-RC-Red-Alert-Mammoth-Tank-with-3296-pieces-3.jpg 490w, https:\/\/mouldking.store\/wp-content\/uploads\/2021\/10\/Mould-King-20011-RC-Red-Alert-Mammoth-Tank-with-3296-pieces-3-144x300.jpg 144w, https:\/\/mouldking.store\/wp-content\/uploads\/2021\/10\/Mould-King-20011-RC-Red-Alert-Mammoth-Tank-with-3296-pieces-3-300x627.jpg 300w, https:\/\/mouldking.store\/wp-content\/uploads\/2021\/10\/Mould-King-20011-RC-Red-Alert-Mammoth-Tank-with-3296-pieces-3-72x150.jpg 72w\" sizes=\"(max-width: 490px) 100vw, 490px\" \/><figcaption id=\"caption-attachment-25702\" class=\"wp-caption-text\">Mould King 20011 RC Red Alert Mammutpanzer mit 3296 Teilen<\/figcaption><\/figure>\n<figure id=\"attachment_25701\" aria-describedby=\"caption-attachment-25701\" style=\"width: 669px\" class=\"wp-caption aligncenter\"><img loading=\"lazy\" decoding=\"async\" class=\"wp-image-25701 size-full\" src=\"https:\/\/mouldking.store\/wp-content\/uploads\/2021\/10\/Mould-King-20011-RC-Red-Alert-Mammoth-Tank-with-3296-pieces-2.jpg\" alt=\"Mould King 20011 RC Red Alert Mammoth Tank with 3296 pieces\" width=\"669\" height=\"1024\" title=\"-\" srcset=\"https:\/\/mouldking.store\/wp-content\/uploads\/2021\/10\/Mould-King-20011-RC-Red-Alert-Mammoth-Tank-with-3296-pieces-2.jpg 669w, https:\/\/mouldking.store\/wp-content\/uploads\/2021\/10\/Mould-King-20011-RC-Red-Alert-Mammoth-Tank-with-3296-pieces-2-196x300.jpg 196w, https:\/\/mouldking.store\/wp-content\/uploads\/2021\/10\/Mould-King-20011-RC-Red-Alert-Mammoth-Tank-with-3296-pieces-2-300x459.jpg 300w, https:\/\/mouldking.store\/wp-content\/uploads\/2021\/10\/Mould-King-20011-RC-Red-Alert-Mammoth-Tank-with-3296-pieces-2-600x918.jpg 600w, https:\/\/mouldking.store\/wp-content\/uploads\/2021\/10\/Mould-King-20011-RC-Red-Alert-Mammoth-Tank-with-3296-pieces-2-98x150.jpg 98w\" sizes=\"(max-width: 669px) 100vw, 669px\" \/><figcaption id=\"caption-attachment-25701\" class=\"wp-caption-text\">Mould King 20011 RC Red Alert Mammutpanzer mit 3296 Teilen<\/figcaption><\/figure>\n<figure id=\"attachment_25703\" aria-describedby=\"caption-attachment-25703\" style=\"width: 750px\" class=\"wp-caption aligncenter\"><img loading=\"lazy\" decoding=\"async\" class=\"wp-image-25703 size-full\" src=\"https:\/\/mouldking.store\/wp-content\/uploads\/2021\/10\/Mould-King-20011-RC-Red-Alert-Mammoth-Tank-with-3296-pieces-4.jpg\" alt=\"Mould King 20011 RC Red Alert Mammoth Tank with 3296 pieces\" width=\"750\" height=\"841\" title=\"-\" srcset=\"https:\/\/mouldking.store\/wp-content\/uploads\/2021\/10\/Mould-King-20011-RC-Red-Alert-Mammoth-Tank-with-3296-pieces-4.jpg 750w, https:\/\/mouldking.store\/wp-content\/uploads\/2021\/10\/Mould-King-20011-RC-Red-Alert-Mammoth-Tank-with-3296-pieces-4-268x300.jpg 268w, https:\/\/mouldking.store\/wp-content\/uploads\/2021\/10\/Mould-King-20011-RC-Red-Alert-Mammoth-Tank-with-3296-pieces-4-300x336.jpg 300w, https:\/\/mouldking.store\/wp-content\/uploads\/2021\/10\/Mould-King-20011-RC-Red-Alert-Mammoth-Tank-with-3296-pieces-4-600x673.jpg 600w, https:\/\/mouldking.store\/wp-content\/uploads\/2021\/10\/Mould-King-20011-RC-Red-Alert-Mammoth-Tank-with-3296-pieces-4-134x150.jpg 134w\" sizes=\"(max-width: 750px) 100vw, 750px\" \/><figcaption id=\"caption-attachment-25703\" class=\"wp-caption-text\">Mould King 20011 RC Red Alert Mammutpanzer mit 3296 Teilen<\/figcaption><\/figure>\n<figure id=\"attachment_25704\" aria-describedby=\"caption-attachment-25704\" style=\"width: 718px\" class=\"wp-caption aligncenter\"><img loading=\"lazy\" decoding=\"async\" class=\"wp-image-25704 size-full\" src=\"https:\/\/mouldking.store\/wp-content\/uploads\/2021\/10\/Mould-King-20011-RC-Red-Alert-Mammoth-Tank-with-3296-pieces-5.jpg\" alt=\"Mould King 20011 RC Red Alert Mammoth Tank with 3296 pieces\" width=\"718\" height=\"1024\" title=\"-\" srcset=\"https:\/\/mouldking.store\/wp-content\/uploads\/2021\/10\/Mould-King-20011-RC-Red-Alert-Mammoth-Tank-with-3296-pieces-5.jpg 718w, https:\/\/mouldking.store\/wp-content\/uploads\/2021\/10\/Mould-King-20011-RC-Red-Alert-Mammoth-Tank-with-3296-pieces-5-210x300.jpg 210w, https:\/\/mouldking.store\/wp-content\/uploads\/2021\/10\/Mould-King-20011-RC-Red-Alert-Mammoth-Tank-with-3296-pieces-5-300x428.jpg 300w, https:\/\/mouldking.store\/wp-content\/uploads\/2021\/10\/Mould-King-20011-RC-Red-Alert-Mammoth-Tank-with-3296-pieces-5-600x856.jpg 600w, https:\/\/mouldking.store\/wp-content\/uploads\/2021\/10\/Mould-King-20011-RC-Red-Alert-Mammoth-Tank-with-3296-pieces-5-105x150.jpg 105w\" sizes=\"(max-width: 718px) 100vw, 718px\" \/><figcaption id=\"caption-attachment-25704\" class=\"wp-caption-text\">Mould King 20011 RC Red Alert Mammutpanzer mit 3296 Teilen<\/figcaption><\/figure>\n<figure id=\"attachment_25706\" aria-describedby=\"caption-attachment-25706\" style=\"width: 750px\" class=\"wp-caption aligncenter\"><img loading=\"lazy\" decoding=\"async\" class=\"wp-image-25706 size-full\" src=\"https:\/\/mouldking.store\/wp-content\/uploads\/2021\/10\/Mould-King-20011-RC-Red-Alert-Mammoth-Tank-with-3296-pieces-7.jpg\" alt=\"Mould King 20011 RC Red Alert Mammoth Tank with 3296 pieces\" width=\"750\" height=\"403\" title=\"-\" srcset=\"https:\/\/mouldking.store\/wp-content\/uploads\/2021\/10\/Mould-King-20011-RC-Red-Alert-Mammoth-Tank-with-3296-pieces-7.jpg 750w, https:\/\/mouldking.store\/wp-content\/uploads\/2021\/10\/Mould-King-20011-RC-Red-Alert-Mammoth-Tank-with-3296-pieces-7-300x161.jpg 300w, https:\/\/mouldking.store\/wp-content\/uploads\/2021\/10\/Mould-King-20011-RC-Red-Alert-Mammoth-Tank-with-3296-pieces-7-600x322.jpg 600w, https:\/\/mouldking.store\/wp-content\/uploads\/2021\/10\/Mould-King-20011-RC-Red-Alert-Mammoth-Tank-with-3296-pieces-7-150x81.jpg 150w\" sizes=\"(max-width: 750px) 100vw, 750px\" \/><figcaption id=\"caption-attachment-25706\" class=\"wp-caption-text\">Mould King 20011 RC Red Alert Mammutpanzer mit 3296 Teilen<\/figcaption><\/figure>\n<figure id=\"attachment_25709\" aria-describedby=\"caption-attachment-25709\" style=\"width: 750px\" class=\"wp-caption aligncenter\"><img loading=\"lazy\" decoding=\"async\" class=\"wp-image-25709 size-full\" src=\"https:\/\/mouldking.store\/wp-content\/uploads\/2021\/10\/Mould-King-20011-RC-Red-Alert-Mammoth-Tank-with-3296-pieces-10.jpg\" alt=\"Mould King 20011 RC Red Alert Mammoth Tank with 3296 pieces\" width=\"750\" height=\"879\" title=\"-\" srcset=\"https:\/\/mouldking.store\/wp-content\/uploads\/2021\/10\/Mould-King-20011-RC-Red-Alert-Mammoth-Tank-with-3296-pieces-10.jpg 750w, https:\/\/mouldking.store\/wp-content\/uploads\/2021\/10\/Mould-King-20011-RC-Red-Alert-Mammoth-Tank-with-3296-pieces-10-256x300.jpg 256w, https:\/\/mouldking.store\/wp-content\/uploads\/2021\/10\/Mould-King-20011-RC-Red-Alert-Mammoth-Tank-with-3296-pieces-10-300x352.jpg 300w, https:\/\/mouldking.store\/wp-content\/uploads\/2021\/10\/Mould-King-20011-RC-Red-Alert-Mammoth-Tank-with-3296-pieces-10-600x703.jpg 600w, https:\/\/mouldking.store\/wp-content\/uploads\/2021\/10\/Mould-King-20011-RC-Red-Alert-Mammoth-Tank-with-3296-pieces-10-128x150.jpg 128w\" sizes=\"(max-width: 750px) 100vw, 750px\" \/><figcaption id=\"caption-attachment-25709\" class=\"wp-caption-text\">Mould King 20011 RC Red Alert Mammutpanzer mit 3296 Teilen<\/figcaption><\/figure>","protected":false},"excerpt":{"rendered":"<p>Product information: Brand: Mould King Gender: Unisex Name: RC Red Alert Mammoth Tank Age Range: &gt; 14 years old Model Number: 20011 Classification: Assemblage Plastic Block Shape: Self-Locking Bricks Material: Plastic Plastic Type: ABS Bricks Blocks: 3296 PCS Contains detailed assembly instructions. Notice: 1. Without an original box, but we guarantee our products have quality [&hellip;]<\/p>","protected":false},"featured_media":25700,"comment_status":"open","ping_status":"closed","template":"","meta":{"_acf_changed":false},"product_cat":[372],"product_tag":[2558,2560,615,2556,2555,2562,2561,481,2557,2559,2563],"class_list":["product","first","instock","shipping-taxable","purchasable","product-type-simple"],"acf":[],"_links":{"self":[{"href":"https:\/\/mouldking.store\/de\/wp-json\/wp\/v2\/product\/25699","targetHints":{"allow":["GET"]}}],"collection":[{"href":"https:\/\/mouldking.store\/de\/wp-json\/wp\/v2\/product"}],"about":[{"href":"https:\/\/mouldking.store\/de\/wp-json\/wp\/v2\/types\/product"}],"replies":[{"embeddable":true,"href":"https:\/\/mouldking.store\/de\/wp-json\/wp\/v2\/comments?post=25699"}],"wp:featuredmedia":[{"embeddable":true,"href":"https:\/\/mouldking.store\/de\/wp-json\/wp\/v2\/media\/25700"}],"wp:attachment":[{"href":"https:\/\/mouldking.store\/de\/wp-json\/wp\/v2\/media?parent=25699"}],"wp:term":[{"taxonomy":"product_cat","embeddable":true,"href":"https:\/\/mouldking.store\/de\/wp-json\/wp\/v2\/product_cat?post=25699"},{"taxonomy":"product_tag","embeddable":true,"href":"https:\/\/mouldking.store\/de\/wp-json\/wp\/v2\/product_tag?post=25699"}],"curies":[{"name":"wp","href":"https:\/\/api.w.org\/{rel}","templated":true}]}}