{"id":25713,"date":"2021-10-25T10:20:21","date_gmt":"2021-10-25T10:20:21","guid":{"rendered":"https:\/\/mouldking.store\/?post_type=product&#038;p=25713"},"modified":"2021-12-23T09:41:51","modified_gmt":"2021-12-23T09:41:51","slug":"mould-king-17011-tow-truck-with-1250-pieces","status":"publish","type":"product","link":"https:\/\/mouldking.store\/de\/shop\/mould-king-17011-tow-truck-with-1250-pieces\/","title":{"rendered":"Mould King 17011 Abschleppwagen mit 1250 Teilen"},"content":{"rendered":"<p>Produktinformation:<\/p>\n<ol>\n<li>Marke: Mould King<\/li>\n<li>Geschlecht: Unisex<\/li>\n<li>Name: Tow Truck<\/li>\n<li>Altersspanne: &gt; 14 Jahre alt<\/li>\n<li>Model Number: 17011<\/li>\n<li>Einstufung: Assemblage<\/li>\n<li>Kunststoffblockform: Selbstsichernde Steine<\/li>\n<li>Material: Kunststoff<\/li>\n<li>Kunststofftyp: ABS<\/li>\n<li>Ziegelsteine: 1250 St\u00fcck<\/li>\n<li>Enth\u00e4lt eine ausf\u00fchrliche Montageanleitung.<\/li>\n<\/ol>\n<p>Notiz:<br \/>\n1. Ohne Originalverpackung, aber wir garantieren, dass unsere Produkte eine Qualit\u00e4tssicherung und eine sch\u00f6ne Verpackung haben.<br \/>\n2. Wie alle Teile, die wir vor dem Versand \u00fcberpr\u00fcft haben, machen Sie sich keine Sorgen, wenn Sie feststellen, dass einige Teile fehlen oder besch\u00e4digt sind, und kontaktieren Sie uns einfach, und wir k\u00f6nnen sie Ihnen umgehend kostenlos erneut zusenden.<\/p>\n<figure id=\"attachment_25714\" aria-describedby=\"caption-attachment-25714\" style=\"width: 800px\" class=\"wp-caption aligncenter\"><img fetchpriority=\"high\" decoding=\"async\" class=\"wp-image-25714 size-full\" src=\"https:\/\/mouldking.store\/wp-content\/uploads\/2021\/10\/Mould-King-17011-Tow-Truck-with-1250-pieces-1.jpg\" alt=\"Mould King 17011 Tow Truck with 1250 pieces\" width=\"800\" height=\"800\" title=\"-\" srcset=\"https:\/\/mouldking.store\/wp-content\/uploads\/2021\/10\/Mould-King-17011-Tow-Truck-with-1250-pieces-1.jpg 800w, https:\/\/mouldking.store\/wp-content\/uploads\/2021\/10\/Mould-King-17011-Tow-Truck-with-1250-pieces-1-300x300.jpg 300w, https:\/\/mouldking.store\/wp-content\/uploads\/2021\/10\/Mould-King-17011-Tow-Truck-with-1250-pieces-1-768x768.jpg 768w, https:\/\/mouldking.store\/wp-content\/uploads\/2021\/10\/Mould-King-17011-Tow-Truck-with-1250-pieces-1-600x600.jpg 600w, https:\/\/mouldking.store\/wp-content\/uploads\/2021\/10\/Mould-King-17011-Tow-Truck-with-1250-pieces-1-150x150.jpg 150w\" sizes=\"(max-width: 800px) 100vw, 800px\" \/><figcaption id=\"caption-attachment-25714\" class=\"wp-caption-text\">Mould King 17011 Abschleppwagen mit 1250 Teilen<\/figcaption><\/figure>\n<figure id=\"attachment_25718\" aria-describedby=\"caption-attachment-25718\" style=\"width: 790px\" class=\"wp-caption aligncenter\"><img decoding=\"async\" class=\"wp-image-25718 size-full\" src=\"https:\/\/mouldking.store\/wp-content\/uploads\/2021\/10\/Mould-King-17011-Tow-Truck-with-1250-pieces-5.jpg\" alt=\"Mould King 17011 Tow Truck with 1250 pieces\" width=\"790\" height=\"771\" title=\"-\" srcset=\"https:\/\/mouldking.store\/wp-content\/uploads\/2021\/10\/Mould-King-17011-Tow-Truck-with-1250-pieces-5.jpg 790w, https:\/\/mouldking.store\/wp-content\/uploads\/2021\/10\/Mould-King-17011-Tow-Truck-with-1250-pieces-5-300x293.jpg 300w, https:\/\/mouldking.store\/wp-content\/uploads\/2021\/10\/Mould-King-17011-Tow-Truck-with-1250-pieces-5-768x750.jpg 768w, https:\/\/mouldking.store\/wp-content\/uploads\/2021\/10\/Mould-King-17011-Tow-Truck-with-1250-pieces-5-600x586.jpg 600w, https:\/\/mouldking.store\/wp-content\/uploads\/2021\/10\/Mould-King-17011-Tow-Truck-with-1250-pieces-5-150x146.jpg 150w\" sizes=\"(max-width: 790px) 100vw, 790px\" \/><figcaption id=\"caption-attachment-25718\" class=\"wp-caption-text\">Mould King 17011 Abschleppwagen mit 1250 Teilen<\/figcaption><\/figure>\n<figure id=\"attachment_25719\" aria-describedby=\"caption-attachment-25719\" style=\"width: 790px\" class=\"wp-caption aligncenter\"><img decoding=\"async\" class=\"wp-image-25719 size-full\" src=\"https:\/\/mouldking.store\/wp-content\/uploads\/2021\/10\/Mould-King-17011-Tow-Truck-with-1250-pieces-6.jpg\" alt=\"Mould King 17011 Tow Truck with 1250 pieces\" width=\"790\" height=\"816\" title=\"-\" srcset=\"https:\/\/mouldking.store\/wp-content\/uploads\/2021\/10\/Mould-King-17011-Tow-Truck-with-1250-pieces-6.jpg 790w, https:\/\/mouldking.store\/wp-content\/uploads\/2021\/10\/Mould-King-17011-Tow-Truck-with-1250-pieces-6-290x300.jpg 290w, https:\/\/mouldking.store\/wp-content\/uploads\/2021\/10\/Mould-King-17011-Tow-Truck-with-1250-pieces-6-768x793.jpg 768w, https:\/\/mouldking.store\/wp-content\/uploads\/2021\/10\/Mould-King-17011-Tow-Truck-with-1250-pieces-6-300x310.jpg 300w, https:\/\/mouldking.store\/wp-content\/uploads\/2021\/10\/Mould-King-17011-Tow-Truck-with-1250-pieces-6-600x620.jpg 600w, https:\/\/mouldking.store\/wp-content\/uploads\/2021\/10\/Mould-King-17011-Tow-Truck-with-1250-pieces-6-145x150.jpg 145w\" sizes=\"(max-width: 790px) 100vw, 790px\" \/><figcaption id=\"caption-attachment-25719\" class=\"wp-caption-text\">Mould King 17011 Abschleppwagen mit 1250 Teilen<\/figcaption><\/figure>\n<figure id=\"attachment_25722\" aria-describedby=\"caption-attachment-25722\" style=\"width: 790px\" class=\"wp-caption aligncenter\"><img loading=\"lazy\" decoding=\"async\" class=\"wp-image-25722 size-full\" src=\"https:\/\/mouldking.store\/wp-content\/uploads\/2021\/10\/Mould-King-17011-Tow-Truck-with-1250-pieces-9.jpg\" alt=\"Mould King 17011 Tow Truck with 1250 pieces\" width=\"790\" height=\"719\" title=\"-\" srcset=\"https:\/\/mouldking.store\/wp-content\/uploads\/2021\/10\/Mould-King-17011-Tow-Truck-with-1250-pieces-9.jpg 790w, https:\/\/mouldking.store\/wp-content\/uploads\/2021\/10\/Mould-King-17011-Tow-Truck-with-1250-pieces-9-300x273.jpg 300w, https:\/\/mouldking.store\/wp-content\/uploads\/2021\/10\/Mould-King-17011-Tow-Truck-with-1250-pieces-9-768x699.jpg 768w, https:\/\/mouldking.store\/wp-content\/uploads\/2021\/10\/Mould-King-17011-Tow-Truck-with-1250-pieces-9-600x546.jpg 600w, https:\/\/mouldking.store\/wp-content\/uploads\/2021\/10\/Mould-King-17011-Tow-Truck-with-1250-pieces-9-150x137.jpg 150w\" sizes=\"(max-width: 790px) 100vw, 790px\" \/><figcaption id=\"caption-attachment-25722\" class=\"wp-caption-text\">Mould King 17011 Abschleppwagen mit 1250 Teilen<\/figcaption><\/figure>\n<figure id=\"attachment_25723\" aria-describedby=\"caption-attachment-25723\" style=\"width: 734px\" class=\"wp-caption aligncenter\"><img loading=\"lazy\" decoding=\"async\" class=\"wp-image-25723 size-full\" src=\"https:\/\/mouldking.store\/wp-content\/uploads\/2021\/10\/Mould-King-17011-Tow-Truck-with-1250-pieces-10.jpg\" alt=\"Mould King 17011 Tow Truck with 1250 pieces\" width=\"734\" height=\"1024\" title=\"-\" srcset=\"https:\/\/mouldking.store\/wp-content\/uploads\/2021\/10\/Mould-King-17011-Tow-Truck-with-1250-pieces-10.jpg 734w, https:\/\/mouldking.store\/wp-content\/uploads\/2021\/10\/Mould-King-17011-Tow-Truck-with-1250-pieces-10-215x300.jpg 215w, https:\/\/mouldking.store\/wp-content\/uploads\/2021\/10\/Mould-King-17011-Tow-Truck-with-1250-pieces-10-300x419.jpg 300w, https:\/\/mouldking.store\/wp-content\/uploads\/2021\/10\/Mould-King-17011-Tow-Truck-with-1250-pieces-10-600x837.jpg 600w, https:\/\/mouldking.store\/wp-content\/uploads\/2021\/10\/Mould-King-17011-Tow-Truck-with-1250-pieces-10-108x150.jpg 108w\" sizes=\"(max-width: 734px) 100vw, 734px\" \/><figcaption id=\"caption-attachment-25723\" class=\"wp-caption-text\">Mould King 17011 Abschleppwagen mit 1250 Teilen<\/figcaption><\/figure>\n<figure id=\"attachment_25724\" aria-describedby=\"caption-attachment-25724\" style=\"width: 790px\" class=\"wp-caption aligncenter\"><img loading=\"lazy\" decoding=\"async\" class=\"wp-image-25724 size-full\" src=\"https:\/\/mouldking.store\/wp-content\/uploads\/2021\/10\/Mould-King-17011-Tow-Truck-with-1250-pieces-11.jpg\" alt=\"Mould King 17011 Tow Truck with 1250 pieces\" width=\"790\" height=\"980\" title=\"-\" srcset=\"https:\/\/mouldking.store\/wp-content\/uploads\/2021\/10\/Mould-King-17011-Tow-Truck-with-1250-pieces-11.jpg 790w, https:\/\/mouldking.store\/wp-content\/uploads\/2021\/10\/Mould-King-17011-Tow-Truck-with-1250-pieces-11-242x300.jpg 242w, https:\/\/mouldking.store\/wp-content\/uploads\/2021\/10\/Mould-King-17011-Tow-Truck-with-1250-pieces-11-768x953.jpg 768w, https:\/\/mouldking.store\/wp-content\/uploads\/2021\/10\/Mould-King-17011-Tow-Truck-with-1250-pieces-11-300x372.jpg 300w, https:\/\/mouldking.store\/wp-content\/uploads\/2021\/10\/Mould-King-17011-Tow-Truck-with-1250-pieces-11-600x744.jpg 600w, https:\/\/mouldking.store\/wp-content\/uploads\/2021\/10\/Mould-King-17011-Tow-Truck-with-1250-pieces-11-121x150.jpg 121w\" sizes=\"(max-width: 790px) 100vw, 790px\" \/><figcaption id=\"caption-attachment-25724\" class=\"wp-caption-text\">Mould King 17011 Abschleppwagen mit 1250 Teilen<\/figcaption><\/figure>\n<figure id=\"attachment_25725\" aria-describedby=\"caption-attachment-25725\" style=\"width: 790px\" class=\"wp-caption aligncenter\"><img loading=\"lazy\" decoding=\"async\" class=\"wp-image-25725 size-full\" src=\"https:\/\/mouldking.store\/wp-content\/uploads\/2021\/10\/Mould-King-17011-Tow-Truck-with-1250-pieces-12.jpg\" alt=\"Mould King 17011 Tow Truck with 1250 pieces\" width=\"790\" height=\"974\" title=\"-\" srcset=\"https:\/\/mouldking.store\/wp-content\/uploads\/2021\/10\/Mould-King-17011-Tow-Truck-with-1250-pieces-12.jpg 790w, https:\/\/mouldking.store\/wp-content\/uploads\/2021\/10\/Mould-King-17011-Tow-Truck-with-1250-pieces-12-243x300.jpg 243w, https:\/\/mouldking.store\/wp-content\/uploads\/2021\/10\/Mould-King-17011-Tow-Truck-with-1250-pieces-12-768x947.jpg 768w, https:\/\/mouldking.store\/wp-content\/uploads\/2021\/10\/Mould-King-17011-Tow-Truck-with-1250-pieces-12-300x370.jpg 300w, https:\/\/mouldking.store\/wp-content\/uploads\/2021\/10\/Mould-King-17011-Tow-Truck-with-1250-pieces-12-600x740.jpg 600w, https:\/\/mouldking.store\/wp-content\/uploads\/2021\/10\/Mould-King-17011-Tow-Truck-with-1250-pieces-12-122x150.jpg 122w\" sizes=\"(max-width: 790px) 100vw, 790px\" \/><figcaption id=\"caption-attachment-25725\" class=\"wp-caption-text\">Mould King 17011 Abschleppwagen mit 1250 Teilen<\/figcaption><\/figure>\n<figure id=\"attachment_25717\" aria-describedby=\"caption-attachment-25717\" style=\"width: 695px\" class=\"wp-caption aligncenter\"><img loading=\"lazy\" decoding=\"async\" class=\"wp-image-25717 size-full\" src=\"https:\/\/mouldking.store\/wp-content\/uploads\/2021\/10\/Mould-King-17011-Tow-Truck-with-1250-pieces-4.jpg\" alt=\"Mould King 17011 Tow Truck with 1250 pieces\" width=\"695\" height=\"1024\" title=\"-\" srcset=\"https:\/\/mouldking.store\/wp-content\/uploads\/2021\/10\/Mould-King-17011-Tow-Truck-with-1250-pieces-4.jpg 695w, https:\/\/mouldking.store\/wp-content\/uploads\/2021\/10\/Mould-King-17011-Tow-Truck-with-1250-pieces-4-204x300.jpg 204w, https:\/\/mouldking.store\/wp-content\/uploads\/2021\/10\/Mould-King-17011-Tow-Truck-with-1250-pieces-4-300x442.jpg 300w, https:\/\/mouldking.store\/wp-content\/uploads\/2021\/10\/Mould-King-17011-Tow-Truck-with-1250-pieces-4-600x884.jpg 600w, https:\/\/mouldking.store\/wp-content\/uploads\/2021\/10\/Mould-King-17011-Tow-Truck-with-1250-pieces-4-102x150.jpg 102w\" sizes=\"(max-width: 695px) 100vw, 695px\" \/><figcaption id=\"caption-attachment-25717\" class=\"wp-caption-text\">Mould King 17011 Abschleppwagen mit 1250 Teilen<\/figcaption><\/figure>\n<figure id=\"attachment_25716\" aria-describedby=\"caption-attachment-25716\" style=\"width: 790px\" class=\"wp-caption aligncenter\"><img loading=\"lazy\" decoding=\"async\" class=\"wp-image-25716 size-full\" src=\"https:\/\/mouldking.store\/wp-content\/uploads\/2021\/10\/Mould-King-17011-Tow-Truck-with-1250-pieces-3.jpg\" alt=\"Mould King 17011 Tow Truck with 1250 pieces\" width=\"790\" height=\"907\" title=\"-\" srcset=\"https:\/\/mouldking.store\/wp-content\/uploads\/2021\/10\/Mould-King-17011-Tow-Truck-with-1250-pieces-3.jpg 790w, https:\/\/mouldking.store\/wp-content\/uploads\/2021\/10\/Mould-King-17011-Tow-Truck-with-1250-pieces-3-261x300.jpg 261w, https:\/\/mouldking.store\/wp-content\/uploads\/2021\/10\/Mould-King-17011-Tow-Truck-with-1250-pieces-3-768x882.jpg 768w, https:\/\/mouldking.store\/wp-content\/uploads\/2021\/10\/Mould-King-17011-Tow-Truck-with-1250-pieces-3-300x344.jpg 300w, https:\/\/mouldking.store\/wp-content\/uploads\/2021\/10\/Mould-King-17011-Tow-Truck-with-1250-pieces-3-600x689.jpg 600w, https:\/\/mouldking.store\/wp-content\/uploads\/2021\/10\/Mould-King-17011-Tow-Truck-with-1250-pieces-3-131x150.jpg 131w\" sizes=\"(max-width: 790px) 100vw, 790px\" \/><figcaption id=\"caption-attachment-25716\" class=\"wp-caption-text\">Mould King 17011 Abschleppwagen mit 1250 Teilen<\/figcaption><\/figure>\n<figure id=\"attachment_25721\" aria-describedby=\"caption-attachment-25721\" style=\"width: 613px\" class=\"wp-caption aligncenter\"><img loading=\"lazy\" decoding=\"async\" class=\"wp-image-25721 size-full\" src=\"https:\/\/mouldking.store\/wp-content\/uploads\/2021\/10\/Mould-King-17011-Tow-Truck-with-1250-pieces-8.jpg\" alt=\"Mould King 17011 Tow Truck with 1250 pieces\" width=\"613\" height=\"1023\" title=\"-\" srcset=\"https:\/\/mouldking.store\/wp-content\/uploads\/2021\/10\/Mould-King-17011-Tow-Truck-with-1250-pieces-8.jpg 613w, https:\/\/mouldking.store\/wp-content\/uploads\/2021\/10\/Mould-King-17011-Tow-Truck-with-1250-pieces-8-180x300.jpg 180w, https:\/\/mouldking.store\/wp-content\/uploads\/2021\/10\/Mould-King-17011-Tow-Truck-with-1250-pieces-8-300x501.jpg 300w, https:\/\/mouldking.store\/wp-content\/uploads\/2021\/10\/Mould-King-17011-Tow-Truck-with-1250-pieces-8-600x1001.jpg 600w, https:\/\/mouldking.store\/wp-content\/uploads\/2021\/10\/Mould-King-17011-Tow-Truck-with-1250-pieces-8-90x150.jpg 90w\" sizes=\"(max-width: 613px) 100vw, 613px\" \/><figcaption id=\"caption-attachment-25721\" class=\"wp-caption-text\">Mould King 17011 Abschleppwagen mit 1250 Teilen<\/figcaption><\/figure>\n<figure id=\"attachment_25720\" aria-describedby=\"caption-attachment-25720\" style=\"width: 743px\" class=\"wp-caption aligncenter\"><img loading=\"lazy\" decoding=\"async\" class=\"wp-image-25720 size-full\" src=\"https:\/\/mouldking.store\/wp-content\/uploads\/2021\/10\/Mould-King-17011-Tow-Truck-with-1250-pieces-7.jpg\" alt=\"Mould King 17011 Tow Truck with 1250 pieces\" width=\"743\" height=\"1024\" title=\"-\" srcset=\"https:\/\/mouldking.store\/wp-content\/uploads\/2021\/10\/Mould-King-17011-Tow-Truck-with-1250-pieces-7.jpg 743w, https:\/\/mouldking.store\/wp-content\/uploads\/2021\/10\/Mould-King-17011-Tow-Truck-with-1250-pieces-7-218x300.jpg 218w, https:\/\/mouldking.store\/wp-content\/uploads\/2021\/10\/Mould-King-17011-Tow-Truck-with-1250-pieces-7-300x413.jpg 300w, https:\/\/mouldking.store\/wp-content\/uploads\/2021\/10\/Mould-King-17011-Tow-Truck-with-1250-pieces-7-600x827.jpg 600w, https:\/\/mouldking.store\/wp-content\/uploads\/2021\/10\/Mould-King-17011-Tow-Truck-with-1250-pieces-7-109x150.jpg 109w\" sizes=\"(max-width: 743px) 100vw, 743px\" \/><figcaption id=\"caption-attachment-25720\" class=\"wp-caption-text\">Mould King 17011 Abschleppwagen mit 1250 Teilen<\/figcaption><\/figure>\n<figure id=\"attachment_25715\" aria-describedby=\"caption-attachment-25715\" style=\"width: 790px\" class=\"wp-caption aligncenter\"><img loading=\"lazy\" decoding=\"async\" class=\"wp-image-25715 size-full\" src=\"https:\/\/mouldking.store\/wp-content\/uploads\/2021\/10\/Mould-King-17011-Tow-Truck-with-1250-pieces-2.jpg\" alt=\"Mould King 17011 Tow Truck with 1250 pieces\" width=\"790\" height=\"970\" title=\"-\" srcset=\"https:\/\/mouldking.store\/wp-content\/uploads\/2021\/10\/Mould-King-17011-Tow-Truck-with-1250-pieces-2.jpg 790w, https:\/\/mouldking.store\/wp-content\/uploads\/2021\/10\/Mould-King-17011-Tow-Truck-with-1250-pieces-2-244x300.jpg 244w, https:\/\/mouldking.store\/wp-content\/uploads\/2021\/10\/Mould-King-17011-Tow-Truck-with-1250-pieces-2-768x943.jpg 768w, https:\/\/mouldking.store\/wp-content\/uploads\/2021\/10\/Mould-King-17011-Tow-Truck-with-1250-pieces-2-300x368.jpg 300w, https:\/\/mouldking.store\/wp-content\/uploads\/2021\/10\/Mould-King-17011-Tow-Truck-with-1250-pieces-2-600x737.jpg 600w, https:\/\/mouldking.store\/wp-content\/uploads\/2021\/10\/Mould-King-17011-Tow-Truck-with-1250-pieces-2-122x150.jpg 122w\" sizes=\"(max-width: 790px) 100vw, 790px\" \/><figcaption id=\"caption-attachment-25715\" class=\"wp-caption-text\">Mould King 17011 Abschleppwagen mit 1250 Teilen<\/figcaption><\/figure>","protected":false},"excerpt":{"rendered":"<p>Product information: Brand: Mould King Gender: Unisex Name: Tow Truck Age Range: &gt; 14 years old Model Number: 17011 Classification: Assemblage Plastic Block Shape: Self-Locking Bricks Material: Plastic Plastic Type: ABS Bricks Blocks: 1250 PCS Contains detailed assembly instructions. Notice: 1. Without an original box, but we guarantee our products have quality assurance and nice [&hellip;]<\/p>","protected":false},"featured_media":25714,"comment_status":"open","ping_status":"closed","template":"","meta":{"_acf_changed":false},"product_cat":[364],"product_tag":[2567,615,2565,2564,2569,2571,2570,2568,2566,466],"class_list":["product","first","instock","shipping-taxable","purchasable","product-type-simple"],"acf":[],"_links":{"self":[{"href":"https:\/\/mouldking.store\/de\/wp-json\/wp\/v2\/product\/25713","targetHints":{"allow":["GET"]}}],"collection":[{"href":"https:\/\/mouldking.store\/de\/wp-json\/wp\/v2\/product"}],"about":[{"href":"https:\/\/mouldking.store\/de\/wp-json\/wp\/v2\/types\/product"}],"replies":[{"embeddable":true,"href":"https:\/\/mouldking.store\/de\/wp-json\/wp\/v2\/comments?post=25713"}],"wp:featuredmedia":[{"embeddable":true,"href":"https:\/\/mouldking.store\/de\/wp-json\/wp\/v2\/media\/25714"}],"wp:attachment":[{"href":"https:\/\/mouldking.store\/de\/wp-json\/wp\/v2\/media?parent=25713"}],"wp:term":[{"taxonomy":"product_cat","embeddable":true,"href":"https:\/\/mouldking.store\/de\/wp-json\/wp\/v2\/product_cat?post=25713"},{"taxonomy":"product_tag","embeddable":true,"href":"https:\/\/mouldking.store\/de\/wp-json\/wp\/v2\/product_tag?post=25713"}],"curies":[{"name":"wp","href":"https:\/\/api.w.org\/{rel}","templated":true}]}}