{"id":25836,"date":"2021-10-25T15:56:44","date_gmt":"2021-10-25T15:56:44","guid":{"rendered":"https:\/\/mouldking.store\/?post_type=product&#038;p=25836"},"modified":"2021-12-23T09:41:50","modified_gmt":"2021-12-23T09:41:50","slug":"panlos-655003-655006-bouquet","status":"publish","type":"product","link":"https:\/\/mouldking.store\/de\/shop\/panlos-655003-655006-bouquet\/","title":{"rendered":"PANLOS 655003-655006 Blumenstrau\u00df"},"content":{"rendered":"<p>Produktinformation:<\/p>\n<ol>\n<li>Marke: PANLOS<\/li>\n<li>Geschlecht: Unisex<\/li>\n<li>Name: Bouquet<\/li>\n<li>Altersspanne: &gt; 6 Jahre alt<\/li>\n<li>Model Number: 655003-655006<\/li>\n<li>Einstufung: Assemblage<\/li>\n<li>Kunststoffblockform: Selbstsichernde Steine<\/li>\n<li>Material: Kunststoff<\/li>\n<li>Kunststofftyp: ABS<\/li>\n<li>Enth\u00e4lt eine ausf\u00fchrliche Montageanleitung.<\/li>\n<\/ol>\n<p>Notiz:<br \/>\n1. Ohne Originalverpackung, aber wir garantieren, dass unsere Produkte eine Qualit\u00e4tssicherung und eine sch\u00f6ne Verpackung haben.<br \/>\n2. Wie alle Teile, die wir vor dem Versand \u00fcberpr\u00fcft haben, machen Sie sich keine Sorgen, wenn Sie feststellen, dass einige Teile fehlen oder besch\u00e4digt sind, und kontaktieren Sie uns einfach, und wir k\u00f6nnen sie Ihnen umgehend kostenlos erneut zusenden.<\/p>\n<figure id=\"attachment_25837\" aria-describedby=\"caption-attachment-25837\" style=\"width: 800px\" class=\"wp-caption aligncenter\"><img fetchpriority=\"high\" decoding=\"async\" class=\"wp-image-25837 size-full\" src=\"https:\/\/mouldking.store\/wp-content\/uploads\/2021\/10\/PANLOS-655003-655006-Bouquet-1.jpg\" alt=\"PANLOS 655003-655006 Bouquet\" width=\"800\" height=\"800\" title=\"-\" srcset=\"https:\/\/mouldking.store\/wp-content\/uploads\/2021\/10\/PANLOS-655003-655006-Bouquet-1.jpg 800w, https:\/\/mouldking.store\/wp-content\/uploads\/2021\/10\/PANLOS-655003-655006-Bouquet-1-300x300.jpg 300w, https:\/\/mouldking.store\/wp-content\/uploads\/2021\/10\/PANLOS-655003-655006-Bouquet-1-768x768.jpg 768w, https:\/\/mouldking.store\/wp-content\/uploads\/2021\/10\/PANLOS-655003-655006-Bouquet-1-600x600.jpg 600w, https:\/\/mouldking.store\/wp-content\/uploads\/2021\/10\/PANLOS-655003-655006-Bouquet-1-150x150.jpg 150w\" sizes=\"(max-width: 800px) 100vw, 800px\" \/><figcaption id=\"caption-attachment-25837\" class=\"wp-caption-text\">PANLOS 655003-655006 Blumenstrau\u00df<\/figcaption><\/figure>\n<figure id=\"attachment_25848\" aria-describedby=\"caption-attachment-25848\" style=\"width: 686px\" class=\"wp-caption aligncenter\"><img decoding=\"async\" class=\"wp-image-25848 size-full\" src=\"https:\/\/mouldking.store\/wp-content\/uploads\/2021\/10\/PANLOS-655003-655006-Bouquet-12.jpg\" alt=\"PANLOS 655003-655006 Bouquet\" width=\"686\" height=\"1024\" title=\"-\" srcset=\"https:\/\/mouldking.store\/wp-content\/uploads\/2021\/10\/PANLOS-655003-655006-Bouquet-12.jpg 686w, https:\/\/mouldking.store\/wp-content\/uploads\/2021\/10\/PANLOS-655003-655006-Bouquet-12-201x300.jpg 201w, https:\/\/mouldking.store\/wp-content\/uploads\/2021\/10\/PANLOS-655003-655006-Bouquet-12-300x448.jpg 300w, https:\/\/mouldking.store\/wp-content\/uploads\/2021\/10\/PANLOS-655003-655006-Bouquet-12-600x896.jpg 600w, https:\/\/mouldking.store\/wp-content\/uploads\/2021\/10\/PANLOS-655003-655006-Bouquet-12-100x150.jpg 100w\" sizes=\"(max-width: 686px) 100vw, 686px\" \/><figcaption id=\"caption-attachment-25848\" class=\"wp-caption-text\">PANLOS 655003-655006 Blumenstrau\u00df<\/figcaption><\/figure>\n<figure id=\"attachment_25847\" aria-describedby=\"caption-attachment-25847\" style=\"width: 667px\" class=\"wp-caption aligncenter\"><img decoding=\"async\" class=\"wp-image-25847 size-full\" src=\"https:\/\/mouldking.store\/wp-content\/uploads\/2021\/10\/PANLOS-655003-655006-Bouquet-11.jpg\" alt=\"PANLOS 655003-655006 Bouquet\" width=\"667\" height=\"1024\" title=\"-\" srcset=\"https:\/\/mouldking.store\/wp-content\/uploads\/2021\/10\/PANLOS-655003-655006-Bouquet-11.jpg 667w, https:\/\/mouldking.store\/wp-content\/uploads\/2021\/10\/PANLOS-655003-655006-Bouquet-11-195x300.jpg 195w, https:\/\/mouldking.store\/wp-content\/uploads\/2021\/10\/PANLOS-655003-655006-Bouquet-11-300x461.jpg 300w, https:\/\/mouldking.store\/wp-content\/uploads\/2021\/10\/PANLOS-655003-655006-Bouquet-11-600x921.jpg 600w, https:\/\/mouldking.store\/wp-content\/uploads\/2021\/10\/PANLOS-655003-655006-Bouquet-11-98x150.jpg 98w\" sizes=\"(max-width: 667px) 100vw, 667px\" \/><figcaption id=\"caption-attachment-25847\" class=\"wp-caption-text\">PANLOS 655003-655006 Blumenstrau\u00df<\/figcaption><\/figure>\n<figure id=\"attachment_25846\" aria-describedby=\"caption-attachment-25846\" style=\"width: 636px\" class=\"wp-caption aligncenter\"><img loading=\"lazy\" decoding=\"async\" class=\"wp-image-25846 size-full\" src=\"https:\/\/mouldking.store\/wp-content\/uploads\/2021\/10\/PANLOS-655003-655006-Bouquet-10.jpg\" alt=\"PANLOS 655003-655006 Bouquet\" width=\"636\" height=\"1023\" title=\"-\" srcset=\"https:\/\/mouldking.store\/wp-content\/uploads\/2021\/10\/PANLOS-655003-655006-Bouquet-10.jpg 636w, https:\/\/mouldking.store\/wp-content\/uploads\/2021\/10\/PANLOS-655003-655006-Bouquet-10-187x300.jpg 187w, https:\/\/mouldking.store\/wp-content\/uploads\/2021\/10\/PANLOS-655003-655006-Bouquet-10-300x483.jpg 300w, https:\/\/mouldking.store\/wp-content\/uploads\/2021\/10\/PANLOS-655003-655006-Bouquet-10-600x965.jpg 600w, https:\/\/mouldking.store\/wp-content\/uploads\/2021\/10\/PANLOS-655003-655006-Bouquet-10-93x150.jpg 93w\" sizes=\"(max-width: 636px) 100vw, 636px\" \/><figcaption id=\"caption-attachment-25846\" class=\"wp-caption-text\">PANLOS 655003-655006 Blumenstrau\u00df<\/figcaption><\/figure>\n<figure id=\"attachment_25845\" aria-describedby=\"caption-attachment-25845\" style=\"width: 592px\" class=\"wp-caption aligncenter\"><img loading=\"lazy\" decoding=\"async\" class=\"wp-image-25845 size-full\" src=\"https:\/\/mouldking.store\/wp-content\/uploads\/2021\/10\/PANLOS-655003-655006-Bouquet-9.jpg\" alt=\"PANLOS 655003-655006 Bouquet\" width=\"592\" height=\"1024\" title=\"-\" srcset=\"https:\/\/mouldking.store\/wp-content\/uploads\/2021\/10\/PANLOS-655003-655006-Bouquet-9.jpg 592w, https:\/\/mouldking.store\/wp-content\/uploads\/2021\/10\/PANLOS-655003-655006-Bouquet-9-173x300.jpg 173w, https:\/\/mouldking.store\/wp-content\/uploads\/2021\/10\/PANLOS-655003-655006-Bouquet-9-300x519.jpg 300w, https:\/\/mouldking.store\/wp-content\/uploads\/2021\/10\/PANLOS-655003-655006-Bouquet-9-87x150.jpg 87w\" sizes=\"(max-width: 592px) 100vw, 592px\" \/><figcaption id=\"caption-attachment-25845\" class=\"wp-caption-text\">PANLOS 655003-655006 Blumenstrau\u00df<\/figcaption><\/figure>\n<figure id=\"attachment_25844\" aria-describedby=\"caption-attachment-25844\" style=\"width: 800px\" class=\"wp-caption aligncenter\"><img loading=\"lazy\" decoding=\"async\" class=\"wp-image-25844 size-full\" src=\"https:\/\/mouldking.store\/wp-content\/uploads\/2021\/10\/PANLOS-655003-655006-Bouquet-8.jpg\" alt=\"PANLOS 655003-655006 Bouquet\" width=\"800\" height=\"800\" title=\"-\" srcset=\"https:\/\/mouldking.store\/wp-content\/uploads\/2021\/10\/PANLOS-655003-655006-Bouquet-8.jpg 800w, https:\/\/mouldking.store\/wp-content\/uploads\/2021\/10\/PANLOS-655003-655006-Bouquet-8-300x300.jpg 300w, https:\/\/mouldking.store\/wp-content\/uploads\/2021\/10\/PANLOS-655003-655006-Bouquet-8-768x768.jpg 768w, https:\/\/mouldking.store\/wp-content\/uploads\/2021\/10\/PANLOS-655003-655006-Bouquet-8-600x600.jpg 600w, https:\/\/mouldking.store\/wp-content\/uploads\/2021\/10\/PANLOS-655003-655006-Bouquet-8-150x150.jpg 150w\" sizes=\"(max-width: 800px) 100vw, 800px\" \/><figcaption id=\"caption-attachment-25844\" class=\"wp-caption-text\">PANLOS 655003-655006 Blumenstrau\u00df<\/figcaption><\/figure>\n<figure id=\"attachment_25843\" aria-describedby=\"caption-attachment-25843\" style=\"width: 591px\" class=\"wp-caption aligncenter\"><img loading=\"lazy\" decoding=\"async\" class=\"wp-image-25843 size-full\" src=\"https:\/\/mouldking.store\/wp-content\/uploads\/2021\/10\/PANLOS-655003-655006-Bouquet-7.jpg\" alt=\"PANLOS 655003-655006 Bouquet\" width=\"591\" height=\"1023\" title=\"-\" srcset=\"https:\/\/mouldking.store\/wp-content\/uploads\/2021\/10\/PANLOS-655003-655006-Bouquet-7.jpg 591w, https:\/\/mouldking.store\/wp-content\/uploads\/2021\/10\/PANLOS-655003-655006-Bouquet-7-173x300.jpg 173w, https:\/\/mouldking.store\/wp-content\/uploads\/2021\/10\/PANLOS-655003-655006-Bouquet-7-300x519.jpg 300w, https:\/\/mouldking.store\/wp-content\/uploads\/2021\/10\/PANLOS-655003-655006-Bouquet-7-87x150.jpg 87w\" sizes=\"(max-width: 591px) 100vw, 591px\" \/><figcaption id=\"caption-attachment-25843\" class=\"wp-caption-text\">PANLOS 655003-655006 Blumenstrau\u00df<\/figcaption><\/figure>\n<figure id=\"attachment_25842\" aria-describedby=\"caption-attachment-25842\" style=\"width: 800px\" class=\"wp-caption aligncenter\"><img loading=\"lazy\" decoding=\"async\" class=\"wp-image-25842 size-full\" src=\"https:\/\/mouldking.store\/wp-content\/uploads\/2021\/10\/PANLOS-655003-655006-Bouquet-6.jpg\" alt=\"PANLOS 655003-655006 Bouquet\" width=\"800\" height=\"800\" title=\"-\" srcset=\"https:\/\/mouldking.store\/wp-content\/uploads\/2021\/10\/PANLOS-655003-655006-Bouquet-6.jpg 800w, https:\/\/mouldking.store\/wp-content\/uploads\/2021\/10\/PANLOS-655003-655006-Bouquet-6-300x300.jpg 300w, https:\/\/mouldking.store\/wp-content\/uploads\/2021\/10\/PANLOS-655003-655006-Bouquet-6-768x768.jpg 768w, https:\/\/mouldking.store\/wp-content\/uploads\/2021\/10\/PANLOS-655003-655006-Bouquet-6-600x600.jpg 600w, https:\/\/mouldking.store\/wp-content\/uploads\/2021\/10\/PANLOS-655003-655006-Bouquet-6-150x150.jpg 150w\" sizes=\"(max-width: 800px) 100vw, 800px\" \/><figcaption id=\"caption-attachment-25842\" class=\"wp-caption-text\">PANLOS 655003-655006 Blumenstrau\u00df<\/figcaption><\/figure>\n<figure id=\"attachment_25841\" aria-describedby=\"caption-attachment-25841\" style=\"width: 594px\" class=\"wp-caption aligncenter\"><img loading=\"lazy\" decoding=\"async\" class=\"wp-image-25841 size-full\" src=\"https:\/\/mouldking.store\/wp-content\/uploads\/2021\/10\/PANLOS-655003-655006-Bouquet-5.jpg\" alt=\"PANLOS 655003-655006 Bouquet\" width=\"594\" height=\"1023\" title=\"-\" srcset=\"https:\/\/mouldking.store\/wp-content\/uploads\/2021\/10\/PANLOS-655003-655006-Bouquet-5.jpg 594w, https:\/\/mouldking.store\/wp-content\/uploads\/2021\/10\/PANLOS-655003-655006-Bouquet-5-174x300.jpg 174w, https:\/\/mouldking.store\/wp-content\/uploads\/2021\/10\/PANLOS-655003-655006-Bouquet-5-300x517.jpg 300w, https:\/\/mouldking.store\/wp-content\/uploads\/2021\/10\/PANLOS-655003-655006-Bouquet-5-87x150.jpg 87w\" sizes=\"(max-width: 594px) 100vw, 594px\" \/><figcaption id=\"caption-attachment-25841\" class=\"wp-caption-text\">PANLOS 655003-655006 Blumenstrau\u00df<\/figcaption><\/figure>\n<figure id=\"attachment_25840\" aria-describedby=\"caption-attachment-25840\" style=\"width: 800px\" class=\"wp-caption aligncenter\"><img loading=\"lazy\" decoding=\"async\" class=\"wp-image-25840 size-full\" src=\"https:\/\/mouldking.store\/wp-content\/uploads\/2021\/10\/PANLOS-655003-655006-Bouquet-4.jpg\" alt=\"PANLOS 655003-655006 Bouquet\" width=\"800\" height=\"800\" title=\"-\" srcset=\"https:\/\/mouldking.store\/wp-content\/uploads\/2021\/10\/PANLOS-655003-655006-Bouquet-4.jpg 800w, https:\/\/mouldking.store\/wp-content\/uploads\/2021\/10\/PANLOS-655003-655006-Bouquet-4-300x300.jpg 300w, https:\/\/mouldking.store\/wp-content\/uploads\/2021\/10\/PANLOS-655003-655006-Bouquet-4-768x768.jpg 768w, https:\/\/mouldking.store\/wp-content\/uploads\/2021\/10\/PANLOS-655003-655006-Bouquet-4-600x600.jpg 600w, https:\/\/mouldking.store\/wp-content\/uploads\/2021\/10\/PANLOS-655003-655006-Bouquet-4-150x150.jpg 150w\" sizes=\"(max-width: 800px) 100vw, 800px\" \/><figcaption id=\"caption-attachment-25840\" class=\"wp-caption-text\">PANLOS 655003-655006 Blumenstrau\u00df<\/figcaption><\/figure>\n<figure id=\"attachment_25839\" aria-describedby=\"caption-attachment-25839\" style=\"width: 592px\" class=\"wp-caption aligncenter\"><img loading=\"lazy\" decoding=\"async\" class=\"wp-image-25839 size-full\" src=\"https:\/\/mouldking.store\/wp-content\/uploads\/2021\/10\/PANLOS-655003-655006-Bouquet-3.jpg\" alt=\"PANLOS 655003-655006 Bouquet\" width=\"592\" height=\"1024\" title=\"-\" srcset=\"https:\/\/mouldking.store\/wp-content\/uploads\/2021\/10\/PANLOS-655003-655006-Bouquet-3.jpg 592w, https:\/\/mouldking.store\/wp-content\/uploads\/2021\/10\/PANLOS-655003-655006-Bouquet-3-173x300.jpg 173w, https:\/\/mouldking.store\/wp-content\/uploads\/2021\/10\/PANLOS-655003-655006-Bouquet-3-300x519.jpg 300w, https:\/\/mouldking.store\/wp-content\/uploads\/2021\/10\/PANLOS-655003-655006-Bouquet-3-87x150.jpg 87w\" sizes=\"(max-width: 592px) 100vw, 592px\" \/><figcaption id=\"caption-attachment-25839\" class=\"wp-caption-text\">PANLOS 655003-655006 Blumenstrau\u00df<\/figcaption><\/figure>\n<figure id=\"attachment_25838\" aria-describedby=\"caption-attachment-25838\" style=\"width: 800px\" class=\"wp-caption aligncenter\"><img loading=\"lazy\" decoding=\"async\" class=\"wp-image-25838 size-full\" src=\"https:\/\/mouldking.store\/wp-content\/uploads\/2021\/10\/PANLOS-655003-655006-Bouquet-2.jpg\" alt=\"PANLOS 655003-655006 Bouquet\" width=\"800\" height=\"800\" title=\"-\" srcset=\"https:\/\/mouldking.store\/wp-content\/uploads\/2021\/10\/PANLOS-655003-655006-Bouquet-2.jpg 800w, https:\/\/mouldking.store\/wp-content\/uploads\/2021\/10\/PANLOS-655003-655006-Bouquet-2-300x300.jpg 300w, https:\/\/mouldking.store\/wp-content\/uploads\/2021\/10\/PANLOS-655003-655006-Bouquet-2-768x768.jpg 768w, https:\/\/mouldking.store\/wp-content\/uploads\/2021\/10\/PANLOS-655003-655006-Bouquet-2-600x600.jpg 600w, https:\/\/mouldking.store\/wp-content\/uploads\/2021\/10\/PANLOS-655003-655006-Bouquet-2-150x150.jpg 150w\" sizes=\"(max-width: 800px) 100vw, 800px\" \/><figcaption id=\"caption-attachment-25838\" class=\"wp-caption-text\">PANLOS 655003-655006 Blumenstrau\u00df<\/figcaption><\/figure>","protected":false},"excerpt":{"rendered":"<p>Product information: Brand: PANLOS Gender: Unisex Name: Bouquet Age Range: &gt; 6 years old Model Number: 655003-655006 Classification: Assemblage Plastic Block Shape: Self-Locking Bricks Material: Plastic Plastic Type: ABS Contains detailed assembly instructions. Notice: 1. Without an original box, but we guarantee our products have quality assurance and nice packaging. 2. As all the parts [&hellip;]<\/p>","protected":false},"featured_media":25837,"comment_status":"open","ping_status":"closed","template":"","meta":{"_acf_changed":false},"product_cat":[371],"product_tag":[2619,2618,2617,1851,2620,2616,2615,2621,2622,2623],"class_list":["product","first","instock","shipping-taxable","purchasable","product-type-variable"],"acf":[],"_links":{"self":[{"href":"https:\/\/mouldking.store\/de\/wp-json\/wp\/v2\/product\/25836","targetHints":{"allow":["GET"]}}],"collection":[{"href":"https:\/\/mouldking.store\/de\/wp-json\/wp\/v2\/product"}],"about":[{"href":"https:\/\/mouldking.store\/de\/wp-json\/wp\/v2\/types\/product"}],"replies":[{"embeddable":true,"href":"https:\/\/mouldking.store\/de\/wp-json\/wp\/v2\/comments?post=25836"}],"wp:featuredmedia":[{"embeddable":true,"href":"https:\/\/mouldking.store\/de\/wp-json\/wp\/v2\/media\/25837"}],"wp:attachment":[{"href":"https:\/\/mouldking.store\/de\/wp-json\/wp\/v2\/media?parent=25836"}],"wp:term":[{"taxonomy":"product_cat","embeddable":true,"href":"https:\/\/mouldking.store\/de\/wp-json\/wp\/v2\/product_cat?post=25836"},{"taxonomy":"product_tag","embeddable":true,"href":"https:\/\/mouldking.store\/de\/wp-json\/wp\/v2\/product_tag?post=25836"}],"curies":[{"name":"wp","href":"https:\/\/api.w.org\/{rel}","templated":true}]}}