{"id":25855,"date":"2021-10-25T16:01:53","date_gmt":"2021-10-25T16:01:53","guid":{"rendered":"https:\/\/mouldking.store\/?post_type=product&#038;p=25855"},"modified":"2024-03-27T16:45:45","modified_gmt":"2024-03-27T09:45:45","slug":"jie-star-59006-doomsday-the-train-with-2399-pieces","status":"publish","type":"product","link":"https:\/\/mouldking.store\/de\/shop\/jie-star-59006-doomsday-the-train-with-2399-pieces\/","title":{"rendered":"JIE STAR 59006 Doomsday the Train mit 2399 Teilen"},"content":{"rendered":"<p>Produktinformation:<\/p>\n<ol>\n<li>Marke: JIE STAR<\/li>\n<li>Geschlecht: Unisex<\/li>\n<li>Name: Doomsday der Zug<\/li>\n<li>Altersspanne: &gt; 6 Jahre alt<\/li>\n<li>Modellnummer: 59006<\/li>\n<li>Einstufung: Assemblage<\/li>\n<li>Kunststoffblockform: Selbstsichernde Steine<\/li>\n<li>Material: Kunststoff<\/li>\n<li>Kunststofftyp: ABS<\/li>\n<li>Ziegelsteine: 2399 ST\u00dcCKE<\/li>\n<li>Enth\u00e4lt eine ausf\u00fchrliche Montageanleitung.<\/li>\n<\/ol>\n<p>Notiz:<br \/>\n1. Ohne Originalverpackung, aber wir garantieren, dass unsere Produkte eine Qualit\u00e4tssicherung und eine sch\u00f6ne Verpackung haben.<br \/>\n2. Wie alle Teile, die wir vor dem Versand \u00fcberpr\u00fcft haben, machen Sie sich keine Sorgen, wenn Sie feststellen, dass einige Teile fehlen oder besch\u00e4digt sind, und kontaktieren Sie uns einfach, und wir k\u00f6nnen sie Ihnen umgehend kostenlos erneut zusenden.<\/p>\n<figure id=\"attachment_25856\" aria-describedby=\"caption-attachment-25856\" style=\"width: 800px\" class=\"wp-caption aligncenter\"><img fetchpriority=\"high\" decoding=\"async\" class=\"wp-image-25856 size-full\" src=\"https:\/\/mouldking.store\/wp-content\/uploads\/2021\/10\/JIE-STAR-59006-Doomsday-the-Train-with-2399-pieces-1.jpg\" alt=\"JIE STAR 59006 Doomsday the Train with 2399 pieces\" width=\"800\" height=\"800\" title=\"-\" srcset=\"https:\/\/mouldking.store\/wp-content\/uploads\/2021\/10\/JIE-STAR-59006-Doomsday-the-Train-with-2399-pieces-1.jpg 800w, https:\/\/mouldking.store\/wp-content\/uploads\/2021\/10\/JIE-STAR-59006-Doomsday-the-Train-with-2399-pieces-1-300x300.jpg 300w, https:\/\/mouldking.store\/wp-content\/uploads\/2021\/10\/JIE-STAR-59006-Doomsday-the-Train-with-2399-pieces-1-768x768.jpg 768w, https:\/\/mouldking.store\/wp-content\/uploads\/2021\/10\/JIE-STAR-59006-Doomsday-the-Train-with-2399-pieces-1-600x600.jpg 600w, https:\/\/mouldking.store\/wp-content\/uploads\/2021\/10\/JIE-STAR-59006-Doomsday-the-Train-with-2399-pieces-1-150x150.jpg 150w\" sizes=\"(max-width: 800px) 100vw, 800px\" \/><figcaption id=\"caption-attachment-25856\" class=\"wp-caption-text\">JIE STAR 59006 Doomsday the Train mit 2399 Teilen<\/figcaption><\/figure>\n<figure id=\"attachment_25861\" aria-describedby=\"caption-attachment-25861\" style=\"width: 800px\" class=\"wp-caption aligncenter\"><img decoding=\"async\" class=\"wp-image-25861 size-full\" src=\"https:\/\/mouldking.store\/wp-content\/uploads\/2021\/10\/JIE-STAR-59006-Doomsday-the-Train-with-2399-pieces-6.jpg\" alt=\"JIE STAR 59006 Doomsday the Train with 2399 pieces\" width=\"800\" height=\"800\" title=\"-\" srcset=\"https:\/\/mouldking.store\/wp-content\/uploads\/2021\/10\/JIE-STAR-59006-Doomsday-the-Train-with-2399-pieces-6.jpg 800w, https:\/\/mouldking.store\/wp-content\/uploads\/2021\/10\/JIE-STAR-59006-Doomsday-the-Train-with-2399-pieces-6-300x300.jpg 300w, https:\/\/mouldking.store\/wp-content\/uploads\/2021\/10\/JIE-STAR-59006-Doomsday-the-Train-with-2399-pieces-6-768x768.jpg 768w, https:\/\/mouldking.store\/wp-content\/uploads\/2021\/10\/JIE-STAR-59006-Doomsday-the-Train-with-2399-pieces-6-600x600.jpg 600w, https:\/\/mouldking.store\/wp-content\/uploads\/2021\/10\/JIE-STAR-59006-Doomsday-the-Train-with-2399-pieces-6-150x150.jpg 150w\" sizes=\"(max-width: 800px) 100vw, 800px\" \/><figcaption id=\"caption-attachment-25861\" class=\"wp-caption-text\">JIE STAR 59006 Doomsday the Train mit 2399 Teilen<\/figcaption><\/figure>\n<figure id=\"attachment_25860\" aria-describedby=\"caption-attachment-25860\" style=\"width: 559px\" class=\"wp-caption aligncenter\"><img decoding=\"async\" class=\"wp-image-25860 size-full\" src=\"https:\/\/mouldking.store\/wp-content\/uploads\/2021\/10\/JIE-STAR-59006-Doomsday-the-Train-with-2399-pieces-5.jpg\" alt=\"JIE STAR 59006 Doomsday the Train with 2399 pieces\" width=\"559\" height=\"1023\" title=\"-\" srcset=\"https:\/\/mouldking.store\/wp-content\/uploads\/2021\/10\/JIE-STAR-59006-Doomsday-the-Train-with-2399-pieces-5.jpg 559w, https:\/\/mouldking.store\/wp-content\/uploads\/2021\/10\/JIE-STAR-59006-Doomsday-the-Train-with-2399-pieces-5-164x300.jpg 164w, https:\/\/mouldking.store\/wp-content\/uploads\/2021\/10\/JIE-STAR-59006-Doomsday-the-Train-with-2399-pieces-5-300x549.jpg 300w, https:\/\/mouldking.store\/wp-content\/uploads\/2021\/10\/JIE-STAR-59006-Doomsday-the-Train-with-2399-pieces-5-82x150.jpg 82w\" sizes=\"(max-width: 559px) 100vw, 559px\" \/><figcaption id=\"caption-attachment-25860\" class=\"wp-caption-text\">JIE STAR 59006 Doomsday the Train mit 2399 Teilen<\/figcaption><\/figure>\n<figure id=\"attachment_25859\" aria-describedby=\"caption-attachment-25859\" style=\"width: 695px\" class=\"wp-caption aligncenter\"><img loading=\"lazy\" decoding=\"async\" class=\"wp-image-25859 size-full\" src=\"https:\/\/mouldking.store\/wp-content\/uploads\/2021\/10\/JIE-STAR-59006-Doomsday-the-Train-with-2399-pieces-4.jpg\" alt=\"JIE STAR 59006 Doomsday the Train with 2399 pieces\" width=\"695\" height=\"1024\" title=\"-\" srcset=\"https:\/\/mouldking.store\/wp-content\/uploads\/2021\/10\/JIE-STAR-59006-Doomsday-the-Train-with-2399-pieces-4.jpg 695w, https:\/\/mouldking.store\/wp-content\/uploads\/2021\/10\/JIE-STAR-59006-Doomsday-the-Train-with-2399-pieces-4-204x300.jpg 204w, https:\/\/mouldking.store\/wp-content\/uploads\/2021\/10\/JIE-STAR-59006-Doomsday-the-Train-with-2399-pieces-4-300x442.jpg 300w, https:\/\/mouldking.store\/wp-content\/uploads\/2021\/10\/JIE-STAR-59006-Doomsday-the-Train-with-2399-pieces-4-600x884.jpg 600w, https:\/\/mouldking.store\/wp-content\/uploads\/2021\/10\/JIE-STAR-59006-Doomsday-the-Train-with-2399-pieces-4-102x150.jpg 102w\" sizes=\"(max-width: 695px) 100vw, 695px\" \/><figcaption id=\"caption-attachment-25859\" class=\"wp-caption-text\">JIE STAR 59006 Doomsday the Train mit 2399 Teilen<\/figcaption><\/figure>\n<figure id=\"attachment_25858\" aria-describedby=\"caption-attachment-25858\" style=\"width: 382px\" class=\"wp-caption aligncenter\"><img loading=\"lazy\" decoding=\"async\" class=\"wp-image-25858 size-full\" src=\"https:\/\/mouldking.store\/wp-content\/uploads\/2021\/10\/JIE-STAR-59006-Doomsday-the-Train-with-2399-pieces-3.jpg\" alt=\"JIE STAR 59006 Doomsday the Train with 2399 pieces\" width=\"382\" height=\"1024\" title=\"-\" srcset=\"https:\/\/mouldking.store\/wp-content\/uploads\/2021\/10\/JIE-STAR-59006-Doomsday-the-Train-with-2399-pieces-3.jpg 382w, https:\/\/mouldking.store\/wp-content\/uploads\/2021\/10\/JIE-STAR-59006-Doomsday-the-Train-with-2399-pieces-3-112x300.jpg 112w, https:\/\/mouldking.store\/wp-content\/uploads\/2021\/10\/JIE-STAR-59006-Doomsday-the-Train-with-2399-pieces-3-300x804.jpg 300w, https:\/\/mouldking.store\/wp-content\/uploads\/2021\/10\/JIE-STAR-59006-Doomsday-the-Train-with-2399-pieces-3-56x150.jpg 56w\" sizes=\"(max-width: 382px) 100vw, 382px\" \/><figcaption id=\"caption-attachment-25858\" class=\"wp-caption-text\">JIE STAR 59006 Doomsday the Train mit 2399 Teilen<\/figcaption><\/figure>\n<figure id=\"attachment_25857\" aria-describedby=\"caption-attachment-25857\" style=\"width: 746px\" class=\"wp-caption aligncenter\"><img loading=\"lazy\" decoding=\"async\" class=\"wp-image-25857 size-full\" src=\"https:\/\/mouldking.store\/wp-content\/uploads\/2021\/10\/JIE-STAR-59006-Doomsday-the-Train-with-2399-pieces-2.jpg\" alt=\"JIE STAR 59006 Doomsday the Train with 2399 pieces\" width=\"746\" height=\"1024\" title=\"-\" srcset=\"https:\/\/mouldking.store\/wp-content\/uploads\/2021\/10\/JIE-STAR-59006-Doomsday-the-Train-with-2399-pieces-2.jpg 746w, https:\/\/mouldking.store\/wp-content\/uploads\/2021\/10\/JIE-STAR-59006-Doomsday-the-Train-with-2399-pieces-2-219x300.jpg 219w, https:\/\/mouldking.store\/wp-content\/uploads\/2021\/10\/JIE-STAR-59006-Doomsday-the-Train-with-2399-pieces-2-300x412.jpg 300w, https:\/\/mouldking.store\/wp-content\/uploads\/2021\/10\/JIE-STAR-59006-Doomsday-the-Train-with-2399-pieces-2-600x824.jpg 600w, https:\/\/mouldking.store\/wp-content\/uploads\/2021\/10\/JIE-STAR-59006-Doomsday-the-Train-with-2399-pieces-2-109x150.jpg 109w\" sizes=\"(max-width: 746px) 100vw, 746px\" \/><figcaption id=\"caption-attachment-25857\" class=\"wp-caption-text\">JIE STAR 59006 Doomsday the Train mit 2399 Teilen<\/figcaption><\/figure>\n<p>&nbsp;<\/p>","protected":false},"excerpt":{"rendered":"<p>Produktinformationen: Marke: JIE STAR Geschlecht: Unisex Name: Doomsday the Train Altersgruppe: &gt; 6 Jahre Modellnummer: 59006 Klassifizierung: Zusammenbau Kunststoffblock Form: Selbstsichernde Steine Material: Kunststoff Kunststofftyp: ABS Steinbl\u00f6cke: 2399 PCS Enth\u00e4lt detaillierte Montageanleitung. Hinweis: 1. Ohne Originalverpackung, aber wir garantieren, dass unsere Produkte eine Qualit\u00e4tssicherung haben und [\u2026]<\/p>","protected":false},"featured_media":25856,"comment_status":"open","ping_status":"closed","template":"","meta":{"_acf_changed":false},"product_cat":[364],"product_tag":[2629,2626,2630,2256,2625,2627,2624,2628,300],"class_list":["product","first","outofstock","shipping-taxable","purchasable","product-type-simple"],"acf":[],"_links":{"self":[{"href":"https:\/\/mouldking.store\/de\/wp-json\/wp\/v2\/product\/25855","targetHints":{"allow":["GET"]}}],"collection":[{"href":"https:\/\/mouldking.store\/de\/wp-json\/wp\/v2\/product"}],"about":[{"href":"https:\/\/mouldking.store\/de\/wp-json\/wp\/v2\/types\/product"}],"replies":[{"embeddable":true,"href":"https:\/\/mouldking.store\/de\/wp-json\/wp\/v2\/comments?post=25855"}],"wp:featuredmedia":[{"embeddable":true,"href":"https:\/\/mouldking.store\/de\/wp-json\/wp\/v2\/media\/25856"}],"wp:attachment":[{"href":"https:\/\/mouldking.store\/de\/wp-json\/wp\/v2\/media?parent=25855"}],"wp:term":[{"taxonomy":"product_cat","embeddable":true,"href":"https:\/\/mouldking.store\/de\/wp-json\/wp\/v2\/product_cat?post=25855"},{"taxonomy":"product_tag","embeddable":true,"href":"https:\/\/mouldking.store\/de\/wp-json\/wp\/v2\/product_tag?post=25855"}],"curies":[{"name":"wp","href":"https:\/\/api.w.org\/{rel}","templated":true}]}}