{"id":25864,"date":"2021-10-26T11:15:08","date_gmt":"2021-10-26T11:15:08","guid":{"rendered":"https:\/\/mouldking.store\/?post_type=product&#038;p=25864"},"modified":"2021-12-23T09:41:49","modified_gmt":"2021-12-23T09:41:49","slug":"jie-star-59005-the-bigboy-steam-locomotive-with-1608-pieces","status":"publish","type":"product","link":"https:\/\/mouldking.store\/de\/shop\/jie-star-59005-the-bigboy-steam-locomotive-with-1608-pieces\/","title":{"rendered":"JIE STAR 59005 Die BIGBOY Dampflokomotive mit 1608 Teilen"},"content":{"rendered":"<p>Produktinformation:<\/p>\n<ol>\n<li>Marke: JIE STAR<\/li>\n<li>Geschlecht: Unisex<\/li>\n<li>Name: Die BIGBOY-Dampflokomotive<\/li>\n<li>Altersspanne: &gt; 6 Jahre alt<\/li>\n<li>Modellnummer: 59005<\/li>\n<li>Einstufung: Assemblage<\/li>\n<li>Kunststoffblockform: Selbstsichernde Steine<\/li>\n<li>Material: Kunststoff<\/li>\n<li>Kunststofftyp: ABS<\/li>\n<li>Ziegelsteine: 1608 PCS<\/li>\n<li>Enth\u00e4lt eine ausf\u00fchrliche Montageanleitung.<\/li>\n<\/ol>\n<p>Notiz:<br \/>\n1. Ohne Originalverpackung, aber wir garantieren, dass unsere Produkte eine Qualit\u00e4tssicherung und eine sch\u00f6ne Verpackung haben.<br \/>\n2. Wie alle Teile, die wir vor dem Versand \u00fcberpr\u00fcft haben, machen Sie sich keine Sorgen, wenn Sie feststellen, dass einige Teile fehlen oder besch\u00e4digt sind, und kontaktieren Sie uns einfach, und wir k\u00f6nnen sie Ihnen umgehend kostenlos erneut zusenden.<\/p>\n<figure id=\"attachment_25872\" aria-describedby=\"caption-attachment-25872\" style=\"width: 790px\" class=\"wp-caption aligncenter\"><img fetchpriority=\"high\" decoding=\"async\" class=\"wp-image-25872 size-full\" src=\"https:\/\/mouldking.store\/wp-content\/uploads\/2021\/10\/JIE-STAR-59005-The-BIGBOY-Steam-Locomotive-with-1608-pieces-8.jpg\" alt=\"JIE STAR 59005 The BIGBOY Steam Locomotive with 1608 pieces\" width=\"790\" height=\"543\" title=\"-\" srcset=\"https:\/\/mouldking.store\/wp-content\/uploads\/2021\/10\/JIE-STAR-59005-The-BIGBOY-Steam-Locomotive-with-1608-pieces-8.jpg 790w, https:\/\/mouldking.store\/wp-content\/uploads\/2021\/10\/JIE-STAR-59005-The-BIGBOY-Steam-Locomotive-with-1608-pieces-8-300x206.jpg 300w, https:\/\/mouldking.store\/wp-content\/uploads\/2021\/10\/JIE-STAR-59005-The-BIGBOY-Steam-Locomotive-with-1608-pieces-8-768x528.jpg 768w, https:\/\/mouldking.store\/wp-content\/uploads\/2021\/10\/JIE-STAR-59005-The-BIGBOY-Steam-Locomotive-with-1608-pieces-8-600x412.jpg 600w, https:\/\/mouldking.store\/wp-content\/uploads\/2021\/10\/JIE-STAR-59005-The-BIGBOY-Steam-Locomotive-with-1608-pieces-8-150x103.jpg 150w\" sizes=\"(max-width: 790px) 100vw, 790px\" \/><figcaption id=\"caption-attachment-25872\" class=\"wp-caption-text\">JIE STAR 59005 Die BIGBOY Dampflokomotive mit 1608 Teilen<\/figcaption><\/figure>\n<figure id=\"attachment_25871\" aria-describedby=\"caption-attachment-25871\" style=\"width: 790px\" class=\"wp-caption aligncenter\"><img decoding=\"async\" class=\"wp-image-25871 size-full\" src=\"https:\/\/mouldking.store\/wp-content\/uploads\/2021\/10\/JIE-STAR-59005-The-BIGBOY-Steam-Locomotive-with-1608-pieces-7.jpg\" alt=\"JIE STAR 59005 The BIGBOY Steam Locomotive with 1608 pieces\" width=\"790\" height=\"671\" title=\"-\" srcset=\"https:\/\/mouldking.store\/wp-content\/uploads\/2021\/10\/JIE-STAR-59005-The-BIGBOY-Steam-Locomotive-with-1608-pieces-7.jpg 790w, https:\/\/mouldking.store\/wp-content\/uploads\/2021\/10\/JIE-STAR-59005-The-BIGBOY-Steam-Locomotive-with-1608-pieces-7-300x255.jpg 300w, https:\/\/mouldking.store\/wp-content\/uploads\/2021\/10\/JIE-STAR-59005-The-BIGBOY-Steam-Locomotive-with-1608-pieces-7-768x652.jpg 768w, https:\/\/mouldking.store\/wp-content\/uploads\/2021\/10\/JIE-STAR-59005-The-BIGBOY-Steam-Locomotive-with-1608-pieces-7-600x510.jpg 600w, https:\/\/mouldking.store\/wp-content\/uploads\/2021\/10\/JIE-STAR-59005-The-BIGBOY-Steam-Locomotive-with-1608-pieces-7-150x127.jpg 150w\" sizes=\"(max-width: 790px) 100vw, 790px\" \/><figcaption id=\"caption-attachment-25871\" class=\"wp-caption-text\">JIE STAR 59005 Die BIGBOY Dampflokomotive mit 1608 Teilen<\/figcaption><\/figure>\n<figure id=\"attachment_25869\" aria-describedby=\"caption-attachment-25869\" style=\"width: 790px\" class=\"wp-caption aligncenter\"><img decoding=\"async\" class=\"wp-image-25869 size-full\" src=\"https:\/\/mouldking.store\/wp-content\/uploads\/2021\/10\/JIE-STAR-59005-The-BIGBOY-Steam-Locomotive-with-1608-pieces-5.jpg\" alt=\"JIE STAR 59005 The BIGBOY Steam Locomotive with 1608 pieces\" width=\"790\" height=\"552\" title=\"-\" srcset=\"https:\/\/mouldking.store\/wp-content\/uploads\/2021\/10\/JIE-STAR-59005-The-BIGBOY-Steam-Locomotive-with-1608-pieces-5.jpg 790w, https:\/\/mouldking.store\/wp-content\/uploads\/2021\/10\/JIE-STAR-59005-The-BIGBOY-Steam-Locomotive-with-1608-pieces-5-300x210.jpg 300w, https:\/\/mouldking.store\/wp-content\/uploads\/2021\/10\/JIE-STAR-59005-The-BIGBOY-Steam-Locomotive-with-1608-pieces-5-768x537.jpg 768w, https:\/\/mouldking.store\/wp-content\/uploads\/2021\/10\/JIE-STAR-59005-The-BIGBOY-Steam-Locomotive-with-1608-pieces-5-600x419.jpg 600w, https:\/\/mouldking.store\/wp-content\/uploads\/2021\/10\/JIE-STAR-59005-The-BIGBOY-Steam-Locomotive-with-1608-pieces-5-150x105.jpg 150w\" sizes=\"(max-width: 790px) 100vw, 790px\" \/><figcaption id=\"caption-attachment-25869\" class=\"wp-caption-text\">JIE STAR 59005 Die BIGBOY Dampflokomotive mit 1608 Teilen<\/figcaption><\/figure>\n<figure id=\"attachment_25867\" aria-describedby=\"caption-attachment-25867\" style=\"width: 790px\" class=\"wp-caption aligncenter\"><img loading=\"lazy\" decoding=\"async\" class=\"wp-image-25867 size-full\" src=\"https:\/\/mouldking.store\/wp-content\/uploads\/2021\/10\/JIE-STAR-59005-The-BIGBOY-Steam-Locomotive-with-1608-pieces-3.jpg\" alt=\"JIE STAR 59005 The BIGBOY Steam Locomotive with 1608 pieces\" width=\"790\" height=\"775\" title=\"-\" srcset=\"https:\/\/mouldking.store\/wp-content\/uploads\/2021\/10\/JIE-STAR-59005-The-BIGBOY-Steam-Locomotive-with-1608-pieces-3.jpg 790w, https:\/\/mouldking.store\/wp-content\/uploads\/2021\/10\/JIE-STAR-59005-The-BIGBOY-Steam-Locomotive-with-1608-pieces-3-300x294.jpg 300w, https:\/\/mouldking.store\/wp-content\/uploads\/2021\/10\/JIE-STAR-59005-The-BIGBOY-Steam-Locomotive-with-1608-pieces-3-768x753.jpg 768w, https:\/\/mouldking.store\/wp-content\/uploads\/2021\/10\/JIE-STAR-59005-The-BIGBOY-Steam-Locomotive-with-1608-pieces-3-600x589.jpg 600w, https:\/\/mouldking.store\/wp-content\/uploads\/2021\/10\/JIE-STAR-59005-The-BIGBOY-Steam-Locomotive-with-1608-pieces-3-150x147.jpg 150w\" sizes=\"(max-width: 790px) 100vw, 790px\" \/><figcaption id=\"caption-attachment-25867\" class=\"wp-caption-text\">JIE STAR 59005 Die BIGBOY Dampflokomotive mit 1608 Teilen<\/figcaption><\/figure>\n<figure id=\"attachment_25870\" aria-describedby=\"caption-attachment-25870\" style=\"width: 563px\" class=\"wp-caption aligncenter\"><img loading=\"lazy\" decoding=\"async\" class=\"wp-image-25870 size-full\" src=\"https:\/\/mouldking.store\/wp-content\/uploads\/2021\/10\/JIE-STAR-59005-The-BIGBOY-Steam-Locomotive-with-1608-pieces-6.jpg\" alt=\"JIE STAR 59005 The BIGBOY Steam Locomotive with 1608 pieces\" width=\"563\" height=\"1024\" title=\"-\" srcset=\"https:\/\/mouldking.store\/wp-content\/uploads\/2021\/10\/JIE-STAR-59005-The-BIGBOY-Steam-Locomotive-with-1608-pieces-6.jpg 563w, https:\/\/mouldking.store\/wp-content\/uploads\/2021\/10\/JIE-STAR-59005-The-BIGBOY-Steam-Locomotive-with-1608-pieces-6-165x300.jpg 165w, https:\/\/mouldking.store\/wp-content\/uploads\/2021\/10\/JIE-STAR-59005-The-BIGBOY-Steam-Locomotive-with-1608-pieces-6-300x546.jpg 300w, https:\/\/mouldking.store\/wp-content\/uploads\/2021\/10\/JIE-STAR-59005-The-BIGBOY-Steam-Locomotive-with-1608-pieces-6-82x150.jpg 82w\" sizes=\"(max-width: 563px) 100vw, 563px\" \/><figcaption id=\"caption-attachment-25870\" class=\"wp-caption-text\">JIE STAR 59005 Die BIGBOY Dampflokomotive mit 1608 Teilen<\/figcaption><\/figure>\n<figure id=\"attachment_25868\" aria-describedby=\"caption-attachment-25868\" style=\"width: 669px\" class=\"wp-caption aligncenter\"><img loading=\"lazy\" decoding=\"async\" class=\"wp-image-25868 size-full\" src=\"https:\/\/mouldking.store\/wp-content\/uploads\/2021\/10\/JIE-STAR-59005-The-BIGBOY-Steam-Locomotive-with-1608-pieces-4.jpg\" alt=\"JIE STAR 59005 The BIGBOY Steam Locomotive with 1608 pieces\" width=\"669\" height=\"1024\" title=\"-\" srcset=\"https:\/\/mouldking.store\/wp-content\/uploads\/2021\/10\/JIE-STAR-59005-The-BIGBOY-Steam-Locomotive-with-1608-pieces-4.jpg 669w, https:\/\/mouldking.store\/wp-content\/uploads\/2021\/10\/JIE-STAR-59005-The-BIGBOY-Steam-Locomotive-with-1608-pieces-4-196x300.jpg 196w, https:\/\/mouldking.store\/wp-content\/uploads\/2021\/10\/JIE-STAR-59005-The-BIGBOY-Steam-Locomotive-with-1608-pieces-4-300x459.jpg 300w, https:\/\/mouldking.store\/wp-content\/uploads\/2021\/10\/JIE-STAR-59005-The-BIGBOY-Steam-Locomotive-with-1608-pieces-4-600x918.jpg 600w, https:\/\/mouldking.store\/wp-content\/uploads\/2021\/10\/JIE-STAR-59005-The-BIGBOY-Steam-Locomotive-with-1608-pieces-4-98x150.jpg 98w\" sizes=\"(max-width: 669px) 100vw, 669px\" \/><figcaption id=\"caption-attachment-25868\" class=\"wp-caption-text\">JIE STAR 59005 Die BIGBOY Dampflokomotive mit 1608 Teilen<\/figcaption><\/figure>\n<figure id=\"attachment_25866\" aria-describedby=\"caption-attachment-25866\" style=\"width: 747px\" class=\"wp-caption aligncenter\"><img loading=\"lazy\" decoding=\"async\" class=\"wp-image-25866 size-full\" src=\"https:\/\/mouldking.store\/wp-content\/uploads\/2021\/10\/JIE-STAR-59005-The-BIGBOY-Steam-Locomotive-with-1608-pieces-2.jpg\" alt=\"JIE STAR 59005 The BIGBOY Steam Locomotive with 1608 pieces\" width=\"747\" height=\"1024\" title=\"-\" srcset=\"https:\/\/mouldking.store\/wp-content\/uploads\/2021\/10\/JIE-STAR-59005-The-BIGBOY-Steam-Locomotive-with-1608-pieces-2.jpg 747w, https:\/\/mouldking.store\/wp-content\/uploads\/2021\/10\/JIE-STAR-59005-The-BIGBOY-Steam-Locomotive-with-1608-pieces-2-219x300.jpg 219w, https:\/\/mouldking.store\/wp-content\/uploads\/2021\/10\/JIE-STAR-59005-The-BIGBOY-Steam-Locomotive-with-1608-pieces-2-300x411.jpg 300w, https:\/\/mouldking.store\/wp-content\/uploads\/2021\/10\/JIE-STAR-59005-The-BIGBOY-Steam-Locomotive-with-1608-pieces-2-600x822.jpg 600w, https:\/\/mouldking.store\/wp-content\/uploads\/2021\/10\/JIE-STAR-59005-The-BIGBOY-Steam-Locomotive-with-1608-pieces-2-109x150.jpg 109w\" sizes=\"(max-width: 747px) 100vw, 747px\" \/><figcaption id=\"caption-attachment-25866\" class=\"wp-caption-text\">JIE STAR 59005 Die BIGBOY Dampflokomotive mit 1608 Teilen<\/figcaption><\/figure>","protected":false},"excerpt":{"rendered":"<p>Product information: Brand: JIE STAR Gender: Unisex Name: The BIGBOY Steam Locomotive Age Range: &gt; 6 years old Model Number: 59005 Classification: Assemblage Plastic Block Shape: Self-Locking Bricks Material: Plastic Plastic Type: ABS Bricks Blocks: 1608 PCS Contains detailed assembly instructions. Notice: 1. Without an original box, but we guarantee our products have quality assurance [&hellip;]<\/p>","protected":false},"featured_media":25865,"comment_status":"open","ping_status":"closed","template":"","meta":{"_acf_changed":false},"product_cat":[364],"product_tag":[2636,2634,2637,2256,2633,2632,2631,2635,2340],"class_list":["product","first","instock","shipping-taxable","purchasable","product-type-simple"],"acf":[],"_links":{"self":[{"href":"https:\/\/mouldking.store\/de\/wp-json\/wp\/v2\/product\/25864","targetHints":{"allow":["GET"]}}],"collection":[{"href":"https:\/\/mouldking.store\/de\/wp-json\/wp\/v2\/product"}],"about":[{"href":"https:\/\/mouldking.store\/de\/wp-json\/wp\/v2\/types\/product"}],"replies":[{"embeddable":true,"href":"https:\/\/mouldking.store\/de\/wp-json\/wp\/v2\/comments?post=25864"}],"wp:featuredmedia":[{"embeddable":true,"href":"https:\/\/mouldking.store\/de\/wp-json\/wp\/v2\/media\/25865"}],"wp:attachment":[{"href":"https:\/\/mouldking.store\/de\/wp-json\/wp\/v2\/media?parent=25864"}],"wp:term":[{"taxonomy":"product_cat","embeddable":true,"href":"https:\/\/mouldking.store\/de\/wp-json\/wp\/v2\/product_cat?post=25864"},{"taxonomy":"product_tag","embeddable":true,"href":"https:\/\/mouldking.store\/de\/wp-json\/wp\/v2\/product_tag?post=25864"}],"curies":[{"name":"wp","href":"https:\/\/api.w.org\/{rel}","templated":true}]}}