{"id":25879,"date":"2021-10-26T11:25:50","date_gmt":"2021-10-26T11:25:50","guid":{"rendered":"https:\/\/mouldking.store\/?post_type=product&#038;p=25879"},"modified":"2021-12-23T09:41:48","modified_gmt":"2021-12-23T09:41:48","slug":"qizhile-90012-christmas-house-with-1452-pieces","status":"publish","type":"product","link":"https:\/\/mouldking.store\/de\/shop\/qizhile-90012-christmas-house-with-1452-pieces\/","title":{"rendered":"QIZHILE 90012 Weihnachtshaus mit 1452 Teilen"},"content":{"rendered":"<p>Produktinformation:<\/p>\n<ol>\n<li>Brand: QIZHILE<\/li>\n<li>Geschlecht: Unisex<\/li>\n<li>Name: Christmas House<\/li>\n<li>Altersspanne: &gt; 6 Jahre alt<\/li>\n<li>Model Number: 90012<\/li>\n<li>Einstufung: Assemblage<\/li>\n<li>Kunststoffblockform: Selbstsichernde Steine<\/li>\n<li>Material: Kunststoff<\/li>\n<li>Kunststofftyp: ABS<\/li>\n<li>Bricks Blocks: 1452 PCS<\/li>\n<li>Enth\u00e4lt eine ausf\u00fchrliche Montageanleitung.<\/li>\n<\/ol>\n<p>Notiz:<br \/>\n1. Ohne Originalverpackung, aber wir garantieren, dass unsere Produkte eine Qualit\u00e4tssicherung und eine sch\u00f6ne Verpackung haben.<br \/>\n2. Wie alle Teile, die wir vor dem Versand \u00fcberpr\u00fcft haben, machen Sie sich keine Sorgen, wenn Sie feststellen, dass einige Teile fehlen oder besch\u00e4digt sind, und kontaktieren Sie uns einfach, und wir k\u00f6nnen sie Ihnen umgehend kostenlos erneut zusenden.<\/p>\n<figure id=\"attachment_25886\" aria-describedby=\"caption-attachment-25886\" style=\"width: 800px\" class=\"wp-caption aligncenter\"><img fetchpriority=\"high\" decoding=\"async\" class=\"wp-image-25886 size-full\" src=\"https:\/\/mouldking.store\/wp-content\/uploads\/2021\/10\/QIZHILE-90012-Christmas-House-with-1452-pieces-1.jpg\" alt=\"QIZHILE 90012 Christmas House with 1452 pieces\" width=\"800\" height=\"800\" title=\"-\" srcset=\"https:\/\/mouldking.store\/wp-content\/uploads\/2021\/10\/QIZHILE-90012-Christmas-House-with-1452-pieces-1.jpg 800w, https:\/\/mouldking.store\/wp-content\/uploads\/2021\/10\/QIZHILE-90012-Christmas-House-with-1452-pieces-1-300x300.jpg 300w, https:\/\/mouldking.store\/wp-content\/uploads\/2021\/10\/QIZHILE-90012-Christmas-House-with-1452-pieces-1-768x768.jpg 768w, https:\/\/mouldking.store\/wp-content\/uploads\/2021\/10\/QIZHILE-90012-Christmas-House-with-1452-pieces-1-600x600.jpg 600w, https:\/\/mouldking.store\/wp-content\/uploads\/2021\/10\/QIZHILE-90012-Christmas-House-with-1452-pieces-1-150x150.jpg 150w\" sizes=\"(max-width: 800px) 100vw, 800px\" \/><figcaption id=\"caption-attachment-25886\" class=\"wp-caption-text\">QIZHILE 90012 Weihnachtshaus mit 1452 Teilen<\/figcaption><\/figure>\n<figure id=\"attachment_25889\" aria-describedby=\"caption-attachment-25889\" style=\"width: 800px\" class=\"wp-caption aligncenter\"><img decoding=\"async\" class=\"wp-image-25889 size-full\" src=\"https:\/\/mouldking.store\/wp-content\/uploads\/2021\/10\/QIZHILE-90012-Christmas-House-with-1452-pieces-4.jpg\" alt=\"QIZHILE 90012 Christmas House with 1452 pieces\" width=\"800\" height=\"800\" title=\"-\" srcset=\"https:\/\/mouldking.store\/wp-content\/uploads\/2021\/10\/QIZHILE-90012-Christmas-House-with-1452-pieces-4.jpg 800w, https:\/\/mouldking.store\/wp-content\/uploads\/2021\/10\/QIZHILE-90012-Christmas-House-with-1452-pieces-4-300x300.jpg 300w, https:\/\/mouldking.store\/wp-content\/uploads\/2021\/10\/QIZHILE-90012-Christmas-House-with-1452-pieces-4-768x768.jpg 768w, https:\/\/mouldking.store\/wp-content\/uploads\/2021\/10\/QIZHILE-90012-Christmas-House-with-1452-pieces-4-600x600.jpg 600w, https:\/\/mouldking.store\/wp-content\/uploads\/2021\/10\/QIZHILE-90012-Christmas-House-with-1452-pieces-4-150x150.jpg 150w\" sizes=\"(max-width: 800px) 100vw, 800px\" \/><figcaption id=\"caption-attachment-25889\" class=\"wp-caption-text\">QIZHILE 90012 Weihnachtshaus mit 1452 Teilen<\/figcaption><\/figure>\n<figure id=\"attachment_25890\" aria-describedby=\"caption-attachment-25890\" style=\"width: 800px\" class=\"wp-caption aligncenter\"><img decoding=\"async\" class=\"wp-image-25890 size-full\" src=\"https:\/\/mouldking.store\/wp-content\/uploads\/2021\/10\/QIZHILE-90012-Christmas-House-with-1452-pieces-5.jpg\" alt=\"QIZHILE 90012 Christmas House with 1452 pieces\" width=\"800\" height=\"800\" title=\"-\" srcset=\"https:\/\/mouldking.store\/wp-content\/uploads\/2021\/10\/QIZHILE-90012-Christmas-House-with-1452-pieces-5.jpg 800w, https:\/\/mouldking.store\/wp-content\/uploads\/2021\/10\/QIZHILE-90012-Christmas-House-with-1452-pieces-5-300x300.jpg 300w, https:\/\/mouldking.store\/wp-content\/uploads\/2021\/10\/QIZHILE-90012-Christmas-House-with-1452-pieces-5-768x768.jpg 768w, https:\/\/mouldking.store\/wp-content\/uploads\/2021\/10\/QIZHILE-90012-Christmas-House-with-1452-pieces-5-600x600.jpg 600w, https:\/\/mouldking.store\/wp-content\/uploads\/2021\/10\/QIZHILE-90012-Christmas-House-with-1452-pieces-5-150x150.jpg 150w\" sizes=\"(max-width: 800px) 100vw, 800px\" \/><figcaption id=\"caption-attachment-25890\" class=\"wp-caption-text\">QIZHILE 90012 Weihnachtshaus mit 1452 Teilen<\/figcaption><\/figure>\n<figure id=\"attachment_25888\" aria-describedby=\"caption-attachment-25888\" style=\"width: 800px\" class=\"wp-caption aligncenter\"><img loading=\"lazy\" decoding=\"async\" class=\"wp-image-25888 size-full\" src=\"https:\/\/mouldking.store\/wp-content\/uploads\/2021\/10\/QIZHILE-90012-Christmas-House-with-1452-pieces-3.jpg\" alt=\"QIZHILE 90012 Christmas House with 1452 pieces\" width=\"800\" height=\"800\" title=\"-\" srcset=\"https:\/\/mouldking.store\/wp-content\/uploads\/2021\/10\/QIZHILE-90012-Christmas-House-with-1452-pieces-3.jpg 800w, https:\/\/mouldking.store\/wp-content\/uploads\/2021\/10\/QIZHILE-90012-Christmas-House-with-1452-pieces-3-300x300.jpg 300w, https:\/\/mouldking.store\/wp-content\/uploads\/2021\/10\/QIZHILE-90012-Christmas-House-with-1452-pieces-3-768x768.jpg 768w, https:\/\/mouldking.store\/wp-content\/uploads\/2021\/10\/QIZHILE-90012-Christmas-House-with-1452-pieces-3-600x600.jpg 600w, https:\/\/mouldking.store\/wp-content\/uploads\/2021\/10\/QIZHILE-90012-Christmas-House-with-1452-pieces-3-150x150.jpg 150w\" sizes=\"(max-width: 800px) 100vw, 800px\" \/><figcaption id=\"caption-attachment-25888\" class=\"wp-caption-text\">QIZHILE 90012 Weihnachtshaus mit 1452 Teilen<\/figcaption><\/figure>\n<figure id=\"attachment_25887\" aria-describedby=\"caption-attachment-25887\" style=\"width: 800px\" class=\"wp-caption aligncenter\"><img loading=\"lazy\" decoding=\"async\" class=\"wp-image-25887 size-full\" src=\"https:\/\/mouldking.store\/wp-content\/uploads\/2021\/10\/QIZHILE-90012-Christmas-House-with-1452-pieces-2.jpg\" alt=\"QIZHILE 90012 Christmas House with 1452 pieces\" width=\"800\" height=\"800\" title=\"-\" srcset=\"https:\/\/mouldking.store\/wp-content\/uploads\/2021\/10\/QIZHILE-90012-Christmas-House-with-1452-pieces-2.jpg 800w, https:\/\/mouldking.store\/wp-content\/uploads\/2021\/10\/QIZHILE-90012-Christmas-House-with-1452-pieces-2-300x300.jpg 300w, https:\/\/mouldking.store\/wp-content\/uploads\/2021\/10\/QIZHILE-90012-Christmas-House-with-1452-pieces-2-768x768.jpg 768w, https:\/\/mouldking.store\/wp-content\/uploads\/2021\/10\/QIZHILE-90012-Christmas-House-with-1452-pieces-2-600x600.jpg 600w, https:\/\/mouldking.store\/wp-content\/uploads\/2021\/10\/QIZHILE-90012-Christmas-House-with-1452-pieces-2-150x150.jpg 150w\" sizes=\"(max-width: 800px) 100vw, 800px\" \/><figcaption id=\"caption-attachment-25887\" class=\"wp-caption-text\">QIZHILE 90012 Weihnachtshaus mit 1452 Teilen<\/figcaption><\/figure>","protected":false},"excerpt":{"rendered":"<p>Product information: Brand: QIZHILE Gender: Unisex Name: Christmas House Age Range: &gt; 6 years old Model Number: 90012 Classification: Assemblage Plastic Block Shape: Self-Locking Bricks Material: Plastic Plastic Type: ABS Bricks Blocks: 1452 PCS Contains detailed assembly instructions. Notice: 1. Without an original box, but we guarantee our products have quality assurance and nice packaging. [&hellip;]<\/p>","protected":false},"featured_media":25886,"comment_status":"open","ping_status":"closed","template":"","meta":{"_acf_changed":false},"product_cat":[390],"product_tag":[2656,1066,1071,2318,1750,2655,2654,2657],"class_list":["product","first","instock","shipping-taxable","purchasable","product-type-simple"],"acf":[],"_links":{"self":[{"href":"https:\/\/mouldking.store\/de\/wp-json\/wp\/v2\/product\/25879","targetHints":{"allow":["GET"]}}],"collection":[{"href":"https:\/\/mouldking.store\/de\/wp-json\/wp\/v2\/product"}],"about":[{"href":"https:\/\/mouldking.store\/de\/wp-json\/wp\/v2\/types\/product"}],"replies":[{"embeddable":true,"href":"https:\/\/mouldking.store\/de\/wp-json\/wp\/v2\/comments?post=25879"}],"wp:featuredmedia":[{"embeddable":true,"href":"https:\/\/mouldking.store\/de\/wp-json\/wp\/v2\/media\/25886"}],"wp:attachment":[{"href":"https:\/\/mouldking.store\/de\/wp-json\/wp\/v2\/media?parent=25879"}],"wp:term":[{"taxonomy":"product_cat","embeddable":true,"href":"https:\/\/mouldking.store\/de\/wp-json\/wp\/v2\/product_cat?post=25879"},{"taxonomy":"product_tag","embeddable":true,"href":"https:\/\/mouldking.store\/de\/wp-json\/wp\/v2\/product_tag?post=25879"}],"curies":[{"name":"wp","href":"https:\/\/api.w.org\/{rel}","templated":true}]}}