{"id":25891,"date":"2021-10-26T11:34:00","date_gmt":"2021-10-26T11:34:00","guid":{"rendered":"https:\/\/mouldking.store\/?post_type=product&#038;p=25891"},"modified":"2021-12-23T09:41:48","modified_gmt":"2021-12-23T09:41:48","slug":"reobrix-66006-golden-lion-castle-with-2722-pieces","status":"publish","type":"product","link":"https:\/\/mouldking.store\/de\/shop\/reobrix-66006-golden-lion-castle-with-2722-pieces\/","title":{"rendered":"Reobrix 66006 Goldenes L\u00f6wenschloss mit 2722 Teilen"},"content":{"rendered":"<p>Produktinformation:<\/p>\n<ol>\n<li>Marke: Reobrix<\/li>\n<li>Geschlecht: Unisex<\/li>\n<li>Name: Golden Lion Castle<\/li>\n<li>Altersspanne: &gt; 6 Jahre alt<\/li>\n<li>Model Number: 66006<\/li>\n<li>Einstufung: Assemblage<\/li>\n<li>Kunststoffblockform: Selbstsichernde Steine<\/li>\n<li>Material: Kunststoff<\/li>\n<li>Kunststofftyp: ABS<\/li>\n<li>Bricks Blocks: 2722 PCS<\/li>\n<li>Enth\u00e4lt eine ausf\u00fchrliche Montageanleitung.<\/li>\n<\/ol>\n<p>Notiz:<br \/>\n1. Ohne Originalverpackung, aber wir garantieren, dass unsere Produkte eine Qualit\u00e4tssicherung und eine sch\u00f6ne Verpackung haben.<br \/>\n2. Wie alle Teile, die wir vor dem Versand \u00fcberpr\u00fcft haben, machen Sie sich keine Sorgen, wenn Sie feststellen, dass einige Teile fehlen oder besch\u00e4digt sind, und kontaktieren Sie uns einfach, und wir k\u00f6nnen sie Ihnen umgehend kostenlos erneut zusenden.<\/p>\n<figure id=\"attachment_25898\" aria-describedby=\"caption-attachment-25898\" style=\"width: 800px\" class=\"wp-caption aligncenter\"><img fetchpriority=\"high\" decoding=\"async\" class=\"wp-image-25898 size-full\" src=\"https:\/\/mouldking.store\/wp-content\/uploads\/2021\/10\/Reobrix-66006-Golden-Lion-Castle-with-2722-pieces-1.jpg\" alt=\"Reobrix 66006 Golden Lion Castle with 2722 pieces\" width=\"800\" height=\"800\" title=\"-\" srcset=\"https:\/\/mouldking.store\/wp-content\/uploads\/2021\/10\/Reobrix-66006-Golden-Lion-Castle-with-2722-pieces-1.jpg 800w, https:\/\/mouldking.store\/wp-content\/uploads\/2021\/10\/Reobrix-66006-Golden-Lion-Castle-with-2722-pieces-1-300x300.jpg 300w, https:\/\/mouldking.store\/wp-content\/uploads\/2021\/10\/Reobrix-66006-Golden-Lion-Castle-with-2722-pieces-1-768x768.jpg 768w, https:\/\/mouldking.store\/wp-content\/uploads\/2021\/10\/Reobrix-66006-Golden-Lion-Castle-with-2722-pieces-1-600x600.jpg 600w, https:\/\/mouldking.store\/wp-content\/uploads\/2021\/10\/Reobrix-66006-Golden-Lion-Castle-with-2722-pieces-1-150x150.jpg 150w\" sizes=\"(max-width: 800px) 100vw, 800px\" \/><figcaption id=\"caption-attachment-25898\" class=\"wp-caption-text\">Reobrix 66006 Goldenes L\u00f6wenschloss mit 2722 Teilen<\/figcaption><\/figure>\n<figure id=\"attachment_25903\" aria-describedby=\"caption-attachment-25903\" style=\"width: 615px\" class=\"wp-caption aligncenter\"><img decoding=\"async\" class=\"wp-image-25903 size-full\" src=\"https:\/\/mouldking.store\/wp-content\/uploads\/2021\/10\/Reobrix-66006-Golden-Lion-Castle-with-2722-pieces-6.jpg\" alt=\"Reobrix 66006 Golden Lion Castle with 2722 pieces\" width=\"615\" height=\"1024\" title=\"-\" srcset=\"https:\/\/mouldking.store\/wp-content\/uploads\/2021\/10\/Reobrix-66006-Golden-Lion-Castle-with-2722-pieces-6.jpg 615w, https:\/\/mouldking.store\/wp-content\/uploads\/2021\/10\/Reobrix-66006-Golden-Lion-Castle-with-2722-pieces-6-180x300.jpg 180w, https:\/\/mouldking.store\/wp-content\/uploads\/2021\/10\/Reobrix-66006-Golden-Lion-Castle-with-2722-pieces-6-300x500.jpg 300w, https:\/\/mouldking.store\/wp-content\/uploads\/2021\/10\/Reobrix-66006-Golden-Lion-Castle-with-2722-pieces-6-600x999.jpg 600w, https:\/\/mouldking.store\/wp-content\/uploads\/2021\/10\/Reobrix-66006-Golden-Lion-Castle-with-2722-pieces-6-90x150.jpg 90w\" sizes=\"(max-width: 615px) 100vw, 615px\" \/><figcaption id=\"caption-attachment-25903\" class=\"wp-caption-text\">Reobrix 66006 Goldenes L\u00f6wenschloss mit 2722 Teilen<\/figcaption><\/figure>\n<figure id=\"attachment_25906\" aria-describedby=\"caption-attachment-25906\" style=\"width: 800px\" class=\"wp-caption aligncenter\"><img decoding=\"async\" class=\"wp-image-25906 size-full\" src=\"https:\/\/mouldking.store\/wp-content\/uploads\/2021\/10\/Reobrix-66006-Golden-Lion-Castle-with-2722-pieces-9.jpg\" alt=\"Reobrix 66006 Golden Lion Castle with 2722 pieces\" width=\"800\" height=\"800\" title=\"-\" srcset=\"https:\/\/mouldking.store\/wp-content\/uploads\/2021\/10\/Reobrix-66006-Golden-Lion-Castle-with-2722-pieces-9.jpg 800w, https:\/\/mouldking.store\/wp-content\/uploads\/2021\/10\/Reobrix-66006-Golden-Lion-Castle-with-2722-pieces-9-300x300.jpg 300w, https:\/\/mouldking.store\/wp-content\/uploads\/2021\/10\/Reobrix-66006-Golden-Lion-Castle-with-2722-pieces-9-768x768.jpg 768w, https:\/\/mouldking.store\/wp-content\/uploads\/2021\/10\/Reobrix-66006-Golden-Lion-Castle-with-2722-pieces-9-600x600.jpg 600w, https:\/\/mouldking.store\/wp-content\/uploads\/2021\/10\/Reobrix-66006-Golden-Lion-Castle-with-2722-pieces-9-150x150.jpg 150w\" sizes=\"(max-width: 800px) 100vw, 800px\" \/><figcaption id=\"caption-attachment-25906\" class=\"wp-caption-text\">Reobrix 66006 Goldenes L\u00f6wenschloss mit 2722 Teilen<\/figcaption><\/figure>\n<figure id=\"attachment_25905\" aria-describedby=\"caption-attachment-25905\" style=\"width: 800px\" class=\"wp-caption aligncenter\"><img loading=\"lazy\" decoding=\"async\" class=\"wp-image-25905 size-full\" src=\"https:\/\/mouldking.store\/wp-content\/uploads\/2021\/10\/Reobrix-66006-Golden-Lion-Castle-with-2722-pieces-8.jpg\" alt=\"Reobrix 66006 Golden Lion Castle with 2722 pieces\" width=\"800\" height=\"800\" title=\"-\" srcset=\"https:\/\/mouldking.store\/wp-content\/uploads\/2021\/10\/Reobrix-66006-Golden-Lion-Castle-with-2722-pieces-8.jpg 800w, https:\/\/mouldking.store\/wp-content\/uploads\/2021\/10\/Reobrix-66006-Golden-Lion-Castle-with-2722-pieces-8-300x300.jpg 300w, https:\/\/mouldking.store\/wp-content\/uploads\/2021\/10\/Reobrix-66006-Golden-Lion-Castle-with-2722-pieces-8-768x768.jpg 768w, https:\/\/mouldking.store\/wp-content\/uploads\/2021\/10\/Reobrix-66006-Golden-Lion-Castle-with-2722-pieces-8-600x600.jpg 600w, https:\/\/mouldking.store\/wp-content\/uploads\/2021\/10\/Reobrix-66006-Golden-Lion-Castle-with-2722-pieces-8-150x150.jpg 150w\" sizes=\"(max-width: 800px) 100vw, 800px\" \/><figcaption id=\"caption-attachment-25905\" class=\"wp-caption-text\">Reobrix 66006 Goldenes L\u00f6wenschloss mit 2722 Teilen<\/figcaption><\/figure>\n<figure id=\"attachment_25904\" aria-describedby=\"caption-attachment-25904\" style=\"width: 469px\" class=\"wp-caption aligncenter\"><img loading=\"lazy\" decoding=\"async\" class=\"wp-image-25904 size-full\" src=\"https:\/\/mouldking.store\/wp-content\/uploads\/2021\/10\/Reobrix-66006-Golden-Lion-Castle-with-2722-pieces-7.jpg\" alt=\"Reobrix 66006 Golden Lion Castle with 2722 pieces\" width=\"469\" height=\"1023\" title=\"-\" srcset=\"https:\/\/mouldking.store\/wp-content\/uploads\/2021\/10\/Reobrix-66006-Golden-Lion-Castle-with-2722-pieces-7.jpg 469w, https:\/\/mouldking.store\/wp-content\/uploads\/2021\/10\/Reobrix-66006-Golden-Lion-Castle-with-2722-pieces-7-138x300.jpg 138w, https:\/\/mouldking.store\/wp-content\/uploads\/2021\/10\/Reobrix-66006-Golden-Lion-Castle-with-2722-pieces-7-300x654.jpg 300w, https:\/\/mouldking.store\/wp-content\/uploads\/2021\/10\/Reobrix-66006-Golden-Lion-Castle-with-2722-pieces-7-69x150.jpg 69w\" sizes=\"(max-width: 469px) 100vw, 469px\" \/><figcaption id=\"caption-attachment-25904\" class=\"wp-caption-text\">Reobrix 66006 Goldenes L\u00f6wenschloss mit 2722 Teilen<\/figcaption><\/figure>\n<figure id=\"attachment_25902\" aria-describedby=\"caption-attachment-25902\" style=\"width: 709px\" class=\"wp-caption aligncenter\"><img loading=\"lazy\" decoding=\"async\" class=\"wp-image-25902 size-full\" src=\"https:\/\/mouldking.store\/wp-content\/uploads\/2021\/10\/Reobrix-66006-Golden-Lion-Castle-with-2722-pieces-5.jpg\" alt=\"Reobrix 66006 Golden Lion Castle with 2722 pieces\" width=\"709\" height=\"1024\" title=\"-\" srcset=\"https:\/\/mouldking.store\/wp-content\/uploads\/2021\/10\/Reobrix-66006-Golden-Lion-Castle-with-2722-pieces-5.jpg 709w, https:\/\/mouldking.store\/wp-content\/uploads\/2021\/10\/Reobrix-66006-Golden-Lion-Castle-with-2722-pieces-5-208x300.jpg 208w, https:\/\/mouldking.store\/wp-content\/uploads\/2021\/10\/Reobrix-66006-Golden-Lion-Castle-with-2722-pieces-5-300x433.jpg 300w, https:\/\/mouldking.store\/wp-content\/uploads\/2021\/10\/Reobrix-66006-Golden-Lion-Castle-with-2722-pieces-5-600x867.jpg 600w, https:\/\/mouldking.store\/wp-content\/uploads\/2021\/10\/Reobrix-66006-Golden-Lion-Castle-with-2722-pieces-5-104x150.jpg 104w\" sizes=\"(max-width: 709px) 100vw, 709px\" \/><figcaption id=\"caption-attachment-25902\" class=\"wp-caption-text\">Reobrix 66006 Goldenes L\u00f6wenschloss mit 2722 Teilen<\/figcaption><\/figure>\n<figure id=\"attachment_25900\" aria-describedby=\"caption-attachment-25900\" style=\"width: 425px\" class=\"wp-caption aligncenter\"><img loading=\"lazy\" decoding=\"async\" class=\"wp-image-25900 size-full\" src=\"https:\/\/mouldking.store\/wp-content\/uploads\/2021\/10\/Reobrix-66006-Golden-Lion-Castle-with-2722-pieces-3.jpg\" alt=\"Reobrix 66006 Golden Lion Castle with 2722 pieces\" width=\"425\" height=\"1024\" title=\"-\" srcset=\"https:\/\/mouldking.store\/wp-content\/uploads\/2021\/10\/Reobrix-66006-Golden-Lion-Castle-with-2722-pieces-3.jpg 425w, https:\/\/mouldking.store\/wp-content\/uploads\/2021\/10\/Reobrix-66006-Golden-Lion-Castle-with-2722-pieces-3-125x300.jpg 125w, https:\/\/mouldking.store\/wp-content\/uploads\/2021\/10\/Reobrix-66006-Golden-Lion-Castle-with-2722-pieces-3-300x723.jpg 300w, https:\/\/mouldking.store\/wp-content\/uploads\/2021\/10\/Reobrix-66006-Golden-Lion-Castle-with-2722-pieces-3-62x150.jpg 62w\" sizes=\"(max-width: 425px) 100vw, 425px\" \/><figcaption id=\"caption-attachment-25900\" class=\"wp-caption-text\">Reobrix 66006 Goldenes L\u00f6wenschloss mit 2722 Teilen<\/figcaption><\/figure>\n<figure id=\"attachment_25901\" aria-describedby=\"caption-attachment-25901\" style=\"width: 571px\" class=\"wp-caption aligncenter\"><img loading=\"lazy\" decoding=\"async\" class=\"wp-image-25901 size-full\" src=\"https:\/\/mouldking.store\/wp-content\/uploads\/2021\/10\/Reobrix-66006-Golden-Lion-Castle-with-2722-pieces-4.jpg\" alt=\"Reobrix 66006 Golden Lion Castle with 2722 pieces\" width=\"571\" height=\"1023\" title=\"-\" srcset=\"https:\/\/mouldking.store\/wp-content\/uploads\/2021\/10\/Reobrix-66006-Golden-Lion-Castle-with-2722-pieces-4.jpg 571w, https:\/\/mouldking.store\/wp-content\/uploads\/2021\/10\/Reobrix-66006-Golden-Lion-Castle-with-2722-pieces-4-167x300.jpg 167w, https:\/\/mouldking.store\/wp-content\/uploads\/2021\/10\/Reobrix-66006-Golden-Lion-Castle-with-2722-pieces-4-300x537.jpg 300w, https:\/\/mouldking.store\/wp-content\/uploads\/2021\/10\/Reobrix-66006-Golden-Lion-Castle-with-2722-pieces-4-84x150.jpg 84w\" sizes=\"(max-width: 571px) 100vw, 571px\" \/><figcaption id=\"caption-attachment-25901\" class=\"wp-caption-text\">Reobrix 66006 Goldenes L\u00f6wenschloss mit 2722 Teilen<\/figcaption><\/figure>\n<figure id=\"attachment_25899\" aria-describedby=\"caption-attachment-25899\" style=\"width: 800px\" class=\"wp-caption aligncenter\"><img loading=\"lazy\" decoding=\"async\" class=\"wp-image-25899 size-full\" src=\"https:\/\/mouldking.store\/wp-content\/uploads\/2021\/10\/Reobrix-66006-Golden-Lion-Castle-with-2722-pieces-2.jpg\" alt=\"Reobrix 66006 Golden Lion Castle with 2722 pieces\" width=\"800\" height=\"800\" title=\"-\" srcset=\"https:\/\/mouldking.store\/wp-content\/uploads\/2021\/10\/Reobrix-66006-Golden-Lion-Castle-with-2722-pieces-2.jpg 800w, https:\/\/mouldking.store\/wp-content\/uploads\/2021\/10\/Reobrix-66006-Golden-Lion-Castle-with-2722-pieces-2-300x300.jpg 300w, https:\/\/mouldking.store\/wp-content\/uploads\/2021\/10\/Reobrix-66006-Golden-Lion-Castle-with-2722-pieces-2-768x768.jpg 768w, https:\/\/mouldking.store\/wp-content\/uploads\/2021\/10\/Reobrix-66006-Golden-Lion-Castle-with-2722-pieces-2-600x600.jpg 600w, https:\/\/mouldking.store\/wp-content\/uploads\/2021\/10\/Reobrix-66006-Golden-Lion-Castle-with-2722-pieces-2-150x150.jpg 150w\" sizes=\"(max-width: 800px) 100vw, 800px\" \/><figcaption id=\"caption-attachment-25899\" class=\"wp-caption-text\">Reobrix 66006 Goldenes L\u00f6wenschloss mit 2722 Teilen<\/figcaption><\/figure>","protected":false},"excerpt":{"rendered":"<p>Product information: Brand: Reobrix Gender: Unisex Name: Golden Lion Castle Age Range: &gt; 6 years old Model Number: 66006 Classification: Assemblage Plastic Block Shape: Self-Locking Bricks Material: Plastic Plastic Type: ABS Bricks Blocks: 2722 PCS Contains detailed assembly instructions. Notice: 1. Without an original box, but we guarantee our products have quality assurance and nice [&hellip;]<\/p>","protected":false},"featured_media":25898,"comment_status":"open","ping_status":"closed","template":"","meta":{"_acf_changed":false},"product_cat":[390],"product_tag":[2670,787,2672,2667,2671,2669,2666,2665,2668],"class_list":["product","first","instock","shipping-taxable","purchasable","product-type-simple"],"acf":[],"_links":{"self":[{"href":"https:\/\/mouldking.store\/de\/wp-json\/wp\/v2\/product\/25891","targetHints":{"allow":["GET"]}}],"collection":[{"href":"https:\/\/mouldking.store\/de\/wp-json\/wp\/v2\/product"}],"about":[{"href":"https:\/\/mouldking.store\/de\/wp-json\/wp\/v2\/types\/product"}],"replies":[{"embeddable":true,"href":"https:\/\/mouldking.store\/de\/wp-json\/wp\/v2\/comments?post=25891"}],"wp:featuredmedia":[{"embeddable":true,"href":"https:\/\/mouldking.store\/de\/wp-json\/wp\/v2\/media\/25898"}],"wp:attachment":[{"href":"https:\/\/mouldking.store\/de\/wp-json\/wp\/v2\/media?parent=25891"}],"wp:term":[{"taxonomy":"product_cat","embeddable":true,"href":"https:\/\/mouldking.store\/de\/wp-json\/wp\/v2\/product_cat?post=25891"},{"taxonomy":"product_tag","embeddable":true,"href":"https:\/\/mouldking.store\/de\/wp-json\/wp\/v2\/product_tag?post=25891"}],"curies":[{"name":"wp","href":"https:\/\/api.w.org\/{rel}","templated":true}]}}