{"id":25897,"date":"2021-10-26T11:38:53","date_gmt":"2021-10-26T11:38:53","guid":{"rendered":"https:\/\/mouldking.store\/?post_type=product&#038;p=25897"},"modified":"2021-12-23T09:41:48","modified_gmt":"2021-12-23T09:41:48","slug":"reobrix-66005-blacksmith-with-2366-pieces","status":"publish","type":"product","link":"https:\/\/mouldking.store\/de\/shop\/reobrix-66005-blacksmith-with-2366-pieces\/","title":{"rendered":"Reobrix 66005 Schmied mit 2366 Teilen"},"content":{"rendered":"<p>Produktinformation:<\/p>\n<ol>\n<li>Marke: Reobrix<\/li>\n<li>Geschlecht: Unisex<\/li>\n<li>Name: Schmied<\/li>\n<li>Altersspanne: &gt; 6 Jahre alt<\/li>\n<li>Modellnummer: 66005<\/li>\n<li>Einstufung: Assemblage<\/li>\n<li>Kunststoffblockform: Selbstsichernde Steine<\/li>\n<li>Material: Kunststoff<\/li>\n<li>Kunststofftyp: ABS<\/li>\n<li>Ziegelsteine: 2366 ST\u00dcCKE<\/li>\n<li>Enth\u00e4lt eine ausf\u00fchrliche Montageanleitung.<\/li>\n<\/ol>\n<p>Notiz:<br \/>\n1. Ohne Originalverpackung, aber wir garantieren, dass unsere Produkte eine Qualit\u00e4tssicherung und eine sch\u00f6ne Verpackung haben.<br \/>\n2. Wie alle Teile, die wir vor dem Versand \u00fcberpr\u00fcft haben, machen Sie sich keine Sorgen, wenn Sie feststellen, dass einige Teile fehlen oder besch\u00e4digt sind, und kontaktieren Sie uns einfach, und wir k\u00f6nnen sie Ihnen umgehend kostenlos erneut zusenden.<\/p>\n<figure id=\"attachment_25908\" aria-describedby=\"caption-attachment-25908\" style=\"width: 800px\" class=\"wp-caption aligncenter\"><img fetchpriority=\"high\" decoding=\"async\" class=\"wp-image-25908 size-full\" src=\"https:\/\/mouldking.store\/wp-content\/uploads\/2021\/10\/Reobrix-66005-Blacksmith-with-2366-pieces-1.jpg\" alt=\"Reobrix 66005 Blacksmith with 2366 pieces\" width=\"800\" height=\"800\" title=\"-\" srcset=\"https:\/\/mouldking.store\/wp-content\/uploads\/2021\/10\/Reobrix-66005-Blacksmith-with-2366-pieces-1.jpg 800w, https:\/\/mouldking.store\/wp-content\/uploads\/2021\/10\/Reobrix-66005-Blacksmith-with-2366-pieces-1-300x300.jpg 300w, https:\/\/mouldking.store\/wp-content\/uploads\/2021\/10\/Reobrix-66005-Blacksmith-with-2366-pieces-1-768x768.jpg 768w, https:\/\/mouldking.store\/wp-content\/uploads\/2021\/10\/Reobrix-66005-Blacksmith-with-2366-pieces-1-600x600.jpg 600w, https:\/\/mouldking.store\/wp-content\/uploads\/2021\/10\/Reobrix-66005-Blacksmith-with-2366-pieces-1-150x150.jpg 150w\" sizes=\"(max-width: 800px) 100vw, 800px\" \/><figcaption id=\"caption-attachment-25908\" class=\"wp-caption-text\">Reobrix 66005 Schmied mit 2366 Teilen<\/figcaption><\/figure>\n<figure id=\"attachment_25914\" aria-describedby=\"caption-attachment-25914\" style=\"width: 800px\" class=\"wp-caption aligncenter\"><img decoding=\"async\" class=\"wp-image-25914 size-full\" src=\"https:\/\/mouldking.store\/wp-content\/uploads\/2021\/10\/Reobrix-66005-Blacksmith-with-2366-pieces-7.jpg\" alt=\"Reobrix 66005 Blacksmith with 2366 pieces\" width=\"800\" height=\"800\" title=\"-\" srcset=\"https:\/\/mouldking.store\/wp-content\/uploads\/2021\/10\/Reobrix-66005-Blacksmith-with-2366-pieces-7.jpg 800w, https:\/\/mouldking.store\/wp-content\/uploads\/2021\/10\/Reobrix-66005-Blacksmith-with-2366-pieces-7-300x300.jpg 300w, https:\/\/mouldking.store\/wp-content\/uploads\/2021\/10\/Reobrix-66005-Blacksmith-with-2366-pieces-7-768x768.jpg 768w, https:\/\/mouldking.store\/wp-content\/uploads\/2021\/10\/Reobrix-66005-Blacksmith-with-2366-pieces-7-600x600.jpg 600w, https:\/\/mouldking.store\/wp-content\/uploads\/2021\/10\/Reobrix-66005-Blacksmith-with-2366-pieces-7-150x150.jpg 150w\" sizes=\"(max-width: 800px) 100vw, 800px\" \/><figcaption id=\"caption-attachment-25914\" class=\"wp-caption-text\">Reobrix 66005 Schmied mit 2366 Teilen<\/figcaption><\/figure>\n<figure id=\"attachment_25913\" aria-describedby=\"caption-attachment-25913\" style=\"width: 470px\" class=\"wp-caption aligncenter\"><img decoding=\"async\" class=\"wp-image-25913 size-full\" src=\"https:\/\/mouldking.store\/wp-content\/uploads\/2021\/10\/Reobrix-66005-Blacksmith-with-2366-pieces-6.jpg\" alt=\"Reobrix 66005 Blacksmith with 2366 pieces\" width=\"470\" height=\"1024\" title=\"-\" srcset=\"https:\/\/mouldking.store\/wp-content\/uploads\/2021\/10\/Reobrix-66005-Blacksmith-with-2366-pieces-6.jpg 470w, https:\/\/mouldking.store\/wp-content\/uploads\/2021\/10\/Reobrix-66005-Blacksmith-with-2366-pieces-6-138x300.jpg 138w, https:\/\/mouldking.store\/wp-content\/uploads\/2021\/10\/Reobrix-66005-Blacksmith-with-2366-pieces-6-300x654.jpg 300w, https:\/\/mouldking.store\/wp-content\/uploads\/2021\/10\/Reobrix-66005-Blacksmith-with-2366-pieces-6-69x150.jpg 69w\" sizes=\"(max-width: 470px) 100vw, 470px\" \/><figcaption id=\"caption-attachment-25913\" class=\"wp-caption-text\">Reobrix 66005 Schmied mit 2366 Teilen<\/figcaption><\/figure>\n<figure id=\"attachment_25912\" aria-describedby=\"caption-attachment-25912\" style=\"width: 359px\" class=\"wp-caption aligncenter\"><img loading=\"lazy\" decoding=\"async\" class=\"wp-image-25912 size-full\" src=\"https:\/\/mouldking.store\/wp-content\/uploads\/2021\/10\/Reobrix-66005-Blacksmith-with-2366-pieces-5.jpg\" alt=\"Reobrix 66005 Blacksmith with 2366 pieces\" width=\"359\" height=\"1024\" title=\"-\" srcset=\"https:\/\/mouldking.store\/wp-content\/uploads\/2021\/10\/Reobrix-66005-Blacksmith-with-2366-pieces-5.jpg 359w, https:\/\/mouldking.store\/wp-content\/uploads\/2021\/10\/Reobrix-66005-Blacksmith-with-2366-pieces-5-105x300.jpg 105w, https:\/\/mouldking.store\/wp-content\/uploads\/2021\/10\/Reobrix-66005-Blacksmith-with-2366-pieces-5-300x856.jpg 300w, https:\/\/mouldking.store\/wp-content\/uploads\/2021\/10\/Reobrix-66005-Blacksmith-with-2366-pieces-5-53x150.jpg 53w\" sizes=\"(max-width: 359px) 100vw, 359px\" \/><figcaption id=\"caption-attachment-25912\" class=\"wp-caption-text\">Reobrix 66005 Schmied mit 2366 Teilen<\/figcaption><\/figure>\n<figure id=\"attachment_25911\" aria-describedby=\"caption-attachment-25911\" style=\"width: 562px\" class=\"wp-caption aligncenter\"><img loading=\"lazy\" decoding=\"async\" class=\"wp-image-25911 size-full\" src=\"https:\/\/mouldking.store\/wp-content\/uploads\/2021\/10\/Reobrix-66005-Blacksmith-with-2366-pieces-4.jpg\" alt=\"Reobrix 66005 Blacksmith with 2366 pieces\" width=\"562\" height=\"1024\" title=\"-\" srcset=\"https:\/\/mouldking.store\/wp-content\/uploads\/2021\/10\/Reobrix-66005-Blacksmith-with-2366-pieces-4.jpg 562w, https:\/\/mouldking.store\/wp-content\/uploads\/2021\/10\/Reobrix-66005-Blacksmith-with-2366-pieces-4-165x300.jpg 165w, https:\/\/mouldking.store\/wp-content\/uploads\/2021\/10\/Reobrix-66005-Blacksmith-with-2366-pieces-4-300x547.jpg 300w, https:\/\/mouldking.store\/wp-content\/uploads\/2021\/10\/Reobrix-66005-Blacksmith-with-2366-pieces-4-82x150.jpg 82w\" sizes=\"(max-width: 562px) 100vw, 562px\" \/><figcaption id=\"caption-attachment-25911\" class=\"wp-caption-text\">Reobrix 66005 Schmied mit 2366 Teilen<\/figcaption><\/figure>\n<figure id=\"attachment_25910\" aria-describedby=\"caption-attachment-25910\" style=\"width: 437px\" class=\"wp-caption aligncenter\"><img loading=\"lazy\" decoding=\"async\" class=\"wp-image-25910 size-full\" src=\"https:\/\/mouldking.store\/wp-content\/uploads\/2021\/10\/Reobrix-66005-Blacksmith-with-2366-pieces-3.jpg\" alt=\"Reobrix 66005 Blacksmith with 2366 pieces\" width=\"437\" height=\"1024\" title=\"-\" srcset=\"https:\/\/mouldking.store\/wp-content\/uploads\/2021\/10\/Reobrix-66005-Blacksmith-with-2366-pieces-3.jpg 437w, https:\/\/mouldking.store\/wp-content\/uploads\/2021\/10\/Reobrix-66005-Blacksmith-with-2366-pieces-3-128x300.jpg 128w, https:\/\/mouldking.store\/wp-content\/uploads\/2021\/10\/Reobrix-66005-Blacksmith-with-2366-pieces-3-300x703.jpg 300w, https:\/\/mouldking.store\/wp-content\/uploads\/2021\/10\/Reobrix-66005-Blacksmith-with-2366-pieces-3-64x150.jpg 64w\" sizes=\"(max-width: 437px) 100vw, 437px\" \/><figcaption id=\"caption-attachment-25910\" class=\"wp-caption-text\">Reobrix 66005 Schmied mit 2366 Teilen<\/figcaption><\/figure>\n<figure id=\"attachment_25909\" aria-describedby=\"caption-attachment-25909\" style=\"width: 800px\" class=\"wp-caption aligncenter\"><img loading=\"lazy\" decoding=\"async\" class=\"wp-image-25909 size-full\" src=\"https:\/\/mouldking.store\/wp-content\/uploads\/2021\/10\/Reobrix-66005-Blacksmith-with-2366-pieces-2.jpg\" alt=\"Reobrix 66005 Blacksmith with 2366 pieces\" width=\"800\" height=\"800\" title=\"-\" srcset=\"https:\/\/mouldking.store\/wp-content\/uploads\/2021\/10\/Reobrix-66005-Blacksmith-with-2366-pieces-2.jpg 800w, https:\/\/mouldking.store\/wp-content\/uploads\/2021\/10\/Reobrix-66005-Blacksmith-with-2366-pieces-2-300x300.jpg 300w, https:\/\/mouldking.store\/wp-content\/uploads\/2021\/10\/Reobrix-66005-Blacksmith-with-2366-pieces-2-768x768.jpg 768w, https:\/\/mouldking.store\/wp-content\/uploads\/2021\/10\/Reobrix-66005-Blacksmith-with-2366-pieces-2-600x600.jpg 600w, https:\/\/mouldking.store\/wp-content\/uploads\/2021\/10\/Reobrix-66005-Blacksmith-with-2366-pieces-2-150x150.jpg 150w\" sizes=\"(max-width: 800px) 100vw, 800px\" \/><figcaption id=\"caption-attachment-25909\" class=\"wp-caption-text\">Reobrix 66005 Schmied mit 2366 Teilen<\/figcaption><\/figure>","protected":false},"excerpt":{"rendered":"<p>Hochwertige Bl\u00f6cke<\/p>","protected":false},"featured_media":25908,"comment_status":"open","ping_status":"closed","template":"","meta":{"_acf_changed":false},"product_cat":[390],"product_tag":[2675,2676,2669,2673,2674],"class_list":["product","first","instock","shipping-taxable","purchasable","product-type-simple"],"acf":[],"_links":{"self":[{"href":"https:\/\/mouldking.store\/de\/wp-json\/wp\/v2\/product\/25897","targetHints":{"allow":["GET"]}}],"collection":[{"href":"https:\/\/mouldking.store\/de\/wp-json\/wp\/v2\/product"}],"about":[{"href":"https:\/\/mouldking.store\/de\/wp-json\/wp\/v2\/types\/product"}],"replies":[{"embeddable":true,"href":"https:\/\/mouldking.store\/de\/wp-json\/wp\/v2\/comments?post=25897"}],"wp:featuredmedia":[{"embeddable":true,"href":"https:\/\/mouldking.store\/de\/wp-json\/wp\/v2\/media\/25908"}],"wp:attachment":[{"href":"https:\/\/mouldking.store\/de\/wp-json\/wp\/v2\/media?parent=25897"}],"wp:term":[{"taxonomy":"product_cat","embeddable":true,"href":"https:\/\/mouldking.store\/de\/wp-json\/wp\/v2\/product_cat?post=25897"},{"taxonomy":"product_tag","embeddable":true,"href":"https:\/\/mouldking.store\/de\/wp-json\/wp\/v2\/product_tag?post=25897"}],"curies":[{"name":"wp","href":"https:\/\/api.w.org\/{rel}","templated":true}]}}