{"id":25922,"date":"2021-10-26T11:50:41","date_gmt":"2021-10-26T11:50:41","guid":{"rendered":"https:\/\/mouldking.store\/?post_type=product&#038;p=25922"},"modified":"2021-12-23T09:41:48","modified_gmt":"2021-12-23T09:41:48","slug":"reobrix-66002-christmas-sleigh-with-1572-pieces","status":"publish","type":"product","link":"https:\/\/mouldking.store\/de\/shop\/reobrix-66002-christmas-sleigh-with-1572-pieces\/","title":{"rendered":"Reobrix 66002 Weihnachtsschlitten mit 1572 Teilen"},"content":{"rendered":"<p>Produktinformation:<\/p>\n<ol>\n<li>Marke: Reobrix<\/li>\n<li>Geschlecht: Unisex<\/li>\n<li>Name: Weihnachtsschlitten<\/li>\n<li>Altersspanne: &gt; 6 Jahre alt<\/li>\n<li>Modellnummer: 66002<\/li>\n<li>Einstufung: Assemblage<\/li>\n<li>Kunststoffblockform: Selbstsichernde Steine<\/li>\n<li>Material: Kunststoff<\/li>\n<li>Kunststofftyp: ABS<\/li>\n<li>Ziegelsteine: 1572 ST\u00dcCKE<\/li>\n<li>Enth\u00e4lt eine ausf\u00fchrliche Montageanleitung.<\/li>\n<\/ol>\n<p>Notiz:<br \/>\n1. Ohne Originalverpackung, aber wir garantieren, dass unsere Produkte eine Qualit\u00e4tssicherung und eine sch\u00f6ne Verpackung haben.<br \/>\n2. Wie alle Teile, die wir vor dem Versand \u00fcberpr\u00fcft haben, machen Sie sich keine Sorgen, wenn Sie feststellen, dass einige Teile fehlen oder besch\u00e4digt sind, und kontaktieren Sie uns einfach, und wir k\u00f6nnen sie Ihnen umgehend kostenlos erneut zusenden.<\/p>\n<figure id=\"attachment_25923\" aria-describedby=\"caption-attachment-25923\" style=\"width: 800px\" class=\"wp-caption aligncenter\"><img fetchpriority=\"high\" decoding=\"async\" class=\"wp-image-25923 size-full\" src=\"https:\/\/mouldking.store\/wp-content\/uploads\/2021\/10\/Reobrix-66002-Christmas-Sleigh-with-1572-pieces-1.jpg\" alt=\"Reobrix 66002 Christmas Sleigh with 1572 pieces\" width=\"800\" height=\"800\" title=\"-\" srcset=\"https:\/\/mouldking.store\/wp-content\/uploads\/2021\/10\/Reobrix-66002-Christmas-Sleigh-with-1572-pieces-1.jpg 800w, https:\/\/mouldking.store\/wp-content\/uploads\/2021\/10\/Reobrix-66002-Christmas-Sleigh-with-1572-pieces-1-300x300.jpg 300w, https:\/\/mouldking.store\/wp-content\/uploads\/2021\/10\/Reobrix-66002-Christmas-Sleigh-with-1572-pieces-1-768x768.jpg 768w, https:\/\/mouldking.store\/wp-content\/uploads\/2021\/10\/Reobrix-66002-Christmas-Sleigh-with-1572-pieces-1-600x600.jpg 600w, https:\/\/mouldking.store\/wp-content\/uploads\/2021\/10\/Reobrix-66002-Christmas-Sleigh-with-1572-pieces-1-150x150.jpg 150w\" sizes=\"(max-width: 800px) 100vw, 800px\" \/><figcaption id=\"caption-attachment-25923\" class=\"wp-caption-text\">Reobrix 66002 Weihnachtsschlitten mit 1572 Teilen<\/figcaption><\/figure>\n<figure id=\"attachment_25928\" aria-describedby=\"caption-attachment-25928\" style=\"width: 557px\" class=\"wp-caption aligncenter\"><img decoding=\"async\" class=\"wp-image-25928 size-full\" src=\"https:\/\/mouldking.store\/wp-content\/uploads\/2021\/10\/Reobrix-66002-Christmas-Sleigh-with-1572-pieces-6.jpg\" alt=\"Reobrix 66002 Christmas Sleigh with 1572 pieces\" width=\"557\" height=\"1024\" title=\"-\" srcset=\"https:\/\/mouldking.store\/wp-content\/uploads\/2021\/10\/Reobrix-66002-Christmas-Sleigh-with-1572-pieces-6.jpg 557w, https:\/\/mouldking.store\/wp-content\/uploads\/2021\/10\/Reobrix-66002-Christmas-Sleigh-with-1572-pieces-6-163x300.jpg 163w, https:\/\/mouldking.store\/wp-content\/uploads\/2021\/10\/Reobrix-66002-Christmas-Sleigh-with-1572-pieces-6-300x552.jpg 300w, https:\/\/mouldking.store\/wp-content\/uploads\/2021\/10\/Reobrix-66002-Christmas-Sleigh-with-1572-pieces-6-82x150.jpg 82w\" sizes=\"(max-width: 557px) 100vw, 557px\" \/><figcaption id=\"caption-attachment-25928\" class=\"wp-caption-text\">Reobrix 66002 Weihnachtsschlitten mit 1572 Teilen<\/figcaption><\/figure>\n<figure id=\"attachment_25927\" aria-describedby=\"caption-attachment-25927\" style=\"width: 405px\" class=\"wp-caption aligncenter\"><img decoding=\"async\" class=\"wp-image-25927 size-full\" src=\"https:\/\/mouldking.store\/wp-content\/uploads\/2021\/10\/Reobrix-66002-Christmas-Sleigh-with-1572-pieces-5.jpg\" alt=\"Reobrix 66002 Christmas Sleigh with 1572 pieces\" width=\"405\" height=\"1024\" title=\"-\" srcset=\"https:\/\/mouldking.store\/wp-content\/uploads\/2021\/10\/Reobrix-66002-Christmas-Sleigh-with-1572-pieces-5.jpg 405w, https:\/\/mouldking.store\/wp-content\/uploads\/2021\/10\/Reobrix-66002-Christmas-Sleigh-with-1572-pieces-5-119x300.jpg 119w, https:\/\/mouldking.store\/wp-content\/uploads\/2021\/10\/Reobrix-66002-Christmas-Sleigh-with-1572-pieces-5-300x759.jpg 300w, https:\/\/mouldking.store\/wp-content\/uploads\/2021\/10\/Reobrix-66002-Christmas-Sleigh-with-1572-pieces-5-59x150.jpg 59w\" sizes=\"(max-width: 405px) 100vw, 405px\" \/><figcaption id=\"caption-attachment-25927\" class=\"wp-caption-text\">Reobrix 66002 Weihnachtsschlitten mit 1572 Teilen<\/figcaption><\/figure>\n<figure id=\"attachment_25926\" aria-describedby=\"caption-attachment-25926\" style=\"width: 634px\" class=\"wp-caption aligncenter\"><img loading=\"lazy\" decoding=\"async\" class=\"wp-image-25926 size-full\" src=\"https:\/\/mouldking.store\/wp-content\/uploads\/2021\/10\/Reobrix-66002-Christmas-Sleigh-with-1572-pieces-4.jpg\" alt=\"Reobrix 66002 Christmas Sleigh with 1572 pieces\" width=\"634\" height=\"1024\" title=\"-\" srcset=\"https:\/\/mouldking.store\/wp-content\/uploads\/2021\/10\/Reobrix-66002-Christmas-Sleigh-with-1572-pieces-4.jpg 634w, https:\/\/mouldking.store\/wp-content\/uploads\/2021\/10\/Reobrix-66002-Christmas-Sleigh-with-1572-pieces-4-186x300.jpg 186w, https:\/\/mouldking.store\/wp-content\/uploads\/2021\/10\/Reobrix-66002-Christmas-Sleigh-with-1572-pieces-4-300x485.jpg 300w, https:\/\/mouldking.store\/wp-content\/uploads\/2021\/10\/Reobrix-66002-Christmas-Sleigh-with-1572-pieces-4-600x969.jpg 600w, https:\/\/mouldking.store\/wp-content\/uploads\/2021\/10\/Reobrix-66002-Christmas-Sleigh-with-1572-pieces-4-93x150.jpg 93w\" sizes=\"(max-width: 634px) 100vw, 634px\" \/><figcaption id=\"caption-attachment-25926\" class=\"wp-caption-text\">Reobrix 66002 Weihnachtsschlitten mit 1572 Teilen<\/figcaption><\/figure>\n<figure id=\"attachment_25925\" aria-describedby=\"caption-attachment-25925\" style=\"width: 473px\" class=\"wp-caption aligncenter\"><img loading=\"lazy\" decoding=\"async\" class=\"wp-image-25925 size-full\" src=\"https:\/\/mouldking.store\/wp-content\/uploads\/2021\/10\/Reobrix-66002-Christmas-Sleigh-with-1572-pieces-3.jpg\" alt=\"Reobrix 66002 Christmas Sleigh with 1572 pieces\" width=\"473\" height=\"1023\" title=\"-\" srcset=\"https:\/\/mouldking.store\/wp-content\/uploads\/2021\/10\/Reobrix-66002-Christmas-Sleigh-with-1572-pieces-3.jpg 473w, https:\/\/mouldking.store\/wp-content\/uploads\/2021\/10\/Reobrix-66002-Christmas-Sleigh-with-1572-pieces-3-139x300.jpg 139w, https:\/\/mouldking.store\/wp-content\/uploads\/2021\/10\/Reobrix-66002-Christmas-Sleigh-with-1572-pieces-3-300x649.jpg 300w, https:\/\/mouldking.store\/wp-content\/uploads\/2021\/10\/Reobrix-66002-Christmas-Sleigh-with-1572-pieces-3-69x150.jpg 69w\" sizes=\"(max-width: 473px) 100vw, 473px\" \/><figcaption id=\"caption-attachment-25925\" class=\"wp-caption-text\">Reobrix 66002 Weihnachtsschlitten mit 1572 Teilen<\/figcaption><\/figure>\n<figure id=\"attachment_25924\" aria-describedby=\"caption-attachment-25924\" style=\"width: 800px\" class=\"wp-caption aligncenter\"><img loading=\"lazy\" decoding=\"async\" class=\"wp-image-25924 size-full\" src=\"https:\/\/mouldking.store\/wp-content\/uploads\/2021\/10\/Reobrix-66002-Christmas-Sleigh-with-1572-pieces-2.jpg\" alt=\"Reobrix 66002 Christmas Sleigh with 1572 pieces\" width=\"800\" height=\"800\" title=\"-\" srcset=\"https:\/\/mouldking.store\/wp-content\/uploads\/2021\/10\/Reobrix-66002-Christmas-Sleigh-with-1572-pieces-2.jpg 800w, https:\/\/mouldking.store\/wp-content\/uploads\/2021\/10\/Reobrix-66002-Christmas-Sleigh-with-1572-pieces-2-300x300.jpg 300w, https:\/\/mouldking.store\/wp-content\/uploads\/2021\/10\/Reobrix-66002-Christmas-Sleigh-with-1572-pieces-2-768x768.jpg 768w, https:\/\/mouldking.store\/wp-content\/uploads\/2021\/10\/Reobrix-66002-Christmas-Sleigh-with-1572-pieces-2-600x600.jpg 600w, https:\/\/mouldking.store\/wp-content\/uploads\/2021\/10\/Reobrix-66002-Christmas-Sleigh-with-1572-pieces-2-150x150.jpg 150w\" sizes=\"(max-width: 800px) 100vw, 800px\" \/><figcaption id=\"caption-attachment-25924\" class=\"wp-caption-text\">Reobrix 66002 Weihnachtsschlitten mit 1572 Teilen<\/figcaption><\/figure>","protected":false},"excerpt":{"rendered":"<p>Product information: Brand: Reobrix Gender: Unisex Name: Christmas Sleigh Age Range: &gt; 6 years old Model Number: 66002 Classification: Assemblage Plastic Block Shape: Self-Locking Bricks Material: Plastic Plastic Type: ABS Bricks Blocks: 1572 PCS Contains detailed assembly instructions. Notice: 1. Without an original box, but we guarantee our products have quality assurance and nice packaging. [&hellip;]<\/p>","protected":false},"featured_media":25923,"comment_status":"open","ping_status":"closed","template":"","meta":{"_acf_changed":false},"product_cat":[371],"product_tag":[2687,1066,2685,2669,2684,2683,2686,2688],"class_list":["product","first","instock","shipping-taxable","purchasable","product-type-simple"],"acf":[],"_links":{"self":[{"href":"https:\/\/mouldking.store\/de\/wp-json\/wp\/v2\/product\/25922","targetHints":{"allow":["GET"]}}],"collection":[{"href":"https:\/\/mouldking.store\/de\/wp-json\/wp\/v2\/product"}],"about":[{"href":"https:\/\/mouldking.store\/de\/wp-json\/wp\/v2\/types\/product"}],"replies":[{"embeddable":true,"href":"https:\/\/mouldking.store\/de\/wp-json\/wp\/v2\/comments?post=25922"}],"wp:featuredmedia":[{"embeddable":true,"href":"https:\/\/mouldking.store\/de\/wp-json\/wp\/v2\/media\/25923"}],"wp:attachment":[{"href":"https:\/\/mouldking.store\/de\/wp-json\/wp\/v2\/media?parent=25922"}],"wp:term":[{"taxonomy":"product_cat","embeddable":true,"href":"https:\/\/mouldking.store\/de\/wp-json\/wp\/v2\/product_cat?post=25922"},{"taxonomy":"product_tag","embeddable":true,"href":"https:\/\/mouldking.store\/de\/wp-json\/wp\/v2\/product_tag?post=25922"}],"curies":[{"name":"wp","href":"https:\/\/api.w.org\/{rel}","templated":true}]}}