{"id":25929,"date":"2021-10-26T11:56:50","date_gmt":"2021-10-26T04:56:50","guid":{"rendered":"https:\/\/mouldking.store\/?post_type=product&#038;p=25929"},"modified":"2023-02-28T20:44:24","modified_gmt":"2023-02-28T13:44:24","slug":"sy-8882-nissan-gtr-with-4098-pieces","status":"publish","type":"product","link":"https:\/\/mouldking.store\/de\/shop\/sy-8882-nissan-gtr-with-4098-pieces\/","title":{"rendered":"SY 8882 Nissan GTR mit 4098 Teilen"},"content":{"rendered":"<p>Produktinformation:<\/p>\n<ol>\n<li>Marke: SY<\/li>\n<li>Geschlecht: Unisex<\/li>\n<li>Name: Nissan GTR<\/li>\n<li>Altersspanne: &gt; 6 Jahre alt<\/li>\n<li>Modellnummer: 8882<\/li>\n<li>Einstufung: Assemblage<\/li>\n<li>Kunststoffblockform: Selbstsichernde Steine<\/li>\n<li>Material: Kunststoff<\/li>\n<li>Kunststofftyp: ABS<\/li>\n<li>Ziegelsteine: 4098 ST\u00dcCKE<\/li>\n<li>Enth\u00e4lt eine ausf\u00fchrliche Montageanleitung.<\/li>\n<\/ol>\n<p>Notiz:<br \/>\n1. Ohne Originalverpackung, aber wir garantieren, dass unsere Produkte eine Qualit\u00e4tssicherung und eine sch\u00f6ne Verpackung haben.<br \/>\n2. Wie alle Teile, die wir vor dem Versand \u00fcberpr\u00fcft haben, machen Sie sich keine Sorgen, wenn Sie feststellen, dass einige Teile fehlen oder besch\u00e4digt sind, und kontaktieren Sie uns einfach, und wir k\u00f6nnen sie Ihnen umgehend kostenlos erneut zusenden.<\/p>\n<figure id=\"attachment_25930\" aria-describedby=\"caption-attachment-25930\" style=\"width: 800px\" class=\"wp-caption aligncenter\"><img fetchpriority=\"high\" decoding=\"async\" class=\"wp-image-25930 size-full\" src=\"https:\/\/mouldking.store\/wp-content\/uploads\/2021\/10\/SY-8882-Nissan-GTR-with-4098-pieces-1.jpg\" alt=\"SY 8882 Nissan GTR with 4098 pieces\" width=\"800\" height=\"800\" title=\"-\" srcset=\"https:\/\/mouldking.store\/wp-content\/uploads\/2021\/10\/SY-8882-Nissan-GTR-with-4098-pieces-1.jpg 800w, https:\/\/mouldking.store\/wp-content\/uploads\/2021\/10\/SY-8882-Nissan-GTR-with-4098-pieces-1-300x300.jpg 300w, https:\/\/mouldking.store\/wp-content\/uploads\/2021\/10\/SY-8882-Nissan-GTR-with-4098-pieces-1-768x768.jpg 768w, https:\/\/mouldking.store\/wp-content\/uploads\/2021\/10\/SY-8882-Nissan-GTR-with-4098-pieces-1-600x600.jpg 600w, https:\/\/mouldking.store\/wp-content\/uploads\/2021\/10\/SY-8882-Nissan-GTR-with-4098-pieces-1-150x150.jpg 150w\" sizes=\"(max-width: 800px) 100vw, 800px\" \/><figcaption id=\"caption-attachment-25930\" class=\"wp-caption-text\">SY 8882 Nissan GTR mit 4098 Teilen<\/figcaption><\/figure>\n<figure id=\"attachment_25933\" aria-describedby=\"caption-attachment-25933\" style=\"width: 790px\" class=\"wp-caption aligncenter\"><img decoding=\"async\" class=\"wp-image-25933 size-full\" src=\"https:\/\/mouldking.store\/wp-content\/uploads\/2021\/10\/SY-8882-Nissan-GTR-with-4098-pieces-4.jpg\" alt=\"SY 8882 Nissan GTR with 4098 pieces\" width=\"790\" height=\"656\" title=\"-\" srcset=\"https:\/\/mouldking.store\/wp-content\/uploads\/2021\/10\/SY-8882-Nissan-GTR-with-4098-pieces-4.jpg 790w, https:\/\/mouldking.store\/wp-content\/uploads\/2021\/10\/SY-8882-Nissan-GTR-with-4098-pieces-4-300x249.jpg 300w, https:\/\/mouldking.store\/wp-content\/uploads\/2021\/10\/SY-8882-Nissan-GTR-with-4098-pieces-4-768x638.jpg 768w, https:\/\/mouldking.store\/wp-content\/uploads\/2021\/10\/SY-8882-Nissan-GTR-with-4098-pieces-4-600x498.jpg 600w, https:\/\/mouldking.store\/wp-content\/uploads\/2021\/10\/SY-8882-Nissan-GTR-with-4098-pieces-4-150x125.jpg 150w\" sizes=\"(max-width: 790px) 100vw, 790px\" \/><figcaption id=\"caption-attachment-25933\" class=\"wp-caption-text\">SY 8882 Nissan GTR mit 4098 Teilen<\/figcaption><\/figure>\n<figure id=\"attachment_25932\" aria-describedby=\"caption-attachment-25932\" style=\"width: 790px\" class=\"wp-caption aligncenter\"><img decoding=\"async\" class=\"wp-image-25932 size-full\" src=\"https:\/\/mouldking.store\/wp-content\/uploads\/2021\/10\/SY-8882-Nissan-GTR-with-4098-pieces-3.jpg\" alt=\"SY 8882 Nissan GTR with 4098 pieces\" width=\"790\" height=\"862\" title=\"-\" srcset=\"https:\/\/mouldking.store\/wp-content\/uploads\/2021\/10\/SY-8882-Nissan-GTR-with-4098-pieces-3.jpg 790w, https:\/\/mouldking.store\/wp-content\/uploads\/2021\/10\/SY-8882-Nissan-GTR-with-4098-pieces-3-275x300.jpg 275w, https:\/\/mouldking.store\/wp-content\/uploads\/2021\/10\/SY-8882-Nissan-GTR-with-4098-pieces-3-768x838.jpg 768w, https:\/\/mouldking.store\/wp-content\/uploads\/2021\/10\/SY-8882-Nissan-GTR-with-4098-pieces-3-300x327.jpg 300w, https:\/\/mouldking.store\/wp-content\/uploads\/2021\/10\/SY-8882-Nissan-GTR-with-4098-pieces-3-600x655.jpg 600w, https:\/\/mouldking.store\/wp-content\/uploads\/2021\/10\/SY-8882-Nissan-GTR-with-4098-pieces-3-137x150.jpg 137w\" sizes=\"(max-width: 790px) 100vw, 790px\" \/><figcaption id=\"caption-attachment-25932\" class=\"wp-caption-text\">SY 8882 Nissan GTR mit 4098 Teilen<\/figcaption><\/figure>\n<figure id=\"attachment_25931\" aria-describedby=\"caption-attachment-25931\" style=\"width: 800px\" class=\"wp-caption aligncenter\"><img loading=\"lazy\" decoding=\"async\" class=\"wp-image-25931 size-full\" src=\"https:\/\/mouldking.store\/wp-content\/uploads\/2021\/10\/SY-8882-Nissan-GTR-with-4098-pieces-2.jpg\" alt=\"SY 8882 Nissan GTR with 4098 pieces\" width=\"800\" height=\"800\" title=\"-\" srcset=\"https:\/\/mouldking.store\/wp-content\/uploads\/2021\/10\/SY-8882-Nissan-GTR-with-4098-pieces-2.jpg 800w, https:\/\/mouldking.store\/wp-content\/uploads\/2021\/10\/SY-8882-Nissan-GTR-with-4098-pieces-2-300x300.jpg 300w, https:\/\/mouldking.store\/wp-content\/uploads\/2021\/10\/SY-8882-Nissan-GTR-with-4098-pieces-2-768x768.jpg 768w, https:\/\/mouldking.store\/wp-content\/uploads\/2021\/10\/SY-8882-Nissan-GTR-with-4098-pieces-2-600x600.jpg 600w, https:\/\/mouldking.store\/wp-content\/uploads\/2021\/10\/SY-8882-Nissan-GTR-with-4098-pieces-2-150x150.jpg 150w\" sizes=\"(max-width: 800px) 100vw, 800px\" \/><figcaption id=\"caption-attachment-25931\" class=\"wp-caption-text\">SY 8882 Nissan GTR mit 4098 Teilen<\/figcaption><\/figure>","protected":false},"excerpt":{"rendered":"<p>Product information: Brand: SY Gender: Unisex Name: Nissan GTR Age Range: &gt; 6 years old Model Number: 8882 Classification: Assemblage Plastic Block Shape: Self-Locking Bricks Material: Plastic Plastic Type: ABS Bricks Blocks: 4098 PCS Contains detailed assembly instructions. Notice: 1. Without an original box, but we guarantee our products have quality assurance and nice packaging. [&hellip;]<\/p>","protected":false},"featured_media":25930,"comment_status":"open","ping_status":"closed","template":"","meta":{"_acf_changed":false},"product_cat":[364],"product_tag":[2692,2694,2693,2691,1416,2690,2689,2696,2695],"class_list":["product","first","outofstock","shipping-taxable","purchasable","product-type-variable"],"acf":[],"_links":{"self":[{"href":"https:\/\/mouldking.store\/de\/wp-json\/wp\/v2\/product\/25929","targetHints":{"allow":["GET"]}}],"collection":[{"href":"https:\/\/mouldking.store\/de\/wp-json\/wp\/v2\/product"}],"about":[{"href":"https:\/\/mouldking.store\/de\/wp-json\/wp\/v2\/types\/product"}],"replies":[{"embeddable":true,"href":"https:\/\/mouldking.store\/de\/wp-json\/wp\/v2\/comments?post=25929"}],"wp:featuredmedia":[{"embeddable":true,"href":"https:\/\/mouldking.store\/de\/wp-json\/wp\/v2\/media\/25930"}],"wp:attachment":[{"href":"https:\/\/mouldking.store\/de\/wp-json\/wp\/v2\/media?parent=25929"}],"wp:term":[{"taxonomy":"product_cat","embeddable":true,"href":"https:\/\/mouldking.store\/de\/wp-json\/wp\/v2\/product_cat?post=25929"},{"taxonomy":"product_tag","embeddable":true,"href":"https:\/\/mouldking.store\/de\/wp-json\/wp\/v2\/product_tag?post=25929"}],"curies":[{"name":"wp","href":"https:\/\/api.w.org\/{rel}","templated":true}]}}