{"id":25942,"date":"2021-10-26T14:54:45","date_gmt":"2021-10-26T14:54:45","guid":{"rendered":"https:\/\/mouldking.store\/?post_type=product&#038;p=25942"},"modified":"2025-12-25T09:17:13","modified_gmt":"2025-12-25T02:17:13","slug":"moc-31928-af-05-war-machine-with-321-pieces","status":"publish","type":"product","link":"https:\/\/mouldking.store\/de\/shop\/moc-31928-af-05-war-machine-with-321-pieces\/","title":{"rendered":"MOC-31928 AF-05 Kriegsmaschine mit 321 Teilen"},"content":{"rendered":"<p>Produktinformation:<\/p>\n<ol>\n<li>Marke: MOC<\/li>\n<li>Geschlecht: Unisex<\/li>\n<li>Name: AF-05 War Machine<\/li>\n<li>Altersspanne: &gt; 8 Jahre alt<\/li>\n<li>Model Number: MOC-31928<\/li>\n<li>Einstufung: Assemblage<\/li>\n<li>Kunststoffblockform: Selbstsichernde Steine<\/li>\n<li>Material: Kunststoff<\/li>\n<li>Kunststofftyp: ABS<\/li>\n<li>Ziegelsteine: 321 ST\u00dcCKE<\/li>\n<li>Enth\u00e4lt eine ausf\u00fchrliche Montageanleitung.<\/li>\n<\/ol>\n<p>Notiz:<br \/>\n1. Ohne Originalverpackung, aber wir garantieren, dass unsere Produkte eine Qualit\u00e4tssicherung und eine sch\u00f6ne Verpackung haben.<br \/>\n2. Wie alle Teile, die wir vor dem Versand \u00fcberpr\u00fcft haben, machen Sie sich keine Sorgen, wenn Sie feststellen, dass einige Teile fehlen oder besch\u00e4digt sind, und kontaktieren Sie uns einfach, und wir k\u00f6nnen sie Ihnen umgehend kostenlos erneut zusenden.<\/p>\n<figure id=\"attachment_25943\" aria-describedby=\"caption-attachment-25943\" style=\"width: 1000px\" class=\"wp-caption aligncenter\"><img fetchpriority=\"high\" decoding=\"async\" class=\"size-full wp-image-25943\" title=\"MOC-31928 AF-05 Kriegsmaschine mit 321 Teilen\" src=\"https:\/\/mouldking.store\/wp-content\/uploads\/2021\/10\/moc-31928-af-05-war-machine-with-321-pieces.jpg\" alt=\"MOC-31928 AF-05 War Machine with 321 pieces\" width=\"1000\" height=\"1000\" srcset=\"https:\/\/mouldking.store\/wp-content\/uploads\/2021\/10\/moc-31928-af-05-war-machine-with-321-pieces.jpg 1000w, https:\/\/mouldking.store\/wp-content\/uploads\/2021\/10\/moc-31928-af-05-war-machine-with-321-pieces-300x300.jpg 300w, https:\/\/mouldking.store\/wp-content\/uploads\/2021\/10\/moc-31928-af-05-war-machine-with-321-pieces-768x768.jpg 768w, https:\/\/mouldking.store\/wp-content\/uploads\/2021\/10\/moc-31928-af-05-war-machine-with-321-pieces-600x600.jpg 600w, https:\/\/mouldking.store\/wp-content\/uploads\/2021\/10\/moc-31928-af-05-war-machine-with-321-pieces-150x150.jpg 150w\" sizes=\"(max-width: 1000px) 100vw, 1000px\" \/><figcaption id=\"caption-attachment-25943\" class=\"wp-caption-text\">MOC-31928 AF-05 Kriegsmaschine mit 321 Teilen<\/figcaption><\/figure>\n<figure id=\"attachment_25944\" aria-describedby=\"caption-attachment-25944\" style=\"width: 1000px\" class=\"wp-caption aligncenter\"><img decoding=\"async\" class=\"size-full wp-image-25944\" title=\"MOC-31928 AF-05 Kriegsmaschine mit 321 Teilen\" src=\"https:\/\/mouldking.store\/wp-content\/uploads\/2021\/10\/moc-31928-af-05-war-machine-with-321-pieces-1.jpg\" alt=\"MOC-31928 AF-05 War Machine with 321 pieces\" width=\"1000\" height=\"1000\" srcset=\"https:\/\/mouldking.store\/wp-content\/uploads\/2021\/10\/moc-31928-af-05-war-machine-with-321-pieces-1.jpg 1000w, https:\/\/mouldking.store\/wp-content\/uploads\/2021\/10\/moc-31928-af-05-war-machine-with-321-pieces-1-300x300.jpg 300w, https:\/\/mouldking.store\/wp-content\/uploads\/2021\/10\/moc-31928-af-05-war-machine-with-321-pieces-1-768x768.jpg 768w, https:\/\/mouldking.store\/wp-content\/uploads\/2021\/10\/moc-31928-af-05-war-machine-with-321-pieces-1-600x600.jpg 600w, https:\/\/mouldking.store\/wp-content\/uploads\/2021\/10\/moc-31928-af-05-war-machine-with-321-pieces-1-150x150.jpg 150w\" sizes=\"(max-width: 1000px) 100vw, 1000px\" \/><figcaption id=\"caption-attachment-25944\" class=\"wp-caption-text\">MOC-31928 AF-05 Kriegsmaschine mit 321 Teilen<\/figcaption><\/figure>\n<figure id=\"attachment_25945\" aria-describedby=\"caption-attachment-25945\" style=\"width: 1000px\" class=\"wp-caption aligncenter\"><img decoding=\"async\" class=\"size-full wp-image-25945\" title=\"MOC-31928 AF-05 Kriegsmaschine mit 321 Teilen\" src=\"https:\/\/mouldking.store\/wp-content\/uploads\/2021\/10\/moc-31928-af-05-war-machine-with-321-pieces-2.jpg\" alt=\"MOC-31928 AF-05 War Machine with 321 pieces\" width=\"1000\" height=\"1000\" srcset=\"https:\/\/mouldking.store\/wp-content\/uploads\/2021\/10\/moc-31928-af-05-war-machine-with-321-pieces-2.jpg 1000w, https:\/\/mouldking.store\/wp-content\/uploads\/2021\/10\/moc-31928-af-05-war-machine-with-321-pieces-2-300x300.jpg 300w, https:\/\/mouldking.store\/wp-content\/uploads\/2021\/10\/moc-31928-af-05-war-machine-with-321-pieces-2-768x768.jpg 768w, https:\/\/mouldking.store\/wp-content\/uploads\/2021\/10\/moc-31928-af-05-war-machine-with-321-pieces-2-600x600.jpg 600w, https:\/\/mouldking.store\/wp-content\/uploads\/2021\/10\/moc-31928-af-05-war-machine-with-321-pieces-2-150x150.jpg 150w\" sizes=\"(max-width: 1000px) 100vw, 1000px\" \/><figcaption id=\"caption-attachment-25945\" class=\"wp-caption-text\">MOC-31928 AF-05 Kriegsmaschine mit 321 Teilen<\/figcaption><\/figure>\n<figure id=\"attachment_25946\" aria-describedby=\"caption-attachment-25946\" style=\"width: 1000px\" class=\"wp-caption aligncenter\"><img loading=\"lazy\" decoding=\"async\" class=\"size-full wp-image-25946\" title=\"MOC-31928 AF-05 Kriegsmaschine mit 321 Teilen\" src=\"https:\/\/mouldking.store\/wp-content\/uploads\/2021\/10\/moc-31928-af-05-war-machine-with-321-pieces-3.jpg\" alt=\"MOC-31928 AF-05 War Machine with 321 pieces\" width=\"1000\" height=\"1000\" srcset=\"https:\/\/mouldking.store\/wp-content\/uploads\/2021\/10\/moc-31928-af-05-war-machine-with-321-pieces-3.jpg 1000w, https:\/\/mouldking.store\/wp-content\/uploads\/2021\/10\/moc-31928-af-05-war-machine-with-321-pieces-3-300x300.jpg 300w, https:\/\/mouldking.store\/wp-content\/uploads\/2021\/10\/moc-31928-af-05-war-machine-with-321-pieces-3-768x768.jpg 768w, https:\/\/mouldking.store\/wp-content\/uploads\/2021\/10\/moc-31928-af-05-war-machine-with-321-pieces-3-600x600.jpg 600w, https:\/\/mouldking.store\/wp-content\/uploads\/2021\/10\/moc-31928-af-05-war-machine-with-321-pieces-3-150x150.jpg 150w\" sizes=\"(max-width: 1000px) 100vw, 1000px\" \/><figcaption id=\"caption-attachment-25946\" class=\"wp-caption-text\">MOC-31928 AF-05 Kriegsmaschine mit 321 Teilen<\/figcaption><\/figure>\n<p>&nbsp;<\/p>","protected":false},"excerpt":{"rendered":"<p>Product information: Brand: MOC Gender: Unisex Name: AF-05 War Machine Age Range: &gt; 8 years old Model Number: MOC-31928 Classification: Assemblage Plastic Block Shape: Self-Locking Bricks Material: Plastic Plastic Type: ABS Bricks Blocks: 321 PCS Contains detailed assembly instructions. Notice: 1. Without an original box, but we guarantee our products have quality assurance and nice [&hellip;]<\/p>","protected":false},"featured_media":25947,"comment_status":"open","ping_status":"closed","template":"","meta":{"_acf_changed":false},"product_cat":[371],"product_tag":[2700,2699],"class_list":["product","first","instock","shipping-taxable","purchasable","product-type-simple"],"acf":[],"_links":{"self":[{"href":"https:\/\/mouldking.store\/de\/wp-json\/wp\/v2\/product\/25942","targetHints":{"allow":["GET"]}}],"collection":[{"href":"https:\/\/mouldking.store\/de\/wp-json\/wp\/v2\/product"}],"about":[{"href":"https:\/\/mouldking.store\/de\/wp-json\/wp\/v2\/types\/product"}],"replies":[{"embeddable":true,"href":"https:\/\/mouldking.store\/de\/wp-json\/wp\/v2\/comments?post=25942"}],"wp:featuredmedia":[{"embeddable":true,"href":"https:\/\/mouldking.store\/de\/wp-json\/wp\/v2\/media\/25947"}],"wp:attachment":[{"href":"https:\/\/mouldking.store\/de\/wp-json\/wp\/v2\/media?parent=25942"}],"wp:term":[{"taxonomy":"product_cat","embeddable":true,"href":"https:\/\/mouldking.store\/de\/wp-json\/wp\/v2\/product_cat?post=25942"},{"taxonomy":"product_tag","embeddable":true,"href":"https:\/\/mouldking.store\/de\/wp-json\/wp\/v2\/product_tag?post=25942"}],"curies":[{"name":"wp","href":"https:\/\/api.w.org\/{rel}","templated":true}]}}