{"id":25991,"date":"2021-10-27T10:08:26","date_gmt":"2021-10-27T10:08:26","guid":{"rendered":"https:\/\/mouldking.store\/?post_type=product&#038;p=25991"},"modified":"2021-12-23T09:41:48","modified_gmt":"2021-12-23T09:41:48","slug":"reobrix-66004-christmas-dream-with-843-pieces","status":"publish","type":"product","link":"https:\/\/mouldking.store\/de\/shop\/reobrix-66004-christmas-dream-with-843-pieces\/","title":{"rendered":"Reobrix 66004 Weihnachtstraum mit 843 Teilen"},"content":{"rendered":"<p>Produktinformation:<\/p>\n<ol>\n<li>Marke: Reobrix<\/li>\n<li>Geschlecht: Unisex<\/li>\n<li>Name: Weihnachtstraum<\/li>\n<li>Altersspanne: &gt; 6 Jahre alt<\/li>\n<li>Modellnummer: 66004<\/li>\n<li>Einstufung: Assemblage<\/li>\n<li>Kunststoffblockform: Selbstsichernde Steine<\/li>\n<li>Material: Kunststoff<\/li>\n<li>Kunststofftyp: ABS<\/li>\n<li>Ziegelsteine: 843 PCS<\/li>\n<li>Enth\u00e4lt eine ausf\u00fchrliche Montageanleitung.<\/li>\n<\/ol>\n<p>Notiz:<br \/>\n1. Ohne Originalverpackung, aber wir garantieren, dass unsere Produkte eine Qualit\u00e4tssicherung und eine sch\u00f6ne Verpackung haben.<br \/>\n2. Wie alle Teile, die wir vor dem Versand \u00fcberpr\u00fcft haben, machen Sie sich keine Sorgen, wenn Sie feststellen, dass einige Teile fehlen oder besch\u00e4digt sind, und kontaktieren Sie uns einfach, und wir k\u00f6nnen sie Ihnen umgehend kostenlos erneut zusenden.<\/p>\n<figure id=\"attachment_25992\" aria-describedby=\"caption-attachment-25992\" style=\"width: 800px\" class=\"wp-caption aligncenter\"><img fetchpriority=\"high\" decoding=\"async\" class=\"wp-image-25992 size-full\" src=\"https:\/\/mouldking.store\/wp-content\/uploads\/2021\/10\/Reobrix-66004-Christmas-Dream-with-843-pieces-1.jpg\" alt=\"Reobrix 66004 Christmas Dream with 843 pieces\" width=\"800\" height=\"800\" title=\"-\" srcset=\"https:\/\/mouldking.store\/wp-content\/uploads\/2021\/10\/Reobrix-66004-Christmas-Dream-with-843-pieces-1.jpg 800w, https:\/\/mouldking.store\/wp-content\/uploads\/2021\/10\/Reobrix-66004-Christmas-Dream-with-843-pieces-1-300x300.jpg 300w, https:\/\/mouldking.store\/wp-content\/uploads\/2021\/10\/Reobrix-66004-Christmas-Dream-with-843-pieces-1-768x768.jpg 768w, https:\/\/mouldking.store\/wp-content\/uploads\/2021\/10\/Reobrix-66004-Christmas-Dream-with-843-pieces-1-600x600.jpg 600w, https:\/\/mouldking.store\/wp-content\/uploads\/2021\/10\/Reobrix-66004-Christmas-Dream-with-843-pieces-1-150x150.jpg 150w\" sizes=\"(max-width: 800px) 100vw, 800px\" \/><figcaption id=\"caption-attachment-25992\" class=\"wp-caption-text\">Reobrix 66004 Weihnachtstraum mit 843 Teilen<\/figcaption><\/figure>\n<figure id=\"attachment_25993\" aria-describedby=\"caption-attachment-25993\" style=\"width: 800px\" class=\"wp-caption aligncenter\"><img decoding=\"async\" class=\"wp-image-25993 size-full\" src=\"https:\/\/mouldking.store\/wp-content\/uploads\/2021\/10\/Reobrix-66004-Christmas-Dream-with-843-pieces-2.jpg\" alt=\"Reobrix 66004 Christmas Dream with 843 pieces\" width=\"800\" height=\"800\" title=\"-\" srcset=\"https:\/\/mouldking.store\/wp-content\/uploads\/2021\/10\/Reobrix-66004-Christmas-Dream-with-843-pieces-2.jpg 800w, https:\/\/mouldking.store\/wp-content\/uploads\/2021\/10\/Reobrix-66004-Christmas-Dream-with-843-pieces-2-300x300.jpg 300w, https:\/\/mouldking.store\/wp-content\/uploads\/2021\/10\/Reobrix-66004-Christmas-Dream-with-843-pieces-2-768x768.jpg 768w, https:\/\/mouldking.store\/wp-content\/uploads\/2021\/10\/Reobrix-66004-Christmas-Dream-with-843-pieces-2-600x600.jpg 600w, https:\/\/mouldking.store\/wp-content\/uploads\/2021\/10\/Reobrix-66004-Christmas-Dream-with-843-pieces-2-150x150.jpg 150w\" sizes=\"(max-width: 800px) 100vw, 800px\" \/><figcaption id=\"caption-attachment-25993\" class=\"wp-caption-text\">Reobrix 66004 Weihnachtstraum mit 843 Teilen<\/figcaption><\/figure>\n<figure id=\"attachment_25997\" aria-describedby=\"caption-attachment-25997\" style=\"width: 495px\" class=\"wp-caption aligncenter\"><img decoding=\"async\" class=\"wp-image-25997 size-full\" src=\"https:\/\/mouldking.store\/wp-content\/uploads\/2021\/10\/Reobrix-66004-Christmas-Dream-with-843-pieces-6.jpg\" alt=\"Reobrix 66004 Christmas Dream with 843 pieces\" width=\"495\" height=\"1023\" title=\"-\" srcset=\"https:\/\/mouldking.store\/wp-content\/uploads\/2021\/10\/Reobrix-66004-Christmas-Dream-with-843-pieces-6.jpg 495w, https:\/\/mouldking.store\/wp-content\/uploads\/2021\/10\/Reobrix-66004-Christmas-Dream-with-843-pieces-6-145x300.jpg 145w, https:\/\/mouldking.store\/wp-content\/uploads\/2021\/10\/Reobrix-66004-Christmas-Dream-with-843-pieces-6-300x620.jpg 300w, https:\/\/mouldking.store\/wp-content\/uploads\/2021\/10\/Reobrix-66004-Christmas-Dream-with-843-pieces-6-73x150.jpg 73w\" sizes=\"(max-width: 495px) 100vw, 495px\" \/><figcaption id=\"caption-attachment-25997\" class=\"wp-caption-text\">Reobrix 66004 Weihnachtstraum mit 843 Teilen<\/figcaption><\/figure>\n<figure id=\"attachment_25995\" aria-describedby=\"caption-attachment-25995\" style=\"width: 509px\" class=\"wp-caption aligncenter\"><img loading=\"lazy\" decoding=\"async\" class=\"wp-image-25995 size-full\" src=\"https:\/\/mouldking.store\/wp-content\/uploads\/2021\/10\/Reobrix-66004-Christmas-Dream-with-843-pieces-4.jpg\" alt=\"Reobrix 66004 Christmas Dream with 843 pieces\" width=\"509\" height=\"1024\" title=\"-\" srcset=\"https:\/\/mouldking.store\/wp-content\/uploads\/2021\/10\/Reobrix-66004-Christmas-Dream-with-843-pieces-4.jpg 509w, https:\/\/mouldking.store\/wp-content\/uploads\/2021\/10\/Reobrix-66004-Christmas-Dream-with-843-pieces-4-149x300.jpg 149w, https:\/\/mouldking.store\/wp-content\/uploads\/2021\/10\/Reobrix-66004-Christmas-Dream-with-843-pieces-4-300x604.jpg 300w, https:\/\/mouldking.store\/wp-content\/uploads\/2021\/10\/Reobrix-66004-Christmas-Dream-with-843-pieces-4-75x150.jpg 75w\" sizes=\"(max-width: 509px) 100vw, 509px\" \/><figcaption id=\"caption-attachment-25995\" class=\"wp-caption-text\">Reobrix 66004 Weihnachtstraum mit 843 Teilen<\/figcaption><\/figure>\n<figure id=\"attachment_25994\" aria-describedby=\"caption-attachment-25994\" style=\"width: 588px\" class=\"wp-caption aligncenter\"><img loading=\"lazy\" decoding=\"async\" class=\"wp-image-25994 size-full\" src=\"https:\/\/mouldking.store\/wp-content\/uploads\/2021\/10\/Reobrix-66004-Christmas-Dream-with-843-pieces-3.jpg\" alt=\"Reobrix 66004 Christmas Dream with 843 pieces\" width=\"588\" height=\"1023\" title=\"-\" srcset=\"https:\/\/mouldking.store\/wp-content\/uploads\/2021\/10\/Reobrix-66004-Christmas-Dream-with-843-pieces-3.jpg 588w, https:\/\/mouldking.store\/wp-content\/uploads\/2021\/10\/Reobrix-66004-Christmas-Dream-with-843-pieces-3-172x300.jpg 172w, https:\/\/mouldking.store\/wp-content\/uploads\/2021\/10\/Reobrix-66004-Christmas-Dream-with-843-pieces-3-300x522.jpg 300w, https:\/\/mouldking.store\/wp-content\/uploads\/2021\/10\/Reobrix-66004-Christmas-Dream-with-843-pieces-3-86x150.jpg 86w\" sizes=\"(max-width: 588px) 100vw, 588px\" \/><figcaption id=\"caption-attachment-25994\" class=\"wp-caption-text\">Reobrix 66004 Weihnachtstraum mit 843 Teilen<\/figcaption><\/figure>\n<figure id=\"attachment_25996\" aria-describedby=\"caption-attachment-25996\" style=\"width: 500px\" class=\"wp-caption aligncenter\"><img loading=\"lazy\" decoding=\"async\" class=\"wp-image-25996\" src=\"https:\/\/mouldking.store\/wp-content\/uploads\/2021\/10\/Reobrix-66004-Christmas-Dream-with-843-pieces-5.jpg\" alt=\"Reobrix 66004 Christmas Dream with 843 pieces\" width=\"500\" height=\"1474\" title=\"-\" srcset=\"https:\/\/mouldking.store\/wp-content\/uploads\/2021\/10\/Reobrix-66004-Christmas-Dream-with-843-pieces-5.jpg 347w, https:\/\/mouldking.store\/wp-content\/uploads\/2021\/10\/Reobrix-66004-Christmas-Dream-with-843-pieces-5-102x300.jpg 102w, https:\/\/mouldking.store\/wp-content\/uploads\/2021\/10\/Reobrix-66004-Christmas-Dream-with-843-pieces-5-300x884.jpg 300w, https:\/\/mouldking.store\/wp-content\/uploads\/2021\/10\/Reobrix-66004-Christmas-Dream-with-843-pieces-5-51x150.jpg 51w\" sizes=\"(max-width: 500px) 100vw, 500px\" \/><figcaption id=\"caption-attachment-25996\" class=\"wp-caption-text\">Reobrix 66004 Weihnachtstraum mit 843 Teilen<\/figcaption><\/figure>\n<p>&nbsp;<\/p>","protected":false},"excerpt":{"rendered":"<p>Product information: Brand: Reobrix Gender: Unisex Name: Christmas Dream Age Range: &gt; 6 years old Model Number: 66004 Classification: Assemblage Plastic Block Shape: Self-Locking Bricks Material: Plastic Plastic Type: ABS Bricks Blocks: 843 PCS Contains detailed assembly instructions. Notice: 1. Without an original box, but we guarantee our products have quality assurance and nice packaging. [&hellip;]<\/p>","protected":false},"featured_media":25992,"comment_status":"open","ping_status":"closed","template":"","meta":{"_acf_changed":false},"product_cat":[371],"product_tag":[2721,1066,2719,2722,2669,2718,2717,2720],"class_list":["product","first","instock","shipping-taxable","purchasable","product-type-simple"],"acf":[],"_links":{"self":[{"href":"https:\/\/mouldking.store\/de\/wp-json\/wp\/v2\/product\/25991","targetHints":{"allow":["GET"]}}],"collection":[{"href":"https:\/\/mouldking.store\/de\/wp-json\/wp\/v2\/product"}],"about":[{"href":"https:\/\/mouldking.store\/de\/wp-json\/wp\/v2\/types\/product"}],"replies":[{"embeddable":true,"href":"https:\/\/mouldking.store\/de\/wp-json\/wp\/v2\/comments?post=25991"}],"wp:featuredmedia":[{"embeddable":true,"href":"https:\/\/mouldking.store\/de\/wp-json\/wp\/v2\/media\/25992"}],"wp:attachment":[{"href":"https:\/\/mouldking.store\/de\/wp-json\/wp\/v2\/media?parent=25991"}],"wp:term":[{"taxonomy":"product_cat","embeddable":true,"href":"https:\/\/mouldking.store\/de\/wp-json\/wp\/v2\/product_cat?post=25991"},{"taxonomy":"product_tag","embeddable":true,"href":"https:\/\/mouldking.store\/de\/wp-json\/wp\/v2\/product_tag?post=25991"}],"curies":[{"name":"wp","href":"https:\/\/api.w.org\/{rel}","templated":true}]}}