{"id":26006,"date":"2021-10-27T10:18:10","date_gmt":"2021-10-27T10:18:10","guid":{"rendered":"https:\/\/mouldking.store\/?post_type=product&#038;p=26006"},"modified":"2024-11-30T17:46:26","modified_gmt":"2024-11-30T10:46:26","slug":"jie-star-89132-the-lisbon-tram-with-3080-pieces","status":"publish","type":"product","link":"https:\/\/mouldking.store\/de\/shop\/jie-star-89132-the-lisbon-tram-with-3080-pieces\/","title":{"rendered":"JIE STAR 89132 Die Stra\u00dfenbahn von Lissabon mit 3080 Teilen"},"content":{"rendered":"<p>Produktinformation:<\/p>\n<ol>\n<li>Marke: JIE STAR<\/li>\n<li>Geschlecht: Unisex<\/li>\n<li>Name: The Lisbon Tram<\/li>\n<li>Altersspanne: &gt; 6 Jahre alt<\/li>\n<li>Model Number: 89132<\/li>\n<li>Einstufung: Assemblage<\/li>\n<li>Kunststoffblockform: Selbstsichernde Steine<\/li>\n<li>Material: Kunststoff<\/li>\n<li>Kunststofftyp: ABS<\/li>\n<li>Bricks Blocks: 3080 PCS<\/li>\n<li>Enth\u00e4lt eine ausf\u00fchrliche Montageanleitung.<\/li>\n<\/ol>\n<p>Notiz:<br \/>\n1. Ohne Originalverpackung, aber wir garantieren, dass unsere Produkte eine Qualit\u00e4tssicherung und eine sch\u00f6ne Verpackung haben.<br \/>\n2. Wie alle Teile, die wir vor dem Versand \u00fcberpr\u00fcft haben, machen Sie sich keine Sorgen, wenn Sie feststellen, dass einige Teile fehlen oder besch\u00e4digt sind, und kontaktieren Sie uns einfach, und wir k\u00f6nnen sie Ihnen umgehend kostenlos erneut zusenden.<\/p>\n<figure id=\"attachment_26017\" aria-describedby=\"caption-attachment-26017\" style=\"width: 800px\" class=\"wp-caption aligncenter\"><img fetchpriority=\"high\" decoding=\"async\" class=\"wp-image-26017 size-full\" src=\"https:\/\/mouldking.store\/wp-content\/uploads\/2021\/10\/JIE-STAR-89132-The-Lisbon-Tram-with-3080-pieces-11.jpg\" alt=\"JIE STAR 89132 The Lisbon Tram with 3080 pieces\" width=\"800\" height=\"852\" title=\"-\" srcset=\"https:\/\/mouldking.store\/wp-content\/uploads\/2021\/10\/JIE-STAR-89132-The-Lisbon-Tram-with-3080-pieces-11.jpg 800w, https:\/\/mouldking.store\/wp-content\/uploads\/2021\/10\/JIE-STAR-89132-The-Lisbon-Tram-with-3080-pieces-11-282x300.jpg 282w, https:\/\/mouldking.store\/wp-content\/uploads\/2021\/10\/JIE-STAR-89132-The-Lisbon-Tram-with-3080-pieces-11-768x818.jpg 768w, https:\/\/mouldking.store\/wp-content\/uploads\/2021\/10\/JIE-STAR-89132-The-Lisbon-Tram-with-3080-pieces-11-300x320.jpg 300w, https:\/\/mouldking.store\/wp-content\/uploads\/2021\/10\/JIE-STAR-89132-The-Lisbon-Tram-with-3080-pieces-11-600x639.jpg 600w, https:\/\/mouldking.store\/wp-content\/uploads\/2021\/10\/JIE-STAR-89132-The-Lisbon-Tram-with-3080-pieces-11-141x150.jpg 141w\" sizes=\"(max-width: 800px) 100vw, 800px\" \/><figcaption id=\"caption-attachment-26017\" class=\"wp-caption-text\">JIE STAR 89132 Die Stra\u00dfenbahn von Lissabon mit 3080 Teilen<\/figcaption><\/figure>\n<figure id=\"attachment_26016\" aria-describedby=\"caption-attachment-26016\" style=\"width: 800px\" class=\"wp-caption aligncenter\"><img decoding=\"async\" class=\"wp-image-26016 size-full\" src=\"https:\/\/mouldking.store\/wp-content\/uploads\/2021\/10\/JIE-STAR-89132-The-Lisbon-Tram-with-3080-pieces-10.jpg\" alt=\"JIE STAR 89132 The Lisbon Tram with 3080 pieces\" width=\"800\" height=\"646\" title=\"-\" srcset=\"https:\/\/mouldking.store\/wp-content\/uploads\/2021\/10\/JIE-STAR-89132-The-Lisbon-Tram-with-3080-pieces-10.jpg 800w, https:\/\/mouldking.store\/wp-content\/uploads\/2021\/10\/JIE-STAR-89132-The-Lisbon-Tram-with-3080-pieces-10-300x242.jpg 300w, https:\/\/mouldking.store\/wp-content\/uploads\/2021\/10\/JIE-STAR-89132-The-Lisbon-Tram-with-3080-pieces-10-768x620.jpg 768w, https:\/\/mouldking.store\/wp-content\/uploads\/2021\/10\/JIE-STAR-89132-The-Lisbon-Tram-with-3080-pieces-10-600x485.jpg 600w, https:\/\/mouldking.store\/wp-content\/uploads\/2021\/10\/JIE-STAR-89132-The-Lisbon-Tram-with-3080-pieces-10-150x121.jpg 150w\" sizes=\"(max-width: 800px) 100vw, 800px\" \/><figcaption id=\"caption-attachment-26016\" class=\"wp-caption-text\">JIE STAR 89132 Die Stra\u00dfenbahn von Lissabon mit 3080 Teilen<\/figcaption><\/figure>\n<figure id=\"attachment_26011\" aria-describedby=\"caption-attachment-26011\" style=\"width: 800px\" class=\"wp-caption aligncenter\"><img decoding=\"async\" class=\"wp-image-26011 size-full\" src=\"https:\/\/mouldking.store\/wp-content\/uploads\/2021\/10\/JIE-STAR-89132-The-Lisbon-Tram-with-3080-pieces-5.jpg\" alt=\"JIE STAR 89132 The Lisbon Tram with 3080 pieces\" width=\"800\" height=\"722\" title=\"-\" srcset=\"https:\/\/mouldking.store\/wp-content\/uploads\/2021\/10\/JIE-STAR-89132-The-Lisbon-Tram-with-3080-pieces-5.jpg 800w, https:\/\/mouldking.store\/wp-content\/uploads\/2021\/10\/JIE-STAR-89132-The-Lisbon-Tram-with-3080-pieces-5-300x271.jpg 300w, https:\/\/mouldking.store\/wp-content\/uploads\/2021\/10\/JIE-STAR-89132-The-Lisbon-Tram-with-3080-pieces-5-768x693.jpg 768w, https:\/\/mouldking.store\/wp-content\/uploads\/2021\/10\/JIE-STAR-89132-The-Lisbon-Tram-with-3080-pieces-5-600x542.jpg 600w, https:\/\/mouldking.store\/wp-content\/uploads\/2021\/10\/JIE-STAR-89132-The-Lisbon-Tram-with-3080-pieces-5-150x135.jpg 150w\" sizes=\"(max-width: 800px) 100vw, 800px\" \/><figcaption id=\"caption-attachment-26011\" class=\"wp-caption-text\">JIE STAR 89132 Die Stra\u00dfenbahn von Lissabon mit 3080 Teilen<\/figcaption><\/figure>\n<figure id=\"attachment_26014\" aria-describedby=\"caption-attachment-26014\" style=\"width: 800px\" class=\"wp-caption aligncenter\"><img loading=\"lazy\" decoding=\"async\" class=\"wp-image-26014 size-full\" src=\"https:\/\/mouldking.store\/wp-content\/uploads\/2021\/10\/JIE-STAR-89132-The-Lisbon-Tram-with-3080-pieces-8.jpg\" alt=\"JIE STAR 89132 The Lisbon Tram with 3080 pieces\" width=\"800\" height=\"558\" title=\"-\" srcset=\"https:\/\/mouldking.store\/wp-content\/uploads\/2021\/10\/JIE-STAR-89132-The-Lisbon-Tram-with-3080-pieces-8.jpg 800w, https:\/\/mouldking.store\/wp-content\/uploads\/2021\/10\/JIE-STAR-89132-The-Lisbon-Tram-with-3080-pieces-8-300x209.jpg 300w, https:\/\/mouldking.store\/wp-content\/uploads\/2021\/10\/JIE-STAR-89132-The-Lisbon-Tram-with-3080-pieces-8-768x536.jpg 768w, https:\/\/mouldking.store\/wp-content\/uploads\/2021\/10\/JIE-STAR-89132-The-Lisbon-Tram-with-3080-pieces-8-600x419.jpg 600w, https:\/\/mouldking.store\/wp-content\/uploads\/2021\/10\/JIE-STAR-89132-The-Lisbon-Tram-with-3080-pieces-8-150x105.jpg 150w\" sizes=\"(max-width: 800px) 100vw, 800px\" \/><figcaption id=\"caption-attachment-26014\" class=\"wp-caption-text\">JIE STAR 89132 Die Stra\u00dfenbahn von Lissabon mit 3080 Teilen<\/figcaption><\/figure>\n<figure id=\"attachment_26010\" aria-describedby=\"caption-attachment-26010\" style=\"width: 800px\" class=\"wp-caption aligncenter\"><img loading=\"lazy\" decoding=\"async\" class=\"wp-image-26010 size-full\" src=\"https:\/\/mouldking.store\/wp-content\/uploads\/2021\/10\/JIE-STAR-89132-The-Lisbon-Tram-with-3080-pieces-4.jpg\" alt=\"JIE STAR 89132 The Lisbon Tram with 3080 pieces\" width=\"800\" height=\"740\" title=\"-\" srcset=\"https:\/\/mouldking.store\/wp-content\/uploads\/2021\/10\/JIE-STAR-89132-The-Lisbon-Tram-with-3080-pieces-4.jpg 800w, https:\/\/mouldking.store\/wp-content\/uploads\/2021\/10\/JIE-STAR-89132-The-Lisbon-Tram-with-3080-pieces-4-300x278.jpg 300w, https:\/\/mouldking.store\/wp-content\/uploads\/2021\/10\/JIE-STAR-89132-The-Lisbon-Tram-with-3080-pieces-4-768x710.jpg 768w, https:\/\/mouldking.store\/wp-content\/uploads\/2021\/10\/JIE-STAR-89132-The-Lisbon-Tram-with-3080-pieces-4-600x555.jpg 600w, https:\/\/mouldking.store\/wp-content\/uploads\/2021\/10\/JIE-STAR-89132-The-Lisbon-Tram-with-3080-pieces-4-150x139.jpg 150w\" sizes=\"(max-width: 800px) 100vw, 800px\" \/><figcaption id=\"caption-attachment-26010\" class=\"wp-caption-text\">JIE STAR 89132 Die Stra\u00dfenbahn von Lissabon mit 3080 Teilen<\/figcaption><\/figure>\n<figure id=\"attachment_26008\" aria-describedby=\"caption-attachment-26008\" style=\"width: 800px\" class=\"wp-caption aligncenter\"><img loading=\"lazy\" decoding=\"async\" class=\"wp-image-26008 size-full\" src=\"https:\/\/mouldking.store\/wp-content\/uploads\/2021\/10\/JIE-STAR-89132-The-Lisbon-Tram-with-3080-pieces-2.jpg\" alt=\"JIE STAR 89132 The Lisbon Tram with 3080 pieces\" width=\"800\" height=\"644\" title=\"-\" srcset=\"https:\/\/mouldking.store\/wp-content\/uploads\/2021\/10\/JIE-STAR-89132-The-Lisbon-Tram-with-3080-pieces-2.jpg 800w, https:\/\/mouldking.store\/wp-content\/uploads\/2021\/10\/JIE-STAR-89132-The-Lisbon-Tram-with-3080-pieces-2-300x242.jpg 300w, https:\/\/mouldking.store\/wp-content\/uploads\/2021\/10\/JIE-STAR-89132-The-Lisbon-Tram-with-3080-pieces-2-768x618.jpg 768w, https:\/\/mouldking.store\/wp-content\/uploads\/2021\/10\/JIE-STAR-89132-The-Lisbon-Tram-with-3080-pieces-2-600x483.jpg 600w, https:\/\/mouldking.store\/wp-content\/uploads\/2021\/10\/JIE-STAR-89132-The-Lisbon-Tram-with-3080-pieces-2-150x121.jpg 150w\" sizes=\"(max-width: 800px) 100vw, 800px\" \/><figcaption id=\"caption-attachment-26008\" class=\"wp-caption-text\">JIE STAR 89132 Die Stra\u00dfenbahn von Lissabon mit 3080 Teilen<\/figcaption><\/figure>\n<figure id=\"attachment_26015\" aria-describedby=\"caption-attachment-26015\" style=\"width: 800px\" class=\"wp-caption aligncenter\"><img loading=\"lazy\" decoding=\"async\" class=\"wp-image-26015 size-full\" src=\"https:\/\/mouldking.store\/wp-content\/uploads\/2021\/10\/JIE-STAR-89132-The-Lisbon-Tram-with-3080-pieces-9.jpg\" alt=\"JIE STAR 89132 The Lisbon Tram with 3080 pieces\" width=\"800\" height=\"458\" title=\"-\" srcset=\"https:\/\/mouldking.store\/wp-content\/uploads\/2021\/10\/JIE-STAR-89132-The-Lisbon-Tram-with-3080-pieces-9.jpg 800w, https:\/\/mouldking.store\/wp-content\/uploads\/2021\/10\/JIE-STAR-89132-The-Lisbon-Tram-with-3080-pieces-9-300x172.jpg 300w, https:\/\/mouldking.store\/wp-content\/uploads\/2021\/10\/JIE-STAR-89132-The-Lisbon-Tram-with-3080-pieces-9-768x440.jpg 768w, https:\/\/mouldking.store\/wp-content\/uploads\/2021\/10\/JIE-STAR-89132-The-Lisbon-Tram-with-3080-pieces-9-600x344.jpg 600w, https:\/\/mouldking.store\/wp-content\/uploads\/2021\/10\/JIE-STAR-89132-The-Lisbon-Tram-with-3080-pieces-9-150x86.jpg 150w\" sizes=\"(max-width: 800px) 100vw, 800px\" \/><figcaption id=\"caption-attachment-26015\" class=\"wp-caption-text\">JIE STAR 89132 Die Stra\u00dfenbahn von Lissabon mit 3080 Teilen<\/figcaption><\/figure>\n<figure id=\"attachment_26012\" aria-describedby=\"caption-attachment-26012\" style=\"width: 788px\" class=\"wp-caption aligncenter\"><img loading=\"lazy\" decoding=\"async\" class=\"wp-image-26012 size-full\" src=\"https:\/\/mouldking.store\/wp-content\/uploads\/2021\/10\/JIE-STAR-89132-The-Lisbon-Tram-with-3080-pieces-6.jpg\" alt=\"JIE STAR 89132 The Lisbon Tram with 3080 pieces\" width=\"788\" height=\"1024\" title=\"-\" srcset=\"https:\/\/mouldking.store\/wp-content\/uploads\/2021\/10\/JIE-STAR-89132-The-Lisbon-Tram-with-3080-pieces-6.jpg 788w, https:\/\/mouldking.store\/wp-content\/uploads\/2021\/10\/JIE-STAR-89132-The-Lisbon-Tram-with-3080-pieces-6-231x300.jpg 231w, https:\/\/mouldking.store\/wp-content\/uploads\/2021\/10\/JIE-STAR-89132-The-Lisbon-Tram-with-3080-pieces-6-768x998.jpg 768w, https:\/\/mouldking.store\/wp-content\/uploads\/2021\/10\/JIE-STAR-89132-The-Lisbon-Tram-with-3080-pieces-6-300x390.jpg 300w, https:\/\/mouldking.store\/wp-content\/uploads\/2021\/10\/JIE-STAR-89132-The-Lisbon-Tram-with-3080-pieces-6-600x780.jpg 600w, https:\/\/mouldking.store\/wp-content\/uploads\/2021\/10\/JIE-STAR-89132-The-Lisbon-Tram-with-3080-pieces-6-115x150.jpg 115w\" sizes=\"(max-width: 788px) 100vw, 788px\" \/><figcaption id=\"caption-attachment-26012\" class=\"wp-caption-text\">JIE STAR 89132 Die Stra\u00dfenbahn von Lissabon mit 3080 Teilen<\/figcaption><\/figure>","protected":false},"excerpt":{"rendered":"<p>Product information: Brand: JIE STAR Gender: Unisex Name: The Lisbon Tram Age Range: &gt; 6 years old Model Number: 89132 Classification: Assemblage Plastic Block Shape: Self-Locking Bricks Material: Plastic Plastic Type: ABS Bricks Blocks: 3080 PCS Contains detailed assembly instructions. Notice: 1. Without an original box, but we guarantee our products have quality assurance and [&hellip;]<\/p>","protected":false},"featured_media":26007,"comment_status":"open","ping_status":"closed","template":"","meta":{"_acf_changed":false},"product_cat":[390],"product_tag":[2731,2256,2730,2729,2734,2733,2732],"class_list":["product","first","instock","shipping-taxable","purchasable","product-type-simple"],"acf":[],"_links":{"self":[{"href":"https:\/\/mouldking.store\/de\/wp-json\/wp\/v2\/product\/26006","targetHints":{"allow":["GET"]}}],"collection":[{"href":"https:\/\/mouldking.store\/de\/wp-json\/wp\/v2\/product"}],"about":[{"href":"https:\/\/mouldking.store\/de\/wp-json\/wp\/v2\/types\/product"}],"replies":[{"embeddable":true,"href":"https:\/\/mouldking.store\/de\/wp-json\/wp\/v2\/comments?post=26006"}],"wp:featuredmedia":[{"embeddable":true,"href":"https:\/\/mouldking.store\/de\/wp-json\/wp\/v2\/media\/26007"}],"wp:attachment":[{"href":"https:\/\/mouldking.store\/de\/wp-json\/wp\/v2\/media?parent=26006"}],"wp:term":[{"taxonomy":"product_cat","embeddable":true,"href":"https:\/\/mouldking.store\/de\/wp-json\/wp\/v2\/product_cat?post=26006"},{"taxonomy":"product_tag","embeddable":true,"href":"https:\/\/mouldking.store\/de\/wp-json\/wp\/v2\/product_tag?post=26006"}],"curies":[{"name":"wp","href":"https:\/\/api.w.org\/{rel}","templated":true}]}}