{"id":26030,"date":"2021-10-27T10:32:04","date_gmt":"2021-10-27T10:32:04","guid":{"rendered":"https:\/\/mouldking.store\/?post_type=product&#038;p=26030"},"modified":"2021-12-23T09:41:47","modified_gmt":"2021-12-23T09:41:47","slug":"sy-8601-porsche-919-with-1200-pieces","status":"publish","type":"product","link":"https:\/\/mouldking.store\/de\/shop\/sy-8601-porsche-919-with-1200-pieces\/","title":{"rendered":"SY 8601 Porsche 919 mit 1200 Teilen"},"content":{"rendered":"<p>Produktinformation:<\/p>\n<ol>\n<li>Marke: SY<\/li>\n<li>Geschlecht: Unisex<\/li>\n<li>Bezeichnung: Porsche 919<\/li>\n<li>Altersspanne: &gt; 6 Jahre alt<\/li>\n<li>Modellnummer: 8601<\/li>\n<li>Einstufung: Assemblage<\/li>\n<li>Kunststoffblockform: Selbstsichernde Steine<\/li>\n<li>Material: Kunststoff<\/li>\n<li>Kunststofftyp: ABS<\/li>\n<li>Ziegelsteine: 1200 St\u00fcck<\/li>\n<li>Enth\u00e4lt eine ausf\u00fchrliche Montageanleitung.<\/li>\n<\/ol>\n<p>Notiz:<br \/>\n1. Ohne Originalverpackung, aber wir garantieren, dass unsere Produkte eine Qualit\u00e4tssicherung und eine sch\u00f6ne Verpackung haben.<br \/>\n2. Wie alle Teile, die wir vor dem Versand \u00fcberpr\u00fcft haben, machen Sie sich keine Sorgen, wenn Sie feststellen, dass einige Teile fehlen oder besch\u00e4digt sind, und kontaktieren Sie uns einfach, und wir k\u00f6nnen sie Ihnen umgehend kostenlos erneut zusenden.<\/p>\n<figure id=\"attachment_26032\" aria-describedby=\"caption-attachment-26032\" style=\"width: 800px\" class=\"wp-caption aligncenter\"><img fetchpriority=\"high\" decoding=\"async\" class=\"wp-image-26032 size-full\" src=\"https:\/\/mouldking.store\/wp-content\/uploads\/2021\/10\/SY-8601-Porsche-919-with-1200-pieces-1.jpg\" alt=\"SY 8601 Porsche 919 with 1200 pieces\" width=\"800\" height=\"800\" title=\"-\" srcset=\"https:\/\/mouldking.store\/wp-content\/uploads\/2021\/10\/SY-8601-Porsche-919-with-1200-pieces-1.jpg 800w, https:\/\/mouldking.store\/wp-content\/uploads\/2021\/10\/SY-8601-Porsche-919-with-1200-pieces-1-300x300.jpg 300w, https:\/\/mouldking.store\/wp-content\/uploads\/2021\/10\/SY-8601-Porsche-919-with-1200-pieces-1-768x768.jpg 768w, https:\/\/mouldking.store\/wp-content\/uploads\/2021\/10\/SY-8601-Porsche-919-with-1200-pieces-1-600x600.jpg 600w, https:\/\/mouldking.store\/wp-content\/uploads\/2021\/10\/SY-8601-Porsche-919-with-1200-pieces-1-150x150.jpg 150w\" sizes=\"(max-width: 800px) 100vw, 800px\" \/><figcaption id=\"caption-attachment-26032\" class=\"wp-caption-text\">SY 8601 Porsche 919 mit 1200 Teilen<\/figcaption><\/figure>\n<figure id=\"attachment_26040\" aria-describedby=\"caption-attachment-26040\" style=\"width: 695px\" class=\"wp-caption aligncenter\"><img decoding=\"async\" class=\"wp-image-26040 size-full\" src=\"https:\/\/mouldking.store\/wp-content\/uploads\/2021\/10\/SY-8601-Porsche-919-with-1200-pieces-9.jpg\" alt=\"SY 8601 Porsche 919 with 1200 pieces\" width=\"695\" height=\"1024\" title=\"-\" srcset=\"https:\/\/mouldking.store\/wp-content\/uploads\/2021\/10\/SY-8601-Porsche-919-with-1200-pieces-9.jpg 695w, https:\/\/mouldking.store\/wp-content\/uploads\/2021\/10\/SY-8601-Porsche-919-with-1200-pieces-9-204x300.jpg 204w, https:\/\/mouldking.store\/wp-content\/uploads\/2021\/10\/SY-8601-Porsche-919-with-1200-pieces-9-300x442.jpg 300w, https:\/\/mouldking.store\/wp-content\/uploads\/2021\/10\/SY-8601-Porsche-919-with-1200-pieces-9-600x884.jpg 600w, https:\/\/mouldking.store\/wp-content\/uploads\/2021\/10\/SY-8601-Porsche-919-with-1200-pieces-9-102x150.jpg 102w\" sizes=\"(max-width: 695px) 100vw, 695px\" \/><figcaption id=\"caption-attachment-26040\" class=\"wp-caption-text\">SY 8601 Porsche 919 mit 1200 Teilen<\/figcaption><\/figure>\n<figure id=\"attachment_26041\" aria-describedby=\"caption-attachment-26041\" style=\"width: 768px\" class=\"wp-caption aligncenter\"><img decoding=\"async\" class=\"wp-image-26041 size-full\" src=\"https:\/\/mouldking.store\/wp-content\/uploads\/2021\/10\/SY-8601-Porsche-919-with-1200-pieces-10.jpg\" alt=\"SY 8601 Porsche 919 with 1200 pieces\" width=\"768\" height=\"1024\" title=\"-\" srcset=\"https:\/\/mouldking.store\/wp-content\/uploads\/2021\/10\/SY-8601-Porsche-919-with-1200-pieces-10.jpg 768w, https:\/\/mouldking.store\/wp-content\/uploads\/2021\/10\/SY-8601-Porsche-919-with-1200-pieces-10-225x300.jpg 225w, https:\/\/mouldking.store\/wp-content\/uploads\/2021\/10\/SY-8601-Porsche-919-with-1200-pieces-10-300x400.jpg 300w, https:\/\/mouldking.store\/wp-content\/uploads\/2021\/10\/SY-8601-Porsche-919-with-1200-pieces-10-600x800.jpg 600w, https:\/\/mouldking.store\/wp-content\/uploads\/2021\/10\/SY-8601-Porsche-919-with-1200-pieces-10-113x150.jpg 113w\" sizes=\"(max-width: 768px) 100vw, 768px\" \/><figcaption id=\"caption-attachment-26041\" class=\"wp-caption-text\">SY 8601 Porsche 919 mit 1200 Teilen<\/figcaption><\/figure>\n<figure id=\"attachment_26039\" aria-describedby=\"caption-attachment-26039\" style=\"width: 746px\" class=\"wp-caption aligncenter\"><img loading=\"lazy\" decoding=\"async\" class=\"wp-image-26039 size-full\" src=\"https:\/\/mouldking.store\/wp-content\/uploads\/2021\/10\/SY-8601-Porsche-919-with-1200-pieces-8.jpg\" alt=\"SY 8601 Porsche 919 with 1200 pieces\" width=\"746\" height=\"1024\" title=\"-\" srcset=\"https:\/\/mouldking.store\/wp-content\/uploads\/2021\/10\/SY-8601-Porsche-919-with-1200-pieces-8.jpg 746w, https:\/\/mouldking.store\/wp-content\/uploads\/2021\/10\/SY-8601-Porsche-919-with-1200-pieces-8-219x300.jpg 219w, https:\/\/mouldking.store\/wp-content\/uploads\/2021\/10\/SY-8601-Porsche-919-with-1200-pieces-8-300x412.jpg 300w, https:\/\/mouldking.store\/wp-content\/uploads\/2021\/10\/SY-8601-Porsche-919-with-1200-pieces-8-600x824.jpg 600w, https:\/\/mouldking.store\/wp-content\/uploads\/2021\/10\/SY-8601-Porsche-919-with-1200-pieces-8-109x150.jpg 109w\" sizes=\"(max-width: 746px) 100vw, 746px\" \/><figcaption id=\"caption-attachment-26039\" class=\"wp-caption-text\">SY 8601 Porsche 919 mit 1200 Teilen<\/figcaption><\/figure>\n<figure id=\"attachment_26038\" aria-describedby=\"caption-attachment-26038\" style=\"width: 763px\" class=\"wp-caption aligncenter\"><img loading=\"lazy\" decoding=\"async\" class=\"wp-image-26038 size-full\" src=\"https:\/\/mouldking.store\/wp-content\/uploads\/2021\/10\/SY-8601-Porsche-919-with-1200-pieces-7.jpg\" alt=\"SY 8601 Porsche 919 with 1200 pieces\" width=\"763\" height=\"1024\" title=\"-\" srcset=\"https:\/\/mouldking.store\/wp-content\/uploads\/2021\/10\/SY-8601-Porsche-919-with-1200-pieces-7.jpg 763w, https:\/\/mouldking.store\/wp-content\/uploads\/2021\/10\/SY-8601-Porsche-919-with-1200-pieces-7-224x300.jpg 224w, https:\/\/mouldking.store\/wp-content\/uploads\/2021\/10\/SY-8601-Porsche-919-with-1200-pieces-7-300x403.jpg 300w, https:\/\/mouldking.store\/wp-content\/uploads\/2021\/10\/SY-8601-Porsche-919-with-1200-pieces-7-600x805.jpg 600w, https:\/\/mouldking.store\/wp-content\/uploads\/2021\/10\/SY-8601-Porsche-919-with-1200-pieces-7-112x150.jpg 112w\" sizes=\"(max-width: 763px) 100vw, 763px\" \/><figcaption id=\"caption-attachment-26038\" class=\"wp-caption-text\">SY 8601 Porsche 919 mit 1200 Teilen<\/figcaption><\/figure>\n<figure id=\"attachment_26036\" aria-describedby=\"caption-attachment-26036\" style=\"width: 702px\" class=\"wp-caption aligncenter\"><img loading=\"lazy\" decoding=\"async\" class=\"wp-image-26036 size-full\" src=\"https:\/\/mouldking.store\/wp-content\/uploads\/2021\/10\/SY-8601-Porsche-919-with-1200-pieces-5.jpg\" alt=\"SY 8601 Porsche 919 with 1200 pieces\" width=\"702\" height=\"1024\" title=\"-\" srcset=\"https:\/\/mouldking.store\/wp-content\/uploads\/2021\/10\/SY-8601-Porsche-919-with-1200-pieces-5.jpg 702w, https:\/\/mouldking.store\/wp-content\/uploads\/2021\/10\/SY-8601-Porsche-919-with-1200-pieces-5-206x300.jpg 206w, https:\/\/mouldking.store\/wp-content\/uploads\/2021\/10\/SY-8601-Porsche-919-with-1200-pieces-5-300x438.jpg 300w, https:\/\/mouldking.store\/wp-content\/uploads\/2021\/10\/SY-8601-Porsche-919-with-1200-pieces-5-600x875.jpg 600w, https:\/\/mouldking.store\/wp-content\/uploads\/2021\/10\/SY-8601-Porsche-919-with-1200-pieces-5-103x150.jpg 103w\" sizes=\"(max-width: 702px) 100vw, 702px\" \/><figcaption id=\"caption-attachment-26036\" class=\"wp-caption-text\">SY 8601 Porsche 919 mit 1200 Teilen<\/figcaption><\/figure>\n<figure id=\"attachment_26037\" aria-describedby=\"caption-attachment-26037\" style=\"width: 697px\" class=\"wp-caption aligncenter\"><img loading=\"lazy\" decoding=\"async\" class=\"wp-image-26037 size-full\" src=\"https:\/\/mouldking.store\/wp-content\/uploads\/2021\/10\/SY-8601-Porsche-919-with-1200-pieces-6.jpg\" alt=\"SY 8601 Porsche 919 with 1200 pieces\" width=\"697\" height=\"1023\" title=\"-\" srcset=\"https:\/\/mouldking.store\/wp-content\/uploads\/2021\/10\/SY-8601-Porsche-919-with-1200-pieces-6.jpg 697w, https:\/\/mouldking.store\/wp-content\/uploads\/2021\/10\/SY-8601-Porsche-919-with-1200-pieces-6-204x300.jpg 204w, https:\/\/mouldking.store\/wp-content\/uploads\/2021\/10\/SY-8601-Porsche-919-with-1200-pieces-6-300x440.jpg 300w, https:\/\/mouldking.store\/wp-content\/uploads\/2021\/10\/SY-8601-Porsche-919-with-1200-pieces-6-600x881.jpg 600w, https:\/\/mouldking.store\/wp-content\/uploads\/2021\/10\/SY-8601-Porsche-919-with-1200-pieces-6-102x150.jpg 102w\" sizes=\"(max-width: 697px) 100vw, 697px\" \/><figcaption id=\"caption-attachment-26037\" class=\"wp-caption-text\">SY 8601 Porsche 919 mit 1200 Teilen<\/figcaption><\/figure>\n<figure id=\"attachment_26035\" aria-describedby=\"caption-attachment-26035\" style=\"width: 561px\" class=\"wp-caption aligncenter\"><img loading=\"lazy\" decoding=\"async\" class=\"wp-image-26035 size-full\" src=\"https:\/\/mouldking.store\/wp-content\/uploads\/2021\/10\/SY-8601-Porsche-919-with-1200-pieces-4.jpg\" alt=\"SY 8601 Porsche 919 with 1200 pieces\" width=\"561\" height=\"1024\" title=\"-\" srcset=\"https:\/\/mouldking.store\/wp-content\/uploads\/2021\/10\/SY-8601-Porsche-919-with-1200-pieces-4.jpg 561w, https:\/\/mouldking.store\/wp-content\/uploads\/2021\/10\/SY-8601-Porsche-919-with-1200-pieces-4-164x300.jpg 164w, https:\/\/mouldking.store\/wp-content\/uploads\/2021\/10\/SY-8601-Porsche-919-with-1200-pieces-4-300x548.jpg 300w, https:\/\/mouldking.store\/wp-content\/uploads\/2021\/10\/SY-8601-Porsche-919-with-1200-pieces-4-82x150.jpg 82w\" sizes=\"(max-width: 561px) 100vw, 561px\" \/><figcaption id=\"caption-attachment-26035\" class=\"wp-caption-text\">SY 8601 Porsche 919 mit 1200 Teilen<\/figcaption><\/figure>\n<figure id=\"attachment_26034\" aria-describedby=\"caption-attachment-26034\" style=\"width: 800px\" class=\"wp-caption aligncenter\"><img loading=\"lazy\" decoding=\"async\" class=\"wp-image-26034 size-full\" src=\"https:\/\/mouldking.store\/wp-content\/uploads\/2021\/10\/SY-8601-Porsche-919-with-1200-pieces-3.jpg\" alt=\"SY 8601 Porsche 919 with 1200 pieces\" width=\"800\" height=\"745\" title=\"-\" srcset=\"https:\/\/mouldking.store\/wp-content\/uploads\/2021\/10\/SY-8601-Porsche-919-with-1200-pieces-3.jpg 800w, https:\/\/mouldking.store\/wp-content\/uploads\/2021\/10\/SY-8601-Porsche-919-with-1200-pieces-3-300x279.jpg 300w, https:\/\/mouldking.store\/wp-content\/uploads\/2021\/10\/SY-8601-Porsche-919-with-1200-pieces-3-768x715.jpg 768w, https:\/\/mouldking.store\/wp-content\/uploads\/2021\/10\/SY-8601-Porsche-919-with-1200-pieces-3-600x559.jpg 600w, https:\/\/mouldking.store\/wp-content\/uploads\/2021\/10\/SY-8601-Porsche-919-with-1200-pieces-3-150x140.jpg 150w\" sizes=\"(max-width: 800px) 100vw, 800px\" \/><figcaption id=\"caption-attachment-26034\" class=\"wp-caption-text\">SY 8601 Porsche 919 mit 1200 Teilen<\/figcaption><\/figure>\n<figure id=\"attachment_26033\" aria-describedby=\"caption-attachment-26033\" style=\"width: 800px\" class=\"wp-caption aligncenter\"><img loading=\"lazy\" decoding=\"async\" class=\"wp-image-26033 size-full\" src=\"https:\/\/mouldking.store\/wp-content\/uploads\/2021\/10\/SY-8601-Porsche-919-with-1200-pieces-2.jpg\" alt=\"SY 8601 Porsche 919 with 1200 pieces\" width=\"800\" height=\"602\" title=\"-\" srcset=\"https:\/\/mouldking.store\/wp-content\/uploads\/2021\/10\/SY-8601-Porsche-919-with-1200-pieces-2.jpg 800w, https:\/\/mouldking.store\/wp-content\/uploads\/2021\/10\/SY-8601-Porsche-919-with-1200-pieces-2-300x226.jpg 300w, https:\/\/mouldking.store\/wp-content\/uploads\/2021\/10\/SY-8601-Porsche-919-with-1200-pieces-2-768x578.jpg 768w, https:\/\/mouldking.store\/wp-content\/uploads\/2021\/10\/SY-8601-Porsche-919-with-1200-pieces-2-600x452.jpg 600w, https:\/\/mouldking.store\/wp-content\/uploads\/2021\/10\/SY-8601-Porsche-919-with-1200-pieces-2-150x113.jpg 150w\" sizes=\"(max-width: 800px) 100vw, 800px\" \/><figcaption id=\"caption-attachment-26033\" class=\"wp-caption-text\">SY 8601 Porsche 919 mit 1200 Teilen<\/figcaption><\/figure>","protected":false},"excerpt":{"rendered":"<p>Product information: Brand: SY Gender: Unisex Name: Porsche 919 Age Range: &gt; 6 years old Model Number: 8601 Classification: Assemblage Plastic Block Shape: Self-Locking Bricks Material: Plastic Plastic Type: ABS Bricks Blocks: 1200 PCS Contains detailed assembly instructions. Notice: 1. Without an original box, but we guarantee our products have quality assurance and nice packaging. [&hellip;]<\/p>","protected":false},"featured_media":26032,"comment_status":"open","ping_status":"closed","template":"","meta":{"_acf_changed":false},"product_cat":[364],"product_tag":[2753,2755,2754,551,1416,2751,2756,2750,2757,2752],"class_list":["product","first","instock","shipping-taxable","purchasable","product-type-simple"],"acf":[],"_links":{"self":[{"href":"https:\/\/mouldking.store\/de\/wp-json\/wp\/v2\/product\/26030","targetHints":{"allow":["GET"]}}],"collection":[{"href":"https:\/\/mouldking.store\/de\/wp-json\/wp\/v2\/product"}],"about":[{"href":"https:\/\/mouldking.store\/de\/wp-json\/wp\/v2\/types\/product"}],"replies":[{"embeddable":true,"href":"https:\/\/mouldking.store\/de\/wp-json\/wp\/v2\/comments?post=26030"}],"wp:featuredmedia":[{"embeddable":true,"href":"https:\/\/mouldking.store\/de\/wp-json\/wp\/v2\/media\/26032"}],"wp:attachment":[{"href":"https:\/\/mouldking.store\/de\/wp-json\/wp\/v2\/media?parent=26030"}],"wp:term":[{"taxonomy":"product_cat","embeddable":true,"href":"https:\/\/mouldking.store\/de\/wp-json\/wp\/v2\/product_cat?post=26030"},{"taxonomy":"product_tag","embeddable":true,"href":"https:\/\/mouldking.store\/de\/wp-json\/wp\/v2\/product_tag?post=26030"}],"curies":[{"name":"wp","href":"https:\/\/api.w.org\/{rel}","templated":true}]}}