{"id":26101,"date":"2021-10-28T10:22:22","date_gmt":"2021-10-28T10:22:22","guid":{"rendered":"https:\/\/mouldking.store\/?post_type=product&#038;p=26101"},"modified":"2025-12-25T09:17:13","modified_gmt":"2025-12-25T02:17:13","slug":"moc-62847-guitar-red-special-display-stand-with-324-pieces","status":"publish","type":"product","link":"https:\/\/mouldking.store\/de\/shop\/moc-62847-guitar-red-special-display-stand-with-324-pieces\/","title":{"rendered":"MOC-62847 Guitar Red Special &amp; Display Stand mit 324 St\u00fcck"},"content":{"rendered":"<p>Produktinformation:<\/p>\n<ol>\n<li>Marke: MOC<\/li>\n<li>Geschlecht: Unisex<\/li>\n<li>Name: Guitar Red Special &amp; Display Stand<\/li>\n<li>Altersspanne: &gt; 8 Jahre alt<\/li>\n<li>Model Number: MOC-62847<\/li>\n<li>Einstufung: Assemblage<\/li>\n<li>Kunststoffblockform: Selbstsichernde Steine<\/li>\n<li>Material: Kunststoff<\/li>\n<li>Kunststofftyp: ABS<\/li>\n<li>Bricks Blocks: 324 PCS<\/li>\n<li>Enth\u00e4lt eine ausf\u00fchrliche Montageanleitung.<\/li>\n<\/ol>\n<p>Notiz:<br \/>\n1. Ohne Originalverpackung, aber wir garantieren, dass unsere Produkte eine Qualit\u00e4tssicherung und eine sch\u00f6ne Verpackung haben.<br \/>\n2. Wie alle Teile, die wir vor dem Versand \u00fcberpr\u00fcft haben, machen Sie sich keine Sorgen, wenn Sie feststellen, dass einige Teile fehlen oder besch\u00e4digt sind, und kontaktieren Sie uns einfach, und wir k\u00f6nnen sie Ihnen umgehend kostenlos erneut zusenden.<\/p>\n<figure id=\"attachment_26102\" aria-describedby=\"caption-attachment-26102\" style=\"width: 1000px\" class=\"wp-caption aligncenter\"><img fetchpriority=\"high\" decoding=\"async\" class=\"size-full wp-image-26102\" title=\"MOC-62847 Guitar Red Special &amp; Display Stand with 324 pieces\" src=\"https:\/\/mouldking.store\/wp-content\/uploads\/2021\/10\/moc-62847-guitar-red-special-display-stand-with-324-pieces.jpg\" alt=\"MOC-62847 Guitar Red Special &amp; Display Stand with 324 pieces\" width=\"1000\" height=\"1000\" srcset=\"https:\/\/mouldking.store\/wp-content\/uploads\/2021\/10\/moc-62847-guitar-red-special-display-stand-with-324-pieces.jpg 1000w, https:\/\/mouldking.store\/wp-content\/uploads\/2021\/10\/moc-62847-guitar-red-special-display-stand-with-324-pieces-300x300.jpg 300w, https:\/\/mouldking.store\/wp-content\/uploads\/2021\/10\/moc-62847-guitar-red-special-display-stand-with-324-pieces-768x768.jpg 768w, https:\/\/mouldking.store\/wp-content\/uploads\/2021\/10\/moc-62847-guitar-red-special-display-stand-with-324-pieces-600x600.jpg 600w, https:\/\/mouldking.store\/wp-content\/uploads\/2021\/10\/moc-62847-guitar-red-special-display-stand-with-324-pieces-150x150.jpg 150w\" sizes=\"(max-width: 1000px) 100vw, 1000px\" \/><figcaption id=\"caption-attachment-26102\" class=\"wp-caption-text\">MOC-62847 Guitar Red Special &amp; Display Stand mit 324 St\u00fcck<\/figcaption><\/figure>\n<figure id=\"attachment_26103\" aria-describedby=\"caption-attachment-26103\" style=\"width: 1000px\" class=\"wp-caption aligncenter\"><img decoding=\"async\" class=\"size-full wp-image-26103\" title=\"MOC-62847 Guitar Red Special &amp; Display Stand with 324 pieces\" src=\"https:\/\/mouldking.store\/wp-content\/uploads\/2021\/10\/moc-62847-guitar-red-special-display-stand-with-324-pieces-1.jpg\" alt=\"MOC-62847 Guitar Red Special &amp; Display Stand with 324 pieces\" width=\"1000\" height=\"1000\" srcset=\"https:\/\/mouldking.store\/wp-content\/uploads\/2021\/10\/moc-62847-guitar-red-special-display-stand-with-324-pieces-1.jpg 1000w, https:\/\/mouldking.store\/wp-content\/uploads\/2021\/10\/moc-62847-guitar-red-special-display-stand-with-324-pieces-1-300x300.jpg 300w, https:\/\/mouldking.store\/wp-content\/uploads\/2021\/10\/moc-62847-guitar-red-special-display-stand-with-324-pieces-1-768x768.jpg 768w, https:\/\/mouldking.store\/wp-content\/uploads\/2021\/10\/moc-62847-guitar-red-special-display-stand-with-324-pieces-1-600x600.jpg 600w, https:\/\/mouldking.store\/wp-content\/uploads\/2021\/10\/moc-62847-guitar-red-special-display-stand-with-324-pieces-1-150x150.jpg 150w\" sizes=\"(max-width: 1000px) 100vw, 1000px\" \/><figcaption id=\"caption-attachment-26103\" class=\"wp-caption-text\">MOC-62847 Guitar Red Special &amp; Display Stand mit 324 St\u00fcck<\/figcaption><\/figure>\n<figure id=\"attachment_26104\" aria-describedby=\"caption-attachment-26104\" style=\"width: 1000px\" class=\"wp-caption aligncenter\"><img decoding=\"async\" class=\"size-full wp-image-26104\" title=\"MOC-62847 Guitar Red Special &amp; Display Stand with 324 pieces\" src=\"https:\/\/mouldking.store\/wp-content\/uploads\/2021\/10\/moc-62847-guitar-red-special-display-stand-with-324-pieces-2.jpg\" alt=\"MOC-62847 Guitar Red Special &amp; Display Stand with 324 pieces\" width=\"1000\" height=\"1000\" srcset=\"https:\/\/mouldking.store\/wp-content\/uploads\/2021\/10\/moc-62847-guitar-red-special-display-stand-with-324-pieces-2.jpg 1000w, https:\/\/mouldking.store\/wp-content\/uploads\/2021\/10\/moc-62847-guitar-red-special-display-stand-with-324-pieces-2-300x300.jpg 300w, https:\/\/mouldking.store\/wp-content\/uploads\/2021\/10\/moc-62847-guitar-red-special-display-stand-with-324-pieces-2-768x768.jpg 768w, https:\/\/mouldking.store\/wp-content\/uploads\/2021\/10\/moc-62847-guitar-red-special-display-stand-with-324-pieces-2-600x600.jpg 600w, https:\/\/mouldking.store\/wp-content\/uploads\/2021\/10\/moc-62847-guitar-red-special-display-stand-with-324-pieces-2-150x150.jpg 150w\" sizes=\"(max-width: 1000px) 100vw, 1000px\" \/><figcaption id=\"caption-attachment-26104\" class=\"wp-caption-text\">MOC-62847 Guitar Red Special &amp; Display Stand mit 324 St\u00fcck<\/figcaption><\/figure>","protected":false},"excerpt":{"rendered":"<p>Zeiteinteilung: 4-8 Wochen<\/p>","protected":false},"featured_media":26105,"comment_status":"open","ping_status":"closed","template":"","meta":{"_acf_changed":false},"product_cat":[371],"product_tag":[2789,2788],"class_list":["product","first","instock","shipping-taxable","purchasable","product-type-simple"],"acf":[],"_links":{"self":[{"href":"https:\/\/mouldking.store\/de\/wp-json\/wp\/v2\/product\/26101","targetHints":{"allow":["GET"]}}],"collection":[{"href":"https:\/\/mouldking.store\/de\/wp-json\/wp\/v2\/product"}],"about":[{"href":"https:\/\/mouldking.store\/de\/wp-json\/wp\/v2\/types\/product"}],"replies":[{"embeddable":true,"href":"https:\/\/mouldking.store\/de\/wp-json\/wp\/v2\/comments?post=26101"}],"wp:featuredmedia":[{"embeddable":true,"href":"https:\/\/mouldking.store\/de\/wp-json\/wp\/v2\/media\/26105"}],"wp:attachment":[{"href":"https:\/\/mouldking.store\/de\/wp-json\/wp\/v2\/media?parent=26101"}],"wp:term":[{"taxonomy":"product_cat","embeddable":true,"href":"https:\/\/mouldking.store\/de\/wp-json\/wp\/v2\/product_cat?post=26101"},{"taxonomy":"product_tag","embeddable":true,"href":"https:\/\/mouldking.store\/de\/wp-json\/wp\/v2\/product_tag?post=26101"}],"curies":[{"name":"wp","href":"https:\/\/api.w.org\/{rel}","templated":true}]}}