{"id":26331,"date":"2021-10-29T15:28:30","date_gmt":"2021-10-29T15:28:30","guid":{"rendered":"https:\/\/mouldking.store\/?post_type=product&#038;p=26331"},"modified":"2024-10-30T14:46:27","modified_gmt":"2024-10-30T07:46:27","slug":"18k-k108-old-republic-escort-cruiser-with-1609-pieces","status":"publish","type":"product","link":"https:\/\/mouldking.store\/de\/shop\/18k-k108-old-republic-escort-cruiser-with-1609-pieces\/","title":{"rendered":"18K K108 Old Republic Escort Cruiser mit 1609 Teilen"},"content":{"rendered":"<p>Produktinformation:<\/p>\n<ol>\n<li>Marke: 18K<\/li>\n<li>Geschlecht: Unisex<\/li>\n<li>Name: Eskortkreuzer der Alten Republik<\/li>\n<li>Altersspanne: &gt; 6 Jahre alt<\/li>\n<li>Modellnummer: K108<\/li>\n<li>Einstufung: Assemblage<\/li>\n<li>Kunststoffblockform: Selbstsichernde Steine<\/li>\n<li>Material: Kunststoff<\/li>\n<li>Kunststofftyp: ABS<\/li>\n<li>Ziegelsteine: 1609 ST\u00dcCKE<\/li>\n<li>Enth\u00e4lt eine ausf\u00fchrliche Montageanleitung.<\/li>\n<\/ol>\n<p>Notiz:<br \/>\n1. Ohne Originalverpackung, aber wir garantieren, dass unsere Produkte eine Qualit\u00e4tssicherung und eine sch\u00f6ne Verpackung haben.<br \/>\n2. Wie alle Teile, die wir vor dem Versand \u00fcberpr\u00fcft haben, machen Sie sich keine Sorgen, wenn Sie feststellen, dass einige Teile fehlen oder besch\u00e4digt sind, und kontaktieren Sie uns einfach, und wir k\u00f6nnen sie Ihnen umgehend kostenlos erneut zusenden.<\/p>\n<figure id=\"attachment_26332\" aria-describedby=\"caption-attachment-26332\" style=\"width: 800px\" class=\"wp-caption aligncenter\"><img fetchpriority=\"high\" decoding=\"async\" class=\"wp-image-26332 size-full\" src=\"https:\/\/mouldking.store\/wp-content\/uploads\/2021\/10\/18K-K108-Old-Republic-Escort-Cruiser-with-1609-pieces-1.jpg\" alt=\"18K K108 Old Republic Escort Cruiser with 1609 pieces\" width=\"800\" height=\"800\" title=\"-\" srcset=\"https:\/\/mouldking.store\/wp-content\/uploads\/2021\/10\/18K-K108-Old-Republic-Escort-Cruiser-with-1609-pieces-1.jpg 800w, https:\/\/mouldking.store\/wp-content\/uploads\/2021\/10\/18K-K108-Old-Republic-Escort-Cruiser-with-1609-pieces-1-300x300.jpg 300w, https:\/\/mouldking.store\/wp-content\/uploads\/2021\/10\/18K-K108-Old-Republic-Escort-Cruiser-with-1609-pieces-1-768x768.jpg 768w, https:\/\/mouldking.store\/wp-content\/uploads\/2021\/10\/18K-K108-Old-Republic-Escort-Cruiser-with-1609-pieces-1-600x600.jpg 600w, https:\/\/mouldking.store\/wp-content\/uploads\/2021\/10\/18K-K108-Old-Republic-Escort-Cruiser-with-1609-pieces-1-150x150.jpg 150w\" sizes=\"(max-width: 800px) 100vw, 800px\" \/><figcaption id=\"caption-attachment-26332\" class=\"wp-caption-text\">18K K108 Old Republic Escort Cruiser mit 1609 Teilen<\/figcaption><\/figure>\n<figure id=\"attachment_26336\" aria-describedby=\"caption-attachment-26336\" style=\"width: 800px\" class=\"wp-caption aligncenter\"><img decoding=\"async\" class=\"wp-image-26336\" src=\"https:\/\/mouldking.store\/wp-content\/uploads\/2021\/10\/18K-K108-Old-Republic-Escort-Cruiser-with-1609-pieces-5-300x300.jpg\" alt=\"18K K108 Old Republic Escort Cruiser with 1609 pieces\" width=\"800\" height=\"800\" title=\"-\" srcset=\"https:\/\/mouldking.store\/wp-content\/uploads\/2021\/10\/18K-K108-Old-Republic-Escort-Cruiser-with-1609-pieces-5-300x300.jpg 300w, https:\/\/mouldking.store\/wp-content\/uploads\/2021\/10\/18K-K108-Old-Republic-Escort-Cruiser-with-1609-pieces-5-768x768.jpg 768w, https:\/\/mouldking.store\/wp-content\/uploads\/2021\/10\/18K-K108-Old-Republic-Escort-Cruiser-with-1609-pieces-5-600x600.jpg 600w, https:\/\/mouldking.store\/wp-content\/uploads\/2021\/10\/18K-K108-Old-Republic-Escort-Cruiser-with-1609-pieces-5-150x150.jpg 150w, https:\/\/mouldking.store\/wp-content\/uploads\/2021\/10\/18K-K108-Old-Republic-Escort-Cruiser-with-1609-pieces-5.jpg 1024w\" sizes=\"(max-width: 800px) 100vw, 800px\" \/><figcaption id=\"caption-attachment-26336\" class=\"wp-caption-text\">18K K108 Old Republic Escort Cruiser mit 1609 Teilen<\/figcaption><\/figure>\n<figure id=\"attachment_26335\" aria-describedby=\"caption-attachment-26335\" style=\"width: 800px\" class=\"wp-caption aligncenter\"><img decoding=\"async\" class=\"wp-image-26335\" src=\"https:\/\/mouldking.store\/wp-content\/uploads\/2021\/10\/18K-K108-Old-Republic-Escort-Cruiser-with-1609-pieces-4-300x300.jpg\" alt=\"18K K108 Old Republic Escort Cruiser with 1609 pieces\" width=\"800\" height=\"800\" title=\"-\" srcset=\"https:\/\/mouldking.store\/wp-content\/uploads\/2021\/10\/18K-K108-Old-Republic-Escort-Cruiser-with-1609-pieces-4-300x300.jpg 300w, https:\/\/mouldking.store\/wp-content\/uploads\/2021\/10\/18K-K108-Old-Republic-Escort-Cruiser-with-1609-pieces-4-768x768.jpg 768w, https:\/\/mouldking.store\/wp-content\/uploads\/2021\/10\/18K-K108-Old-Republic-Escort-Cruiser-with-1609-pieces-4-600x600.jpg 600w, https:\/\/mouldking.store\/wp-content\/uploads\/2021\/10\/18K-K108-Old-Republic-Escort-Cruiser-with-1609-pieces-4-150x150.jpg 150w, https:\/\/mouldking.store\/wp-content\/uploads\/2021\/10\/18K-K108-Old-Republic-Escort-Cruiser-with-1609-pieces-4.jpg 1024w\" sizes=\"(max-width: 800px) 100vw, 800px\" \/><figcaption id=\"caption-attachment-26335\" class=\"wp-caption-text\">18K K108 Old Republic Escort Cruiser mit 1609 Teilen<\/figcaption><\/figure>\n<figure id=\"attachment_26334\" aria-describedby=\"caption-attachment-26334\" style=\"width: 538px\" class=\"wp-caption aligncenter\"><img loading=\"lazy\" decoding=\"async\" class=\"wp-image-26334 size-full\" src=\"https:\/\/mouldking.store\/wp-content\/uploads\/2021\/10\/18K-K108-Old-Republic-Escort-Cruiser-with-1609-pieces-3.jpg\" alt=\"18K K108 Old Republic Escort Cruiser with 1609 pieces\" width=\"538\" height=\"1024\" title=\"-\" srcset=\"https:\/\/mouldking.store\/wp-content\/uploads\/2021\/10\/18K-K108-Old-Republic-Escort-Cruiser-with-1609-pieces-3.jpg 538w, https:\/\/mouldking.store\/wp-content\/uploads\/2021\/10\/18K-K108-Old-Republic-Escort-Cruiser-with-1609-pieces-3-158x300.jpg 158w, https:\/\/mouldking.store\/wp-content\/uploads\/2021\/10\/18K-K108-Old-Republic-Escort-Cruiser-with-1609-pieces-3-300x571.jpg 300w, https:\/\/mouldking.store\/wp-content\/uploads\/2021\/10\/18K-K108-Old-Republic-Escort-Cruiser-with-1609-pieces-3-79x150.jpg 79w\" sizes=\"(max-width: 538px) 100vw, 538px\" \/><figcaption id=\"caption-attachment-26334\" class=\"wp-caption-text\">18K K108 Old Republic Escort Cruiser mit 1609 Teilen<\/figcaption><\/figure>\n<figure id=\"attachment_26333\" aria-describedby=\"caption-attachment-26333\" style=\"width: 532px\" class=\"wp-caption aligncenter\"><img loading=\"lazy\" decoding=\"async\" class=\"wp-image-26333 size-full\" src=\"https:\/\/mouldking.store\/wp-content\/uploads\/2021\/10\/18K-K108-Old-Republic-Escort-Cruiser-with-1609-pieces-2.jpg\" alt=\"18K K108 Old Republic Escort Cruiser with 1609 pieces\" width=\"532\" height=\"1024\" title=\"-\" srcset=\"https:\/\/mouldking.store\/wp-content\/uploads\/2021\/10\/18K-K108-Old-Republic-Escort-Cruiser-with-1609-pieces-2.jpg 532w, https:\/\/mouldking.store\/wp-content\/uploads\/2021\/10\/18K-K108-Old-Republic-Escort-Cruiser-with-1609-pieces-2-156x300.jpg 156w, https:\/\/mouldking.store\/wp-content\/uploads\/2021\/10\/18K-K108-Old-Republic-Escort-Cruiser-with-1609-pieces-2-300x577.jpg 300w, https:\/\/mouldking.store\/wp-content\/uploads\/2021\/10\/18K-K108-Old-Republic-Escort-Cruiser-with-1609-pieces-2-78x150.jpg 78w\" sizes=\"(max-width: 532px) 100vw, 532px\" \/><figcaption id=\"caption-attachment-26333\" class=\"wp-caption-text\">18K K108 Old Republic Escort Cruiser mit 1609 Teilen<\/figcaption><\/figure>","protected":false},"excerpt":{"rendered":"<p>Product information: Brand: 18K Gender: Unisex Name: Old Republic Escort Cruiser Age Range: &gt; 6 years old Model Number: K108 Classification: Assemblage Plastic Block Shape: Self-Locking Bricks Material: Plastic Plastic Type: ABS Bricks Blocks: 1609 PCS Contains detailed assembly instructions. Notice: 1. Without an original box, but we guarantee our products have quality assurance and [&hellip;]<\/p>","protected":false},"featured_media":26332,"comment_status":"open","ping_status":"closed","template":"","meta":{"_acf_changed":false},"product_cat":[415],"product_tag":[2922,2921,2923,1220],"class_list":["product","first","outofstock","shipping-taxable","purchasable","product-type-simple"],"acf":[],"_links":{"self":[{"href":"https:\/\/mouldking.store\/de\/wp-json\/wp\/v2\/product\/26331","targetHints":{"allow":["GET"]}}],"collection":[{"href":"https:\/\/mouldking.store\/de\/wp-json\/wp\/v2\/product"}],"about":[{"href":"https:\/\/mouldking.store\/de\/wp-json\/wp\/v2\/types\/product"}],"replies":[{"embeddable":true,"href":"https:\/\/mouldking.store\/de\/wp-json\/wp\/v2\/comments?post=26331"}],"wp:featuredmedia":[{"embeddable":true,"href":"https:\/\/mouldking.store\/de\/wp-json\/wp\/v2\/media\/26332"}],"wp:attachment":[{"href":"https:\/\/mouldking.store\/de\/wp-json\/wp\/v2\/media?parent=26331"}],"wp:term":[{"taxonomy":"product_cat","embeddable":true,"href":"https:\/\/mouldking.store\/de\/wp-json\/wp\/v2\/product_cat?post=26331"},{"taxonomy":"product_tag","embeddable":true,"href":"https:\/\/mouldking.store\/de\/wp-json\/wp\/v2\/product_tag?post=26331"}],"curies":[{"name":"wp","href":"https:\/\/api.w.org\/{rel}","templated":true}]}}