{"id":26368,"date":"2021-10-31T08:38:39","date_gmt":"2021-10-31T01:38:39","guid":{"rendered":"https:\/\/mouldking.store\/?post_type=product&#038;p=26368"},"modified":"2025-12-25T09:17:12","modified_gmt":"2025-12-25T02:17:12","slug":"moc-79685-nasa-lander-viking-1-2-19-scale-with-1262-pieces","status":"publish","type":"product","link":"https:\/\/mouldking.store\/de\/shop\/moc-79685-nasa-lander-viking-1-2-19-scale-with-1262-pieces\/","title":{"rendered":"MOC-79685 NASA Lander Viking 1-2 1:9 Scale with 1262 pieces"},"content":{"rendered":"<p>Produktinformation:<\/p>\n<ol>\n<li>Marke: MOC<\/li>\n<li>Geschlecht: Unisex<\/li>\n<li>Name: NASA Lander Viking 1-2 1:9 Scale<\/li>\n<li>Altersspanne: &gt; 6 Jahre alt<\/li>\n<li>Model Number: MOC-79685<\/li>\n<li>Einstufung: Assemblage<\/li>\n<li>Kunststoffblockform: Selbstsichernde Steine<\/li>\n<li>Material: Kunststoff<\/li>\n<li>Kunststofftyp: ABS<\/li>\n<li>Bricks Blocks: 1262 PCS<\/li>\n<li>Enth\u00e4lt eine ausf\u00fchrliche Montageanleitung.<\/li>\n<\/ol>\n<p>Notiz:<br \/>\n1. Ohne Originalverpackung, aber wir garantieren, dass unsere Produkte eine Qualit\u00e4tssicherung und eine sch\u00f6ne Verpackung haben.<br \/>\n2. Wie alle Teile, die wir vor dem Versand \u00fcberpr\u00fcft haben, machen Sie sich keine Sorgen, wenn Sie feststellen, dass einige Teile fehlen oder besch\u00e4digt sind, und kontaktieren Sie uns einfach, und wir k\u00f6nnen sie Ihnen umgehend kostenlos erneut zusenden.<\/p>\n<figure id=\"attachment_26369\" aria-describedby=\"caption-attachment-26369\" style=\"width: 1000px\" class=\"wp-caption aligncenter\"><img fetchpriority=\"high\" decoding=\"async\" class=\"size-full wp-image-26369\" title=\"MOC-79685 NASA Lander Viking 1-2 1:9 Scale with 1262 pieces\" src=\"https:\/\/mouldking.store\/wp-content\/uploads\/2021\/10\/moc-79685-nasa-lander-viking-1-2-19-scale-with-1262-pieces.jpg\" alt=\"MOC-79685 NASA Lander Viking 1-2 1:9 Scale with 1262 pieces\" width=\"1000\" height=\"1000\" srcset=\"https:\/\/mouldking.store\/wp-content\/uploads\/2021\/10\/moc-79685-nasa-lander-viking-1-2-19-scale-with-1262-pieces.jpg 1000w, https:\/\/mouldking.store\/wp-content\/uploads\/2021\/10\/moc-79685-nasa-lander-viking-1-2-19-scale-with-1262-pieces-300x300.jpg 300w, https:\/\/mouldking.store\/wp-content\/uploads\/2021\/10\/moc-79685-nasa-lander-viking-1-2-19-scale-with-1262-pieces-768x768.jpg 768w, https:\/\/mouldking.store\/wp-content\/uploads\/2021\/10\/moc-79685-nasa-lander-viking-1-2-19-scale-with-1262-pieces-600x600.jpg 600w, https:\/\/mouldking.store\/wp-content\/uploads\/2021\/10\/moc-79685-nasa-lander-viking-1-2-19-scale-with-1262-pieces-150x150.jpg 150w\" sizes=\"(max-width: 1000px) 100vw, 1000px\" \/><figcaption id=\"caption-attachment-26369\" class=\"wp-caption-text\">MOC-79685 NASA Lander Viking 1-2 1:9 Scale with 1262 pieces<\/figcaption><\/figure>\n<figure id=\"attachment_26370\" aria-describedby=\"caption-attachment-26370\" style=\"width: 1000px\" class=\"wp-caption aligncenter\"><img decoding=\"async\" class=\"size-full wp-image-26370\" title=\"MOC-79685 NASA Lander Viking 1-2 1:9 Scale with 1262 pieces\" src=\"https:\/\/mouldking.store\/wp-content\/uploads\/2021\/10\/moc-79685-nasa-lander-viking-1-2-19-scale-with-1262-pieces-1.jpg\" alt=\"MOC-79685 NASA Lander Viking 1-2 1:9 Scale with 1262 pieces\" width=\"1000\" height=\"1000\" srcset=\"https:\/\/mouldking.store\/wp-content\/uploads\/2021\/10\/moc-79685-nasa-lander-viking-1-2-19-scale-with-1262-pieces-1.jpg 1000w, https:\/\/mouldking.store\/wp-content\/uploads\/2021\/10\/moc-79685-nasa-lander-viking-1-2-19-scale-with-1262-pieces-1-300x300.jpg 300w, https:\/\/mouldking.store\/wp-content\/uploads\/2021\/10\/moc-79685-nasa-lander-viking-1-2-19-scale-with-1262-pieces-1-768x768.jpg 768w, https:\/\/mouldking.store\/wp-content\/uploads\/2021\/10\/moc-79685-nasa-lander-viking-1-2-19-scale-with-1262-pieces-1-600x600.jpg 600w, https:\/\/mouldking.store\/wp-content\/uploads\/2021\/10\/moc-79685-nasa-lander-viking-1-2-19-scale-with-1262-pieces-1-150x150.jpg 150w\" sizes=\"(max-width: 1000px) 100vw, 1000px\" \/><figcaption id=\"caption-attachment-26370\" class=\"wp-caption-text\">MOC-79685 NASA Lander Viking 1-2 1:9 Scale with 1262 pieces<\/figcaption><\/figure>\n<figure id=\"attachment_26371\" aria-describedby=\"caption-attachment-26371\" style=\"width: 1000px\" class=\"wp-caption aligncenter\"><img decoding=\"async\" class=\"size-full wp-image-26371\" title=\"MOC-79685 NASA Lander Viking 1-2 1:9 Scale with 1262 pieces\" src=\"https:\/\/mouldking.store\/wp-content\/uploads\/2021\/10\/moc-79685-nasa-lander-viking-1-2-19-scale-with-1262-pieces-2.jpg\" alt=\"MOC-79685 NASA Lander Viking 1-2 1:9 Scale with 1262 pieces\" width=\"1000\" height=\"1000\" srcset=\"https:\/\/mouldking.store\/wp-content\/uploads\/2021\/10\/moc-79685-nasa-lander-viking-1-2-19-scale-with-1262-pieces-2.jpg 1000w, https:\/\/mouldking.store\/wp-content\/uploads\/2021\/10\/moc-79685-nasa-lander-viking-1-2-19-scale-with-1262-pieces-2-300x300.jpg 300w, https:\/\/mouldking.store\/wp-content\/uploads\/2021\/10\/moc-79685-nasa-lander-viking-1-2-19-scale-with-1262-pieces-2-768x768.jpg 768w, https:\/\/mouldking.store\/wp-content\/uploads\/2021\/10\/moc-79685-nasa-lander-viking-1-2-19-scale-with-1262-pieces-2-600x600.jpg 600w, https:\/\/mouldking.store\/wp-content\/uploads\/2021\/10\/moc-79685-nasa-lander-viking-1-2-19-scale-with-1262-pieces-2-150x150.jpg 150w\" sizes=\"(max-width: 1000px) 100vw, 1000px\" \/><figcaption id=\"caption-attachment-26371\" class=\"wp-caption-text\">MOC-79685 NASA Lander Viking 1-2 1:9 Scale with 1262 pieces<\/figcaption><\/figure>","protected":false},"excerpt":{"rendered":"<p>Product information: Brand: MOC Gender: Unisex Name: NASA Lander Viking 1-2 1:9 Scale Age Range: &gt; 6 years old Model Number: MOC-79685 Classification: Assemblage Plastic Block Shape: Self-Locking Bricks Material: Plastic Plastic Type: ABS Bricks Blocks: 1262 PCS Contains detailed assembly instructions. Notice: 1. Without an original box, but we guarantee our products have quality [&hellip;]<\/p>","protected":false},"featured_media":26372,"comment_status":"open","ping_status":"closed","template":"","meta":{"_acf_changed":false},"product_cat":[364],"product_tag":[2934,2935],"class_list":["product","first","instock","shipping-taxable","purchasable","product-type-simple"],"acf":[],"_links":{"self":[{"href":"https:\/\/mouldking.store\/de\/wp-json\/wp\/v2\/product\/26368","targetHints":{"allow":["GET"]}}],"collection":[{"href":"https:\/\/mouldking.store\/de\/wp-json\/wp\/v2\/product"}],"about":[{"href":"https:\/\/mouldking.store\/de\/wp-json\/wp\/v2\/types\/product"}],"replies":[{"embeddable":true,"href":"https:\/\/mouldking.store\/de\/wp-json\/wp\/v2\/comments?post=26368"}],"wp:featuredmedia":[{"embeddable":true,"href":"https:\/\/mouldking.store\/de\/wp-json\/wp\/v2\/media\/26372"}],"wp:attachment":[{"href":"https:\/\/mouldking.store\/de\/wp-json\/wp\/v2\/media?parent=26368"}],"wp:term":[{"taxonomy":"product_cat","embeddable":true,"href":"https:\/\/mouldking.store\/de\/wp-json\/wp\/v2\/product_cat?post=26368"},{"taxonomy":"product_tag","embeddable":true,"href":"https:\/\/mouldking.store\/de\/wp-json\/wp\/v2\/product_tag?post=26368"}],"curies":[{"name":"wp","href":"https:\/\/api.w.org\/{rel}","templated":true}]}}