{"id":26400,"date":"2021-11-01T02:50:03","date_gmt":"2021-10-31T19:50:03","guid":{"rendered":"https:\/\/mouldking.store\/?post_type=product&#038;p=26400"},"modified":"2023-03-30T18:38:51","modified_gmt":"2023-03-30T11:38:51","slug":"18k-k110-ghost-with-4577-pieces","status":"publish","type":"product","link":"https:\/\/mouldking.store\/de\/shop\/18k-k110-ghost-with-4577-pieces\/","title":{"rendered":"18K K110 Ghost mit 4577 Teilen"},"content":{"rendered":"<p>Produktinformation:<\/p>\n<ol>\n<li>Marke: 18K<\/li>\n<li>Geschlecht: Unisex<\/li>\n<li>Name: Geist<\/li>\n<li>Altersspanne: &gt; 6 Jahre alt<\/li>\n<li>Modellnummer: K110<\/li>\n<li>Einstufung: Assemblage<\/li>\n<li>Kunststoffblockform: Selbstsichernde Steine<\/li>\n<li>Material: Kunststoff<\/li>\n<li>Kunststofftyp: ABS<\/li>\n<li>Ziegelsteine: 4577 ST\u00dcCKE<\/li>\n<li>Enth\u00e4lt eine ausf\u00fchrliche Montageanleitung.<\/li>\n<\/ol>\n<p>Notiz:<br \/>\n1. Ohne Originalverpackung, aber wir garantieren, dass unsere Produkte eine Qualit\u00e4tssicherung und eine sch\u00f6ne Verpackung haben.<br \/>\n2. Wie alle Teile, die wir vor dem Versand \u00fcberpr\u00fcft haben, machen Sie sich keine Sorgen, wenn Sie feststellen, dass einige Teile fehlen oder besch\u00e4digt sind, und kontaktieren Sie uns einfach, und wir k\u00f6nnen sie Ihnen umgehend kostenlos erneut zusenden.<\/p>\n<figure id=\"attachment_26401\" aria-describedby=\"caption-attachment-26401\" style=\"width: 800px\" class=\"wp-caption aligncenter\"><img fetchpriority=\"high\" decoding=\"async\" class=\"wp-image-26401 size-full\" src=\"https:\/\/mouldking.store\/wp-content\/uploads\/2021\/11\/STAR-WARS-18K-K110-STAR-WARSHIP-1.jpg\" alt=\"18K K110 Ghost with 4577 pieces\" width=\"800\" height=\"800\" title=\"-\" srcset=\"https:\/\/mouldking.store\/wp-content\/uploads\/2021\/11\/STAR-WARS-18K-K110-STAR-WARSHIP-1.jpg 800w, https:\/\/mouldking.store\/wp-content\/uploads\/2021\/11\/STAR-WARS-18K-K110-STAR-WARSHIP-1-300x300.jpg 300w, https:\/\/mouldking.store\/wp-content\/uploads\/2021\/11\/STAR-WARS-18K-K110-STAR-WARSHIP-1-768x768.jpg 768w, https:\/\/mouldking.store\/wp-content\/uploads\/2021\/11\/STAR-WARS-18K-K110-STAR-WARSHIP-1-600x600.jpg 600w, https:\/\/mouldking.store\/wp-content\/uploads\/2021\/11\/STAR-WARS-18K-K110-STAR-WARSHIP-1-150x150.jpg 150w\" sizes=\"(max-width: 800px) 100vw, 800px\" \/><figcaption id=\"caption-attachment-26401\" class=\"wp-caption-text\">18K K110 Ghost mit 4577 Teilen<\/figcaption><\/figure>\n<figure id=\"attachment_26405\" aria-describedby=\"caption-attachment-26405\" style=\"width: 750px\" class=\"wp-caption aligncenter\"><img decoding=\"async\" class=\"wp-image-26405 size-full\" src=\"https:\/\/mouldking.store\/wp-content\/uploads\/2021\/11\/STAR-WARS-18K-K110-STAR-WARSHIP-5.jpg\" alt=\"18K K110 Ghost with 4577 pieces\" width=\"750\" height=\"888\" title=\"-\" srcset=\"https:\/\/mouldking.store\/wp-content\/uploads\/2021\/11\/STAR-WARS-18K-K110-STAR-WARSHIP-5.jpg 750w, https:\/\/mouldking.store\/wp-content\/uploads\/2021\/11\/STAR-WARS-18K-K110-STAR-WARSHIP-5-253x300.jpg 253w, https:\/\/mouldking.store\/wp-content\/uploads\/2021\/11\/STAR-WARS-18K-K110-STAR-WARSHIP-5-300x355.jpg 300w, https:\/\/mouldking.store\/wp-content\/uploads\/2021\/11\/STAR-WARS-18K-K110-STAR-WARSHIP-5-600x710.jpg 600w, https:\/\/mouldking.store\/wp-content\/uploads\/2021\/11\/STAR-WARS-18K-K110-STAR-WARSHIP-5-127x150.jpg 127w\" sizes=\"(max-width: 750px) 100vw, 750px\" \/><figcaption id=\"caption-attachment-26405\" class=\"wp-caption-text\">18K K110 Ghost mit 4577 Teilen<\/figcaption><\/figure>\n<figure id=\"attachment_26404\" aria-describedby=\"caption-attachment-26404\" style=\"width: 684px\" class=\"wp-caption aligncenter\"><img decoding=\"async\" class=\"wp-image-26404 size-full\" src=\"https:\/\/mouldking.store\/wp-content\/uploads\/2021\/11\/STAR-WARS-18K-K110-STAR-WARSHIP-4.jpg\" alt=\"18K K110 Ghost with 4577 pieces\" width=\"684\" height=\"1024\" title=\"-\" srcset=\"https:\/\/mouldking.store\/wp-content\/uploads\/2021\/11\/STAR-WARS-18K-K110-STAR-WARSHIP-4.jpg 684w, https:\/\/mouldking.store\/wp-content\/uploads\/2021\/11\/STAR-WARS-18K-K110-STAR-WARSHIP-4-200x300.jpg 200w, https:\/\/mouldking.store\/wp-content\/uploads\/2021\/11\/STAR-WARS-18K-K110-STAR-WARSHIP-4-300x449.jpg 300w, https:\/\/mouldking.store\/wp-content\/uploads\/2021\/11\/STAR-WARS-18K-K110-STAR-WARSHIP-4-600x898.jpg 600w, https:\/\/mouldking.store\/wp-content\/uploads\/2021\/11\/STAR-WARS-18K-K110-STAR-WARSHIP-4-100x150.jpg 100w\" sizes=\"(max-width: 684px) 100vw, 684px\" \/><figcaption id=\"caption-attachment-26404\" class=\"wp-caption-text\">18K K110 Ghost mit 4577 Teilen<\/figcaption><\/figure>\n<figure id=\"attachment_26402\" aria-describedby=\"caption-attachment-26402\" style=\"width: 650px\" class=\"wp-caption aligncenter\"><img loading=\"lazy\" decoding=\"async\" class=\"wp-image-26402\" src=\"https:\/\/mouldking.store\/wp-content\/uploads\/2021\/11\/STAR-WARS-18K-K110-STAR-WARSHIP-2.jpg\" alt=\"18K K110 Ghost with 4577 pieces\" width=\"650\" height=\"1186\" title=\"-\" srcset=\"https:\/\/mouldking.store\/wp-content\/uploads\/2021\/11\/STAR-WARS-18K-K110-STAR-WARSHIP-2.jpg 561w, https:\/\/mouldking.store\/wp-content\/uploads\/2021\/11\/STAR-WARS-18K-K110-STAR-WARSHIP-2-164x300.jpg 164w, https:\/\/mouldking.store\/wp-content\/uploads\/2021\/11\/STAR-WARS-18K-K110-STAR-WARSHIP-2-300x548.jpg 300w, https:\/\/mouldking.store\/wp-content\/uploads\/2021\/11\/STAR-WARS-18K-K110-STAR-WARSHIP-2-82x150.jpg 82w\" sizes=\"(max-width: 650px) 100vw, 650px\" \/><figcaption id=\"caption-attachment-26402\" class=\"wp-caption-text\">18K K110 Ghost mit 4577 Teilen<\/figcaption><\/figure>\n<figure id=\"attachment_26403\" aria-describedby=\"caption-attachment-26403\" style=\"width: 750px\" class=\"wp-caption aligncenter\"><img loading=\"lazy\" decoding=\"async\" class=\"wp-image-26403 size-full\" src=\"https:\/\/mouldking.store\/wp-content\/uploads\/2021\/11\/STAR-WARS-18K-K110-STAR-WARSHIP-3.jpg\" alt=\"18K K110 Ghost with 4577 pieces\" width=\"750\" height=\"972\" title=\"-\" srcset=\"https:\/\/mouldking.store\/wp-content\/uploads\/2021\/11\/STAR-WARS-18K-K110-STAR-WARSHIP-3.jpg 750w, https:\/\/mouldking.store\/wp-content\/uploads\/2021\/11\/STAR-WARS-18K-K110-STAR-WARSHIP-3-231x300.jpg 231w, https:\/\/mouldking.store\/wp-content\/uploads\/2021\/11\/STAR-WARS-18K-K110-STAR-WARSHIP-3-300x389.jpg 300w, https:\/\/mouldking.store\/wp-content\/uploads\/2021\/11\/STAR-WARS-18K-K110-STAR-WARSHIP-3-600x778.jpg 600w, https:\/\/mouldking.store\/wp-content\/uploads\/2021\/11\/STAR-WARS-18K-K110-STAR-WARSHIP-3-116x150.jpg 116w\" sizes=\"(max-width: 750px) 100vw, 750px\" \/><figcaption id=\"caption-attachment-26403\" class=\"wp-caption-text\">18K K110 Ghost mit 4577 Teilen<\/figcaption><\/figure>","protected":false},"excerpt":{"rendered":"<p>Product information: Brand: 18K Gender: Unisex Name: Ghost Age Range: &gt; 6 years old Model Number: K110 Classification: Assemblage Plastic Block Shape: Self-Locking Bricks Material: Plastic Plastic Type: ABS Bricks Blocks: 4577 PCS Contains detailed assembly instructions. Notice: 1. Without an original box, but we guarantee our products have quality assurance and nice packaging. 2. [&hellip;]<\/p>","protected":false},"featured_media":26401,"comment_status":"open","ping_status":"closed","template":"","meta":{"_acf_changed":false},"product_cat":[415],"product_tag":[1770,2962,2963,2961,2964,2965],"class_list":["product","first","outofstock","shipping-taxable","purchasable","product-type-simple"],"acf":[],"_links":{"self":[{"href":"https:\/\/mouldking.store\/de\/wp-json\/wp\/v2\/product\/26400","targetHints":{"allow":["GET"]}}],"collection":[{"href":"https:\/\/mouldking.store\/de\/wp-json\/wp\/v2\/product"}],"about":[{"href":"https:\/\/mouldking.store\/de\/wp-json\/wp\/v2\/types\/product"}],"replies":[{"embeddable":true,"href":"https:\/\/mouldking.store\/de\/wp-json\/wp\/v2\/comments?post=26400"}],"wp:featuredmedia":[{"embeddable":true,"href":"https:\/\/mouldking.store\/de\/wp-json\/wp\/v2\/media\/26401"}],"wp:attachment":[{"href":"https:\/\/mouldking.store\/de\/wp-json\/wp\/v2\/media?parent=26400"}],"wp:term":[{"taxonomy":"product_cat","embeddable":true,"href":"https:\/\/mouldking.store\/de\/wp-json\/wp\/v2\/product_cat?post=26400"},{"taxonomy":"product_tag","embeddable":true,"href":"https:\/\/mouldking.store\/de\/wp-json\/wp\/v2\/product_tag?post=26400"}],"curies":[{"name":"wp","href":"https:\/\/api.w.org\/{rel}","templated":true}]}}