{"id":26412,"date":"2021-11-01T02:58:30","date_gmt":"2021-11-01T02:58:30","guid":{"rendered":"https:\/\/mouldking.store\/?post_type=product&#038;p=26412"},"modified":"2025-11-01T17:44:30","modified_gmt":"2025-11-01T10:44:30","slug":"dk-1503-demon-slayer-kimetsu-no-yaiba-nichirin-sword-with-790-pieces","status":"publish","type":"product","link":"https:\/\/mouldking.store\/de\/shop\/dk-1503-demon-slayer-kimetsu-no-yaiba-nichirin-sword-with-790-pieces\/","title":{"rendered":"DK 1503 Demon Slayer: Kimetsu no Yaiba Nichirin Schwert mit 790 Teilen"},"content":{"rendered":"<p>Produktinformation:<\/p>\n<ol>\n<li>Marke: DK<\/li>\n<li>Geschlecht: Unisex<\/li>\n<li>Name: D\u00e4monent\u00f6ter: Kimetsu no Yaiba Nichirin Schwert<\/li>\n<li>Altersspanne: &gt; 6 Jahre alt<\/li>\n<li>Modellnummer: 1503<\/li>\n<li>Einstufung: Assemblage<\/li>\n<li>Kunststoffblockform: Selbstsichernde Steine<\/li>\n<li>Material: Kunststoff<\/li>\n<li>Kunststofftyp: ABS<\/li>\n<li>Ziegelsteine: 790 ST\u00dcCKE<\/li>\n<li>Enth\u00e4lt eine ausf\u00fchrliche Montageanleitung.<\/li>\n<\/ol>\n<p>Notiz:<br \/>\n1. Ohne Originalverpackung, aber wir garantieren, dass unsere Produkte eine Qualit\u00e4tssicherung und eine sch\u00f6ne Verpackung haben.<br \/>\n2. Wie alle Teile, die wir vor dem Versand \u00fcberpr\u00fcft haben, machen Sie sich keine Sorgen, wenn Sie feststellen, dass einige Teile fehlen oder besch\u00e4digt sind, und kontaktieren Sie uns einfach, und wir k\u00f6nnen sie Ihnen umgehend kostenlos erneut zusenden.<\/p>\n<figure id=\"attachment_26418\" aria-describedby=\"caption-attachment-26418\" style=\"width: 600px\" class=\"wp-caption aligncenter\"><img fetchpriority=\"high\" decoding=\"async\" class=\"wp-image-26418\" src=\"https:\/\/mouldking.store\/wp-content\/uploads\/2021\/11\/MOVIE-DK-1503-Demon-Slayer-Sword-2-217x300.jpg\" alt=\"DK 1503 Demon Slayer: Kimetsu no Yaiba Nichirin Sword with 790 pieces\" width=\"600\" height=\"829\" title=\"-\" srcset=\"https:\/\/mouldking.store\/wp-content\/uploads\/2021\/11\/MOVIE-DK-1503-Demon-Slayer-Sword-2-217x300.jpg 217w, https:\/\/mouldking.store\/wp-content\/uploads\/2021\/11\/MOVIE-DK-1503-Demon-Slayer-Sword-2-300x415.jpg 300w, https:\/\/mouldking.store\/wp-content\/uploads\/2021\/11\/MOVIE-DK-1503-Demon-Slayer-Sword-2-109x150.jpg 109w, https:\/\/mouldking.store\/wp-content\/uploads\/2021\/11\/MOVIE-DK-1503-Demon-Slayer-Sword-2.jpg 539w\" sizes=\"(max-width: 600px) 100vw, 600px\" \/><figcaption id=\"caption-attachment-26418\" class=\"wp-caption-text\">DK 1503 Demon Slayer: Kimetsu no Yaiba Nichirin Schwert mit 790 Teilen<\/figcaption><\/figure>\n<figure id=\"attachment_26413\" aria-describedby=\"caption-attachment-26413\" style=\"width: 800px\" class=\"wp-caption aligncenter\"><img decoding=\"async\" class=\"wp-image-26413 size-full\" src=\"https:\/\/mouldking.store\/wp-content\/uploads\/2021\/11\/MOVIE-DK-1503-Demon-Slayer-Sword-4.jpg\" alt=\"DK 1503 Demon Slayer: Kimetsu no Yaiba Nichirin Sword with 790 pieces\" width=\"800\" height=\"800\" title=\"-\" srcset=\"https:\/\/mouldking.store\/wp-content\/uploads\/2021\/11\/MOVIE-DK-1503-Demon-Slayer-Sword-4.jpg 800w, https:\/\/mouldking.store\/wp-content\/uploads\/2021\/11\/MOVIE-DK-1503-Demon-Slayer-Sword-4-300x300.jpg 300w, https:\/\/mouldking.store\/wp-content\/uploads\/2021\/11\/MOVIE-DK-1503-Demon-Slayer-Sword-4-768x768.jpg 768w, https:\/\/mouldking.store\/wp-content\/uploads\/2021\/11\/MOVIE-DK-1503-Demon-Slayer-Sword-4-600x600.jpg 600w, https:\/\/mouldking.store\/wp-content\/uploads\/2021\/11\/MOVIE-DK-1503-Demon-Slayer-Sword-4-150x150.jpg 150w\" sizes=\"(max-width: 800px) 100vw, 800px\" \/><figcaption id=\"caption-attachment-26413\" class=\"wp-caption-text\">DK 1503 Demon Slayer: Kimetsu no Yaiba Nichirin Schwert mit 790 Teilen<\/figcaption><\/figure>\n<figure id=\"attachment_26415\" aria-describedby=\"caption-attachment-26415\" style=\"width: 800px\" class=\"wp-caption aligncenter\"><img decoding=\"async\" class=\"wp-image-26415 size-full\" src=\"https:\/\/mouldking.store\/wp-content\/uploads\/2021\/11\/MOVIE-DK-1503-Demon-Slayer-Sword-6.jpg\" alt=\"DK 1503 Demon Slayer: Kimetsu no Yaiba Nichirin Sword with 790 pieces\" width=\"800\" height=\"800\" title=\"-\" srcset=\"https:\/\/mouldking.store\/wp-content\/uploads\/2021\/11\/MOVIE-DK-1503-Demon-Slayer-Sword-6.jpg 800w, https:\/\/mouldking.store\/wp-content\/uploads\/2021\/11\/MOVIE-DK-1503-Demon-Slayer-Sword-6-300x300.jpg 300w, https:\/\/mouldking.store\/wp-content\/uploads\/2021\/11\/MOVIE-DK-1503-Demon-Slayer-Sword-6-768x768.jpg 768w, https:\/\/mouldking.store\/wp-content\/uploads\/2021\/11\/MOVIE-DK-1503-Demon-Slayer-Sword-6-600x600.jpg 600w, https:\/\/mouldking.store\/wp-content\/uploads\/2021\/11\/MOVIE-DK-1503-Demon-Slayer-Sword-6-150x150.jpg 150w\" sizes=\"(max-width: 800px) 100vw, 800px\" \/><figcaption id=\"caption-attachment-26415\" class=\"wp-caption-text\">DK 1503 Demon Slayer: Kimetsu no Yaiba Nichirin Schwert mit 790 Teilen<\/figcaption><\/figure>\n<figure id=\"attachment_26416\" aria-describedby=\"caption-attachment-26416\" style=\"width: 858px\" class=\"wp-caption aligncenter\"><img loading=\"lazy\" decoding=\"async\" class=\"wp-image-26416 size-full\" src=\"https:\/\/mouldking.store\/wp-content\/uploads\/2021\/11\/MOVIE-DK-1503-Demon-Slayer-Sword-7.jpg\" alt=\"DK 1503 Demon Slayer: Kimetsu no Yaiba Nichirin Sword with 790 pieces\" width=\"858\" height=\"1024\" title=\"-\" srcset=\"https:\/\/mouldking.store\/wp-content\/uploads\/2021\/11\/MOVIE-DK-1503-Demon-Slayer-Sword-7.jpg 858w, https:\/\/mouldking.store\/wp-content\/uploads\/2021\/11\/MOVIE-DK-1503-Demon-Slayer-Sword-7-251x300.jpg 251w, https:\/\/mouldking.store\/wp-content\/uploads\/2021\/11\/MOVIE-DK-1503-Demon-Slayer-Sword-7-768x917.jpg 768w, https:\/\/mouldking.store\/wp-content\/uploads\/2021\/11\/MOVIE-DK-1503-Demon-Slayer-Sword-7-300x358.jpg 300w, https:\/\/mouldking.store\/wp-content\/uploads\/2021\/11\/MOVIE-DK-1503-Demon-Slayer-Sword-7-600x716.jpg 600w, https:\/\/mouldking.store\/wp-content\/uploads\/2021\/11\/MOVIE-DK-1503-Demon-Slayer-Sword-7-126x150.jpg 126w\" sizes=\"(max-width: 858px) 100vw, 858px\" \/><figcaption id=\"caption-attachment-26416\" class=\"wp-caption-text\">DK 1503 Demon Slayer: Kimetsu no Yaiba Nichirin Schwert mit 790 Teilen<\/figcaption><\/figure>\n<figure id=\"attachment_26414\" aria-describedby=\"caption-attachment-26414\" style=\"width: 800px\" class=\"wp-caption aligncenter\"><img loading=\"lazy\" decoding=\"async\" class=\"wp-image-26414 size-full\" src=\"https:\/\/mouldking.store\/wp-content\/uploads\/2021\/11\/MOVIE-DK-1503-Demon-Slayer-Sword-5.jpg\" alt=\"DK 1503 Demon Slayer: Kimetsu no Yaiba Nichirin Sword with 790 pieces\" width=\"800\" height=\"800\" title=\"-\" srcset=\"https:\/\/mouldking.store\/wp-content\/uploads\/2021\/11\/MOVIE-DK-1503-Demon-Slayer-Sword-5.jpg 800w, https:\/\/mouldking.store\/wp-content\/uploads\/2021\/11\/MOVIE-DK-1503-Demon-Slayer-Sword-5-300x300.jpg 300w, https:\/\/mouldking.store\/wp-content\/uploads\/2021\/11\/MOVIE-DK-1503-Demon-Slayer-Sword-5-768x768.jpg 768w, https:\/\/mouldking.store\/wp-content\/uploads\/2021\/11\/MOVIE-DK-1503-Demon-Slayer-Sword-5-600x600.jpg 600w, https:\/\/mouldking.store\/wp-content\/uploads\/2021\/11\/MOVIE-DK-1503-Demon-Slayer-Sword-5-150x150.jpg 150w\" sizes=\"(max-width: 800px) 100vw, 800px\" \/><figcaption id=\"caption-attachment-26414\" class=\"wp-caption-text\">DK 1503 Demon Slayer: Kimetsu no Yaiba Nichirin Schwert mit 790 Teilen<\/figcaption><\/figure>\n<figure id=\"attachment_26417\" aria-describedby=\"caption-attachment-26417\" style=\"width: 624px\" class=\"wp-caption aligncenter\"><img loading=\"lazy\" decoding=\"async\" class=\"wp-image-26417 size-full\" src=\"https:\/\/mouldking.store\/wp-content\/uploads\/2021\/11\/MOVIE-DK-1503-Demon-Slayer-Sword.jpg\" alt=\"DK 1503 Demon Slayer: Kimetsu no Yaiba Nichirin Sword with 790 pieces\" width=\"624\" height=\"659\" title=\"-\" srcset=\"https:\/\/mouldking.store\/wp-content\/uploads\/2021\/11\/MOVIE-DK-1503-Demon-Slayer-Sword.jpg 624w, https:\/\/mouldking.store\/wp-content\/uploads\/2021\/11\/MOVIE-DK-1503-Demon-Slayer-Sword-284x300.jpg 284w, https:\/\/mouldking.store\/wp-content\/uploads\/2021\/11\/MOVIE-DK-1503-Demon-Slayer-Sword-300x317.jpg 300w, https:\/\/mouldking.store\/wp-content\/uploads\/2021\/11\/MOVIE-DK-1503-Demon-Slayer-Sword-600x634.jpg 600w, https:\/\/mouldking.store\/wp-content\/uploads\/2021\/11\/MOVIE-DK-1503-Demon-Slayer-Sword-142x150.jpg 142w\" sizes=\"(max-width: 624px) 100vw, 624px\" \/><figcaption id=\"caption-attachment-26417\" class=\"wp-caption-text\">DK 1503 Demon Slayer: Kimetsu no Yaiba Nichirin Schwert mit 790 Teilen<\/figcaption><\/figure>","protected":false},"excerpt":{"rendered":"<p>Product information: Brand: DK Gender: Unisex Name: Demon Slayer: Kimetsu no Yaiba Nichirin Sword Age Range: &gt; 6 years old Model Number: 1503 Classification: Assemblage Plastic Block Shape: Self-Locking Bricks Material: Plastic Plastic Type: ABS Bricks Blocks: 790 PCS Contains detailed assembly instructions. Notice: 1. Without an original box, but we guarantee our products have [&hellip;]<\/p>","protected":false},"featured_media":26413,"comment_status":"open","ping_status":"closed","template":"","meta":{"_acf_changed":false},"product_cat":[13850,581],"product_tag":[2976,2977,2914,2972,2974,2973,2978,2975,2980,2979,2981],"class_list":["product","first","instock","shipping-taxable","purchasable","product-type-simple"],"acf":[],"_links":{"self":[{"href":"https:\/\/mouldking.store\/de\/wp-json\/wp\/v2\/product\/26412","targetHints":{"allow":["GET"]}}],"collection":[{"href":"https:\/\/mouldking.store\/de\/wp-json\/wp\/v2\/product"}],"about":[{"href":"https:\/\/mouldking.store\/de\/wp-json\/wp\/v2\/types\/product"}],"replies":[{"embeddable":true,"href":"https:\/\/mouldking.store\/de\/wp-json\/wp\/v2\/comments?post=26412"}],"wp:featuredmedia":[{"embeddable":true,"href":"https:\/\/mouldking.store\/de\/wp-json\/wp\/v2\/media\/26413"}],"wp:attachment":[{"href":"https:\/\/mouldking.store\/de\/wp-json\/wp\/v2\/media?parent=26412"}],"wp:term":[{"taxonomy":"product_cat","embeddable":true,"href":"https:\/\/mouldking.store\/de\/wp-json\/wp\/v2\/product_cat?post=26412"},{"taxonomy":"product_tag","embeddable":true,"href":"https:\/\/mouldking.store\/de\/wp-json\/wp\/v2\/product_tag?post=26412"}],"curies":[{"name":"wp","href":"https:\/\/api.w.org\/{rel}","templated":true}]}}