{"id":26419,"date":"2021-11-01T03:04:04","date_gmt":"2021-11-01T03:04:04","guid":{"rendered":"https:\/\/mouldking.store\/?post_type=product&#038;p=26419"},"modified":"2021-12-23T09:40:52","modified_gmt":"2021-12-23T09:40:52","slug":"rael-50025-cafe-racer-with-431-pieces","status":"publish","type":"product","link":"https:\/\/mouldking.store\/de\/shop\/rael-50025-cafe-racer-with-431-pieces\/","title":{"rendered":"RAEL 50025 Cafe Racer mit 431 Teilen"},"content":{"rendered":"<p>Produktinformation:<\/p>\n<ol>\n<li>Brand: RAEL<\/li>\n<li>Geschlecht: Unisex<\/li>\n<li>Name: Cafe Racer<\/li>\n<li>Altersspanne: &gt; 6 Jahre alt<\/li>\n<li>Model Number: 50025<\/li>\n<li>Einstufung: Assemblage<\/li>\n<li>Kunststoffblockform: Selbstsichernde Steine<\/li>\n<li>Material: Kunststoff<\/li>\n<li>Kunststofftyp: ABS<\/li>\n<li>Bricks Blocks: 431 PCS<\/li>\n<li>Enth\u00e4lt eine ausf\u00fchrliche Montageanleitung.<\/li>\n<\/ol>\n<p>Notiz:<br \/>\n1. Ohne Originalverpackung, aber wir garantieren, dass unsere Produkte eine Qualit\u00e4tssicherung und eine sch\u00f6ne Verpackung haben.<br \/>\n2. Wie alle Teile, die wir vor dem Versand \u00fcberpr\u00fcft haben, machen Sie sich keine Sorgen, wenn Sie feststellen, dass einige Teile fehlen oder besch\u00e4digt sind, und kontaktieren Sie uns einfach, und wir k\u00f6nnen sie Ihnen umgehend kostenlos erneut zusenden.<\/p>\n<figure id=\"attachment_26420\" aria-describedby=\"caption-attachment-26420\" style=\"width: 800px\" class=\"wp-caption aligncenter\"><img fetchpriority=\"high\" decoding=\"async\" class=\"wp-image-26420 size-full\" src=\"https:\/\/mouldking.store\/wp-content\/uploads\/2021\/11\/TECHNICIAN-RAEL-50025-Cafe-Racer-1.jpg\" alt=\"RAEL 50025 Cafe Racer with 431 pieces\" width=\"800\" height=\"800\" title=\"-\" srcset=\"https:\/\/mouldking.store\/wp-content\/uploads\/2021\/11\/TECHNICIAN-RAEL-50025-Cafe-Racer-1.jpg 800w, https:\/\/mouldking.store\/wp-content\/uploads\/2021\/11\/TECHNICIAN-RAEL-50025-Cafe-Racer-1-300x300.jpg 300w, https:\/\/mouldking.store\/wp-content\/uploads\/2021\/11\/TECHNICIAN-RAEL-50025-Cafe-Racer-1-768x768.jpg 768w, https:\/\/mouldking.store\/wp-content\/uploads\/2021\/11\/TECHNICIAN-RAEL-50025-Cafe-Racer-1-600x600.jpg 600w, https:\/\/mouldking.store\/wp-content\/uploads\/2021\/11\/TECHNICIAN-RAEL-50025-Cafe-Racer-1-150x150.jpg 150w\" sizes=\"(max-width: 800px) 100vw, 800px\" \/><figcaption id=\"caption-attachment-26420\" class=\"wp-caption-text\">RAEL 50025 Cafe Racer mit 431 Teilen<\/figcaption><\/figure>\n<figure id=\"attachment_26424\" aria-describedby=\"caption-attachment-26424\" style=\"width: 744px\" class=\"wp-caption aligncenter\"><img decoding=\"async\" class=\"wp-image-26424 size-full\" src=\"https:\/\/mouldking.store\/wp-content\/uploads\/2021\/11\/TECHNICIAN-RAEL-50025-Cafe-Racer-5.jpg\" alt=\"RAEL 50025 Cafe Racer with 431 pieces\" width=\"744\" height=\"1024\" title=\"-\" srcset=\"https:\/\/mouldking.store\/wp-content\/uploads\/2021\/11\/TECHNICIAN-RAEL-50025-Cafe-Racer-5.jpg 744w, https:\/\/mouldking.store\/wp-content\/uploads\/2021\/11\/TECHNICIAN-RAEL-50025-Cafe-Racer-5-218x300.jpg 218w, https:\/\/mouldking.store\/wp-content\/uploads\/2021\/11\/TECHNICIAN-RAEL-50025-Cafe-Racer-5-300x413.jpg 300w, https:\/\/mouldking.store\/wp-content\/uploads\/2021\/11\/TECHNICIAN-RAEL-50025-Cafe-Racer-5-600x826.jpg 600w, https:\/\/mouldking.store\/wp-content\/uploads\/2021\/11\/TECHNICIAN-RAEL-50025-Cafe-Racer-5-109x150.jpg 109w\" sizes=\"(max-width: 744px) 100vw, 744px\" \/><figcaption id=\"caption-attachment-26424\" class=\"wp-caption-text\">RAEL 50025 Cafe Racer mit 431 Teilen<\/figcaption><\/figure>\n<figure id=\"attachment_26423\" aria-describedby=\"caption-attachment-26423\" style=\"width: 790px\" class=\"wp-caption aligncenter\"><img decoding=\"async\" class=\"wp-image-26423 size-full\" src=\"https:\/\/mouldking.store\/wp-content\/uploads\/2021\/11\/TECHNICIAN-RAEL-50025-Cafe-Racer-4.jpg\" alt=\"RAEL 50025 Cafe Racer with 431 pieces\" width=\"790\" height=\"828\" title=\"-\" srcset=\"https:\/\/mouldking.store\/wp-content\/uploads\/2021\/11\/TECHNICIAN-RAEL-50025-Cafe-Racer-4.jpg 790w, https:\/\/mouldking.store\/wp-content\/uploads\/2021\/11\/TECHNICIAN-RAEL-50025-Cafe-Racer-4-286x300.jpg 286w, https:\/\/mouldking.store\/wp-content\/uploads\/2021\/11\/TECHNICIAN-RAEL-50025-Cafe-Racer-4-768x805.jpg 768w, https:\/\/mouldking.store\/wp-content\/uploads\/2021\/11\/TECHNICIAN-RAEL-50025-Cafe-Racer-4-300x314.jpg 300w, https:\/\/mouldking.store\/wp-content\/uploads\/2021\/11\/TECHNICIAN-RAEL-50025-Cafe-Racer-4-600x629.jpg 600w, https:\/\/mouldking.store\/wp-content\/uploads\/2021\/11\/TECHNICIAN-RAEL-50025-Cafe-Racer-4-143x150.jpg 143w\" sizes=\"(max-width: 790px) 100vw, 790px\" \/><figcaption id=\"caption-attachment-26423\" class=\"wp-caption-text\">RAEL 50025 Cafe Racer mit 431 Teilen<\/figcaption><\/figure>\n<figure id=\"attachment_26422\" aria-describedby=\"caption-attachment-26422\" style=\"width: 580px\" class=\"wp-caption aligncenter\"><img loading=\"lazy\" decoding=\"async\" class=\"wp-image-26422 size-full\" src=\"https:\/\/mouldking.store\/wp-content\/uploads\/2021\/11\/TECHNICIAN-RAEL-50025-Cafe-Racer-3.jpg\" alt=\"RAEL 50025 Cafe Racer with 431 pieces\" width=\"580\" height=\"1023\" title=\"-\" srcset=\"https:\/\/mouldking.store\/wp-content\/uploads\/2021\/11\/TECHNICIAN-RAEL-50025-Cafe-Racer-3.jpg 580w, https:\/\/mouldking.store\/wp-content\/uploads\/2021\/11\/TECHNICIAN-RAEL-50025-Cafe-Racer-3-170x300.jpg 170w, https:\/\/mouldking.store\/wp-content\/uploads\/2021\/11\/TECHNICIAN-RAEL-50025-Cafe-Racer-3-300x529.jpg 300w, https:\/\/mouldking.store\/wp-content\/uploads\/2021\/11\/TECHNICIAN-RAEL-50025-Cafe-Racer-3-85x150.jpg 85w\" sizes=\"(max-width: 580px) 100vw, 580px\" \/><figcaption id=\"caption-attachment-26422\" class=\"wp-caption-text\">RAEL 50025 Cafe Racer mit 431 Teilen<\/figcaption><\/figure>\n<figure id=\"attachment_26421\" aria-describedby=\"caption-attachment-26421\" style=\"width: 790px\" class=\"wp-caption aligncenter\"><img loading=\"lazy\" decoding=\"async\" class=\"wp-image-26421 size-full\" src=\"https:\/\/mouldking.store\/wp-content\/uploads\/2021\/11\/TECHNICIAN-RAEL-50025-Cafe-Racer-2.jpg\" alt=\"RAEL 50025 Cafe Racer with 431 pieces\" width=\"790\" height=\"703\" title=\"-\" srcset=\"https:\/\/mouldking.store\/wp-content\/uploads\/2021\/11\/TECHNICIAN-RAEL-50025-Cafe-Racer-2.jpg 790w, https:\/\/mouldking.store\/wp-content\/uploads\/2021\/11\/TECHNICIAN-RAEL-50025-Cafe-Racer-2-300x267.jpg 300w, https:\/\/mouldking.store\/wp-content\/uploads\/2021\/11\/TECHNICIAN-RAEL-50025-Cafe-Racer-2-768x683.jpg 768w, https:\/\/mouldking.store\/wp-content\/uploads\/2021\/11\/TECHNICIAN-RAEL-50025-Cafe-Racer-2-600x534.jpg 600w, https:\/\/mouldking.store\/wp-content\/uploads\/2021\/11\/TECHNICIAN-RAEL-50025-Cafe-Racer-2-150x133.jpg 150w\" sizes=\"(max-width: 790px) 100vw, 790px\" \/><figcaption id=\"caption-attachment-26421\" class=\"wp-caption-text\">RAEL 50025 Cafe Racer mit 431 Teilen<\/figcaption><\/figure>","protected":false},"excerpt":{"rendered":"<p>Product information: Brand: RAEL Gender: Unisex Name: Cafe Racer Age Range: &gt; 6 years old Model Number: 50025 Classification: Assemblage Plastic Block Shape: Self-Locking Bricks Material: Plastic Plastic Type: ABS Bricks Blocks: 431 PCS Contains detailed assembly instructions. Notice: 1. Without an original box, but we guarantee our products have quality assurance and nice packaging. [&hellip;]<\/p>","protected":false},"featured_media":26420,"comment_status":"open","ping_status":"closed","template":"","meta":{"_acf_changed":false},"product_cat":[364],"product_tag":[2986,2987,2989,2985,2982,2983,2988,2984],"class_list":["product","first","instock","shipping-taxable","purchasable","product-type-simple"],"acf":[],"_links":{"self":[{"href":"https:\/\/mouldking.store\/de\/wp-json\/wp\/v2\/product\/26419","targetHints":{"allow":["GET"]}}],"collection":[{"href":"https:\/\/mouldking.store\/de\/wp-json\/wp\/v2\/product"}],"about":[{"href":"https:\/\/mouldking.store\/de\/wp-json\/wp\/v2\/types\/product"}],"replies":[{"embeddable":true,"href":"https:\/\/mouldking.store\/de\/wp-json\/wp\/v2\/comments?post=26419"}],"wp:featuredmedia":[{"embeddable":true,"href":"https:\/\/mouldking.store\/de\/wp-json\/wp\/v2\/media\/26420"}],"wp:attachment":[{"href":"https:\/\/mouldking.store\/de\/wp-json\/wp\/v2\/media?parent=26419"}],"wp:term":[{"taxonomy":"product_cat","embeddable":true,"href":"https:\/\/mouldking.store\/de\/wp-json\/wp\/v2\/product_cat?post=26419"},{"taxonomy":"product_tag","embeddable":true,"href":"https:\/\/mouldking.store\/de\/wp-json\/wp\/v2\/product_tag?post=26419"}],"curies":[{"name":"wp","href":"https:\/\/api.w.org\/{rel}","templated":true}]}}