{"id":26438,"date":"2021-11-01T03:20:03","date_gmt":"2021-11-01T03:20:03","guid":{"rendered":"https:\/\/mouldking.store\/?post_type=product&#038;p=26438"},"modified":"2021-12-23T09:40:52","modified_gmt":"2021-12-23T09:40:52","slug":"loz-1040-diamond-bar-street-with-2951-pieces","status":"publish","type":"product","link":"https:\/\/mouldking.store\/de\/shop\/loz-1040-diamond-bar-street-with-2951-pieces\/","title":{"rendered":"LOZ 1040 Diamond Bar Street mit 2951 St\u00fcck"},"content":{"rendered":"<p>Produktinformation:<\/p>\n<ol>\n<li>Marke: LOZ<\/li>\n<li>Geschlecht: Unisex<\/li>\n<li>Name: Diamond Bar Street<\/li>\n<li>Altersspanne: &gt; 6 Jahre alt<\/li>\n<li>Model Number: 1040<\/li>\n<li>Einstufung: Assemblage<\/li>\n<li>Kunststoffblockform: Selbstsichernde Steine<\/li>\n<li>Material: Kunststoff<\/li>\n<li>Kunststofftyp: ABS<\/li>\n<li>Bricks Blocks: 2951 PCS<\/li>\n<li>Enth\u00e4lt eine ausf\u00fchrliche Montageanleitung.<\/li>\n<\/ol>\n<p>Notiz:<br \/>\n1. Ohne Originalverpackung, aber wir garantieren, dass unsere Produkte eine Qualit\u00e4tssicherung und eine sch\u00f6ne Verpackung haben.<br \/>\n2. Wie alle Teile, die wir vor dem Versand \u00fcberpr\u00fcft haben, machen Sie sich keine Sorgen, wenn Sie feststellen, dass einige Teile fehlen oder besch\u00e4digt sind, und kontaktieren Sie uns einfach, und wir k\u00f6nnen sie Ihnen umgehend kostenlos erneut zusenden.<\/p>\n<figure id=\"attachment_26439\" aria-describedby=\"caption-attachment-26439\" style=\"width: 800px\" class=\"wp-caption aligncenter\"><img fetchpriority=\"high\" decoding=\"async\" class=\"wp-image-26439 size-full\" src=\"https:\/\/mouldking.store\/wp-content\/uploads\/2021\/11\/LOZ-1040-1.jpg\" alt=\"LOZ 1040 Diamond Bar Street with 2951 pieces\" width=\"800\" height=\"800\" title=\"-\" srcset=\"https:\/\/mouldking.store\/wp-content\/uploads\/2021\/11\/LOZ-1040-1.jpg 800w, https:\/\/mouldking.store\/wp-content\/uploads\/2021\/11\/LOZ-1040-1-300x300.jpg 300w, https:\/\/mouldking.store\/wp-content\/uploads\/2021\/11\/LOZ-1040-1-768x768.jpg 768w, https:\/\/mouldking.store\/wp-content\/uploads\/2021\/11\/LOZ-1040-1-600x600.jpg 600w, https:\/\/mouldking.store\/wp-content\/uploads\/2021\/11\/LOZ-1040-1-150x150.jpg 150w\" sizes=\"(max-width: 800px) 100vw, 800px\" \/><figcaption id=\"caption-attachment-26439\" class=\"wp-caption-text\">LOZ 1040 Diamond Bar Street mit 2951 St\u00fcck<\/figcaption><\/figure>\n<figure id=\"attachment_26443\" aria-describedby=\"caption-attachment-26443\" style=\"width: 710px\" class=\"wp-caption aligncenter\"><img decoding=\"async\" class=\"wp-image-26443 size-full\" src=\"https:\/\/mouldking.store\/wp-content\/uploads\/2021\/11\/LOZ-1040-5.jpg\" alt=\"LOZ 1040 Diamond Bar Street with 2951 pieces\" width=\"710\" height=\"1024\" title=\"-\" srcset=\"https:\/\/mouldking.store\/wp-content\/uploads\/2021\/11\/LOZ-1040-5.jpg 710w, https:\/\/mouldking.store\/wp-content\/uploads\/2021\/11\/LOZ-1040-5-208x300.jpg 208w, https:\/\/mouldking.store\/wp-content\/uploads\/2021\/11\/LOZ-1040-5-300x433.jpg 300w, https:\/\/mouldking.store\/wp-content\/uploads\/2021\/11\/LOZ-1040-5-600x865.jpg 600w, https:\/\/mouldking.store\/wp-content\/uploads\/2021\/11\/LOZ-1040-5-104x150.jpg 104w\" sizes=\"(max-width: 710px) 100vw, 710px\" \/><figcaption id=\"caption-attachment-26443\" class=\"wp-caption-text\">LOZ 1040 Diamond Bar Street mit 2951 St\u00fcck<\/figcaption><\/figure>\n<figure id=\"attachment_26441\" aria-describedby=\"caption-attachment-26441\" style=\"width: 735px\" class=\"wp-caption aligncenter\"><img decoding=\"async\" class=\"wp-image-26441 size-full\" src=\"https:\/\/mouldking.store\/wp-content\/uploads\/2021\/11\/LOZ-1040-3.jpg\" alt=\"LOZ 1040 Diamond Bar Street with 2951 pieces\" width=\"735\" height=\"1024\" title=\"-\" srcset=\"https:\/\/mouldking.store\/wp-content\/uploads\/2021\/11\/LOZ-1040-3.jpg 735w, https:\/\/mouldking.store\/wp-content\/uploads\/2021\/11\/LOZ-1040-3-215x300.jpg 215w, https:\/\/mouldking.store\/wp-content\/uploads\/2021\/11\/LOZ-1040-3-300x418.jpg 300w, https:\/\/mouldking.store\/wp-content\/uploads\/2021\/11\/LOZ-1040-3-600x836.jpg 600w, https:\/\/mouldking.store\/wp-content\/uploads\/2021\/11\/LOZ-1040-3-108x150.jpg 108w\" sizes=\"(max-width: 735px) 100vw, 735px\" \/><figcaption id=\"caption-attachment-26441\" class=\"wp-caption-text\">LOZ 1040 Diamond Bar Street mit 2951 St\u00fcck<\/figcaption><\/figure>\n<figure id=\"attachment_26440\" aria-describedby=\"caption-attachment-26440\" style=\"width: 600px\" class=\"wp-caption aligncenter\"><img loading=\"lazy\" decoding=\"async\" class=\"wp-image-26440\" src=\"https:\/\/mouldking.store\/wp-content\/uploads\/2021\/11\/LOZ-1040-2.jpg\" alt=\"LOZ 1040 Diamond Bar Street with 2951 pieces\" width=\"600\" height=\"1313\" title=\"-\" srcset=\"https:\/\/mouldking.store\/wp-content\/uploads\/2021\/11\/LOZ-1040-2.jpg 468w, https:\/\/mouldking.store\/wp-content\/uploads\/2021\/11\/LOZ-1040-2-137x300.jpg 137w, https:\/\/mouldking.store\/wp-content\/uploads\/2021\/11\/LOZ-1040-2-300x656.jpg 300w, https:\/\/mouldking.store\/wp-content\/uploads\/2021\/11\/LOZ-1040-2-69x150.jpg 69w\" sizes=\"(max-width: 600px) 100vw, 600px\" \/><figcaption id=\"caption-attachment-26440\" class=\"wp-caption-text\">LOZ 1040 Diamond Bar Street mit 2951 St\u00fcck<\/figcaption><\/figure>\n<figure id=\"attachment_26442\" aria-describedby=\"caption-attachment-26442\" style=\"width: 710px\" class=\"wp-caption aligncenter\"><img loading=\"lazy\" decoding=\"async\" class=\"wp-image-26442 size-full\" src=\"https:\/\/mouldking.store\/wp-content\/uploads\/2021\/11\/LOZ-1040-4.jpg\" alt=\"LOZ 1040 Diamond Bar Street with 2951 pieces\" width=\"710\" height=\"1024\" title=\"-\" srcset=\"https:\/\/mouldking.store\/wp-content\/uploads\/2021\/11\/LOZ-1040-4.jpg 710w, https:\/\/mouldking.store\/wp-content\/uploads\/2021\/11\/LOZ-1040-4-208x300.jpg 208w, https:\/\/mouldking.store\/wp-content\/uploads\/2021\/11\/LOZ-1040-4-300x433.jpg 300w, https:\/\/mouldking.store\/wp-content\/uploads\/2021\/11\/LOZ-1040-4-600x865.jpg 600w, https:\/\/mouldking.store\/wp-content\/uploads\/2021\/11\/LOZ-1040-4-104x150.jpg 104w\" sizes=\"(max-width: 710px) 100vw, 710px\" \/><figcaption id=\"caption-attachment-26442\" class=\"wp-caption-text\">LOZ 1040 Diamond Bar Street mit 2951 St\u00fcck<\/figcaption><\/figure>","protected":false},"excerpt":{"rendered":"<p>Product information: Brand: LOZ Gender: Unisex Name: Diamond Bar Street Age Range: &gt; 6 years old Model Number: 1040 Classification: Assemblage Plastic Block Shape: Self-Locking Bricks Material: Plastic Plastic Type: ABS Bricks Blocks: 2951 PCS Contains detailed assembly instructions. Notice: 1. Without an original box, but we guarantee our products have quality assurance and nice [&hellip;]<\/p>","protected":false},"featured_media":26439,"comment_status":"open","ping_status":"closed","template":"","meta":{"_acf_changed":false},"product_cat":[390],"product_tag":[3010,3011,3008,2202,3007,3006,3009,3012],"class_list":["product","first","instock","shipping-taxable","purchasable","product-type-simple"],"acf":[],"_links":{"self":[{"href":"https:\/\/mouldking.store\/de\/wp-json\/wp\/v2\/product\/26438","targetHints":{"allow":["GET"]}}],"collection":[{"href":"https:\/\/mouldking.store\/de\/wp-json\/wp\/v2\/product"}],"about":[{"href":"https:\/\/mouldking.store\/de\/wp-json\/wp\/v2\/types\/product"}],"replies":[{"embeddable":true,"href":"https:\/\/mouldking.store\/de\/wp-json\/wp\/v2\/comments?post=26438"}],"wp:featuredmedia":[{"embeddable":true,"href":"https:\/\/mouldking.store\/de\/wp-json\/wp\/v2\/media\/26439"}],"wp:attachment":[{"href":"https:\/\/mouldking.store\/de\/wp-json\/wp\/v2\/media?parent=26438"}],"wp:term":[{"taxonomy":"product_cat","embeddable":true,"href":"https:\/\/mouldking.store\/de\/wp-json\/wp\/v2\/product_cat?post=26438"},{"taxonomy":"product_tag","embeddable":true,"href":"https:\/\/mouldking.store\/de\/wp-json\/wp\/v2\/product_tag?post=26438"}],"curies":[{"name":"wp","href":"https:\/\/api.w.org\/{rel}","templated":true}]}}