{"id":26588,"date":"2021-11-04T03:18:15","date_gmt":"2021-11-03T20:18:15","guid":{"rendered":"https:\/\/mouldking.store\/?post_type=product&#038;p=26588"},"modified":"2022-08-10T18:07:31","modified_gmt":"2022-08-10T11:07:31","slug":"mould-king-13024-rc-tracked-racer-with-410-pieces","status":"publish","type":"product","link":"https:\/\/mouldking.store\/de\/shop\/mould-king-13024-rc-tracked-racer-with-410-pieces\/","title":{"rendered":"Mould King 13024 RC Tracked Racer mit 410 Teilen"},"content":{"rendered":"<p>Produktinformation:<\/p>\n<ol>\n<li>Marke: Mould King<\/li>\n<li>Geschlecht: Unisex<\/li>\n<li>Name: RC Tracked Racer<\/li>\n<li>Altersspanne: &gt; 6 Jahre alt<\/li>\n<li>Model Number: 13024<\/li>\n<li>Einstufung: Assemblage<\/li>\n<li>Kunststoffblockform: Selbstsichernde Steine<\/li>\n<li>Material: Kunststoff<\/li>\n<li>Kunststofftyp: ABS<\/li>\n<li>Bricks Blocks: 410 PCS<\/li>\n<li>Enth\u00e4lt eine ausf\u00fchrliche Montageanleitung.<\/li>\n<\/ol>\n<p>Notiz:<br \/>\n1. Ohne Originalverpackung, aber wir garantieren, dass unsere Produkte eine Qualit\u00e4tssicherung und eine sch\u00f6ne Verpackung haben.<br \/>\n2. Wie alle Teile, die wir vor dem Versand \u00fcberpr\u00fcft haben, machen Sie sich keine Sorgen, wenn Sie feststellen, dass einige Teile fehlen oder besch\u00e4digt sind, und kontaktieren Sie uns einfach, und wir k\u00f6nnen sie Ihnen umgehend kostenlos erneut zusenden.<\/p>\n<figure id=\"attachment_26600\" aria-describedby=\"caption-attachment-26600\" style=\"width: 800px\" class=\"wp-caption aligncenter\"><img fetchpriority=\"high\" decoding=\"async\" class=\"wp-image-26600 size-full\" src=\"https:\/\/mouldking.store\/wp-content\/uploads\/2021\/11\/TECHNICIAN-MOULDKING-13024-RC-Tracked-Racer-1.jpg\" alt=\"Mould King 13024 RC Tracked Racer with 410 pieces\" width=\"800\" height=\"800\" title=\"-\" srcset=\"https:\/\/mouldking.store\/wp-content\/uploads\/2021\/11\/TECHNICIAN-MOULDKING-13024-RC-Tracked-Racer-1.jpg 800w, https:\/\/mouldking.store\/wp-content\/uploads\/2021\/11\/TECHNICIAN-MOULDKING-13024-RC-Tracked-Racer-1-300x300.jpg 300w, https:\/\/mouldking.store\/wp-content\/uploads\/2021\/11\/TECHNICIAN-MOULDKING-13024-RC-Tracked-Racer-1-768x768.jpg 768w, https:\/\/mouldking.store\/wp-content\/uploads\/2021\/11\/TECHNICIAN-MOULDKING-13024-RC-Tracked-Racer-1-600x600.jpg 600w, https:\/\/mouldking.store\/wp-content\/uploads\/2021\/11\/TECHNICIAN-MOULDKING-13024-RC-Tracked-Racer-1-150x150.jpg 150w\" sizes=\"(max-width: 800px) 100vw, 800px\" \/><figcaption id=\"caption-attachment-26600\" class=\"wp-caption-text\">Mould King 13024 RC Tracked Racer mit 410 Teilen<\/figcaption><\/figure>\n<figure id=\"attachment_26602\" aria-describedby=\"caption-attachment-26602\" style=\"width: 790px\" class=\"wp-caption aligncenter\"><img decoding=\"async\" class=\"wp-image-26602 size-full\" src=\"https:\/\/mouldking.store\/wp-content\/uploads\/2021\/11\/TECHNICIAN-MOULDKING-13024-RC-Tracked-Racer-3.jpg\" alt=\"Mould King 13024 RC Tracked Racer with 410 pieces\" width=\"790\" height=\"892\" title=\"-\" srcset=\"https:\/\/mouldking.store\/wp-content\/uploads\/2021\/11\/TECHNICIAN-MOULDKING-13024-RC-Tracked-Racer-3.jpg 790w, https:\/\/mouldking.store\/wp-content\/uploads\/2021\/11\/TECHNICIAN-MOULDKING-13024-RC-Tracked-Racer-3-266x300.jpg 266w, https:\/\/mouldking.store\/wp-content\/uploads\/2021\/11\/TECHNICIAN-MOULDKING-13024-RC-Tracked-Racer-3-768x867.jpg 768w, https:\/\/mouldking.store\/wp-content\/uploads\/2021\/11\/TECHNICIAN-MOULDKING-13024-RC-Tracked-Racer-3-300x339.jpg 300w, https:\/\/mouldking.store\/wp-content\/uploads\/2021\/11\/TECHNICIAN-MOULDKING-13024-RC-Tracked-Racer-3-600x677.jpg 600w, https:\/\/mouldking.store\/wp-content\/uploads\/2021\/11\/TECHNICIAN-MOULDKING-13024-RC-Tracked-Racer-3-133x150.jpg 133w\" sizes=\"(max-width: 790px) 100vw, 790px\" \/><figcaption id=\"caption-attachment-26602\" class=\"wp-caption-text\">Mould King 13024 RC Tracked Racer mit 410 Teilen<\/figcaption><\/figure>\n<figure id=\"attachment_26603\" aria-describedby=\"caption-attachment-26603\" style=\"width: 773px\" class=\"wp-caption aligncenter\"><img decoding=\"async\" class=\"wp-image-26603 size-full\" src=\"https:\/\/mouldking.store\/wp-content\/uploads\/2021\/11\/TECHNICIAN-MOULDKING-13024-RC-Tracked-Racer-4.jpg\" alt=\"Mould King 13024 RC Tracked Racer with 410 pieces\" width=\"773\" height=\"1023\" title=\"-\" srcset=\"https:\/\/mouldking.store\/wp-content\/uploads\/2021\/11\/TECHNICIAN-MOULDKING-13024-RC-Tracked-Racer-4.jpg 773w, https:\/\/mouldking.store\/wp-content\/uploads\/2021\/11\/TECHNICIAN-MOULDKING-13024-RC-Tracked-Racer-4-227x300.jpg 227w, https:\/\/mouldking.store\/wp-content\/uploads\/2021\/11\/TECHNICIAN-MOULDKING-13024-RC-Tracked-Racer-4-768x1016.jpg 768w, https:\/\/mouldking.store\/wp-content\/uploads\/2021\/11\/TECHNICIAN-MOULDKING-13024-RC-Tracked-Racer-4-300x397.jpg 300w, https:\/\/mouldking.store\/wp-content\/uploads\/2021\/11\/TECHNICIAN-MOULDKING-13024-RC-Tracked-Racer-4-600x794.jpg 600w, https:\/\/mouldking.store\/wp-content\/uploads\/2021\/11\/TECHNICIAN-MOULDKING-13024-RC-Tracked-Racer-4-113x150.jpg 113w\" sizes=\"(max-width: 773px) 100vw, 773px\" \/><figcaption id=\"caption-attachment-26603\" class=\"wp-caption-text\">Mould King 13024 RC Tracked Racer mit 410 Teilen<\/figcaption><\/figure>\n<figure id=\"attachment_26606\" aria-describedby=\"caption-attachment-26606\" style=\"width: 800px\" class=\"wp-caption aligncenter\"><img loading=\"lazy\" decoding=\"async\" class=\"wp-image-26606 size-full\" src=\"https:\/\/mouldking.store\/wp-content\/uploads\/2021\/11\/TECHNICIAN-MOULDKING-13024-RC-Tracked-Racer-7.jpg\" alt=\"Mould King 13024 RC Tracked Racer with 410 pieces\" width=\"800\" height=\"800\" title=\"-\" srcset=\"https:\/\/mouldking.store\/wp-content\/uploads\/2021\/11\/TECHNICIAN-MOULDKING-13024-RC-Tracked-Racer-7.jpg 800w, https:\/\/mouldking.store\/wp-content\/uploads\/2021\/11\/TECHNICIAN-MOULDKING-13024-RC-Tracked-Racer-7-300x300.jpg 300w, https:\/\/mouldking.store\/wp-content\/uploads\/2021\/11\/TECHNICIAN-MOULDKING-13024-RC-Tracked-Racer-7-768x768.jpg 768w, https:\/\/mouldking.store\/wp-content\/uploads\/2021\/11\/TECHNICIAN-MOULDKING-13024-RC-Tracked-Racer-7-600x600.jpg 600w, https:\/\/mouldking.store\/wp-content\/uploads\/2021\/11\/TECHNICIAN-MOULDKING-13024-RC-Tracked-Racer-7-150x150.jpg 150w\" sizes=\"(max-width: 800px) 100vw, 800px\" \/><figcaption id=\"caption-attachment-26606\" class=\"wp-caption-text\">Mould King 13024 RC Tracked Racer mit 410 Teilen<\/figcaption><\/figure>\n<figure id=\"attachment_26601\" aria-describedby=\"caption-attachment-26601\" style=\"width: 790px\" class=\"wp-caption aligncenter\"><img loading=\"lazy\" decoding=\"async\" class=\"wp-image-26601 size-full\" src=\"https:\/\/mouldking.store\/wp-content\/uploads\/2021\/11\/TECHNICIAN-MOULDKING-13024-RC-Tracked-Racer-2.jpg\" alt=\"Mould King 13024 RC Tracked Racer with 410 pieces\" width=\"790\" height=\"526\" title=\"-\" srcset=\"https:\/\/mouldking.store\/wp-content\/uploads\/2021\/11\/TECHNICIAN-MOULDKING-13024-RC-Tracked-Racer-2.jpg 790w, https:\/\/mouldking.store\/wp-content\/uploads\/2021\/11\/TECHNICIAN-MOULDKING-13024-RC-Tracked-Racer-2-300x200.jpg 300w, https:\/\/mouldking.store\/wp-content\/uploads\/2021\/11\/TECHNICIAN-MOULDKING-13024-RC-Tracked-Racer-2-768x511.jpg 768w, https:\/\/mouldking.store\/wp-content\/uploads\/2021\/11\/TECHNICIAN-MOULDKING-13024-RC-Tracked-Racer-2-600x399.jpg 600w, https:\/\/mouldking.store\/wp-content\/uploads\/2021\/11\/TECHNICIAN-MOULDKING-13024-RC-Tracked-Racer-2-150x100.jpg 150w\" sizes=\"(max-width: 790px) 100vw, 790px\" \/><figcaption id=\"caption-attachment-26601\" class=\"wp-caption-text\">Mould King 13024 RC Tracked Racer mit 410 Teilen<\/figcaption><\/figure>\n<figure id=\"attachment_26605\" aria-describedby=\"caption-attachment-26605\" style=\"width: 790px\" class=\"wp-caption aligncenter\"><img loading=\"lazy\" decoding=\"async\" class=\"wp-image-26605 size-full\" src=\"https:\/\/mouldking.store\/wp-content\/uploads\/2021\/11\/TECHNICIAN-MOULDKING-13024-RC-Tracked-Racer-6.jpg\" alt=\"Mould King 13024 RC Tracked Racer with 410 pieces\" width=\"790\" height=\"636\" title=\"-\" srcset=\"https:\/\/mouldking.store\/wp-content\/uploads\/2021\/11\/TECHNICIAN-MOULDKING-13024-RC-Tracked-Racer-6.jpg 790w, https:\/\/mouldking.store\/wp-content\/uploads\/2021\/11\/TECHNICIAN-MOULDKING-13024-RC-Tracked-Racer-6-300x242.jpg 300w, https:\/\/mouldking.store\/wp-content\/uploads\/2021\/11\/TECHNICIAN-MOULDKING-13024-RC-Tracked-Racer-6-768x618.jpg 768w, https:\/\/mouldking.store\/wp-content\/uploads\/2021\/11\/TECHNICIAN-MOULDKING-13024-RC-Tracked-Racer-6-600x483.jpg 600w, https:\/\/mouldking.store\/wp-content\/uploads\/2021\/11\/TECHNICIAN-MOULDKING-13024-RC-Tracked-Racer-6-150x121.jpg 150w\" sizes=\"(max-width: 790px) 100vw, 790px\" \/><figcaption id=\"caption-attachment-26605\" class=\"wp-caption-text\">Mould King 13024 RC Tracked Racer mit 410 Teilen<\/figcaption><\/figure>\n<figure id=\"attachment_26604\" aria-describedby=\"caption-attachment-26604\" style=\"width: 790px\" class=\"wp-caption aligncenter\"><img loading=\"lazy\" decoding=\"async\" class=\"wp-image-26604 size-full\" src=\"https:\/\/mouldking.store\/wp-content\/uploads\/2021\/11\/TECHNICIAN-MOULDKING-13024-RC-Tracked-Racer-5.jpg\" alt=\"Mould King 13024 RC Tracked Racer with 410 pieces\" width=\"790\" height=\"789\" title=\"-\" srcset=\"https:\/\/mouldking.store\/wp-content\/uploads\/2021\/11\/TECHNICIAN-MOULDKING-13024-RC-Tracked-Racer-5.jpg 790w, https:\/\/mouldking.store\/wp-content\/uploads\/2021\/11\/TECHNICIAN-MOULDKING-13024-RC-Tracked-Racer-5-300x300.jpg 300w, https:\/\/mouldking.store\/wp-content\/uploads\/2021\/11\/TECHNICIAN-MOULDKING-13024-RC-Tracked-Racer-5-768x767.jpg 768w, https:\/\/mouldking.store\/wp-content\/uploads\/2021\/11\/TECHNICIAN-MOULDKING-13024-RC-Tracked-Racer-5-600x599.jpg 600w, https:\/\/mouldking.store\/wp-content\/uploads\/2021\/11\/TECHNICIAN-MOULDKING-13024-RC-Tracked-Racer-5-150x150.jpg 150w\" sizes=\"(max-width: 790px) 100vw, 790px\" \/><figcaption id=\"caption-attachment-26604\" class=\"wp-caption-text\">Mould King 13024 RC Tracked Racer mit 410 Teilen<\/figcaption><\/figure>","protected":false},"excerpt":{"rendered":"<p>Product information: Brand: Mould King Gender: Unisex Name: RC Tracked Racer Age Range: &gt; 6 years old Model Number: 13024 Classification: Assemblage Plastic Block Shape: Self-Locking Bricks Material: Plastic Plastic Type: ABS Bricks Blocks: 410 PCS Contains detailed assembly instructions. Notice: 1. Without an original box, but we guarantee our products have quality assurance and [&hellip;]<\/p>","protected":false},"featured_media":26600,"comment_status":"open","ping_status":"closed","template":"","meta":{"_acf_changed":false},"product_cat":[364],"product_tag":[3089,615,3086,3085,3088,2989,481,3087,3090],"class_list":["product","first","instock","shipping-taxable","purchasable","product-type-simple"],"acf":[],"_links":{"self":[{"href":"https:\/\/mouldking.store\/de\/wp-json\/wp\/v2\/product\/26588","targetHints":{"allow":["GET"]}}],"collection":[{"href":"https:\/\/mouldking.store\/de\/wp-json\/wp\/v2\/product"}],"about":[{"href":"https:\/\/mouldking.store\/de\/wp-json\/wp\/v2\/types\/product"}],"replies":[{"embeddable":true,"href":"https:\/\/mouldking.store\/de\/wp-json\/wp\/v2\/comments?post=26588"}],"wp:featuredmedia":[{"embeddable":true,"href":"https:\/\/mouldking.store\/de\/wp-json\/wp\/v2\/media\/26600"}],"wp:attachment":[{"href":"https:\/\/mouldking.store\/de\/wp-json\/wp\/v2\/media?parent=26588"}],"wp:term":[{"taxonomy":"product_cat","embeddable":true,"href":"https:\/\/mouldking.store\/de\/wp-json\/wp\/v2\/product_cat?post=26588"},{"taxonomy":"product_tag","embeddable":true,"href":"https:\/\/mouldking.store\/de\/wp-json\/wp\/v2\/product_tag?post=26588"}],"curies":[{"name":"wp","href":"https:\/\/api.w.org\/{rel}","templated":true}]}}