{"id":26607,"date":"2021-11-04T03:24:14","date_gmt":"2021-11-04T03:24:14","guid":{"rendered":"https:\/\/mouldking.store\/?post_type=product&#038;p=26607"},"modified":"2021-12-23T09:40:50","modified_gmt":"2021-12-23T09:40:50","slug":"mould-king-18008-flame-monster-with-889-pieces","status":"publish","type":"product","link":"https:\/\/mouldking.store\/de\/shop\/mould-king-18008-flame-monster-with-889-pieces\/","title":{"rendered":"Mould King 18008 Flammenmonster mit 889 Teilen"},"content":{"rendered":"<p>Produktinformation:<\/p>\n<ol>\n<li>Marke: Mould King<\/li>\n<li>Geschlecht: Unisex<\/li>\n<li>Name: Flame Monster<\/li>\n<li>Altersspanne: &gt; 14 Jahre alt<\/li>\n<li>Model Number: 18008<\/li>\n<li>Einstufung: Assemblage<\/li>\n<li>Kunststoffblockform: Selbstsichernde Steine<\/li>\n<li>Material: Kunststoff<\/li>\n<li>Kunststofftyp: ABS<\/li>\n<li>Bricks Blocks: 889 PCS<\/li>\n<li>Enth\u00e4lt eine ausf\u00fchrliche Montageanleitung.<\/li>\n<\/ol>\n<p>Notiz:<br \/>\n1. Ohne Originalverpackung, aber wir garantieren, dass unsere Produkte eine Qualit\u00e4tssicherung und eine sch\u00f6ne Verpackung haben.<br \/>\n2. Wie alle Teile, die wir vor dem Versand \u00fcberpr\u00fcft haben, machen Sie sich keine Sorgen, wenn Sie feststellen, dass einige Teile fehlen oder besch\u00e4digt sind, und kontaktieren Sie uns einfach, und wir k\u00f6nnen sie Ihnen umgehend kostenlos erneut zusenden.<\/p>\n<figure id=\"attachment_26609\" aria-describedby=\"caption-attachment-26609\" style=\"width: 800px\" class=\"wp-caption aligncenter\"><img fetchpriority=\"high\" decoding=\"async\" class=\"wp-image-26609 size-full\" src=\"https:\/\/mouldking.store\/wp-content\/uploads\/2021\/11\/Mould-King-18008-Flame-Monster-with-889-pieces-1.jpg\" alt=\"Mould King 18008 Flame Monster with 889 pieces\" width=\"800\" height=\"800\" title=\"-\" srcset=\"https:\/\/mouldking.store\/wp-content\/uploads\/2021\/11\/Mould-King-18008-Flame-Monster-with-889-pieces-1.jpg 800w, https:\/\/mouldking.store\/wp-content\/uploads\/2021\/11\/Mould-King-18008-Flame-Monster-with-889-pieces-1-300x300.jpg 300w, https:\/\/mouldking.store\/wp-content\/uploads\/2021\/11\/Mould-King-18008-Flame-Monster-with-889-pieces-1-768x768.jpg 768w, https:\/\/mouldking.store\/wp-content\/uploads\/2021\/11\/Mould-King-18008-Flame-Monster-with-889-pieces-1-600x600.jpg 600w, https:\/\/mouldking.store\/wp-content\/uploads\/2021\/11\/Mould-King-18008-Flame-Monster-with-889-pieces-1-150x150.jpg 150w\" sizes=\"(max-width: 800px) 100vw, 800px\" \/><figcaption id=\"caption-attachment-26609\" class=\"wp-caption-text\">Mould King 18008 Flammenmonster mit 889 Teilen<\/figcaption><\/figure>\n<figure id=\"attachment_26613\" aria-describedby=\"caption-attachment-26613\" style=\"width: 790px\" class=\"wp-caption aligncenter\"><img decoding=\"async\" class=\"wp-image-26613 size-full\" src=\"https:\/\/mouldking.store\/wp-content\/uploads\/2021\/11\/Mould-King-18008-Flame-Monster-with-889-pieces-5.jpg\" alt=\"Mould King 18008 Flame Monster with 889 pieces\" width=\"790\" height=\"608\" title=\"-\" srcset=\"https:\/\/mouldking.store\/wp-content\/uploads\/2021\/11\/Mould-King-18008-Flame-Monster-with-889-pieces-5.jpg 790w, https:\/\/mouldking.store\/wp-content\/uploads\/2021\/11\/Mould-King-18008-Flame-Monster-with-889-pieces-5-300x231.jpg 300w, https:\/\/mouldking.store\/wp-content\/uploads\/2021\/11\/Mould-King-18008-Flame-Monster-with-889-pieces-5-768x591.jpg 768w, https:\/\/mouldking.store\/wp-content\/uploads\/2021\/11\/Mould-King-18008-Flame-Monster-with-889-pieces-5-600x462.jpg 600w, https:\/\/mouldking.store\/wp-content\/uploads\/2021\/11\/Mould-King-18008-Flame-Monster-with-889-pieces-5-150x115.jpg 150w\" sizes=\"(max-width: 790px) 100vw, 790px\" \/><figcaption id=\"caption-attachment-26613\" class=\"wp-caption-text\">Mould King 18008 Flammenmonster mit 889 Teilen<\/figcaption><\/figure>\n<figure id=\"attachment_26614\" aria-describedby=\"caption-attachment-26614\" style=\"width: 790px\" class=\"wp-caption aligncenter\"><img decoding=\"async\" class=\"wp-image-26614 size-full\" src=\"https:\/\/mouldking.store\/wp-content\/uploads\/2021\/11\/Mould-King-18008-Flame-Monster-with-889-pieces-6.jpg\" alt=\"Mould King 18008 Flame Monster with 889 pieces\" width=\"790\" height=\"605\" title=\"-\" srcset=\"https:\/\/mouldking.store\/wp-content\/uploads\/2021\/11\/Mould-King-18008-Flame-Monster-with-889-pieces-6.jpg 790w, https:\/\/mouldking.store\/wp-content\/uploads\/2021\/11\/Mould-King-18008-Flame-Monster-with-889-pieces-6-300x230.jpg 300w, https:\/\/mouldking.store\/wp-content\/uploads\/2021\/11\/Mould-King-18008-Flame-Monster-with-889-pieces-6-768x588.jpg 768w, https:\/\/mouldking.store\/wp-content\/uploads\/2021\/11\/Mould-King-18008-Flame-Monster-with-889-pieces-6-600x459.jpg 600w, https:\/\/mouldking.store\/wp-content\/uploads\/2021\/11\/Mould-King-18008-Flame-Monster-with-889-pieces-6-150x115.jpg 150w\" sizes=\"(max-width: 790px) 100vw, 790px\" \/><figcaption id=\"caption-attachment-26614\" class=\"wp-caption-text\">Mould King 18008 Flammenmonster mit 889 Teilen<\/figcaption><\/figure>\n<figure id=\"attachment_26611\" aria-describedby=\"caption-attachment-26611\" style=\"width: 790px\" class=\"wp-caption aligncenter\"><img loading=\"lazy\" decoding=\"async\" class=\"wp-image-26611 size-full\" src=\"https:\/\/mouldking.store\/wp-content\/uploads\/2021\/11\/Mould-King-18008-Flame-Monster-with-889-pieces-3.jpg\" alt=\"Mould King 18008 Flame Monster with 889 pieces\" width=\"790\" height=\"932\" title=\"-\" srcset=\"https:\/\/mouldking.store\/wp-content\/uploads\/2021\/11\/Mould-King-18008-Flame-Monster-with-889-pieces-3.jpg 790w, https:\/\/mouldking.store\/wp-content\/uploads\/2021\/11\/Mould-King-18008-Flame-Monster-with-889-pieces-3-254x300.jpg 254w, https:\/\/mouldking.store\/wp-content\/uploads\/2021\/11\/Mould-King-18008-Flame-Monster-with-889-pieces-3-768x906.jpg 768w, https:\/\/mouldking.store\/wp-content\/uploads\/2021\/11\/Mould-King-18008-Flame-Monster-with-889-pieces-3-300x354.jpg 300w, https:\/\/mouldking.store\/wp-content\/uploads\/2021\/11\/Mould-King-18008-Flame-Monster-with-889-pieces-3-600x708.jpg 600w, https:\/\/mouldking.store\/wp-content\/uploads\/2021\/11\/Mould-King-18008-Flame-Monster-with-889-pieces-3-127x150.jpg 127w\" sizes=\"(max-width: 790px) 100vw, 790px\" \/><figcaption id=\"caption-attachment-26611\" class=\"wp-caption-text\">Mould King 18008 Flammenmonster mit 889 Teilen<\/figcaption><\/figure>\n<figure id=\"attachment_26610\" aria-describedby=\"caption-attachment-26610\" style=\"width: 790px\" class=\"wp-caption aligncenter\"><img loading=\"lazy\" decoding=\"async\" class=\"wp-image-26610 size-full\" src=\"https:\/\/mouldking.store\/wp-content\/uploads\/2021\/11\/Mould-King-18008-Flame-Monster-with-889-pieces-2.jpg\" alt=\"Mould King 18008 Flame Monster with 889 pieces\" width=\"790\" height=\"493\" title=\"-\" srcset=\"https:\/\/mouldking.store\/wp-content\/uploads\/2021\/11\/Mould-King-18008-Flame-Monster-with-889-pieces-2.jpg 790w, https:\/\/mouldking.store\/wp-content\/uploads\/2021\/11\/Mould-King-18008-Flame-Monster-with-889-pieces-2-300x187.jpg 300w, https:\/\/mouldking.store\/wp-content\/uploads\/2021\/11\/Mould-King-18008-Flame-Monster-with-889-pieces-2-768x479.jpg 768w, https:\/\/mouldking.store\/wp-content\/uploads\/2021\/11\/Mould-King-18008-Flame-Monster-with-889-pieces-2-600x374.jpg 600w, https:\/\/mouldking.store\/wp-content\/uploads\/2021\/11\/Mould-King-18008-Flame-Monster-with-889-pieces-2-150x94.jpg 150w\" sizes=\"(max-width: 790px) 100vw, 790px\" \/><figcaption id=\"caption-attachment-26610\" class=\"wp-caption-text\">Mould King 18008 Flammenmonster mit 889 Teilen<\/figcaption><\/figure>\n<figure id=\"attachment_26612\" aria-describedby=\"caption-attachment-26612\" style=\"width: 790px\" class=\"wp-caption aligncenter\"><img loading=\"lazy\" decoding=\"async\" class=\"wp-image-26612 size-full\" src=\"https:\/\/mouldking.store\/wp-content\/uploads\/2021\/11\/Mould-King-18008-Flame-Monster-with-889-pieces-4.jpg\" alt=\"Mould King 18008 Flame Monster with 889 pieces\" width=\"790\" height=\"801\" title=\"-\" srcset=\"https:\/\/mouldking.store\/wp-content\/uploads\/2021\/11\/Mould-King-18008-Flame-Monster-with-889-pieces-4.jpg 790w, https:\/\/mouldking.store\/wp-content\/uploads\/2021\/11\/Mould-King-18008-Flame-Monster-with-889-pieces-4-296x300.jpg 296w, https:\/\/mouldking.store\/wp-content\/uploads\/2021\/11\/Mould-King-18008-Flame-Monster-with-889-pieces-4-768x779.jpg 768w, https:\/\/mouldking.store\/wp-content\/uploads\/2021\/11\/Mould-King-18008-Flame-Monster-with-889-pieces-4-300x304.jpg 300w, https:\/\/mouldking.store\/wp-content\/uploads\/2021\/11\/Mould-King-18008-Flame-Monster-with-889-pieces-4-600x608.jpg 600w, https:\/\/mouldking.store\/wp-content\/uploads\/2021\/11\/Mould-King-18008-Flame-Monster-with-889-pieces-4-148x150.jpg 148w\" sizes=\"(max-width: 790px) 100vw, 790px\" \/><figcaption id=\"caption-attachment-26612\" class=\"wp-caption-text\">Mould King 18008 Flammenmonster mit 889 Teilen<\/figcaption><\/figure>","protected":false},"excerpt":{"rendered":"<p>Product information: Brand: Mould King Gender: Unisex Name: Flame Monster Age Range: &gt; 14 years old Model Number: 18008 Classification: Assemblage Plastic Block Shape: Self-Locking Bricks Material: Plastic Plastic Type: ABS Bricks Blocks: 889 PCS Contains detailed assembly instructions. Notice: 1. Without an original box, but we guarantee our products have quality assurance and nice [&hellip;]<\/p>","protected":false},"featured_media":26609,"comment_status":"open","ping_status":"closed","template":"","meta":{"_acf_changed":false},"product_cat":[364],"product_tag":[3095,3093,615,3092,3091,3094],"class_list":["product","first","instock","shipping-taxable","purchasable","product-type-simple"],"acf":[],"_links":{"self":[{"href":"https:\/\/mouldking.store\/de\/wp-json\/wp\/v2\/product\/26607","targetHints":{"allow":["GET"]}}],"collection":[{"href":"https:\/\/mouldking.store\/de\/wp-json\/wp\/v2\/product"}],"about":[{"href":"https:\/\/mouldking.store\/de\/wp-json\/wp\/v2\/types\/product"}],"replies":[{"embeddable":true,"href":"https:\/\/mouldking.store\/de\/wp-json\/wp\/v2\/comments?post=26607"}],"wp:featuredmedia":[{"embeddable":true,"href":"https:\/\/mouldking.store\/de\/wp-json\/wp\/v2\/media\/26609"}],"wp:attachment":[{"href":"https:\/\/mouldking.store\/de\/wp-json\/wp\/v2\/media?parent=26607"}],"wp:term":[{"taxonomy":"product_cat","embeddable":true,"href":"https:\/\/mouldking.store\/de\/wp-json\/wp\/v2\/product_cat?post=26607"},{"taxonomy":"product_tag","embeddable":true,"href":"https:\/\/mouldking.store\/de\/wp-json\/wp\/v2\/product_tag?post=26607"}],"curies":[{"name":"wp","href":"https:\/\/api.w.org\/{rel}","templated":true}]}}