{"id":26656,"date":"2021-11-04T13:32:32","date_gmt":"2021-11-04T13:32:32","guid":{"rendered":"https:\/\/mouldking.store\/?post_type=product&#038;p=26656"},"modified":"2021-12-23T09:40:49","modified_gmt":"2021-12-23T09:40:49","slug":"jie-star-89121-hats-store-with-3140-pieces","status":"publish","type":"product","link":"https:\/\/mouldking.store\/de\/shop\/jie-star-89121-hats-store-with-3140-pieces\/","title":{"rendered":"JIE STAR 89121 Hat\u00b4s Store mit 3140 Teilen"},"content":{"rendered":"<p>Produktinformation:<\/p>\n<ol>\n<li>Marke: JIE STAR<\/li>\n<li>Geschlecht: Unisex<\/li>\n<li>Name: Hat\u00b4s Store<\/li>\n<li>Altersspanne: &gt; 6 Jahre alt<\/li>\n<li>Modellnummer: 89121<\/li>\n<li>Einstufung: Assemblage<\/li>\n<li>Kunststoffblockform: Selbstsichernde Steine<\/li>\n<li>Material: Kunststoff<\/li>\n<li>Kunststofftyp: ABS<\/li>\n<li>Ziegelsteine: 3140 PCS<\/li>\n<li>Enth\u00e4lt eine ausf\u00fchrliche Montageanleitung.<\/li>\n<\/ol>\n<p>Notiz:<br \/>\n1. Ohne Originalverpackung, aber wir garantieren, dass unsere Produkte eine Qualit\u00e4tssicherung und eine sch\u00f6ne Verpackung haben.<br \/>\n2. Wie alle Teile, die wir vor dem Versand \u00fcberpr\u00fcft haben, machen Sie sich keine Sorgen, wenn Sie feststellen, dass einige Teile fehlen oder besch\u00e4digt sind, und kontaktieren Sie uns einfach, und wir k\u00f6nnen sie Ihnen umgehend kostenlos erneut zusenden.<\/p>\n<figure id=\"attachment_26663\" aria-describedby=\"caption-attachment-26663\" style=\"width: 800px\" class=\"wp-caption aligncenter\"><img fetchpriority=\"high\" decoding=\"async\" class=\"wp-image-26663 size-full\" src=\"https:\/\/mouldking.store\/wp-content\/uploads\/2021\/11\/JIE-STAR-89121-Hat\u00b4s-Store-with-3140-pieces-1.jpg\" alt=\"JIE STAR 89121 Hat\u00b4s Store with 3140 pieces\" width=\"800\" height=\"800\" title=\"-\" srcset=\"https:\/\/mouldking.store\/wp-content\/uploads\/2021\/11\/JIE-STAR-89121-Hat\u00b4s-Store-with-3140-pieces-1.jpg 800w, https:\/\/mouldking.store\/wp-content\/uploads\/2021\/11\/JIE-STAR-89121-Hat\u00b4s-Store-with-3140-pieces-1-300x300.jpg 300w, https:\/\/mouldking.store\/wp-content\/uploads\/2021\/11\/JIE-STAR-89121-Hat\u00b4s-Store-with-3140-pieces-1-768x768.jpg 768w, https:\/\/mouldking.store\/wp-content\/uploads\/2021\/11\/JIE-STAR-89121-Hat\u00b4s-Store-with-3140-pieces-1-600x600.jpg 600w, https:\/\/mouldking.store\/wp-content\/uploads\/2021\/11\/JIE-STAR-89121-Hat\u00b4s-Store-with-3140-pieces-1-150x150.jpg 150w\" sizes=\"(max-width: 800px) 100vw, 800px\" \/><figcaption id=\"caption-attachment-26663\" class=\"wp-caption-text\">JIE STAR 89121 Hat\u00b4s Store mit 3140 Teilen<\/figcaption><\/figure>\n<figure id=\"attachment_26669\" aria-describedby=\"caption-attachment-26669\" style=\"width: 750px\" class=\"wp-caption aligncenter\"><img decoding=\"async\" class=\"wp-image-26669 size-full\" src=\"https:\/\/mouldking.store\/wp-content\/uploads\/2021\/11\/JIE-STAR-89121-Hat\u00b4s-Store-with-3140-pieces-7.jpg\" alt=\"JIE STAR 89121 Hat\u00b4s Store with 3140 pieces\" width=\"750\" height=\"921\" title=\"-\" srcset=\"https:\/\/mouldking.store\/wp-content\/uploads\/2021\/11\/JIE-STAR-89121-Hat\u00b4s-Store-with-3140-pieces-7.jpg 750w, https:\/\/mouldking.store\/wp-content\/uploads\/2021\/11\/JIE-STAR-89121-Hat\u00b4s-Store-with-3140-pieces-7-244x300.jpg 244w, https:\/\/mouldking.store\/wp-content\/uploads\/2021\/11\/JIE-STAR-89121-Hat\u00b4s-Store-with-3140-pieces-7-300x368.jpg 300w, https:\/\/mouldking.store\/wp-content\/uploads\/2021\/11\/JIE-STAR-89121-Hat\u00b4s-Store-with-3140-pieces-7-600x737.jpg 600w, https:\/\/mouldking.store\/wp-content\/uploads\/2021\/11\/JIE-STAR-89121-Hat\u00b4s-Store-with-3140-pieces-7-122x150.jpg 122w\" sizes=\"(max-width: 750px) 100vw, 750px\" \/><figcaption id=\"caption-attachment-26669\" class=\"wp-caption-text\">JIE STAR 89121 Hat\u00b4s Store mit 3140 Teilen<\/figcaption><\/figure>\n<figure id=\"attachment_26665\" aria-describedby=\"caption-attachment-26665\" style=\"width: 424px\" class=\"wp-caption aligncenter\"><img decoding=\"async\" class=\"wp-image-26665 size-full\" src=\"https:\/\/mouldking.store\/wp-content\/uploads\/2021\/11\/JIE-STAR-89121-Hat\u00b4s-Store-with-3140-pieces-3.jpg\" alt=\"JIE STAR 89121 Hat\u00b4s Store with 3140 pieces\" width=\"424\" height=\"1024\" title=\"-\" srcset=\"https:\/\/mouldking.store\/wp-content\/uploads\/2021\/11\/JIE-STAR-89121-Hat\u00b4s-Store-with-3140-pieces-3.jpg 424w, https:\/\/mouldking.store\/wp-content\/uploads\/2021\/11\/JIE-STAR-89121-Hat\u00b4s-Store-with-3140-pieces-3-124x300.jpg 124w, https:\/\/mouldking.store\/wp-content\/uploads\/2021\/11\/JIE-STAR-89121-Hat\u00b4s-Store-with-3140-pieces-3-300x725.jpg 300w, https:\/\/mouldking.store\/wp-content\/uploads\/2021\/11\/JIE-STAR-89121-Hat\u00b4s-Store-with-3140-pieces-3-62x150.jpg 62w\" sizes=\"(max-width: 424px) 100vw, 424px\" \/><figcaption id=\"caption-attachment-26665\" class=\"wp-caption-text\">JIE STAR 89121 Hat\u00b4s Store mit 3140 Teilen<\/figcaption><\/figure>\n<figure id=\"attachment_26668\" aria-describedby=\"caption-attachment-26668\" style=\"width: 471px\" class=\"wp-caption aligncenter\"><img loading=\"lazy\" decoding=\"async\" class=\"wp-image-26668 size-full\" src=\"https:\/\/mouldking.store\/wp-content\/uploads\/2021\/11\/JIE-STAR-89121-Hat\u00b4s-Store-with-3140-pieces-6.jpg\" alt=\"JIE STAR 89121 Hat\u00b4s Store with 3140 pieces\" width=\"471\" height=\"1024\" title=\"-\" srcset=\"https:\/\/mouldking.store\/wp-content\/uploads\/2021\/11\/JIE-STAR-89121-Hat\u00b4s-Store-with-3140-pieces-6.jpg 471w, https:\/\/mouldking.store\/wp-content\/uploads\/2021\/11\/JIE-STAR-89121-Hat\u00b4s-Store-with-3140-pieces-6-138x300.jpg 138w, https:\/\/mouldking.store\/wp-content\/uploads\/2021\/11\/JIE-STAR-89121-Hat\u00b4s-Store-with-3140-pieces-6-300x652.jpg 300w, https:\/\/mouldking.store\/wp-content\/uploads\/2021\/11\/JIE-STAR-89121-Hat\u00b4s-Store-with-3140-pieces-6-69x150.jpg 69w\" sizes=\"(max-width: 471px) 100vw, 471px\" \/><figcaption id=\"caption-attachment-26668\" class=\"wp-caption-text\">JIE STAR 89121 Hat\u00b4s Store mit 3140 Teilen<\/figcaption><\/figure>\n<figure id=\"attachment_26667\" aria-describedby=\"caption-attachment-26667\" style=\"width: 512px\" class=\"wp-caption aligncenter\"><img loading=\"lazy\" decoding=\"async\" class=\"wp-image-26667 size-full\" src=\"https:\/\/mouldking.store\/wp-content\/uploads\/2021\/11\/JIE-STAR-89121-Hat\u00b4s-Store-with-3140-pieces-5.jpg\" alt=\"JIE STAR 89121 Hat\u00b4s Store with 3140 pieces\" width=\"512\" height=\"1024\" title=\"-\" srcset=\"https:\/\/mouldking.store\/wp-content\/uploads\/2021\/11\/JIE-STAR-89121-Hat\u00b4s-Store-with-3140-pieces-5.jpg 512w, https:\/\/mouldking.store\/wp-content\/uploads\/2021\/11\/JIE-STAR-89121-Hat\u00b4s-Store-with-3140-pieces-5-150x300.jpg 150w, https:\/\/mouldking.store\/wp-content\/uploads\/2021\/11\/JIE-STAR-89121-Hat\u00b4s-Store-with-3140-pieces-5-300x600.jpg 300w, https:\/\/mouldking.store\/wp-content\/uploads\/2021\/11\/JIE-STAR-89121-Hat\u00b4s-Store-with-3140-pieces-5-75x150.jpg 75w\" sizes=\"(max-width: 512px) 100vw, 512px\" \/><figcaption id=\"caption-attachment-26667\" class=\"wp-caption-text\">JIE STAR 89121 Hat\u00b4s Store mit 3140 Teilen<\/figcaption><\/figure>\n<figure id=\"attachment_26666\" aria-describedby=\"caption-attachment-26666\" style=\"width: 750px\" class=\"wp-caption aligncenter\"><img loading=\"lazy\" decoding=\"async\" class=\"wp-image-26666 size-full\" src=\"https:\/\/mouldking.store\/wp-content\/uploads\/2021\/11\/JIE-STAR-89121-Hat\u00b4s-Store-with-3140-pieces-4.jpg\" alt=\"JIE STAR 89121 Hat\u00b4s Store with 3140 pieces\" width=\"750\" height=\"916\" title=\"-\" srcset=\"https:\/\/mouldking.store\/wp-content\/uploads\/2021\/11\/JIE-STAR-89121-Hat\u00b4s-Store-with-3140-pieces-4.jpg 750w, https:\/\/mouldking.store\/wp-content\/uploads\/2021\/11\/JIE-STAR-89121-Hat\u00b4s-Store-with-3140-pieces-4-246x300.jpg 246w, https:\/\/mouldking.store\/wp-content\/uploads\/2021\/11\/JIE-STAR-89121-Hat\u00b4s-Store-with-3140-pieces-4-300x366.jpg 300w, https:\/\/mouldking.store\/wp-content\/uploads\/2021\/11\/JIE-STAR-89121-Hat\u00b4s-Store-with-3140-pieces-4-600x733.jpg 600w, https:\/\/mouldking.store\/wp-content\/uploads\/2021\/11\/JIE-STAR-89121-Hat\u00b4s-Store-with-3140-pieces-4-123x150.jpg 123w\" sizes=\"(max-width: 750px) 100vw, 750px\" \/><figcaption id=\"caption-attachment-26666\" class=\"wp-caption-text\">JIE STAR 89121 Hat\u00b4s Store mit 3140 Teilen<\/figcaption><\/figure>\n<figure id=\"attachment_26664\" aria-describedby=\"caption-attachment-26664\" style=\"width: 584px\" class=\"wp-caption aligncenter\"><img loading=\"lazy\" decoding=\"async\" class=\"wp-image-26664 size-full\" src=\"https:\/\/mouldking.store\/wp-content\/uploads\/2021\/11\/JIE-STAR-89121-Hat\u00b4s-Store-with-3140-pieces-2.jpg\" alt=\"JIE STAR 89121 Hat\u00b4s Store with 3140 pieces\" width=\"584\" height=\"1024\" title=\"-\" srcset=\"https:\/\/mouldking.store\/wp-content\/uploads\/2021\/11\/JIE-STAR-89121-Hat\u00b4s-Store-with-3140-pieces-2.jpg 584w, https:\/\/mouldking.store\/wp-content\/uploads\/2021\/11\/JIE-STAR-89121-Hat\u00b4s-Store-with-3140-pieces-2-171x300.jpg 171w, https:\/\/mouldking.store\/wp-content\/uploads\/2021\/11\/JIE-STAR-89121-Hat\u00b4s-Store-with-3140-pieces-2-300x526.jpg 300w, https:\/\/mouldking.store\/wp-content\/uploads\/2021\/11\/JIE-STAR-89121-Hat\u00b4s-Store-with-3140-pieces-2-86x150.jpg 86w\" sizes=\"(max-width: 584px) 100vw, 584px\" \/><figcaption id=\"caption-attachment-26664\" class=\"wp-caption-text\">JIE STAR 89121 Hat\u00b4s Store mit 3140 Teilen<\/figcaption><\/figure>","protected":false},"excerpt":{"rendered":"<p>Product information: Brand: JIE STAR Gender: Unisex Name: Hat\u00b4s Store Age Range: &gt; 6 years old Model Number: 89121 Classification: Assemblage Plastic Block Shape: Self-Locking Bricks Material: Plastic Plastic Type: ABS Bricks Blocks: 3140 PCS Contains detailed assembly instructions. Notice: 1. Without an original box, but we guarantee our products have quality assurance and nice [&hellip;]<\/p>","protected":false},"featured_media":26663,"comment_status":"open","ping_status":"closed","template":"","meta":{"_acf_changed":false},"product_cat":[390],"product_tag":[3136,3132,3131,3130,3133,3135,3134,1693],"class_list":["product","first","instock","shipping-taxable","purchasable","product-type-simple"],"acf":[],"_links":{"self":[{"href":"https:\/\/mouldking.store\/de\/wp-json\/wp\/v2\/product\/26656","targetHints":{"allow":["GET"]}}],"collection":[{"href":"https:\/\/mouldking.store\/de\/wp-json\/wp\/v2\/product"}],"about":[{"href":"https:\/\/mouldking.store\/de\/wp-json\/wp\/v2\/types\/product"}],"replies":[{"embeddable":true,"href":"https:\/\/mouldking.store\/de\/wp-json\/wp\/v2\/comments?post=26656"}],"wp:featuredmedia":[{"embeddable":true,"href":"https:\/\/mouldking.store\/de\/wp-json\/wp\/v2\/media\/26663"}],"wp:attachment":[{"href":"https:\/\/mouldking.store\/de\/wp-json\/wp\/v2\/media?parent=26656"}],"wp:term":[{"taxonomy":"product_cat","embeddable":true,"href":"https:\/\/mouldking.store\/de\/wp-json\/wp\/v2\/product_cat?post=26656"},{"taxonomy":"product_tag","embeddable":true,"href":"https:\/\/mouldking.store\/de\/wp-json\/wp\/v2\/product_tag?post=26656"}],"curies":[{"name":"wp","href":"https:\/\/api.w.org\/{rel}","templated":true}]}}