{"id":26680,"date":"2021-11-04T15:43:39","date_gmt":"2021-11-04T08:43:39","guid":{"rendered":"https:\/\/mouldking.store\/?post_type=product&#038;p=26680"},"modified":"2025-12-25T09:17:09","modified_gmt":"2025-12-25T02:17:09","slug":"moc-45981-the-clogged-throne-with-1700-pieces","status":"publish","type":"product","link":"https:\/\/mouldking.store\/de\/shop\/moc-45981-the-clogged-throne-with-1700-pieces\/","title":{"rendered":"MOC-45981 Der verstopfte Thron mit 1700 Teilen"},"content":{"rendered":"<p>Produktinformation:<\/p>\n<ol>\n<li>Marke: MOC<\/li>\n<li>Geschlecht: Unisex<\/li>\n<li>Name: The Clogged Throne<\/li>\n<li>Altersspanne: &gt; 6 Jahre alt<\/li>\n<li>Model Number: MOC-45981<\/li>\n<li>Einstufung: Assemblage<\/li>\n<li>Kunststoffblockform: Selbstsichernde Steine<\/li>\n<li>Material: Kunststoff<\/li>\n<li>Kunststofftyp: ABS<\/li>\n<li>Bricks Blocks: 1700 PCS<\/li>\n<li>Enth\u00e4lt eine ausf\u00fchrliche Montageanleitung.<\/li>\n<\/ol>\n<p>Notiz:<br \/>\n1. Ohne Originalverpackung, aber wir garantieren, dass unsere Produkte eine Qualit\u00e4tssicherung und eine sch\u00f6ne Verpackung haben.<br \/>\n2. Wie alle Teile, die wir vor dem Versand \u00fcberpr\u00fcft haben, machen Sie sich keine Sorgen, wenn Sie feststellen, dass einige Teile fehlen oder besch\u00e4digt sind, und kontaktieren Sie uns einfach, und wir k\u00f6nnen sie Ihnen umgehend kostenlos erneut zusenden.<\/p>\n<figure id=\"attachment_26681\" aria-describedby=\"caption-attachment-26681\" style=\"width: 1024px\" class=\"wp-caption aligncenter\"><img fetchpriority=\"high\" decoding=\"async\" class=\"size-large wp-image-26681\" title=\"MOC-45981 Der verstopfte Thron mit 1700 Teilen\" src=\"https:\/\/mouldking.store\/wp-content\/uploads\/2021\/11\/moc-45981-the-clogged-throne-with-1700-pieces-1024x1024.jpg\" alt=\"MOC-45981 The Clogged Throne with 1700 pieces\" width=\"1024\" height=\"1024\" srcset=\"https:\/\/mouldking.store\/wp-content\/uploads\/2021\/11\/moc-45981-the-clogged-throne-with-1700-pieces-1024x1024.jpg 1024w, https:\/\/mouldking.store\/wp-content\/uploads\/2021\/11\/moc-45981-the-clogged-throne-with-1700-pieces-300x300.jpg 300w, https:\/\/mouldking.store\/wp-content\/uploads\/2021\/11\/moc-45981-the-clogged-throne-with-1700-pieces-768x768.jpg 768w, https:\/\/mouldking.store\/wp-content\/uploads\/2021\/11\/moc-45981-the-clogged-throne-with-1700-pieces-600x600.jpg 600w, https:\/\/mouldking.store\/wp-content\/uploads\/2021\/11\/moc-45981-the-clogged-throne-with-1700-pieces-150x150.jpg 150w, https:\/\/mouldking.store\/wp-content\/uploads\/2021\/11\/moc-45981-the-clogged-throne-with-1700-pieces.jpg 1280w\" sizes=\"(max-width: 1024px) 100vw, 1024px\" \/><figcaption id=\"caption-attachment-26681\" class=\"wp-caption-text\">MOC-45981 Der verstopfte Thron mit 1700 Teilen<\/figcaption><\/figure>\n<figure id=\"attachment_26682\" aria-describedby=\"caption-attachment-26682\" style=\"width: 1024px\" class=\"wp-caption aligncenter\"><img decoding=\"async\" class=\"size-large wp-image-26682\" title=\"MOC-45981 Der verstopfte Thron mit 1700 Teilen\" src=\"https:\/\/mouldking.store\/wp-content\/uploads\/2021\/11\/moc-45981-the-clogged-throne-with-1700-pieces-1-1024x1024.jpg\" alt=\"MOC-45981 The Clogged Throne with 1700 pieces\" width=\"1024\" height=\"1024\" srcset=\"https:\/\/mouldking.store\/wp-content\/uploads\/2021\/11\/moc-45981-the-clogged-throne-with-1700-pieces-1-1024x1024.jpg 1024w, https:\/\/mouldking.store\/wp-content\/uploads\/2021\/11\/moc-45981-the-clogged-throne-with-1700-pieces-1-300x300.jpg 300w, https:\/\/mouldking.store\/wp-content\/uploads\/2021\/11\/moc-45981-the-clogged-throne-with-1700-pieces-1-768x768.jpg 768w, https:\/\/mouldking.store\/wp-content\/uploads\/2021\/11\/moc-45981-the-clogged-throne-with-1700-pieces-1-600x600.jpg 600w, https:\/\/mouldking.store\/wp-content\/uploads\/2021\/11\/moc-45981-the-clogged-throne-with-1700-pieces-1-150x150.jpg 150w, https:\/\/mouldking.store\/wp-content\/uploads\/2021\/11\/moc-45981-the-clogged-throne-with-1700-pieces-1.jpg 1280w\" sizes=\"(max-width: 1024px) 100vw, 1024px\" \/><figcaption id=\"caption-attachment-26682\" class=\"wp-caption-text\">MOC-45981 Der verstopfte Thron mit 1700 Teilen<\/figcaption><\/figure>\n<figure id=\"attachment_26683\" aria-describedby=\"caption-attachment-26683\" style=\"width: 1024px\" class=\"wp-caption aligncenter\"><img decoding=\"async\" class=\"size-large wp-image-26683\" title=\"MOC-45981 Der verstopfte Thron mit 1700 Teilen\" src=\"https:\/\/mouldking.store\/wp-content\/uploads\/2021\/11\/moc-45981-the-clogged-throne-with-1700-pieces-2-1024x1024.jpg\" alt=\"MOC-45981 The Clogged Throne with 1700 pieces\" width=\"1024\" height=\"1024\" srcset=\"https:\/\/mouldking.store\/wp-content\/uploads\/2021\/11\/moc-45981-the-clogged-throne-with-1700-pieces-2-1024x1024.jpg 1024w, https:\/\/mouldking.store\/wp-content\/uploads\/2021\/11\/moc-45981-the-clogged-throne-with-1700-pieces-2-300x300.jpg 300w, https:\/\/mouldking.store\/wp-content\/uploads\/2021\/11\/moc-45981-the-clogged-throne-with-1700-pieces-2-768x768.jpg 768w, https:\/\/mouldking.store\/wp-content\/uploads\/2021\/11\/moc-45981-the-clogged-throne-with-1700-pieces-2-600x600.jpg 600w, https:\/\/mouldking.store\/wp-content\/uploads\/2021\/11\/moc-45981-the-clogged-throne-with-1700-pieces-2-150x150.jpg 150w, https:\/\/mouldking.store\/wp-content\/uploads\/2021\/11\/moc-45981-the-clogged-throne-with-1700-pieces-2.jpg 1280w\" sizes=\"(max-width: 1024px) 100vw, 1024px\" \/><figcaption id=\"caption-attachment-26683\" class=\"wp-caption-text\">MOC-45981 Der verstopfte Thron mit 1700 Teilen<\/figcaption><\/figure>\n<p>&nbsp;<\/p>","protected":false},"excerpt":{"rendered":"<p>Arrange Time:4-8 weeks<\/p>","protected":false},"featured_media":26684,"comment_status":"open","ping_status":"closed","template":"","meta":{"_acf_changed":false},"product_cat":[371],"product_tag":[3141,3142],"class_list":["product","first","instock","shipping-taxable","purchasable","product-type-simple"],"acf":[],"_links":{"self":[{"href":"https:\/\/mouldking.store\/de\/wp-json\/wp\/v2\/product\/26680","targetHints":{"allow":["GET"]}}],"collection":[{"href":"https:\/\/mouldking.store\/de\/wp-json\/wp\/v2\/product"}],"about":[{"href":"https:\/\/mouldking.store\/de\/wp-json\/wp\/v2\/types\/product"}],"replies":[{"embeddable":true,"href":"https:\/\/mouldking.store\/de\/wp-json\/wp\/v2\/comments?post=26680"}],"wp:featuredmedia":[{"embeddable":true,"href":"https:\/\/mouldking.store\/de\/wp-json\/wp\/v2\/media\/26684"}],"wp:attachment":[{"href":"https:\/\/mouldking.store\/de\/wp-json\/wp\/v2\/media?parent=26680"}],"wp:term":[{"taxonomy":"product_cat","embeddable":true,"href":"https:\/\/mouldking.store\/de\/wp-json\/wp\/v2\/product_cat?post=26680"},{"taxonomy":"product_tag","embeddable":true,"href":"https:\/\/mouldking.store\/de\/wp-json\/wp\/v2\/product_tag?post=26680"}],"curies":[{"name":"wp","href":"https:\/\/api.w.org\/{rel}","templated":true}]}}