{"id":26686,"date":"2021-11-04T15:49:44","date_gmt":"2021-11-04T15:49:44","guid":{"rendered":"https:\/\/mouldking.store\/?post_type=product&#038;p=26686"},"modified":"2025-12-25T09:17:09","modified_gmt":"2025-12-25T02:17:09","slug":"moc-64850-cad-bane-and-todo-360-with-335-pieces","status":"publish","type":"product","link":"https:\/\/mouldking.store\/de\/shop\/moc-64850-cad-bane-and-todo-360-with-335-pieces\/","title":{"rendered":"MOC-64850 Cad Bane und Todo 360 mit 335 Teilen"},"content":{"rendered":"<p>Produktinformation:<\/p>\n<ol>\n<li>Marke: MOC<\/li>\n<li>Geschlecht: Unisex<\/li>\n<li>Name: Cad Bane and Todo 360<\/li>\n<li>Altersspanne: &gt; 6 Jahre alt<\/li>\n<li>Model Number: MOC-64850<\/li>\n<li>Einstufung: Assemblage<\/li>\n<li>Kunststoffblockform: Selbstsichernde Steine<\/li>\n<li>Material: Kunststoff<\/li>\n<li>Kunststofftyp: ABS<\/li>\n<li>Bricks Blocks: 335 PCS<\/li>\n<li>Enth\u00e4lt eine ausf\u00fchrliche Montageanleitung.<\/li>\n<\/ol>\n<p>Notiz:<br \/>\n1. Ohne Originalverpackung, aber wir garantieren, dass unsere Produkte eine Qualit\u00e4tssicherung und eine sch\u00f6ne Verpackung haben.<br \/>\n2. Wie alle Teile, die wir vor dem Versand \u00fcberpr\u00fcft haben, machen Sie sich keine Sorgen, wenn Sie feststellen, dass einige Teile fehlen oder besch\u00e4digt sind, und kontaktieren Sie uns einfach, und wir k\u00f6nnen sie Ihnen umgehend kostenlos erneut zusenden.<\/p>\n<figure id=\"attachment_26687\" aria-describedby=\"caption-attachment-26687\" style=\"width: 1000px\" class=\"wp-caption aligncenter\"><img fetchpriority=\"high\" decoding=\"async\" class=\"size-full wp-image-26687\" title=\"MOC-64850 Cad Bane und Todo 360 mit 335 Teilen\" src=\"https:\/\/mouldking.store\/wp-content\/uploads\/2021\/11\/moc-64850-cad-bane-and-todo-360-with-335-pieces.jpg\" alt=\"MOC-64850 Cad Bane and Todo 360 with 335 pieces\" width=\"1000\" height=\"1000\" srcset=\"https:\/\/mouldking.store\/wp-content\/uploads\/2021\/11\/moc-64850-cad-bane-and-todo-360-with-335-pieces.jpg 1000w, https:\/\/mouldking.store\/wp-content\/uploads\/2021\/11\/moc-64850-cad-bane-and-todo-360-with-335-pieces-300x300.jpg 300w, https:\/\/mouldking.store\/wp-content\/uploads\/2021\/11\/moc-64850-cad-bane-and-todo-360-with-335-pieces-768x768.jpg 768w, https:\/\/mouldking.store\/wp-content\/uploads\/2021\/11\/moc-64850-cad-bane-and-todo-360-with-335-pieces-600x600.jpg 600w, https:\/\/mouldking.store\/wp-content\/uploads\/2021\/11\/moc-64850-cad-bane-and-todo-360-with-335-pieces-150x150.jpg 150w\" sizes=\"(max-width: 1000px) 100vw, 1000px\" \/><figcaption id=\"caption-attachment-26687\" class=\"wp-caption-text\">MOC-64850 Cad Bane und Todo 360 mit 335 Teilen<\/figcaption><\/figure>\n<figure id=\"attachment_26688\" aria-describedby=\"caption-attachment-26688\" style=\"width: 1000px\" class=\"wp-caption aligncenter\"><img decoding=\"async\" class=\"size-full wp-image-26688\" title=\"MOC-64850 Cad Bane und Todo 360 mit 335 Teilen\" src=\"https:\/\/mouldking.store\/wp-content\/uploads\/2021\/11\/moc-64850-cad-bane-and-todo-360-with-335-pieces-1.jpg\" alt=\"MOC-64850 Cad Bane and Todo 360 with 335 pieces\" width=\"1000\" height=\"1000\" srcset=\"https:\/\/mouldking.store\/wp-content\/uploads\/2021\/11\/moc-64850-cad-bane-and-todo-360-with-335-pieces-1.jpg 1000w, https:\/\/mouldking.store\/wp-content\/uploads\/2021\/11\/moc-64850-cad-bane-and-todo-360-with-335-pieces-1-300x300.jpg 300w, https:\/\/mouldking.store\/wp-content\/uploads\/2021\/11\/moc-64850-cad-bane-and-todo-360-with-335-pieces-1-768x768.jpg 768w, https:\/\/mouldking.store\/wp-content\/uploads\/2021\/11\/moc-64850-cad-bane-and-todo-360-with-335-pieces-1-600x600.jpg 600w, https:\/\/mouldking.store\/wp-content\/uploads\/2021\/11\/moc-64850-cad-bane-and-todo-360-with-335-pieces-1-150x150.jpg 150w\" sizes=\"(max-width: 1000px) 100vw, 1000px\" \/><figcaption id=\"caption-attachment-26688\" class=\"wp-caption-text\">MOC-64850 Cad Bane und Todo 360 mit 335 Teilen<\/figcaption><\/figure>\n<figure id=\"attachment_26689\" aria-describedby=\"caption-attachment-26689\" style=\"width: 1000px\" class=\"wp-caption aligncenter\"><img decoding=\"async\" class=\"size-full wp-image-26689\" title=\"MOC-64850 Cad Bane und Todo 360 mit 335 Teilen\" src=\"https:\/\/mouldking.store\/wp-content\/uploads\/2021\/11\/moc-64850-cad-bane-and-todo-360-with-335-pieces-2.jpg\" alt=\"MOC-64850 Cad Bane and Todo 360 with 335 pieces\" width=\"1000\" height=\"1000\" srcset=\"https:\/\/mouldking.store\/wp-content\/uploads\/2021\/11\/moc-64850-cad-bane-and-todo-360-with-335-pieces-2.jpg 1000w, https:\/\/mouldking.store\/wp-content\/uploads\/2021\/11\/moc-64850-cad-bane-and-todo-360-with-335-pieces-2-300x300.jpg 300w, https:\/\/mouldking.store\/wp-content\/uploads\/2021\/11\/moc-64850-cad-bane-and-todo-360-with-335-pieces-2-768x768.jpg 768w, https:\/\/mouldking.store\/wp-content\/uploads\/2021\/11\/moc-64850-cad-bane-and-todo-360-with-335-pieces-2-600x600.jpg 600w, https:\/\/mouldking.store\/wp-content\/uploads\/2021\/11\/moc-64850-cad-bane-and-todo-360-with-335-pieces-2-150x150.jpg 150w\" sizes=\"(max-width: 1000px) 100vw, 1000px\" \/><figcaption id=\"caption-attachment-26689\" class=\"wp-caption-text\">MOC-64850 Cad Bane und Todo 360 mit 335 Teilen<\/figcaption><\/figure>","protected":false},"excerpt":{"rendered":"<p>Vorbereitungszeit: 4-8 Wochen<\/p>","protected":false},"featured_media":26690,"comment_status":"open","ping_status":"closed","template":"","meta":{"_acf_changed":false},"product_cat":[415],"product_tag":[3144,3143],"class_list":["product","first","instock","shipping-taxable","purchasable","product-type-simple"],"acf":[],"_links":{"self":[{"href":"https:\/\/mouldking.store\/de\/wp-json\/wp\/v2\/product\/26686","targetHints":{"allow":["GET"]}}],"collection":[{"href":"https:\/\/mouldking.store\/de\/wp-json\/wp\/v2\/product"}],"about":[{"href":"https:\/\/mouldking.store\/de\/wp-json\/wp\/v2\/types\/product"}],"replies":[{"embeddable":true,"href":"https:\/\/mouldking.store\/de\/wp-json\/wp\/v2\/comments?post=26686"}],"wp:featuredmedia":[{"embeddable":true,"href":"https:\/\/mouldking.store\/de\/wp-json\/wp\/v2\/media\/26690"}],"wp:attachment":[{"href":"https:\/\/mouldking.store\/de\/wp-json\/wp\/v2\/media?parent=26686"}],"wp:term":[{"taxonomy":"product_cat","embeddable":true,"href":"https:\/\/mouldking.store\/de\/wp-json\/wp\/v2\/product_cat?post=26686"},{"taxonomy":"product_tag","embeddable":true,"href":"https:\/\/mouldking.store\/de\/wp-json\/wp\/v2\/product_tag?post=26686"}],"curies":[{"name":"wp","href":"https:\/\/api.w.org\/{rel}","templated":true}]}}