{"id":26697,"date":"2021-11-05T00:24:03","date_gmt":"2021-11-05T00:24:03","guid":{"rendered":"https:\/\/mouldking.store\/?post_type=product&#038;p=26697"},"modified":"2021-12-23T09:40:49","modified_gmt":"2021-12-23T09:40:49","slug":"k-box-10217-bugatti-diavel-1260s-with-986-pieces","status":"publish","type":"product","link":"https:\/\/mouldking.store\/de\/shop\/k-box-10217-bugatti-diavel-1260s-with-986-pieces\/","title":{"rendered":"K-BOX 10217 Bugatti Diavel 1260S mit 986 Teilen"},"content":{"rendered":"<p>Produktinformation:<\/p>\n<ol>\n<li>Marke: K-BOX<\/li>\n<li>Geschlecht: Unisex<\/li>\n<li>Name: Bugatti Diavel 1260S<\/li>\n<li>Altersspanne: &gt; 14 Jahre alt<\/li>\n<li>Model Number: 10217<\/li>\n<li>Einstufung: Assemblage<\/li>\n<li>Kunststoffblockform: Selbstsichernde Steine<\/li>\n<li>Material: Kunststoff<\/li>\n<li>Kunststofftyp: ABS<\/li>\n<li>Bricks Blocks: 986 PCS<\/li>\n<li>Enth\u00e4lt eine ausf\u00fchrliche Montageanleitung.<\/li>\n<\/ol>\n<p>Notiz:<br \/>\n1. Ohne Originalverpackung, aber wir garantieren, dass unsere Produkte eine Qualit\u00e4tssicherung und eine sch\u00f6ne Verpackung haben.<br \/>\n2. Wie alle Teile, die wir vor dem Versand \u00fcberpr\u00fcft haben, machen Sie sich keine Sorgen, wenn Sie feststellen, dass einige Teile fehlen oder besch\u00e4digt sind, und kontaktieren Sie uns einfach, und wir k\u00f6nnen sie Ihnen umgehend kostenlos erneut zusenden.<\/p>\n<figure id=\"attachment_26704\" aria-describedby=\"caption-attachment-26704\" style=\"width: 800px\" class=\"wp-caption aligncenter\"><img fetchpriority=\"high\" decoding=\"async\" class=\"wp-image-26704 size-full\" src=\"https:\/\/mouldking.store\/wp-content\/uploads\/2021\/11\/K-BOX-10217-Bugatti-Diavel-1260S-with-986-pieces-1.jpg\" alt=\"K-BOX 10217 Bugatti Diavel 1260S with 986 pieces\" width=\"800\" height=\"800\" title=\"-\" srcset=\"https:\/\/mouldking.store\/wp-content\/uploads\/2021\/11\/K-BOX-10217-Bugatti-Diavel-1260S-with-986-pieces-1.jpg 800w, https:\/\/mouldking.store\/wp-content\/uploads\/2021\/11\/K-BOX-10217-Bugatti-Diavel-1260S-with-986-pieces-1-300x300.jpg 300w, https:\/\/mouldking.store\/wp-content\/uploads\/2021\/11\/K-BOX-10217-Bugatti-Diavel-1260S-with-986-pieces-1-768x768.jpg 768w, https:\/\/mouldking.store\/wp-content\/uploads\/2021\/11\/K-BOX-10217-Bugatti-Diavel-1260S-with-986-pieces-1-600x600.jpg 600w, https:\/\/mouldking.store\/wp-content\/uploads\/2021\/11\/K-BOX-10217-Bugatti-Diavel-1260S-with-986-pieces-1-150x150.jpg 150w\" sizes=\"(max-width: 800px) 100vw, 800px\" \/><figcaption id=\"caption-attachment-26704\" class=\"wp-caption-text\">K-BOX 10217 Bugatti Diavel 1260S mit 986 Teilen<\/figcaption><\/figure>\n<figure id=\"attachment_26705\" aria-describedby=\"caption-attachment-26705\" style=\"width: 800px\" class=\"wp-caption aligncenter\"><img decoding=\"async\" class=\"wp-image-26705 size-full\" src=\"https:\/\/mouldking.store\/wp-content\/uploads\/2021\/11\/K-BOX-10217-Bugatti-Diavel-1260S-with-986-pieces-2.jpg\" alt=\"K-BOX 10217 Bugatti Diavel 1260S with 986 pieces\" width=\"800\" height=\"800\" title=\"-\" srcset=\"https:\/\/mouldking.store\/wp-content\/uploads\/2021\/11\/K-BOX-10217-Bugatti-Diavel-1260S-with-986-pieces-2.jpg 800w, https:\/\/mouldking.store\/wp-content\/uploads\/2021\/11\/K-BOX-10217-Bugatti-Diavel-1260S-with-986-pieces-2-300x300.jpg 300w, https:\/\/mouldking.store\/wp-content\/uploads\/2021\/11\/K-BOX-10217-Bugatti-Diavel-1260S-with-986-pieces-2-768x768.jpg 768w, https:\/\/mouldking.store\/wp-content\/uploads\/2021\/11\/K-BOX-10217-Bugatti-Diavel-1260S-with-986-pieces-2-600x600.jpg 600w, https:\/\/mouldking.store\/wp-content\/uploads\/2021\/11\/K-BOX-10217-Bugatti-Diavel-1260S-with-986-pieces-2-150x150.jpg 150w\" sizes=\"(max-width: 800px) 100vw, 800px\" \/><figcaption id=\"caption-attachment-26705\" class=\"wp-caption-text\">K-BOX 10217 Bugatti Diavel 1260S mit 986 Teilen<\/figcaption><\/figure>\n<figure id=\"attachment_26706\" aria-describedby=\"caption-attachment-26706\" style=\"width: 800px\" class=\"wp-caption aligncenter\"><img decoding=\"async\" class=\"wp-image-26706 size-full\" src=\"https:\/\/mouldking.store\/wp-content\/uploads\/2021\/11\/K-BOX-10217-Bugatti-Diavel-1260S-with-986-pieces-3.jpg\" alt=\"K-BOX 10217 Bugatti Diavel 1260S with 986 pieces\" width=\"800\" height=\"800\" title=\"-\" srcset=\"https:\/\/mouldking.store\/wp-content\/uploads\/2021\/11\/K-BOX-10217-Bugatti-Diavel-1260S-with-986-pieces-3.jpg 800w, https:\/\/mouldking.store\/wp-content\/uploads\/2021\/11\/K-BOX-10217-Bugatti-Diavel-1260S-with-986-pieces-3-300x300.jpg 300w, https:\/\/mouldking.store\/wp-content\/uploads\/2021\/11\/K-BOX-10217-Bugatti-Diavel-1260S-with-986-pieces-3-768x768.jpg 768w, https:\/\/mouldking.store\/wp-content\/uploads\/2021\/11\/K-BOX-10217-Bugatti-Diavel-1260S-with-986-pieces-3-600x600.jpg 600w, https:\/\/mouldking.store\/wp-content\/uploads\/2021\/11\/K-BOX-10217-Bugatti-Diavel-1260S-with-986-pieces-3-150x150.jpg 150w\" sizes=\"(max-width: 800px) 100vw, 800px\" \/><figcaption id=\"caption-attachment-26706\" class=\"wp-caption-text\">K-BOX 10217 Bugatti Diavel 1260S mit 986 Teilen<\/figcaption><\/figure>\n<figure id=\"attachment_26707\" aria-describedby=\"caption-attachment-26707\" style=\"width: 800px\" class=\"wp-caption aligncenter\"><img loading=\"lazy\" decoding=\"async\" class=\"wp-image-26707 size-full\" src=\"https:\/\/mouldking.store\/wp-content\/uploads\/2021\/11\/K-BOX-10217-Bugatti-Diavel-1260S-with-986-pieces-4.jpg\" alt=\"K-BOX 10217 Bugatti Diavel 1260S with 986 pieces\" width=\"800\" height=\"800\" title=\"-\" srcset=\"https:\/\/mouldking.store\/wp-content\/uploads\/2021\/11\/K-BOX-10217-Bugatti-Diavel-1260S-with-986-pieces-4.jpg 800w, https:\/\/mouldking.store\/wp-content\/uploads\/2021\/11\/K-BOX-10217-Bugatti-Diavel-1260S-with-986-pieces-4-300x300.jpg 300w, https:\/\/mouldking.store\/wp-content\/uploads\/2021\/11\/K-BOX-10217-Bugatti-Diavel-1260S-with-986-pieces-4-768x768.jpg 768w, https:\/\/mouldking.store\/wp-content\/uploads\/2021\/11\/K-BOX-10217-Bugatti-Diavel-1260S-with-986-pieces-4-600x600.jpg 600w, https:\/\/mouldking.store\/wp-content\/uploads\/2021\/11\/K-BOX-10217-Bugatti-Diavel-1260S-with-986-pieces-4-150x150.jpg 150w\" sizes=\"(max-width: 800px) 100vw, 800px\" \/><figcaption id=\"caption-attachment-26707\" class=\"wp-caption-text\">K-BOX 10217 Bugatti Diavel 1260S mit 986 Teilen<\/figcaption><\/figure>","protected":false},"excerpt":{"rendered":"<p>Product information: Brand: K-BOX Gender: Unisex Name: Bugatti Diavel 1260S Age Range: &gt; 14 years old Model Number: 10217 Classification: Assemblage Plastic Block Shape: Self-Locking Bricks Material: Plastic Plastic Type: ABS Bricks Blocks: 986 PCS Contains detailed assembly instructions. Notice: 1. Without an original box, but we guarantee our products have quality assurance and nice [&hellip;]<\/p>","protected":false},"featured_media":26704,"comment_status":"open","ping_status":"closed","template":"","meta":{"_acf_changed":false},"product_cat":[364],"product_tag":[3157,3159,3158,3156,2969,3155,3154],"class_list":["product","first","instock","shipping-taxable","purchasable","product-type-simple"],"acf":[],"_links":{"self":[{"href":"https:\/\/mouldking.store\/de\/wp-json\/wp\/v2\/product\/26697","targetHints":{"allow":["GET"]}}],"collection":[{"href":"https:\/\/mouldking.store\/de\/wp-json\/wp\/v2\/product"}],"about":[{"href":"https:\/\/mouldking.store\/de\/wp-json\/wp\/v2\/types\/product"}],"replies":[{"embeddable":true,"href":"https:\/\/mouldking.store\/de\/wp-json\/wp\/v2\/comments?post=26697"}],"wp:featuredmedia":[{"embeddable":true,"href":"https:\/\/mouldking.store\/de\/wp-json\/wp\/v2\/media\/26704"}],"wp:attachment":[{"href":"https:\/\/mouldking.store\/de\/wp-json\/wp\/v2\/media?parent=26697"}],"wp:term":[{"taxonomy":"product_cat","embeddable":true,"href":"https:\/\/mouldking.store\/de\/wp-json\/wp\/v2\/product_cat?post=26697"},{"taxonomy":"product_tag","embeddable":true,"href":"https:\/\/mouldking.store\/de\/wp-json\/wp\/v2\/product_tag?post=26697"}],"curies":[{"name":"wp","href":"https:\/\/api.w.org\/{rel}","templated":true}]}}