{"id":26708,"date":"2021-11-05T00:28:56","date_gmt":"2021-11-05T00:28:56","guid":{"rendered":"https:\/\/mouldking.store\/?post_type=product&#038;p=26708"},"modified":"2021-12-23T09:40:50","modified_gmt":"2021-12-23T09:40:50","slug":"hengtai-92035-time-module-with-1944-pieces","status":"publish","type":"product","link":"https:\/\/mouldking.store\/de\/shop\/hengtai-92035-time-module-with-1944-pieces\/","title":{"rendered":"HENGTAI 92035 Zeitmodul mit 1944 Teilen"},"content":{"rendered":"<p>Produktinformation:<\/p>\n<ol>\n<li>Brand: HENGTAI<\/li>\n<li>Geschlecht: Unisex<\/li>\n<li>Name: Time Module<\/li>\n<li>Altersspanne: &gt; 6 Jahre alt<\/li>\n<li>Model Number: 92035<\/li>\n<li>Einstufung: Assemblage<\/li>\n<li>Kunststoffblockform: Selbstsichernde Steine<\/li>\n<li>Material: Kunststoff<\/li>\n<li>Kunststofftyp: ABS<\/li>\n<li>Bricks Blocks: 1944 PCS<\/li>\n<li>Enth\u00e4lt eine ausf\u00fchrliche Montageanleitung.<\/li>\n<\/ol>\n<p>Notiz:<br \/>\n1. Ohne Originalverpackung, aber wir garantieren, dass unsere Produkte eine Qualit\u00e4tssicherung und eine sch\u00f6ne Verpackung haben.<br \/>\n2. Wie alle Teile, die wir vor dem Versand \u00fcberpr\u00fcft haben, machen Sie sich keine Sorgen, wenn Sie feststellen, dass einige Teile fehlen oder besch\u00e4digt sind, und kontaktieren Sie uns einfach, und wir k\u00f6nnen sie Ihnen umgehend kostenlos erneut zusenden.<\/p>\n<figure id=\"attachment_26709\" aria-describedby=\"caption-attachment-26709\" style=\"width: 800px\" class=\"wp-caption aligncenter\"><img fetchpriority=\"high\" decoding=\"async\" class=\"wp-image-26709 size-full\" src=\"https:\/\/mouldking.store\/wp-content\/uploads\/2021\/11\/HENGTAI-92035-Time-Module-with-1944-pieces-1.jpg\" alt=\"HENGTAI 92035 Time Module with 1944 pieces\" width=\"800\" height=\"800\" title=\"-\" srcset=\"https:\/\/mouldking.store\/wp-content\/uploads\/2021\/11\/HENGTAI-92035-Time-Module-with-1944-pieces-1.jpg 800w, https:\/\/mouldking.store\/wp-content\/uploads\/2021\/11\/HENGTAI-92035-Time-Module-with-1944-pieces-1-300x300.jpg 300w, https:\/\/mouldking.store\/wp-content\/uploads\/2021\/11\/HENGTAI-92035-Time-Module-with-1944-pieces-1-768x768.jpg 768w, https:\/\/mouldking.store\/wp-content\/uploads\/2021\/11\/HENGTAI-92035-Time-Module-with-1944-pieces-1-600x600.jpg 600w, https:\/\/mouldking.store\/wp-content\/uploads\/2021\/11\/HENGTAI-92035-Time-Module-with-1944-pieces-1-150x150.jpg 150w\" sizes=\"(max-width: 800px) 100vw, 800px\" \/><figcaption id=\"caption-attachment-26709\" class=\"wp-caption-text\">HENGTAI 92035 Zeitmodul mit 1944 Teilen<\/figcaption><\/figure>\n<figure id=\"attachment_26710\" aria-describedby=\"caption-attachment-26710\" style=\"width: 800px\" class=\"wp-caption aligncenter\"><img decoding=\"async\" class=\"wp-image-26710 size-full\" src=\"https:\/\/mouldking.store\/wp-content\/uploads\/2021\/11\/HENGTAI-92035-Time-Module-with-1944-pieces-2.jpg\" alt=\"HENGTAI 92035 Time Module with 1944 pieces\" width=\"800\" height=\"800\" title=\"-\" srcset=\"https:\/\/mouldking.store\/wp-content\/uploads\/2021\/11\/HENGTAI-92035-Time-Module-with-1944-pieces-2.jpg 800w, https:\/\/mouldking.store\/wp-content\/uploads\/2021\/11\/HENGTAI-92035-Time-Module-with-1944-pieces-2-300x300.jpg 300w, https:\/\/mouldking.store\/wp-content\/uploads\/2021\/11\/HENGTAI-92035-Time-Module-with-1944-pieces-2-768x768.jpg 768w, https:\/\/mouldking.store\/wp-content\/uploads\/2021\/11\/HENGTAI-92035-Time-Module-with-1944-pieces-2-600x600.jpg 600w, https:\/\/mouldking.store\/wp-content\/uploads\/2021\/11\/HENGTAI-92035-Time-Module-with-1944-pieces-2-150x150.jpg 150w\" sizes=\"(max-width: 800px) 100vw, 800px\" \/><figcaption id=\"caption-attachment-26710\" class=\"wp-caption-text\">HENGTAI 92035 Zeitmodul mit 1944 Teilen<\/figcaption><\/figure>\n<figure id=\"attachment_26714\" aria-describedby=\"caption-attachment-26714\" style=\"width: 521px\" class=\"wp-caption aligncenter\"><img decoding=\"async\" class=\"wp-image-26714 size-full\" src=\"https:\/\/mouldking.store\/wp-content\/uploads\/2021\/11\/HENGTAI-92035-Time-Module-with-1944-pieces-6.jpg\" alt=\"HENGTAI 92035 Time Module with 1944 pieces\" width=\"521\" height=\"1024\" title=\"-\" srcset=\"https:\/\/mouldking.store\/wp-content\/uploads\/2021\/11\/HENGTAI-92035-Time-Module-with-1944-pieces-6.jpg 521w, https:\/\/mouldking.store\/wp-content\/uploads\/2021\/11\/HENGTAI-92035-Time-Module-with-1944-pieces-6-153x300.jpg 153w, https:\/\/mouldking.store\/wp-content\/uploads\/2021\/11\/HENGTAI-92035-Time-Module-with-1944-pieces-6-300x590.jpg 300w, https:\/\/mouldking.store\/wp-content\/uploads\/2021\/11\/HENGTAI-92035-Time-Module-with-1944-pieces-6-76x150.jpg 76w\" sizes=\"(max-width: 521px) 100vw, 521px\" \/><figcaption id=\"caption-attachment-26714\" class=\"wp-caption-text\">HENGTAI 92035 Zeitmodul mit 1944 Teilen<\/figcaption><\/figure>\n<figure id=\"attachment_26713\" aria-describedby=\"caption-attachment-26713\" style=\"width: 800px\" class=\"wp-caption aligncenter\"><img loading=\"lazy\" decoding=\"async\" class=\"wp-image-26713 size-full\" src=\"https:\/\/mouldking.store\/wp-content\/uploads\/2021\/11\/HENGTAI-92035-Time-Module-with-1944-pieces-5.jpg\" alt=\"HENGTAI 92035 Time Module with 1944 pieces\" width=\"800\" height=\"744\" title=\"-\" srcset=\"https:\/\/mouldking.store\/wp-content\/uploads\/2021\/11\/HENGTAI-92035-Time-Module-with-1944-pieces-5.jpg 800w, https:\/\/mouldking.store\/wp-content\/uploads\/2021\/11\/HENGTAI-92035-Time-Module-with-1944-pieces-5-300x279.jpg 300w, https:\/\/mouldking.store\/wp-content\/uploads\/2021\/11\/HENGTAI-92035-Time-Module-with-1944-pieces-5-768x714.jpg 768w, https:\/\/mouldking.store\/wp-content\/uploads\/2021\/11\/HENGTAI-92035-Time-Module-with-1944-pieces-5-600x558.jpg 600w, https:\/\/mouldking.store\/wp-content\/uploads\/2021\/11\/HENGTAI-92035-Time-Module-with-1944-pieces-5-150x140.jpg 150w\" sizes=\"(max-width: 800px) 100vw, 800px\" \/><figcaption id=\"caption-attachment-26713\" class=\"wp-caption-text\">HENGTAI 92035 Zeitmodul mit 1944 Teilen<\/figcaption><\/figure>\n<figure id=\"attachment_26712\" aria-describedby=\"caption-attachment-26712\" style=\"width: 645px\" class=\"wp-caption aligncenter\"><img loading=\"lazy\" decoding=\"async\" class=\"wp-image-26712 size-full\" src=\"https:\/\/mouldking.store\/wp-content\/uploads\/2021\/11\/HENGTAI-92035-Time-Module-with-1944-pieces-4.jpg\" alt=\"HENGTAI 92035 Time Module with 1944 pieces\" width=\"645\" height=\"1024\" title=\"-\" srcset=\"https:\/\/mouldking.store\/wp-content\/uploads\/2021\/11\/HENGTAI-92035-Time-Module-with-1944-pieces-4.jpg 645w, https:\/\/mouldking.store\/wp-content\/uploads\/2021\/11\/HENGTAI-92035-Time-Module-with-1944-pieces-4-189x300.jpg 189w, https:\/\/mouldking.store\/wp-content\/uploads\/2021\/11\/HENGTAI-92035-Time-Module-with-1944-pieces-4-300x476.jpg 300w, https:\/\/mouldking.store\/wp-content\/uploads\/2021\/11\/HENGTAI-92035-Time-Module-with-1944-pieces-4-600x953.jpg 600w, https:\/\/mouldking.store\/wp-content\/uploads\/2021\/11\/HENGTAI-92035-Time-Module-with-1944-pieces-4-94x150.jpg 94w\" sizes=\"(max-width: 645px) 100vw, 645px\" \/><figcaption id=\"caption-attachment-26712\" class=\"wp-caption-text\">HENGTAI 92035 Zeitmodul mit 1944 Teilen<\/figcaption><\/figure>\n<figure id=\"attachment_26711\" aria-describedby=\"caption-attachment-26711\" style=\"width: 800px\" class=\"wp-caption aligncenter\"><img loading=\"lazy\" decoding=\"async\" class=\"wp-image-26711 size-full\" src=\"https:\/\/mouldking.store\/wp-content\/uploads\/2021\/11\/HENGTAI-92035-Time-Module-with-1944-pieces-3.jpg\" alt=\"HENGTAI 92035 Time Module with 1944 pieces\" width=\"800\" height=\"702\" title=\"-\" srcset=\"https:\/\/mouldking.store\/wp-content\/uploads\/2021\/11\/HENGTAI-92035-Time-Module-with-1944-pieces-3.jpg 800w, https:\/\/mouldking.store\/wp-content\/uploads\/2021\/11\/HENGTAI-92035-Time-Module-with-1944-pieces-3-300x263.jpg 300w, https:\/\/mouldking.store\/wp-content\/uploads\/2021\/11\/HENGTAI-92035-Time-Module-with-1944-pieces-3-768x674.jpg 768w, https:\/\/mouldking.store\/wp-content\/uploads\/2021\/11\/HENGTAI-92035-Time-Module-with-1944-pieces-3-600x527.jpg 600w, https:\/\/mouldking.store\/wp-content\/uploads\/2021\/11\/HENGTAI-92035-Time-Module-with-1944-pieces-3-150x132.jpg 150w\" sizes=\"(max-width: 800px) 100vw, 800px\" \/><figcaption id=\"caption-attachment-26711\" class=\"wp-caption-text\">HENGTAI 92035 Zeitmodul mit 1944 Teilen<\/figcaption><\/figure>","protected":false},"excerpt":{"rendered":"<p>Product information: Brand: HENGTAI Gender: Unisex Name: Time Module Age Range: &gt; 6 years old Model Number: 92035 Classification: Assemblage Plastic Block Shape: Self-Locking Bricks Material: Plastic Plastic Type: ABS Bricks Blocks: 1944 PCS Contains detailed assembly instructions. Notice: 1. Without an original box, but we guarantee our products have quality assurance and nice packaging. [&hellip;]<\/p>","protected":false},"featured_media":26709,"comment_status":"open","ping_status":"closed","template":"","meta":{"_acf_changed":false},"product_cat":[390],"product_tag":[3165,3164,3161,3160,3163,3167,3166,3162],"class_list":["product","first","instock","shipping-taxable","purchasable","product-type-variable"],"acf":[],"_links":{"self":[{"href":"https:\/\/mouldking.store\/de\/wp-json\/wp\/v2\/product\/26708","targetHints":{"allow":["GET"]}}],"collection":[{"href":"https:\/\/mouldking.store\/de\/wp-json\/wp\/v2\/product"}],"about":[{"href":"https:\/\/mouldking.store\/de\/wp-json\/wp\/v2\/types\/product"}],"replies":[{"embeddable":true,"href":"https:\/\/mouldking.store\/de\/wp-json\/wp\/v2\/comments?post=26708"}],"wp:featuredmedia":[{"embeddable":true,"href":"https:\/\/mouldking.store\/de\/wp-json\/wp\/v2\/media\/26709"}],"wp:attachment":[{"href":"https:\/\/mouldking.store\/de\/wp-json\/wp\/v2\/media?parent=26708"}],"wp:term":[{"taxonomy":"product_cat","embeddable":true,"href":"https:\/\/mouldking.store\/de\/wp-json\/wp\/v2\/product_cat?post=26708"},{"taxonomy":"product_tag","embeddable":true,"href":"https:\/\/mouldking.store\/de\/wp-json\/wp\/v2\/product_tag?post=26708"}],"curies":[{"name":"wp","href":"https:\/\/api.w.org\/{rel}","templated":true}]}}