{"id":26717,"date":"2021-11-05T00:33:13","date_gmt":"2021-11-05T00:33:13","guid":{"rendered":"https:\/\/mouldking.store\/?post_type=product&#038;p=26717"},"modified":"2021-12-23T09:40:49","modified_gmt":"2021-12-23T09:40:49","slug":"mork-025001-rc-white-f1-racing-car-with-640-pieces","status":"publish","type":"product","link":"https:\/\/mouldking.store\/de\/shop\/mork-025001-rc-white-f1-racing-car-with-640-pieces\/","title":{"rendered":"MORK 025001 RC Wei\u00dfer F1-Rennwagen mit 640 Teilen"},"content":{"rendered":"<p>Produktinformation:<\/p>\n<ol>\n<li>Marke: MORK<\/li>\n<li>Geschlecht: Unisex<\/li>\n<li>Name: RC White F1 Racing Car<\/li>\n<li>Altersspanne: &gt; 6 Jahre alt<\/li>\n<li>Model Number: 025001<\/li>\n<li>Einstufung: Assemblage<\/li>\n<li>Kunststoffblockform: Selbstsichernde Steine<\/li>\n<li>Material: Kunststoff<\/li>\n<li>Kunststofftyp: ABS<\/li>\n<li>Bricks Blocks: 640 PCS<\/li>\n<li>Enth\u00e4lt eine ausf\u00fchrliche Montageanleitung.<\/li>\n<\/ol>\n<p>Notiz:<br \/>\n1. Ohne Originalverpackung, aber wir garantieren, dass unsere Produkte eine Qualit\u00e4tssicherung und eine sch\u00f6ne Verpackung haben.<br \/>\n2. Wie alle Teile, die wir vor dem Versand \u00fcberpr\u00fcft haben, machen Sie sich keine Sorgen, wenn Sie feststellen, dass einige Teile fehlen oder besch\u00e4digt sind, und kontaktieren Sie uns einfach, und wir k\u00f6nnen sie Ihnen umgehend kostenlos erneut zusenden.<\/p>\n<figure id=\"attachment_26718\" aria-describedby=\"caption-attachment-26718\" style=\"width: 800px\" class=\"wp-caption aligncenter\"><img fetchpriority=\"high\" decoding=\"async\" class=\"wp-image-26718 size-full\" src=\"https:\/\/mouldking.store\/wp-content\/uploads\/2021\/11\/MORK-025001-RC-White-F1-Racing-Car-with-640-pieces-1.jpg\" alt=\"MORK 025001 RC White F1 Racing Car with 640 pieces\" width=\"800\" height=\"800\" title=\"-\" srcset=\"https:\/\/mouldking.store\/wp-content\/uploads\/2021\/11\/MORK-025001-RC-White-F1-Racing-Car-with-640-pieces-1.jpg 800w, https:\/\/mouldking.store\/wp-content\/uploads\/2021\/11\/MORK-025001-RC-White-F1-Racing-Car-with-640-pieces-1-300x300.jpg 300w, https:\/\/mouldking.store\/wp-content\/uploads\/2021\/11\/MORK-025001-RC-White-F1-Racing-Car-with-640-pieces-1-768x768.jpg 768w, https:\/\/mouldking.store\/wp-content\/uploads\/2021\/11\/MORK-025001-RC-White-F1-Racing-Car-with-640-pieces-1-600x600.jpg 600w, https:\/\/mouldking.store\/wp-content\/uploads\/2021\/11\/MORK-025001-RC-White-F1-Racing-Car-with-640-pieces-1-150x150.jpg 150w\" sizes=\"(max-width: 800px) 100vw, 800px\" \/><figcaption id=\"caption-attachment-26718\" class=\"wp-caption-text\">MORK 025001 RC Wei\u00dfer F1-Rennwagen mit 640 Teilen<\/figcaption><\/figure>\n<figure id=\"attachment_26722\" aria-describedby=\"caption-attachment-26722\" style=\"width: 595px\" class=\"wp-caption aligncenter\"><img decoding=\"async\" class=\"wp-image-26722 size-full\" src=\"https:\/\/mouldking.store\/wp-content\/uploads\/2021\/11\/MORK-025001-RC-White-F1-Racing-Car-with-640-pieces-5.jpg\" alt=\"MORK 025001 RC White F1 Racing Car with 640 pieces\" width=\"595\" height=\"1024\" title=\"-\" srcset=\"https:\/\/mouldking.store\/wp-content\/uploads\/2021\/11\/MORK-025001-RC-White-F1-Racing-Car-with-640-pieces-5.jpg 595w, https:\/\/mouldking.store\/wp-content\/uploads\/2021\/11\/MORK-025001-RC-White-F1-Racing-Car-with-640-pieces-5-174x300.jpg 174w, https:\/\/mouldking.store\/wp-content\/uploads\/2021\/11\/MORK-025001-RC-White-F1-Racing-Car-with-640-pieces-5-300x516.jpg 300w, https:\/\/mouldking.store\/wp-content\/uploads\/2021\/11\/MORK-025001-RC-White-F1-Racing-Car-with-640-pieces-5-87x150.jpg 87w\" sizes=\"(max-width: 595px) 100vw, 595px\" \/><figcaption id=\"caption-attachment-26722\" class=\"wp-caption-text\">MORK 025001 RC Wei\u00dfer F1-Rennwagen mit 640 Teilen<\/figcaption><\/figure>\n<figure id=\"attachment_26720\" aria-describedby=\"caption-attachment-26720\" style=\"width: 636px\" class=\"wp-caption aligncenter\"><img decoding=\"async\" class=\"wp-image-26720 size-full\" src=\"https:\/\/mouldking.store\/wp-content\/uploads\/2021\/11\/MORK-025001-RC-White-F1-Racing-Car-with-640-pieces-3.jpg\" alt=\"MORK 025001 RC White F1 Racing Car with 640 pieces\" width=\"636\" height=\"1024\" title=\"-\" srcset=\"https:\/\/mouldking.store\/wp-content\/uploads\/2021\/11\/MORK-025001-RC-White-F1-Racing-Car-with-640-pieces-3.jpg 636w, https:\/\/mouldking.store\/wp-content\/uploads\/2021\/11\/MORK-025001-RC-White-F1-Racing-Car-with-640-pieces-3-186x300.jpg 186w, https:\/\/mouldking.store\/wp-content\/uploads\/2021\/11\/MORK-025001-RC-White-F1-Racing-Car-with-640-pieces-3-300x483.jpg 300w, https:\/\/mouldking.store\/wp-content\/uploads\/2021\/11\/MORK-025001-RC-White-F1-Racing-Car-with-640-pieces-3-600x966.jpg 600w, https:\/\/mouldking.store\/wp-content\/uploads\/2021\/11\/MORK-025001-RC-White-F1-Racing-Car-with-640-pieces-3-93x150.jpg 93w\" sizes=\"(max-width: 636px) 100vw, 636px\" \/><figcaption id=\"caption-attachment-26720\" class=\"wp-caption-text\">MORK 025001 RC Wei\u00dfer F1-Rennwagen mit 640 Teilen<\/figcaption><\/figure>\n<figure id=\"attachment_26719\" aria-describedby=\"caption-attachment-26719\" style=\"width: 750px\" class=\"wp-caption aligncenter\"><img loading=\"lazy\" decoding=\"async\" class=\"wp-image-26719 size-full\" src=\"https:\/\/mouldking.store\/wp-content\/uploads\/2021\/11\/MORK-025001-RC-White-F1-Racing-Car-with-640-pieces-2.jpg\" alt=\"MORK 025001 RC White F1 Racing Car with 640 pieces\" width=\"750\" height=\"625\" title=\"-\" srcset=\"https:\/\/mouldking.store\/wp-content\/uploads\/2021\/11\/MORK-025001-RC-White-F1-Racing-Car-with-640-pieces-2.jpg 750w, https:\/\/mouldking.store\/wp-content\/uploads\/2021\/11\/MORK-025001-RC-White-F1-Racing-Car-with-640-pieces-2-300x250.jpg 300w, https:\/\/mouldking.store\/wp-content\/uploads\/2021\/11\/MORK-025001-RC-White-F1-Racing-Car-with-640-pieces-2-600x500.jpg 600w, https:\/\/mouldking.store\/wp-content\/uploads\/2021\/11\/MORK-025001-RC-White-F1-Racing-Car-with-640-pieces-2-150x125.jpg 150w\" sizes=\"(max-width: 750px) 100vw, 750px\" \/><figcaption id=\"caption-attachment-26719\" class=\"wp-caption-text\">MORK 025001 RC Wei\u00dfer F1-Rennwagen mit 640 Teilen<\/figcaption><\/figure>\n<figure id=\"attachment_26721\" aria-describedby=\"caption-attachment-26721\" style=\"width: 538px\" class=\"wp-caption aligncenter\"><img loading=\"lazy\" decoding=\"async\" class=\"wp-image-26721 size-full\" src=\"https:\/\/mouldking.store\/wp-content\/uploads\/2021\/11\/MORK-025001-RC-White-F1-Racing-Car-with-640-pieces-4.jpg\" alt=\"MORK 025001 RC White F1 Racing Car with 640 pieces\" width=\"538\" height=\"1024\" title=\"-\" srcset=\"https:\/\/mouldking.store\/wp-content\/uploads\/2021\/11\/MORK-025001-RC-White-F1-Racing-Car-with-640-pieces-4.jpg 538w, https:\/\/mouldking.store\/wp-content\/uploads\/2021\/11\/MORK-025001-RC-White-F1-Racing-Car-with-640-pieces-4-158x300.jpg 158w, https:\/\/mouldking.store\/wp-content\/uploads\/2021\/11\/MORK-025001-RC-White-F1-Racing-Car-with-640-pieces-4-300x571.jpg 300w, https:\/\/mouldking.store\/wp-content\/uploads\/2021\/11\/MORK-025001-RC-White-F1-Racing-Car-with-640-pieces-4-79x150.jpg 79w\" sizes=\"(max-width: 538px) 100vw, 538px\" \/><figcaption id=\"caption-attachment-26721\" class=\"wp-caption-text\">MORK 025001 RC Wei\u00dfer F1-Rennwagen mit 640 Teilen<\/figcaption><\/figure>","protected":false},"excerpt":{"rendered":"<p>Product information: Brand: MORK Gender: Unisex Name: RC White F1 Racing Car Age Range: &gt; 6 years old Model Number: 025001 Classification: Assemblage Plastic Block Shape: Self-Locking Bricks Material: Plastic Plastic Type: ABS Bricks Blocks: 640 PCS Contains detailed assembly instructions. Notice: 1. Without an original box, but we guarantee our products have quality assurance [&hellip;]<\/p>","protected":false},"featured_media":26718,"comment_status":"open","ping_status":"closed","template":"","meta":{"_acf_changed":false},"product_cat":[364],"product_tag":[3173,3169,3168,3171,480,481,3170,3172],"class_list":["product","first","instock","shipping-taxable","purchasable","product-type-simple"],"acf":[],"_links":{"self":[{"href":"https:\/\/mouldking.store\/de\/wp-json\/wp\/v2\/product\/26717","targetHints":{"allow":["GET"]}}],"collection":[{"href":"https:\/\/mouldking.store\/de\/wp-json\/wp\/v2\/product"}],"about":[{"href":"https:\/\/mouldking.store\/de\/wp-json\/wp\/v2\/types\/product"}],"replies":[{"embeddable":true,"href":"https:\/\/mouldking.store\/de\/wp-json\/wp\/v2\/comments?post=26717"}],"wp:featuredmedia":[{"embeddable":true,"href":"https:\/\/mouldking.store\/de\/wp-json\/wp\/v2\/media\/26718"}],"wp:attachment":[{"href":"https:\/\/mouldking.store\/de\/wp-json\/wp\/v2\/media?parent=26717"}],"wp:term":[{"taxonomy":"product_cat","embeddable":true,"href":"https:\/\/mouldking.store\/de\/wp-json\/wp\/v2\/product_cat?post=26717"},{"taxonomy":"product_tag","embeddable":true,"href":"https:\/\/mouldking.store\/de\/wp-json\/wp\/v2\/product_tag?post=26717"}],"curies":[{"name":"wp","href":"https:\/\/api.w.org\/{rel}","templated":true}]}}