{"id":26728,"date":"2021-11-05T00:40:53","date_gmt":"2021-11-05T00:40:53","guid":{"rendered":"https:\/\/mouldking.store\/?post_type=product&#038;p=26728"},"modified":"2021-12-23T09:40:49","modified_gmt":"2021-12-23T09:40:49","slug":"mould-king-17006-rc-bucket-wheel-excavator-with-4588-pieces","status":"publish","type":"product","link":"https:\/\/mouldking.store\/de\/shop\/mould-king-17006-rc-bucket-wheel-excavator-with-4588-pieces\/","title":{"rendered":"Mould King 17006 RC Schaufelradbagger mit 4588 Teilen"},"content":{"rendered":"<p>Produktinformation:<\/p>\n<ol>\n<li>Marke: Mould King<\/li>\n<li>Geschlecht: Unisex<\/li>\n<li>Name: RC-Schaufelradbagger<\/li>\n<li>Altersspanne: &gt; 14 Jahre alt<\/li>\n<li>Modellnummer: 17006<\/li>\n<li>Einstufung: Assemblage<\/li>\n<li>Kunststoffblockform: Selbstsichernde Steine<\/li>\n<li>Material: Kunststoff<\/li>\n<li>Kunststofftyp: ABS<\/li>\n<li>Ziegelsteine: 4588 ST\u00dcCKE<\/li>\n<li>Enth\u00e4lt eine ausf\u00fchrliche Montageanleitung.<\/li>\n<\/ol>\n<p>Notiz:<br \/>\n1. Ohne Originalverpackung, aber wir garantieren, dass unsere Produkte eine Qualit\u00e4tssicherung und eine sch\u00f6ne Verpackung haben.<br \/>\n2. Wie alle Teile, die wir vor dem Versand \u00fcberpr\u00fcft haben, machen Sie sich keine Sorgen, wenn Sie feststellen, dass einige Teile fehlen oder besch\u00e4digt sind, und kontaktieren Sie uns einfach, und wir k\u00f6nnen sie Ihnen umgehend kostenlos erneut zusenden.<\/p>\n<figure id=\"attachment_26729\" aria-describedby=\"caption-attachment-26729\" style=\"width: 800px\" class=\"wp-caption aligncenter\"><img fetchpriority=\"high\" decoding=\"async\" class=\"wp-image-26729 size-full\" src=\"https:\/\/mouldking.store\/wp-content\/uploads\/2021\/11\/Mould-King-17006-RC-Bucket-Wheel-Excavator-with-4588-pieces-1.jpg\" alt=\"Mould King 17006 RC Bucket Wheel Excavator with 4588 pieces\" width=\"800\" height=\"800\" title=\"-\" srcset=\"https:\/\/mouldking.store\/wp-content\/uploads\/2021\/11\/Mould-King-17006-RC-Bucket-Wheel-Excavator-with-4588-pieces-1.jpg 800w, https:\/\/mouldking.store\/wp-content\/uploads\/2021\/11\/Mould-King-17006-RC-Bucket-Wheel-Excavator-with-4588-pieces-1-300x300.jpg 300w, https:\/\/mouldking.store\/wp-content\/uploads\/2021\/11\/Mould-King-17006-RC-Bucket-Wheel-Excavator-with-4588-pieces-1-768x768.jpg 768w, https:\/\/mouldking.store\/wp-content\/uploads\/2021\/11\/Mould-King-17006-RC-Bucket-Wheel-Excavator-with-4588-pieces-1-600x600.jpg 600w, https:\/\/mouldking.store\/wp-content\/uploads\/2021\/11\/Mould-King-17006-RC-Bucket-Wheel-Excavator-with-4588-pieces-1-150x150.jpg 150w\" sizes=\"(max-width: 800px) 100vw, 800px\" \/><figcaption id=\"caption-attachment-26729\" class=\"wp-caption-text\">Mould King 17006 RC Schaufelradbagger mit 4588 Teilen<\/figcaption><\/figure>\n<figure id=\"attachment_26734\" aria-describedby=\"caption-attachment-26734\" style=\"width: 790px\" class=\"wp-caption aligncenter\"><img decoding=\"async\" class=\"wp-image-26734 size-full\" src=\"https:\/\/mouldking.store\/wp-content\/uploads\/2021\/11\/Mould-King-17006-RC-Bucket-Wheel-Excavator-with-4588-pieces-5.jpg\" alt=\"Mould King 17006 RC Bucket Wheel Excavator with 4588 pieces\" width=\"790\" height=\"686\" title=\"-\" srcset=\"https:\/\/mouldking.store\/wp-content\/uploads\/2021\/11\/Mould-King-17006-RC-Bucket-Wheel-Excavator-with-4588-pieces-5.jpg 790w, https:\/\/mouldking.store\/wp-content\/uploads\/2021\/11\/Mould-King-17006-RC-Bucket-Wheel-Excavator-with-4588-pieces-5-300x261.jpg 300w, https:\/\/mouldking.store\/wp-content\/uploads\/2021\/11\/Mould-King-17006-RC-Bucket-Wheel-Excavator-with-4588-pieces-5-768x667.jpg 768w, https:\/\/mouldking.store\/wp-content\/uploads\/2021\/11\/Mould-King-17006-RC-Bucket-Wheel-Excavator-with-4588-pieces-5-600x521.jpg 600w, https:\/\/mouldking.store\/wp-content\/uploads\/2021\/11\/Mould-King-17006-RC-Bucket-Wheel-Excavator-with-4588-pieces-5-150x130.jpg 150w\" sizes=\"(max-width: 790px) 100vw, 790px\" \/><figcaption id=\"caption-attachment-26734\" class=\"wp-caption-text\">Mould King 17006 RC Schaufelradbagger mit 4588 Teilen<\/figcaption><\/figure>\n<figure id=\"attachment_26733\" aria-describedby=\"caption-attachment-26733\" style=\"width: 789px\" class=\"wp-caption aligncenter\"><img decoding=\"async\" class=\"wp-image-26733 size-full\" src=\"https:\/\/mouldking.store\/wp-content\/uploads\/2021\/11\/Mould-King-17006-RC-Bucket-Wheel-Excavator-with-4588-pieces-4.jpg\" alt=\"Mould King 17006 RC Bucket Wheel Excavator with 4588 pieces\" width=\"789\" height=\"1024\" title=\"-\" srcset=\"https:\/\/mouldking.store\/wp-content\/uploads\/2021\/11\/Mould-King-17006-RC-Bucket-Wheel-Excavator-with-4588-pieces-4.jpg 789w, https:\/\/mouldking.store\/wp-content\/uploads\/2021\/11\/Mould-King-17006-RC-Bucket-Wheel-Excavator-with-4588-pieces-4-231x300.jpg 231w, https:\/\/mouldking.store\/wp-content\/uploads\/2021\/11\/Mould-King-17006-RC-Bucket-Wheel-Excavator-with-4588-pieces-4-768x997.jpg 768w, https:\/\/mouldking.store\/wp-content\/uploads\/2021\/11\/Mould-King-17006-RC-Bucket-Wheel-Excavator-with-4588-pieces-4-300x389.jpg 300w, https:\/\/mouldking.store\/wp-content\/uploads\/2021\/11\/Mould-King-17006-RC-Bucket-Wheel-Excavator-with-4588-pieces-4-600x779.jpg 600w, https:\/\/mouldking.store\/wp-content\/uploads\/2021\/11\/Mould-King-17006-RC-Bucket-Wheel-Excavator-with-4588-pieces-4-116x150.jpg 116w\" sizes=\"(max-width: 789px) 100vw, 789px\" \/><figcaption id=\"caption-attachment-26733\" class=\"wp-caption-text\">Mould King 17006 RC Schaufelradbagger mit 4588 Teilen<\/figcaption><\/figure>\n<figure id=\"attachment_26731\" aria-describedby=\"caption-attachment-26731\" style=\"width: 545px\" class=\"wp-caption aligncenter\"><img loading=\"lazy\" decoding=\"async\" class=\"wp-image-26731 size-full\" src=\"https:\/\/mouldking.store\/wp-content\/uploads\/2021\/11\/Mould-King-17006-RC-Bucket-Wheel-Excavator-with-4588-pieces-3.jpg\" alt=\"Mould King 17006 RC Bucket Wheel Excavator with 4588 pieces\" width=\"545\" height=\"1024\" title=\"-\" srcset=\"https:\/\/mouldking.store\/wp-content\/uploads\/2021\/11\/Mould-King-17006-RC-Bucket-Wheel-Excavator-with-4588-pieces-3.jpg 545w, https:\/\/mouldking.store\/wp-content\/uploads\/2021\/11\/Mould-King-17006-RC-Bucket-Wheel-Excavator-with-4588-pieces-3-160x300.jpg 160w, https:\/\/mouldking.store\/wp-content\/uploads\/2021\/11\/Mould-King-17006-RC-Bucket-Wheel-Excavator-with-4588-pieces-3-300x564.jpg 300w, https:\/\/mouldking.store\/wp-content\/uploads\/2021\/11\/Mould-King-17006-RC-Bucket-Wheel-Excavator-with-4588-pieces-3-80x150.jpg 80w\" sizes=\"(max-width: 545px) 100vw, 545px\" \/><figcaption id=\"caption-attachment-26731\" class=\"wp-caption-text\">Mould King 17006 RC Schaufelradbagger mit 4588 Teilen<\/figcaption><\/figure>\n<figure id=\"attachment_26730\" aria-describedby=\"caption-attachment-26730\" style=\"width: 790px\" class=\"wp-caption aligncenter\"><img loading=\"lazy\" decoding=\"async\" class=\"wp-image-26730 size-full\" src=\"https:\/\/mouldking.store\/wp-content\/uploads\/2021\/11\/Mould-King-17006-RC-Bucket-Wheel-Excavator-with-4588-pieces-2.jpg\" alt=\"Mould King 17006 RC Bucket Wheel Excavator with 4588 pieces\" width=\"790\" height=\"886\" title=\"-\" srcset=\"https:\/\/mouldking.store\/wp-content\/uploads\/2021\/11\/Mould-King-17006-RC-Bucket-Wheel-Excavator-with-4588-pieces-2.jpg 790w, https:\/\/mouldking.store\/wp-content\/uploads\/2021\/11\/Mould-King-17006-RC-Bucket-Wheel-Excavator-with-4588-pieces-2-267x300.jpg 267w, https:\/\/mouldking.store\/wp-content\/uploads\/2021\/11\/Mould-King-17006-RC-Bucket-Wheel-Excavator-with-4588-pieces-2-768x861.jpg 768w, https:\/\/mouldking.store\/wp-content\/uploads\/2021\/11\/Mould-King-17006-RC-Bucket-Wheel-Excavator-with-4588-pieces-2-300x336.jpg 300w, https:\/\/mouldking.store\/wp-content\/uploads\/2021\/11\/Mould-King-17006-RC-Bucket-Wheel-Excavator-with-4588-pieces-2-600x673.jpg 600w, https:\/\/mouldking.store\/wp-content\/uploads\/2021\/11\/Mould-King-17006-RC-Bucket-Wheel-Excavator-with-4588-pieces-2-134x150.jpg 134w\" sizes=\"(max-width: 790px) 100vw, 790px\" \/><figcaption id=\"caption-attachment-26730\" class=\"wp-caption-text\">Mould King 17006 RC Schaufelradbagger mit 4588 Teilen<\/figcaption><\/figure>","protected":false},"excerpt":{"rendered":"<p>Product information: Brand: Mould King Gender: Unisex Name: RC Bucket Wheel Excavator Age Range: &gt; 14 years old Model Number: 17006 Classification: Assemblage Plastic Block Shape: Self-Locking Bricks Material: Plastic Plastic Type: ABS Bricks Blocks: 4588 PCS Contains detailed assembly instructions. Notice: 1. Without an original box, but we guarantee our products have quality assurance [&hellip;]<\/p>","protected":false},"featured_media":26729,"comment_status":"open","ping_status":"closed","template":"","meta":{"_acf_changed":false},"product_cat":[364],"product_tag":[3186,3181,3180,3183,3185,3184,481,3182],"class_list":["product","first","instock","shipping-taxable","purchasable","product-type-simple"],"acf":[],"_links":{"self":[{"href":"https:\/\/mouldking.store\/de\/wp-json\/wp\/v2\/product\/26728","targetHints":{"allow":["GET"]}}],"collection":[{"href":"https:\/\/mouldking.store\/de\/wp-json\/wp\/v2\/product"}],"about":[{"href":"https:\/\/mouldking.store\/de\/wp-json\/wp\/v2\/types\/product"}],"replies":[{"embeddable":true,"href":"https:\/\/mouldking.store\/de\/wp-json\/wp\/v2\/comments?post=26728"}],"wp:featuredmedia":[{"embeddable":true,"href":"https:\/\/mouldking.store\/de\/wp-json\/wp\/v2\/media\/26729"}],"wp:attachment":[{"href":"https:\/\/mouldking.store\/de\/wp-json\/wp\/v2\/media?parent=26728"}],"wp:term":[{"taxonomy":"product_cat","embeddable":true,"href":"https:\/\/mouldking.store\/de\/wp-json\/wp\/v2\/product_cat?post=26728"},{"taxonomy":"product_tag","embeddable":true,"href":"https:\/\/mouldking.store\/de\/wp-json\/wp\/v2\/product_tag?post=26728"}],"curies":[{"name":"wp","href":"https:\/\/api.w.org\/{rel}","templated":true}]}}