{"id":26769,"date":"2021-11-05T01:38:07","date_gmt":"2021-11-05T01:38:07","guid":{"rendered":"https:\/\/mouldking.store\/?post_type=product&#038;p=26769"},"modified":"2023-12-12T10:13:56","modified_gmt":"2023-12-12T03:13:56","slug":"mould-king-21022-trooper-bust-with-1516-pieces","status":"publish","type":"product","link":"https:\/\/mouldking.store\/de\/shop\/mould-king-21022-trooper-bust-with-1516-pieces\/","title":{"rendered":"Mould King 21022 Trooper Bust with 1516 pieces"},"content":{"rendered":"<p>Produktinformation:<\/p>\n<ol>\n<li>Marke: Mould King<\/li>\n<li>Geschlecht: Unisex<\/li>\n<li>Name: Trooper Bust<\/li>\n<li>Altersspanne: &gt; 14 Jahre alt<\/li>\n<li>Model Number: 21022<\/li>\n<li>Einstufung: Assemblage<\/li>\n<li>Kunststoffblockform: Selbstsichernde Steine<\/li>\n<li>Material: Kunststoff<\/li>\n<li>Kunststofftyp: ABS<\/li>\n<li>Bricks Blocks: 1516 PCS<\/li>\n<li>Enth\u00e4lt eine ausf\u00fchrliche Montageanleitung.<\/li>\n<\/ol>\n<p>Notiz:<br \/>\n1. Ohne Originalverpackung, aber wir garantieren, dass unsere Produkte eine Qualit\u00e4tssicherung und eine sch\u00f6ne Verpackung haben.<br \/>\n2. Wie alle Teile, die wir vor dem Versand \u00fcberpr\u00fcft haben, machen Sie sich keine Sorgen, wenn Sie feststellen, dass einige Teile fehlen oder besch\u00e4digt sind, und kontaktieren Sie uns einfach, und wir k\u00f6nnen sie Ihnen umgehend kostenlos erneut zusenden.<\/p>\n<figure id=\"attachment_26771\" aria-describedby=\"caption-attachment-26771\" style=\"width: 800px\" class=\"wp-caption aligncenter\"><img fetchpriority=\"high\" decoding=\"async\" class=\"wp-image-26771 size-full\" src=\"https:\/\/mouldking.store\/wp-content\/uploads\/2021\/11\/Mould-King-21022-Trooper-Bust-with-1516-pieces-1.jpg\" alt=\"Mould King 21022 Trooper Bust with 1516 pieces\" width=\"800\" height=\"800\" title=\"-\" srcset=\"https:\/\/mouldking.store\/wp-content\/uploads\/2021\/11\/Mould-King-21022-Trooper-Bust-with-1516-pieces-1.jpg 800w, https:\/\/mouldking.store\/wp-content\/uploads\/2021\/11\/Mould-King-21022-Trooper-Bust-with-1516-pieces-1-300x300.jpg 300w, https:\/\/mouldking.store\/wp-content\/uploads\/2021\/11\/Mould-King-21022-Trooper-Bust-with-1516-pieces-1-768x768.jpg 768w, https:\/\/mouldking.store\/wp-content\/uploads\/2021\/11\/Mould-King-21022-Trooper-Bust-with-1516-pieces-1-600x600.jpg 600w, https:\/\/mouldking.store\/wp-content\/uploads\/2021\/11\/Mould-King-21022-Trooper-Bust-with-1516-pieces-1-150x150.jpg 150w\" sizes=\"(max-width: 800px) 100vw, 800px\" \/><figcaption id=\"caption-attachment-26771\" class=\"wp-caption-text\">Mould King 21022 Trooper Bust with 1516 pieces<\/figcaption><\/figure>\n<figure id=\"attachment_26775\" aria-describedby=\"caption-attachment-26775\" style=\"width: 647px\" class=\"wp-caption aligncenter\"><img decoding=\"async\" class=\"wp-image-26775 size-full\" src=\"https:\/\/mouldking.store\/wp-content\/uploads\/2021\/11\/Mould-King-21022-Trooper-Bust-with-1516-pieces-5.jpg\" alt=\"Mould King 21022 Trooper Bust with 1516 pieces\" width=\"647\" height=\"1024\" title=\"-\" srcset=\"https:\/\/mouldking.store\/wp-content\/uploads\/2021\/11\/Mould-King-21022-Trooper-Bust-with-1516-pieces-5.jpg 647w, https:\/\/mouldking.store\/wp-content\/uploads\/2021\/11\/Mould-King-21022-Trooper-Bust-with-1516-pieces-5-190x300.jpg 190w, https:\/\/mouldking.store\/wp-content\/uploads\/2021\/11\/Mould-King-21022-Trooper-Bust-with-1516-pieces-5-300x475.jpg 300w, https:\/\/mouldking.store\/wp-content\/uploads\/2021\/11\/Mould-King-21022-Trooper-Bust-with-1516-pieces-5-600x950.jpg 600w, https:\/\/mouldking.store\/wp-content\/uploads\/2021\/11\/Mould-King-21022-Trooper-Bust-with-1516-pieces-5-95x150.jpg 95w\" sizes=\"(max-width: 647px) 100vw, 647px\" \/><figcaption id=\"caption-attachment-26775\" class=\"wp-caption-text\">Mould King 21022 Trooper Bust with 1516 pieces<\/figcaption><\/figure>\n<figure id=\"attachment_26774\" aria-describedby=\"caption-attachment-26774\" style=\"width: 800px\" class=\"wp-caption aligncenter\"><img decoding=\"async\" class=\"wp-image-26774\" src=\"https:\/\/mouldking.store\/wp-content\/uploads\/2021\/11\/Mould-King-21022-Trooper-Bust-with-1516-pieces-4-297x300.jpg\" alt=\"Mould King 21022 Trooper Bust with 1516 pieces\" width=\"800\" height=\"809\" title=\"-\" srcset=\"https:\/\/mouldking.store\/wp-content\/uploads\/2021\/11\/Mould-King-21022-Trooper-Bust-with-1516-pieces-4-297x300.jpg 297w, https:\/\/mouldking.store\/wp-content\/uploads\/2021\/11\/Mould-King-21022-Trooper-Bust-with-1516-pieces-4-768x776.jpg 768w, https:\/\/mouldking.store\/wp-content\/uploads\/2021\/11\/Mould-King-21022-Trooper-Bust-with-1516-pieces-4-300x303.jpg 300w, https:\/\/mouldking.store\/wp-content\/uploads\/2021\/11\/Mould-King-21022-Trooper-Bust-with-1516-pieces-4-600x607.jpg 600w, https:\/\/mouldking.store\/wp-content\/uploads\/2021\/11\/Mould-King-21022-Trooper-Bust-with-1516-pieces-4-148x150.jpg 148w, https:\/\/mouldking.store\/wp-content\/uploads\/2021\/11\/Mould-King-21022-Trooper-Bust-with-1516-pieces-4.jpg 1013w\" sizes=\"(max-width: 800px) 100vw, 800px\" \/><figcaption id=\"caption-attachment-26774\" class=\"wp-caption-text\">Mould King 21022 Trooper Bust with 1516 pieces<\/figcaption><\/figure>\n<figure id=\"attachment_26773\" aria-describedby=\"caption-attachment-26773\" style=\"width: 800px\" class=\"wp-caption aligncenter\"><img loading=\"lazy\" decoding=\"async\" class=\"wp-image-26773\" src=\"https:\/\/mouldking.store\/wp-content\/uploads\/2021\/11\/Mould-King-21022-Trooper-Bust-with-1516-pieces-3-287x300.jpg\" alt=\"Mould King 21022 Trooper Bust with 1516 pieces\" width=\"800\" height=\"837\" title=\"-\" srcset=\"https:\/\/mouldking.store\/wp-content\/uploads\/2021\/11\/Mould-King-21022-Trooper-Bust-with-1516-pieces-3-287x300.jpg 287w, https:\/\/mouldking.store\/wp-content\/uploads\/2021\/11\/Mould-King-21022-Trooper-Bust-with-1516-pieces-3-768x803.jpg 768w, https:\/\/mouldking.store\/wp-content\/uploads\/2021\/11\/Mould-King-21022-Trooper-Bust-with-1516-pieces-3-300x314.jpg 300w, https:\/\/mouldking.store\/wp-content\/uploads\/2021\/11\/Mould-King-21022-Trooper-Bust-with-1516-pieces-3-600x628.jpg 600w, https:\/\/mouldking.store\/wp-content\/uploads\/2021\/11\/Mould-King-21022-Trooper-Bust-with-1516-pieces-3-143x150.jpg 143w, https:\/\/mouldking.store\/wp-content\/uploads\/2021\/11\/Mould-King-21022-Trooper-Bust-with-1516-pieces-3.jpg 979w\" sizes=\"(max-width: 800px) 100vw, 800px\" \/><figcaption id=\"caption-attachment-26773\" class=\"wp-caption-text\">Mould King 21022 Trooper Bust with 1516 pieces<\/figcaption><\/figure>\n<figure id=\"attachment_26772\" aria-describedby=\"caption-attachment-26772\" style=\"width: 847px\" class=\"wp-caption aligncenter\"><img loading=\"lazy\" decoding=\"async\" class=\"wp-image-26772 size-full\" src=\"https:\/\/mouldking.store\/wp-content\/uploads\/2021\/11\/Mould-King-21022-Trooper-Bust-with-1516-pieces-2.jpg\" alt=\"Mould King 21022 Trooper Bust with 1516 pieces\" width=\"847\" height=\"1024\" title=\"-\" srcset=\"https:\/\/mouldking.store\/wp-content\/uploads\/2021\/11\/Mould-King-21022-Trooper-Bust-with-1516-pieces-2.jpg 847w, https:\/\/mouldking.store\/wp-content\/uploads\/2021\/11\/Mould-King-21022-Trooper-Bust-with-1516-pieces-2-248x300.jpg 248w, https:\/\/mouldking.store\/wp-content\/uploads\/2021\/11\/Mould-King-21022-Trooper-Bust-with-1516-pieces-2-768x928.jpg 768w, https:\/\/mouldking.store\/wp-content\/uploads\/2021\/11\/Mould-King-21022-Trooper-Bust-with-1516-pieces-2-300x363.jpg 300w, https:\/\/mouldking.store\/wp-content\/uploads\/2021\/11\/Mould-King-21022-Trooper-Bust-with-1516-pieces-2-600x725.jpg 600w, https:\/\/mouldking.store\/wp-content\/uploads\/2021\/11\/Mould-King-21022-Trooper-Bust-with-1516-pieces-2-124x150.jpg 124w\" sizes=\"(max-width: 847px) 100vw, 847px\" \/><figcaption id=\"caption-attachment-26772\" class=\"wp-caption-text\">Mould King 21022 Trooper Bust with 1516 pieces<\/figcaption><\/figure>","protected":false},"excerpt":{"rendered":"<p>Product information: Brand: Mould King Gender: Unisex Name: Trooper Bust Age Range: &gt; 14 years old Model Number: 21022 Classification: Assemblage Plastic Block Shape: Self-Locking Bricks Material: Plastic Plastic Type: ABS Bricks Blocks: 1516 PCS Contains detailed assembly instructions. Notice: 1. Without an original box, but we guarantee our products have quality assurance and nice [&hellip;]<\/p>","protected":false},"featured_media":26771,"comment_status":"open","ping_status":"closed","template":"","meta":{"_acf_changed":false},"product_cat":[415],"product_tag":[1753,3219,3218,3221,3222,3220],"class_list":["product","first","outofstock","shipping-taxable","purchasable","product-type-simple"],"acf":[],"_links":{"self":[{"href":"https:\/\/mouldking.store\/de\/wp-json\/wp\/v2\/product\/26769","targetHints":{"allow":["GET"]}}],"collection":[{"href":"https:\/\/mouldking.store\/de\/wp-json\/wp\/v2\/product"}],"about":[{"href":"https:\/\/mouldking.store\/de\/wp-json\/wp\/v2\/types\/product"}],"replies":[{"embeddable":true,"href":"https:\/\/mouldking.store\/de\/wp-json\/wp\/v2\/comments?post=26769"}],"wp:featuredmedia":[{"embeddable":true,"href":"https:\/\/mouldking.store\/de\/wp-json\/wp\/v2\/media\/26771"}],"wp:attachment":[{"href":"https:\/\/mouldking.store\/de\/wp-json\/wp\/v2\/media?parent=26769"}],"wp:term":[{"taxonomy":"product_cat","embeddable":true,"href":"https:\/\/mouldking.store\/de\/wp-json\/wp\/v2\/product_cat?post=26769"},{"taxonomy":"product_tag","embeddable":true,"href":"https:\/\/mouldking.store\/de\/wp-json\/wp\/v2\/product_tag?post=26769"}],"curies":[{"name":"wp","href":"https:\/\/api.w.org\/{rel}","templated":true}]}}